{"id":3235,"date":"2026-04-13T10:16:21","date_gmt":"2026-04-13T09:16:21","guid":{"rendered":"https:\/\/www.upo.es\/investiga\/enredars\/?page_id=3235"},"modified":"2026-04-13T10:16:21","modified_gmt":"2026-04-13T09:16:21","slug":"barroco-cifrado-o-implicito-o-dissimulado-e-o-invisivel-nas-artes-de-america-no-periodo-colonial","status":"publish","type":"page","link":"https:\/\/www.upo.es\/investiga\/enredars\/?page_id=3235","title":{"rendered":"Barroco Cifrado. O implicito, o dissimulado e o invis\u00edvel nas artes de America no periodo colonial"},"content":{"rendered":"\n<h2 class=\"wp-block-heading\">Barroco Cifrado. O implicito, o dissimulado e o invis\u00edvel nas artes de America no periodo colonial<\/h2>\n\n\n\n<div class=\"wp-block-media-text is-stacked-on-mobile\" style=\"grid-template-columns:32% auto\"><figure class=\"wp-block-media-text__media\"><a href=\"https:\/\/rio.upo.es\/collections\/a1b10e04-6550-4034-8d2a-05ddf5ec9f94\"><img loading=\"lazy\" decoding=\"async\" width=\"405\" height=\"576\" src=\"https:\/\/www.upo.es\/investiga\/enredars\/wp-content\/uploads\/2026\/04\/Barroco-cifrado_portada.jpg\" alt=\"\" class=\"wp-image-3234 size-full\" srcset=\"https:\/\/www.upo.es\/investiga\/enredars\/wp-content\/uploads\/2026\/04\/Barroco-cifrado_portada.jpg 405w, https:\/\/www.upo.es\/investiga\/enredars\/wp-content\/uploads\/2026\/04\/Barroco-cifrado_portada-211x300.jpg 211w\" sizes=\"(max-width: 405px) 100vw, 405px\" \/><\/a><\/figure><div class=\"wp-block-media-text__content\">\n<p>Detalles del libro<\/p>\n\n\n\n<ul>\n<li>Editores: Renata Maria de Almeida Martins y Luciano Migliaccio<\/li>\n\n\n\n<li>Editoriales: Enredars Publicaciones y Ediciones Universidad Aut\u00f3noma de Chile<\/li>\n\n\n\n<li>39.\u00ba volumen de la colecci\u00f3n Universo Barroco Iberoamericano<\/li>\n\n\n\n<li>ISBN: 978-84-09-82087-0<\/li>\n\n\n\n<li>A\u00f1o de publicaci\u00f3n: 2026<\/li>\n\n\n\n<li>N\u00famero de p\u00e1ginas: 179<\/li>\n<\/ul>\n\n\n\n<p><a href=\"https:\/\/rio.upo.es\/entities\/publication\/41d55444-3246-4888-857f-369a9bfcaa75\">Acceder ahora al libro<\/a><\/p>\n<\/div><\/div>\n\n\n\n<p>\u00cdndice<\/p>\n\n\n\n<p><a href=\"https:\/\/rio.upo.es\/entities\/publication\/e5027852-13f3-4d32-b3b3-e6e1653c62bc\">Os Turcos Encantados: O Isl\u00e3 na Cultura Visual do Brasil Colonial, Mem\u00f3rias Cifradas<\/a>. Migliaccio, Luciano; de Almeida Martins, Renata Maria (Ediciones Universidad Aut\u00f3noma de Chile \/ Enredars-Universidad Pablo de Olavide, 2026)<\/p>\n\n\n\n<p><a href=\"https:\/\/rio.upo.es\/entities\/publication\/8bdcf742-f20e-4320-8fce-30d69564670a\">Reflex\u00f5es Sobre o Barroco Americano<\/a>. Guti\u00e9rrez, Ram\u00f3n (Ediciones Universidad Aut\u00f3noma de Chile \/ Enredars-Universidad Pablo de Olavide, 2026)<\/p>\n\n\n\n<p><a href=\"https:\/\/rio.upo.es\/entities\/publication\/4cb7f379-5708-4cd7-b830-45ded5c8fd13\">El impacto de los pliegos de tesis sobre el arte colonial: Los pliegos de la Casa Pfeffel<\/a>. Ojeda di Ninno, Almerindo (Ediciones Universidad Aut\u00f3noma de Chile \/ Enredars-Universidad Pablo de Olavide, 2026)<\/p>\n\n\n\n<p><a href=\"https:\/\/rio.upo.es\/entities\/publication\/7377735f-b296-407c-b802-b997ea62c746\">Textos figurados: signos, ornamentaci\u00f3n y mitos en las iglesias del sur del Per\u00fa<\/a>. Gonz\u00e1lez, Ricardo (Ediciones Universidad Aut\u00f3noma de Chile \/ Enredars-Universidad Pablo de Olavide, 2026)<\/p>\n\n\n\n<p><a href=\"https:\/\/rio.upo.es\/entities\/publication\/9037dd27-d7c7-44cd-a08b-3644d5ef9ecc\">O \u201ccanteiro de papel\u201d: a Perspectiva pictorum et architectorum de Andrea Pozzo, SJ, e sua circula\u00e7\u00e3o global<\/a>. Corsi, Elisabetta (Ediciones Universidad Aut\u00f3noma de Chile \/ Enredars-Universidad Pablo de Olavide, 2026)<\/p>\n\n\n\n<p><a href=\"https:\/\/rio.upo.es\/entities\/publication\/0e493ef1-7418-43de-b11a-b0624aaeac0b\">Arquitetura afro-jesu\u00edtica na antiga Prov\u00edncia do Paraguai<\/a>. Page, Carlos A. (Ediciones Universidad Aut\u00f3noma de Chile \/ Enredars-Universidad Pablo de Olavide, 2026)<\/p>\n\n\n\n<p><a href=\"https:\/\/rio.upo.es\/entities\/publication\/fd82e83b-3c08-47d4-a525-cb8666d769cc\">Da \u00c1frica ao Afro-Brasil: um estupendo art\u00edstico deflagrado<\/a>. Ara\u00fajo da Silva, Renato; Leuba Salum, Marta Heolo\u00edsa (Ediciones Universidad Aut\u00f3noma de Chile \/ Enredars-Universidad Pablo de Olavide, 2026)<\/p>\n\n\n\n<p><\/p>\n\n\n\n<p>De Almeida Martins, Renata Maria; Migliaccio, Luciano (eds.), <a href=\"https:\/\/rio.upo.es\/entities\/publication\/41d55444-3246-4888-857f-369a9bfcaa75\">Barroco Cifrado. O impl\u00edcito, o dissimulado e o invis\u00edvel nas artes da Am\u00e9rica no per\u00edodo colonial<\/a>. Vol. XXXIX. Santiago de Chile: Ediciones Universidad Aut\u00f3noma de Chile;&nbsp;Sevilla: Enredars Publicaciones, 2026. ISBN: 978-84-09-82087-0.<\/p>\n","protected":false},"excerpt":{"rendered":"<p>Barroco Cifrado. O implicito, o dissimulado e o invis\u00edvel nas artes de America no periodo colonial \u00cdndice Os Turcos Encantados:[&#8230;]<\/p>\n","protected":false},"author":1,"featured_media":0,"parent":0,"menu_order":0,"comment_status":"closed","ping_status":"closed","template":"elementor_header_footer","meta":{"footnotes":""},"_links":{"self":[{"href":"https:\/\/www.upo.es\/investiga\/enredars\/index.php?rest_route=\/wp\/v2\/pages\/3235"}],"collection":[{"href":"https:\/\/www.upo.es\/investiga\/enredars\/index.php?rest_route=\/wp\/v2\/pages"}],"about":[{"href":"https:\/\/www.upo.es\/investiga\/enredars\/index.php?rest_route=\/wp\/v2\/types\/page"}],"author":[{"embeddable":true,"href":"https:\/\/www.upo.es\/investiga\/enredars\/index.php?rest_route=\/wp\/v2\/users\/1"}],"replies":[{"embeddable":true,"href":"https:\/\/www.upo.es\/investiga\/enredars\/index.php?rest_route=%2Fwp%2Fv2%2Fcomments&post=3235"}],"version-history":[{"count":1,"href":"https:\/\/www.upo.es\/investiga\/enredars\/index.php?rest_route=\/wp\/v2\/pages\/3235\/revisions"}],"predecessor-version":[{"id":3236,"href":"https:\/\/www.upo.es\/investiga\/enredars\/index.php?rest_route=\/wp\/v2\/pages\/3235\/revisions\/3236"}],"wp:attachment":[{"href":"https:\/\/www.upo.es\/investiga\/enredars\/index.php?rest_route=%2Fwp%2Fv2%2Fmedia&parent=3235"}],"curies":[{"name":"wp","href":"https:\/\/api.w.org\/{rel}","templated":true}]}}