{"id":3264,"date":"2026-05-15T13:03:48","date_gmt":"2026-05-15T12:03:48","guid":{"rendered":"https:\/\/www.upo.es\/investiga\/enredars\/?page_id=3264"},"modified":"2026-05-15T14:30:23","modified_gmt":"2026-05-15T13:30:23","slug":"diversidad-sexual-y-de-genero-en-poblaciones-indigenas-de-america-latina","status":"publish","type":"page","link":"https:\/\/www.upo.es\/investiga\/enredars\/?page_id=3264","title":{"rendered":"Diversidad sexual y de g\u00e9nero en poblaciones ind\u00edgenas de Am\u00e9rica Latina"},"content":{"rendered":"\n<h2 class=\"wp-block-heading\">Diversidad sexual y de g\u00e9nero en poblaciones ind\u00edgenas de Am\u00e9rica Latina<\/h2>\n\n\n\n<div class=\"wp-block-media-text is-stacked-on-mobile\" style=\"grid-template-columns:32% auto\"><figure class=\"wp-block-media-text__media\"><a href=\"https:\/\/hdl.handle.net\/10433\/26561\"><img loading=\"lazy\" decoding=\"async\" width=\"580\" height=\"809\" src=\"https:\/\/www.upo.es\/investiga\/enredars\/wp-content\/uploads\/2026\/05\/PORTADA.png\" alt=\"\" class=\"wp-image-3262 size-full\" srcset=\"https:\/\/www.upo.es\/investiga\/enredars\/wp-content\/uploads\/2026\/05\/PORTADA.png 580w, https:\/\/www.upo.es\/investiga\/enredars\/wp-content\/uploads\/2026\/05\/PORTADA-215x300.png 215w\" sizes=\"(max-width: 580px) 100vw, 580px\" \/><\/a><\/figure><div class=\"wp-block-media-text__content\">\n<p>Detalles del libro<\/p>\n\n\n\n<ul>\n<li>Coordinadores: Jos\u00e9 Mar\u00eda Valcuende del R\u00edo y Enoc Merino Santi (Iru Aya)<\/li>\n\n\n\n<li>Editorial: Enredars Publicaciones <\/li>\n\n\n\n<li>1.\u00ba volumen de la colecci\u00f3n Colecci\u00f3n Cuerpos, Sexualidades y Culturas<\/li>\n\n\n\n<li>ISBN: 978-84-09-86545-1<\/li>\n\n\n\n<li>A\u00f1o de publicaci\u00f3n: 2026<\/li>\n\n\n\n<li>N\u00famero de p\u00e1ginas: 290<\/li>\n<\/ul>\n\n\n\n<p><a href=\"https:\/\/hdl.handle.net\/10433\/26561\">Acceder ahora al libro<\/a><\/p>\n<\/div><\/div>\n\n\n\n<p><\/p>\n\n\n\n<p><a href=\"https:\/\/hdl.handle.net\/10433\/26582\">Memorias disidentes y diversidad cultural: disputas por el reconocimiento de la pluralidad sexual y de g\u00e9nero<\/a>. C\u00e1ceres-Feria, Rafael ; Quintero Mor\u00f3n, Victoria (Publicaciones Enredars,&nbsp;2026)<\/p>\n\n\n\n<p><a href=\"https:\/\/hdl.handle.net\/10433\/26581\">Diversidad Sexual Ind\u00edgena en Brasil: Protagonismos, Articulaciones y Resistencias en la \u00daltima D\u00e9cada<\/a>. Rafael Fernandes, Estev\u00e3o (Publicaciones Enredars,&nbsp;2026)<\/p>\n\n\n\n<p><a href=\"https:\/\/hdl.handle.net\/10433\/26580\">Gram\u00e1ticas del g\u00e9nero y epistemolog\u00edas ind\u00edgenas: Muxes zapotecos del Istmo de Tehuantepec (M\u00e9xico)<\/a>. G\u00f3mez Su\u00e1rez, \u00c1gueda (Publicaciones Enredars,&nbsp;2026)<\/p>\n\n\n\n<p><a href=\"https:\/\/hdl.handle.net\/10433\/26579\">Otros caminos del g\u00e9nero: belleza y parentesco en las experiencias trans y no binarias en las Am\u00e9ricas ind\u00edgenas<\/a>. Dziubinska, Magda Helena; Madi Dias, Diego (Publicaciones Enredars,&nbsp;2026)<\/p>\n\n\n\n<p><a href=\"https:\/\/hdl.handle.net\/10433\/26578\">Entre mujeres. Afectividades y emociones entre nguiu\u2019 en el istmo de Tehuantepec, Oaxaca, M\u00e9xico<\/a>. Rodr\u00edguez Cabrera, Ver\u00f3nica (Publicaciones Enredars,&nbsp;2026)<\/p>\n\n\n\n<p><a href=\"https:\/\/hdl.handle.net\/10433\/26577\">Entre apus, ancestralidades sexuales e indianismo marika. Una aproximaci\u00f3n etnogr\u00e1fi ca a la formaci\u00f3n de identidades pol\u00edticas sexodisidentes en la Quebrada de Humahuaca Jujuy \u2013 Argentina<\/a>. Cabana, Gustavo (Publicaciones Enredars,&nbsp;2026)<\/p>\n\n\n\n<p><a href=\"https:\/\/hdl.handle.net\/10433\/26576\">Vivencias de indigenas Galibi-Marworno transLGBQIAPN+ de Amap\u00e1, Brasil<\/a>. Adalberto Pereira, Alexandre; Esquerdo Lima, Wollacy (Publicaciones Enredars,&nbsp;2026)<\/p>\n\n\n\n<p><a href=\"https:\/\/hdl.handle.net\/10433\/26575\">\u201cAqu\u00ed son libres las relaciones\u201d: experiencias de diversidad sexual en la aldea ind\u00edgena Trocar\u00e1 en la Amazon\u00eda brasile\u00f1a<\/a>. Pantoja Ribeiro,  B\u00e1rbara de Nazar\u00e9 (Publicaciones Enredars,&nbsp;2026)<\/p>\n\n\n\n<p><a href=\"https:\/\/hdl.handle.net\/10433\/26574\">Cuerpos warmipangui. La interseccionalidad de habitar entre la comunidad y la ciudad, perspectivas de resiliencia<\/a>. Merino Santi (Iru aya), Enoc (Publicaciones Enredars,&nbsp;2026)<\/p>\n\n\n\n<p><a href=\"https:\/\/hdl.handle.net\/10433\/26573\">Un mapa ch\u00b4ixi en la piel. Lectura indisciplinada de una artista desobediente<\/a>. Capona, Daniela (Publicaciones Enredars,&nbsp;2026)<\/p>\n\n\n\n<p><a href=\"https:\/\/hdl.handle.net\/10433\/26572\">Cuando los cuerpos hablan: Aspectos sobre la sexualidad y los roles de g\u00e9nero entre los Ese Eja<\/a>. Chavarr\u00eda Mendoza, Mar\u00eda C. (Publicaciones Enredars,&nbsp;2026)<\/p>\n\n\n\n<p><a href=\"https:\/\/hdl.handle.net\/10433\/26571\">La mujer ash\u00e1ninka en los mitos: g\u00e9nero, sexualidad y cosmovisi\u00f3n<\/a>. Fern\u00e1ndez, Eduardo (Publicaciones Enredars,&nbsp;2026)<\/p>\n\n\n\n<p><\/p>\n\n\n\n<p>Valcuende del R\u00edo, Jos\u00e9 Mar\u00eda; Merino Santi (Iru Aya), Enoc (Eds.) <em><a href=\"https:\/\/hdl.handle.net\/10433\/26570\">Diversidad sexual y de g\u00e9nero en poblaciones ind\u00edgenas de Am\u00e9rica Latina<\/a><\/em>. Vol. I. Sevilla: Enredars Publicaciones, 2026.&nbsp;ISBN: 978-84-09-86545-1<\/p>\n\n\n\n<p><\/p>\n","protected":false},"excerpt":{"rendered":"<p>Diversidad sexual y de g\u00e9nero en poblaciones ind\u00edgenas de Am\u00e9rica Latina Memorias disidentes y diversidad cultural: disputas por el reconocimiento[&#8230;]<\/p>\n","protected":false},"author":1,"featured_media":0,"parent":0,"menu_order":0,"comment_status":"closed","ping_status":"closed","template":"elementor_header_footer","meta":{"footnotes":""},"_links":{"self":[{"href":"https:\/\/www.upo.es\/investiga\/enredars\/index.php?rest_route=\/wp\/v2\/pages\/3264"}],"collection":[{"href":"https:\/\/www.upo.es\/investiga\/enredars\/index.php?rest_route=\/wp\/v2\/pages"}],"about":[{"href":"https:\/\/www.upo.es\/investiga\/enredars\/index.php?rest_route=\/wp\/v2\/types\/page"}],"author":[{"embeddable":true,"href":"https:\/\/www.upo.es\/investiga\/enredars\/index.php?rest_route=\/wp\/v2\/users\/1"}],"replies":[{"embeddable":true,"href":"https:\/\/www.upo.es\/investiga\/enredars\/index.php?rest_route=%2Fwp%2Fv2%2Fcomments&post=3264"}],"version-history":[{"count":4,"href":"https:\/\/www.upo.es\/investiga\/enredars\/index.php?rest_route=\/wp\/v2\/pages\/3264\/revisions"}],"predecessor-version":[{"id":3278,"href":"https:\/\/www.upo.es\/investiga\/enredars\/index.php?rest_route=\/wp\/v2\/pages\/3264\/revisions\/3278"}],"wp:attachment":[{"href":"https:\/\/www.upo.es\/investiga\/enredars\/index.php?rest_route=%2Fwp%2Fv2%2Fmedia&parent=3264"}],"curies":[{"name":"wp","href":"https:\/\/api.w.org\/{rel}","templated":true}]}}