{"id":358,"date":"2017-04-24T16:30:42","date_gmt":"2017-04-24T16:30:42","guid":{"rendered":"https:\/\/www.upo.es\/investiga\/enredars\/?page_id=358"},"modified":"2023-12-30T17:26:43","modified_gmt":"2023-12-30T16:26:43","slug":"abya-yala-wawgeykuna","status":"publish","type":"page","link":"https:\/\/www.upo.es\/investiga\/enredars\/?page_id=358","title":{"rendered":"Abya Yala Wawgeykuna"},"content":{"rendered":"<p><a href=\"https:\/\/www.upo.es\/investiga\/enredars\/wp-content\/uploads\/2017\/03\/Poema.pdf\">Poema<\/a><\/p>\n<p><a href=\"https:\/\/www.upo.es\/investiga\/enredars\/wp-content\/uploads\/2017\/03\/Pr\u00f3logo.pdf\">Pr\u00f3logo<\/a><br \/>\nBeatriz Carrera Maldonado y Zara Ruiz Romero (editoras)<\/p>\n<p style=\"text-align: left;\"><em>Literatura<\/em><\/p>\n<p><a href=\"http:\/\/hdl.handle.net\/10433\/5099\">De <em>iixpantilia<\/em> preludio del testimonio.<\/a><br \/>\nRafael Lara-Mart\u00ednez (Tecnol\u00f3gico de Nuevo M\u00e9xico)<\/p>\n<p><a href=\"http:\/\/hdl.handle.net\/10433\/5098\">La simbolizaci\u00f3n del sacrificio en los antiguos cantares del Dzitbalch\u00e9.<\/a><br \/>\nCarlos Urani Montiel Contreras (Universidad Aut\u00f3noma de Ciudad Ju\u00e1rez)<\/p>\n<p style=\"text-align: left;\"><em>Arte y artesan\u00eda<\/em><\/p>\n<p><a href=\"http:\/\/hdl.handle.net\/10433\/5097\">Actualidad de las artesan\u00edas ind\u00edgenas en Iberoam\u00e9rica.<\/a><br \/>\nFernando Quiles Garc\u00eda\u00a0(Universidad Pablo de Olavide, Sevilla) y Karen N. Ju\u00e1rez Pe\u00f1a (Centro de Cultura Casa Lamm)<\/p>\n<p><a href=\"http:\/\/hdl.handle.net\/10433\/5096\">Un acercamiento a las piezas y colecciones de arte ind\u00edgena americano en museos espa\u00f1oles.<\/a><br \/>\nZara Ruiz Romero (Universidad Pablo de Olavide, Sevilla)<\/p>\n<p><a href=\"http:\/\/hdl.handle.net\/10433\/5095\">Ecos cham\u00e1nicos en la escultura contempor\u00e1nea.<\/a><br \/>\nPablo Navarro Morcillo\u00a0(Universidad\u00a0Pablo de Olavide, Sevilla)<\/p>\n<p><a href=\"http:\/\/hdl.handle.net\/10433\/5094\">El sue\u00f1o del artesano: Breves notas sobre la obra temprana de Jaime Su\u00e1rez (1969-1975).<\/a><br \/>\nDaniel \u00a0Exp\u00f3sito S\u00e1nchez (Universidad de Puerto Rico, Recinto de R\u00edo Piedras)<\/p>\n<p style=\"text-align: left;\"><em>Cosmovisi\u00f3n<\/em><\/p>\n<p><a href=\"http:\/\/hdl.handle.net\/10433\/5093\">Cosmovisi\u00f3n e identidades ind\u00edgenas en el suroeste de la Amazon\u00eda en la primera mitad del siglo XVIII.<\/a><br \/>\nLouise Cardoso de Mello\u00a0(Universidad\u00a0Pablo de Olavide, Sevilla)<\/p>\n<p><a href=\"http:\/\/hdl.handle.net\/10433\/5092\">Los que van al cerro: im\u00e1genes de la cosmovisi\u00f3n mixe en Oaxaca, M\u00e9xico.<\/a><br \/>\nMar\u00eda del Carmen Castillo Cisneros\u00a0(Instituto Nacional de Antropolog\u00eda e Historia, Delegaci\u00f3n de Oaxaca)<\/p>\n<p style=\"text-align: left;\"><em>Festividades tradicionales<\/em><\/p>\n<p><a href=\"http:\/\/hdl.handle.net\/10433\/5091\">Todos Santos o Fieles Difuntos: la celebraci\u00f3n del D\u00eda de Muertos, expresi\u00f3n de la diversidad cultural en M\u00e9xico.<\/a><br \/>\nFel\u00edcitas Estela Vega Deloya\u00a0(Direcci\u00f3n General de Culturas Populares de la Secretar\u00eda de Cultura y Escuela Nacional de Antropolog\u00eda e Historia &#8211; ENAH)<\/p>\n<p><a href=\"http:\/\/hdl.handle.net\/10433\/5090\">Un an\u00e1lisis de <em>La Judea<\/em> de Jim\u00e9nez del T\u00e9ul en Zacatecas, M\u00e9xico. Ceremonia de Semana Santa.<\/a><br \/>\nMar\u00eda Cristina Morales Viramontes\u00a0(Instituto Nacional de Antropolog\u00eda e Historia, Delegaci\u00f3n de Zacatecas)<\/p>\n<p><a href=\"http:\/\/hdl.handle.net\/10433\/5089\">Las danzas y fiestas prehisp\u00e1nicas.<\/a><br \/>\nTlahuizcalpantecutli Gonz\u00e1lez Estrada (Gestor Cultural)<\/p>\n<p style=\"text-align: left;\"><em>Usanzas y territorios<\/em><\/p>\n<p><a href=\"http:\/\/hdl.handle.net\/10433\/5088\">Distribuci\u00f3n y ocupaci\u00f3n del espacio. Las estructuras de los asentamientos en el \u00e1rea cultural tairona y su relaci\u00f3n con el medio natural.<\/a><br \/>\nNayibe Guti\u00e9rrez Montoya\u00a0(Universidad\u00a0Pablo de Olavide, Sevilla)<\/p>\n<p><a href=\"http:\/\/hdl.handle.net\/10433\/5087\">Los que vienen y van: migraci\u00f3n e hibridaci\u00f3n del Patrimonio Cultural Inmaterial.<\/a><br \/>\nBeatriz Carrera Maldonado (Instituto Zacatecano de Cultura \u00abRam\u00f3n L\u00f3pez Velarde\u00bb)<\/p>\n<p><a href=\"http:\/\/hdl.handle.net\/10433\/5081\">La tradici\u00f3n oral en la construcci\u00f3n del pasado prehisp\u00e1nico en la zona arqueol\u00f3gica de La Quemada, Zacatecas, M\u00e9xico.<\/a><br \/>\nCarlos Alberto Torreblanca Padilla\u00a0(Instituto Nacional de Antropolog\u00eda e Historia, Delegaci\u00f3n de Zacatecas)<\/p>\n<p><a href=\"http:\/\/hdl.handle.net\/10433\/5080\">El territorio simb\u00f3lico de la migraci\u00f3n: las tradiciones pur\u00e9pechas en Woodburn, Oreg\u00f3n.<\/a><br \/>\nMiriam Reyes Tovar\u00a0(Universidad de Guanajuato, Campus Celaya-Salvatierra)<\/p>\n<p><a href=\"http:\/\/hdl.handle.net\/10433\/5079\">Epicentro ind\u00edgena del gran tunal, fusi\u00f3n y huellas de cultura popular en Pinos, Zacatecas.<\/a><br \/>\nGabriel Edmundo Torres Mu\u00f1oz\u00a0(Gestor Cultural)<\/p>\n<p style=\"text-align: left;\"><em>Gesti\u00f3n del Patrimonio Cultural Inmaterial<\/em><\/p>\n<p><a href=\"http:\/\/hdl.handle.net\/10433\/5078\">El \u00e1rbol totonaca de la buena fruta.<\/a><br \/>\nSalom\u00f3n Bazbaz Lapidus\u00a0(Fundador del Centro de las Artes Ind\u00edgenas y Director General del Festival Cumbre Taj\u00edn)<\/p>\n<p><a href=\"http:\/\/hdl.handle.net\/10433\/5077\">Archivo de la Palabra: una propuesta de salvaguardia para el Patrimonio Cultural Inmaterial.<\/a><br \/>\nHilario Topete Lara y Montserrat Patricia Rebollo Cruz (Escuela Nacional de Antropolog\u00eda e Historia &#8211; ENAH)<\/p>\n<p><a href=\"http:\/\/hdl.handle.net\/10433\/5076\">Sobre metodolog\u00edas participativas en registro fotogr\u00e1fico del Patrimonio Cultural Inmaterial, aproximaciones iniciales.<\/a><br \/>\nGabriela In\u00e9s Valenzuela Bejarano\u00a0(Centro Regional para la Salvaguardia del Patrimonio Cultural Inmaterial de Am\u00e9rica Latina &#8211; Crespial)<\/p>\n<p style=\"text-align: right;\"><em>Publicaci\u00f3n<\/em><\/p>\n<p>Carrera Maldonado, Beatriz; Ruiz Romero, Zara.\u00a0<a href=\"http:\/\/hdl.handle.net\/10433\/4995\"><em>Abya Yala Wawgeykuna.\u00a0Arte, saberes y vivencias de ind\u00edgenas americanos<\/em>.<\/a> Sevilla,\u00a0E.R.A. Arte, Creaci\u00f3n y Patrimonio Iberoamericanos en Redes; M\u00e9xico, Instituto Zacatecano de Cultura \u00abRam\u00f3n L\u00f3pez Velarde\u00bb, 2017.<\/p>\n","protected":false},"excerpt":{"rendered":"<p>Poema Pr\u00f3logo Beatriz Carrera Maldonado y Zara Ruiz Romero (editoras) Literatura De iixpantilia preludio del testimonio. Rafael Lara-Mart\u00ednez (Tecnol\u00f3gico de[&#8230;]<\/p>\n","protected":false},"author":1,"featured_media":0,"parent":46,"menu_order":3,"comment_status":"closed","ping_status":"closed","template":"template-fullwidth.php","meta":{"footnotes":""},"_links":{"self":[{"href":"https:\/\/www.upo.es\/investiga\/enredars\/index.php?rest_route=\/wp\/v2\/pages\/358"}],"collection":[{"href":"https:\/\/www.upo.es\/investiga\/enredars\/index.php?rest_route=\/wp\/v2\/pages"}],"about":[{"href":"https:\/\/www.upo.es\/investiga\/enredars\/index.php?rest_route=\/wp\/v2\/types\/page"}],"author":[{"embeddable":true,"href":"https:\/\/www.upo.es\/investiga\/enredars\/index.php?rest_route=\/wp\/v2\/users\/1"}],"replies":[{"embeddable":true,"href":"https:\/\/www.upo.es\/investiga\/enredars\/index.php?rest_route=%2Fwp%2Fv2%2Fcomments&post=358"}],"version-history":[{"count":15,"href":"https:\/\/www.upo.es\/investiga\/enredars\/index.php?rest_route=\/wp\/v2\/pages\/358\/revisions"}],"predecessor-version":[{"id":2763,"href":"https:\/\/www.upo.es\/investiga\/enredars\/index.php?rest_route=\/wp\/v2\/pages\/358\/revisions\/2763"}],"up":[{"embeddable":true,"href":"https:\/\/www.upo.es\/investiga\/enredars\/index.php?rest_route=\/wp\/v2\/pages\/46"}],"wp:attachment":[{"href":"https:\/\/www.upo.es\/investiga\/enredars\/index.php?rest_route=%2Fwp%2Fv2%2Fmedia&parent=358"}],"curies":[{"name":"wp","href":"https:\/\/api.w.org\/{rel}","templated":true}]}}