{"id":491,"date":"2018-03-18T20:56:34","date_gmt":"2018-03-18T20:56:34","guid":{"rendered":"https:\/\/www.upo.es\/investiga\/enredars\/?page_id=491"},"modified":"2023-12-30T17:23:11","modified_gmt":"2023-12-30T16:23:11","slug":"centroamerica-agua-cultura-y-territorio","status":"publish","type":"page","link":"https:\/\/www.upo.es\/investiga\/enredars\/?page_id=491","title":{"rendered":"Centroam\u00e9rica &#8211; Agua, cultura y territorio"},"content":{"rendered":"<p><a href=\"http:\/\/hdl.handle.net\/10433\/5503\">Centroam\u00e9rica, patrimonio cultural y natural.<\/a><span class=\"Z3988\" title=\"ctx_ver=Z39.88-2004&amp;rft_val_fmt=info%3Aofi%2Ffmt%3Akev%3Amtx%3Adc&amp;rft_id=Rodr%C3%ADguez-Mateo%2C+Juan+Ram%C3%B3n+%28ed.%29.+Centroam%C3%A9rica.+Agua%2C+cultura+y+territorio.+Actas+del+primer+Congreso+Internacional.+Heredia%2C+Costa+Rica%2C+noviembre+2016.+Sevilla%3A+CEI+Cambio%2C+Universidad+Pablo+de+Olavide%3B+Heredia%3A+Universidad+Nacional+de+Costa+Rica%2C+2017.&amp;rft_id=http%3A%2F%2Fhdl.handle.net%2F10433%2F5503&amp;rfr_id=info%3Asid%2Fdspace.org%3Arepository&amp;\">\u00a0\u00a0<\/span><br \/>\nJavier Escalera Reyes<\/p>\n<p><a href=\"http:\/\/hdl.handle.net\/10433\/5502\">Agua, cultura y territorio.<\/a><span class=\"Z3988\" title=\"ctx_ver=Z39.88-2004&amp;rft_val_fmt=info%3Aofi%2Ffmt%3Akev%3Amtx%3Adc&amp;rft_id=Rodr%C3%ADguez-Mateo%2C+Juan+Ram%C3%B3n+%28ed.%29.+Centroam%C3%A9rica.+Agua%2C+cultura+y+territorio.+Actas+del+primer+Congreso+Internacional.+Heredia%2C+Costa+Rica%2C+noviembre+2016.+Sevilla%3A+CEI+Cambio%2C+Universidad+Pablo+de+Olavide%3B+Heredia%3A+Universidad+Nacional+de+Costa+Rica%2C+2017.&amp;rft_id=http%3A%2F%2Fhdl.handle.net%2F10433%2F5502&amp;rfr_id=info%3Asid%2Fdspace.org%3Arepository&amp;\">\u00a0\u00a0<\/span><br \/>\nDaniel Rueda Araya<\/p>\n<p><a href=\"http:\/\/hdl.handle.net\/10433\/5501\">Centroam\u00e9rica, de agua y fuego.<\/a><br \/>\nFernando Quiles Garc\u00eda<\/p>\n<p><a href=\"http:\/\/hdl.handle.net\/10433\/5500\">Desde la academia, un compromiso con el agua.<\/a><span class=\"Z3988\" title=\"ctx_ver=Z39.88-2004&amp;rft_val_fmt=info%3Aofi%2Ffmt%3Akev%3Amtx%3Adc&amp;rft_id=Rodr%C3%ADguez-Mateo%2C+Juan+Ram%C3%B3n+%28ed.%29.+Centroam%C3%A9rica.+Agua%2C+cultura+y+territorio.+Actas+del+primer+Congreso+Internacional.+Heredia%2C+Costa+Rica%2C+noviembre+2016.+Sevilla%3A+CEI+Cambio%2C+Universidad+Pablo+de+Olavide%3B+Heredia%3A+Universidad+Nacional+de+Costa+Rica%2C+2017.&amp;rft_id=http%3A%2F%2Fhdl.handle.net%2F10433%2F5500&amp;rfr_id=info%3Asid%2Fdspace.org%3Arepository&amp;\">\u00a0<\/span><br \/>\nNelly L\u00f3pez Alfaro<\/p>\n<p><a href=\"http:\/\/hdl.handle.net\/10433\/5499\">Hacia un estrecho sin duda(s). \u201cNon debe el cronista dejar facer su oficio\u201d.<\/a><br \/>\nJuan Ram\u00f3n Rodr\u00edguez- Mateo<\/p>\n<p>&#8212;. Tecnolog\u00edas y gesti\u00f3n integrada del recurso h\u00eddrico<\/p>\n<p><a href=\"http:\/\/hdl.handle.net\/10433\/5498\">Los SCALL como sistemas domiciliares alternos para el aprovechamiento del agua de lluvia para consumo humano.<\/a><span class=\"Z3988\" title=\"ctx_ver=Z39.88-2004&amp;rft_val_fmt=info%3Aofi%2Ffmt%3Akev%3Amtx%3Adc&amp;rft_id=Rodr%C3%ADguez-Mateo%2C+Juan+Ram%C3%B3n+%28ed.%29.+Centroam%C3%A9rica.+Agua%2C+cultura+y+territorio.+Actas+del+primer+Congreso+Internacional.+Heredia%2C+Costa+Rica%2C+noviembre+2016.+Sevilla%3A+CEI+Cambio%2C+Universidad+Pablo+de+Olavide%3B+Heredia%3A+Universidad+Nacional+de+Costa+Rica%2C+2017.&amp;rft_id=http%3A%2F%2Fhdl.handle.net%2F10433%2F5498&amp;rfr_id=info%3Asid%2Fdspace.org%3Arepository&amp;\"><br \/>\nJos\u00e9 Manuel Quir\u00f3s Vega<\/span><\/p>\n<p><a href=\"http:\/\/hdl.handle.net\/10433\/5497\">Biojardineras y Cosecha de agua de lluvia (Reservorios y sistema de purificaci\u00f3n).<\/a><span class=\"Z3988\" title=\"ctx_ver=Z39.88-2004&amp;rft_val_fmt=info%3Aofi%2Ffmt%3Akev%3Amtx%3Adc&amp;rft_id=Rodr%C3%ADguez-Mateo%2C+Juan+Ram%C3%B3n+%28ed.%29.+Centroam%C3%A9rica.+Agua%2C+cultura+y+territorio.+Actas+del+primer+Congreso+Internacional.+Heredia%2C+Costa+Rica%2C+noviembre+2016.+Sevilla%3A+CEI+Cambio%2C+Universidad+Pablo+de+Olavide%3B+Heredia%3A+Universidad+Nacional+de+Costa+Rica%2C+2017.&amp;rft_id=http%3A%2F%2Fhdl.handle.net%2F10433%2F5497&amp;rfr_id=info%3Asid%2Fdspace.org%3Arepository&amp;\">\u00a0\u00a0<\/span><br \/>\nWilliam G\u00f3mez Sol\u00eds<\/p>\n<p><a href=\"http:\/\/hdl.handle.net\/10433\/5496\">Estudio hidrogeol\u00f3gico de los acu\u00edferos volc\u00e1nicos de Guatemala.<\/a><span class=\"Z3988\" title=\"ctx_ver=Z39.88-2004&amp;rft_val_fmt=info%3Aofi%2Ffmt%3Akev%3Amtx%3Adc&amp;rft_id=Rodr%C3%ADguez-Mateo%2C+Juan+Ram%C3%B3n+%28ed.%29.+Centroam%C3%A9rica.+Agua%2C+cultura+y+territorio.+Actas+del+primer+Congreso+Internacional.+Heredia%2C+Costa+Rica%2C+noviembre+2016.+Sevilla%3A+CEI+Cambio%2C+Universidad+Pablo+de+Olavide%3B+Heredia%3A+Universidad+Nacional+de+Costa+Rica%2C+2017.&amp;rft_id=http%3A%2F%2Fhdl.handle.net%2F10433%2F5496&amp;rfr_id=info%3Asid%2Fdspace.org%3Arepository&amp;\">\u00a0\u00a0<\/span><br \/>\nIsaac Rodolfo Herrera Ib\u00e1\u00f1ez<\/p>\n<p><a href=\"http:\/\/hdl.handle.net\/10433\/5495\">Beneficios socio-ambientales obtenidos mediante el manejo de aguas grises dom\u00e9sticas con humedales artificiales. Lepanto, Prov. de Puntarenas, Costa Rica.<\/a><span class=\"Z3988\" title=\"ctx_ver=Z39.88-2004&amp;rft_val_fmt=info%3Aofi%2Ffmt%3Akev%3Amtx%3Adc&amp;rft_id=Rodr%C3%ADguez-Mateo%2C+Juan+Ram%C3%B3n+%28ed.%29.+Centroam%C3%A9rica.+Agua%2C+cultura+y+territorio.+Actas+del+primer+Congreso+Internacional.+Heredia%2C+Costa+Rica%2C+noviembre+2016.+Sevilla%3A+CEI+Cambio%2C+Universidad+Pablo+de+Olavide%3B+Heredia%3A+Universidad+Nacional+de+Costa+Rica%2C+2017.&amp;rft_id=http%3A%2F%2Fhdl.handle.net%2F10433%2F5495&amp;rfr_id=info%3Asid%2Fdspace.org%3Arepository&amp;\">\u00a0<\/span><br \/>\n\u00d3scar Juli\u00e1n Chavarr\u00eda Valverde y Bernardita Alfaro Boza<\/p>\n<p><a href=\"http:\/\/hdl.handle.net\/10433\/5494\">Puesta en valor de los recursos territoriales y protecci\u00f3n del recurso h\u00eddrico a trav\u00e9s del Turismo Rural Comunitario. Los casos de \u201cEl Encanto de la Piedra Blanca\u201d y \u201cNacientes Palmichal\u201d en Costa Rica.<\/a><span class=\"Z3988\" title=\"ctx_ver=Z39.88-2004&amp;rft_val_fmt=info%3Aofi%2Ffmt%3Akev%3Amtx%3Adc&amp;rft_id=Rodr%C3%ADguez-Mateo%2C+Juan+Ram%C3%B3n+%28ed.%29.+Centroam%C3%A9rica.+Agua%2C+cultura+y+territorio.+Actas+del+primer+Congreso+Internacional.+Heredia%2C+Costa+Rica%2C+noviembre+2016.+Sevilla%3A+CEI+Cambio%2C+Universidad+Pablo+de+Olavide%3B+Heredia%3A+Universidad+Nacional+de+Costa+Rica%2C+2017.&amp;rft_id=http%3A%2F%2Fhdl.handle.net%2F10433%2F5494&amp;rfr_id=info%3Asid%2Fdspace.org%3Arepository&amp;\">\u00a0\u00a0<\/span><br \/>\nKenia Garc\u00eda Baltodano<\/p>\n<p><a href=\"http:\/\/hdl.handle.net\/10433\/5493\">Centro Ecotur\u00edstico Comunitario \u201cAquetzalli\u201d en la Reserva Natural Pen\u00ednsula de Chiltepe, Nicaragua.<\/a><span class=\"Z3988\" title=\"ctx_ver=Z39.88-2004&amp;rft_val_fmt=info%3Aofi%2Ffmt%3Akev%3Amtx%3Adc&amp;rft_id=Rodr%C3%ADguez-Mateo%2C+Juan+Ram%C3%B3n+%28ed.%29.+Centroam%C3%A9rica.+Agua%2C+cultura+y+territorio.+Actas+del+primer+Congreso+Internacional.+Heredia%2C+Costa+Rica%2C+noviembre+2016.+Sevilla%3A+CEI+Cambio%2C+Universidad+Pablo+de+Olavide%3B+Heredia%3A+Universidad+Nacional+de+Costa+Rica%2C+2017.&amp;rft_id=http%3A%2F%2Fhdl.handle.net%2F10433%2F5493&amp;rfr_id=info%3Asid%2Fdspace.org%3Arepository&amp;\">\u00a0<\/span><br \/>\nFranklin Ch\u00e1vez Guerrero y Engel Moreira Estrada<\/p>\n<p><a href=\"http:\/\/hdl.handle.net\/10433\/5471\">El agua recurso de paz y desarrollo. Gesti\u00f3n integral de la Cuenca Hidrogr\u00e1fica Binacional Catamayo-Chira (Ecuador y Per\u00fa).<\/a><span class=\"Z3988\" title=\"ctx_ver=Z39.88-2004&amp;rft_val_fmt=info%3Aofi%2Ffmt%3Akev%3Amtx%3Adc&amp;rft_id=Rodr%C3%ADguez-Mateo%2C+Juan+Ram%C3%B3n+%28ed.%29.+Centroam%C3%A9rica.+Agua%2C+cultura+y+territorio.+Actas+del+primer+Congreso+Internacional.+Heredia%2C+Costa+Rica%2C+noviembre+2016.+Sevilla%3A+CEI+Cambio%2C+Universidad+Pablo+de+Olavide%3B+Heredia%3A+Universidad+Nacional+de+Costa+Rica%2C+2017.&amp;rft_id=http%3A%2F%2Fhdl.handle.net%2F10433%2F5471&amp;rfr_id=info%3Asid%2Fdspace.org%3Arepository&amp;\">\u00a0\u00a0<\/span><br \/>\nMar\u00eda Luisa Cruz Riofr\u00edo<\/p>\n<p>&#8212;. Usos del agua y retos frente al cambio clim\u00e1tico<\/p>\n<p><a href=\"http:\/\/hdl.handle.net\/10433\/5470\">Reflexiones sobre los retos de la degradaci\u00f3n y la desertificaci\u00f3n en las zonas secas de Centroam\u00e9rica: \u00bfC\u00f3mo adaptarnos para proteger nuestro Patrimonio Natural y Cultural?<\/a><span class=\"Z3988\" title=\"ctx_ver=Z39.88-2004&amp;rft_val_fmt=info%3Aofi%2Ffmt%3Akev%3Amtx%3Adc&amp;rft_id=Rodr%C3%ADguez-Mateo%2C+Juan+Ram%C3%B3n+%28ed.%29.+Centroam%C3%A9rica.+Agua%2C+cultura+y+territorio.+Actas+del+primer+Congreso+Internacional.+Heredia%2C+Costa+Rica%2C+noviembre+2016.+Sevilla%3A+CEI+Cambio%2C+Universidad+Pablo+de+Olavide%3B+Heredia%3A+Universidad+Nacional+de+Costa+Rica%2C+2017.&amp;rft_id=http%3A%2F%2Fhdl.handle.net%2F10433%2F5470&amp;rfr_id=info%3Asid%2Fdspace.org%3Arepository&amp;\">\u00a0 Heidy\u00a0<\/span>Vega Garc\u00eda<\/p>\n<p><a href=\"http:\/\/hdl.handle.net\/10433\/5469\">Propuesta de un plan de manejo y desarrollo integral para la recuperaci\u00f3n de la cuenca del r\u00edo Sarapiqu\u00ed en la zona norte de Costa Rica.<\/a><span class=\"Z3988\" title=\"ctx_ver=Z39.88-2004&amp;rft_val_fmt=info%3Aofi%2Ffmt%3Akev%3Amtx%3Adc&amp;rft_id=Rodr%C3%ADguez-Mateo%2C+Juan+Ram%C3%B3n+%28ed.%29.+Centroam%C3%A9rica.+Agua%2C+cultura+y+territorio.+Actas+del+primer+Congreso+Internacional.+Heredia%2C+Costa+Rica%2C+noviembre+2016.+Sevilla%3A+CEI+Cambio%2C+Universidad+Pablo+de+Olavide%3B+Heredia%3A+Universidad+Nacional+de+Costa+Rica%2C+2017.&amp;rft_id=http%3A%2F%2Fhdl.handle.net%2F10433%2F5469&amp;rfr_id=info%3Asid%2Fdspace.org%3Arepository&amp;\">\u00a0<\/span><br \/>\nSergio Alavez L\u00f3pez y Ileana Arauz-Beita<\/p>\n<p><a href=\"http:\/\/hdl.handle.net\/10433\/5468\">Cuesti\u00f3n social y ambiente: el recurso h\u00eddrico como mercanc\u00eda, un an\u00e1lisis a partir de la comunidad Boquer\u00f3n de Atenas, provincia de Alajuela, Costa Rica.<\/a><span class=\"Z3988\" title=\"ctx_ver=Z39.88-2004&amp;rft_val_fmt=info%3Aofi%2Ffmt%3Akev%3Amtx%3Adc&amp;rft_id=Rodr%C3%ADguez-Mateo%2C+Juan+Ram%C3%B3n+%28ed.%29.+Centroam%C3%A9rica.+Agua%2C+cultura+y+territorio.+Actas+del+primer+Congreso+Internacional.+Heredia%2C+Costa+Rica%2C+noviembre+2016.+Sevilla%3A+CEI+Cambio%2C+Universidad+Pablo+de+Olavide%3B+Heredia%3A+Universidad+Nacional+de+Costa+Rica%2C+2017.&amp;rft_id=http%3A%2F%2Fhdl.handle.net%2F10433%2F5468&amp;rfr_id=info%3Asid%2Fdspace.org%3Arepository&amp;\">\u00a0\u00a0<\/span><br \/>\nAlejandra Salas Ruiz, Adriana Sol\u00eds Rojas y Karina Quir\u00f3s Arce<\/p>\n<p><a href=\"http:\/\/hdl.handle.net\/10433\/5467\">An\u00e1lisis de patrones de consumo del agua y par\u00e1metros clim\u00e1ticos del distrito Liberia, Costa Rica.<\/a><span class=\"Z3988\" title=\"ctx_ver=Z39.88-2004&amp;rft_val_fmt=info%3Aofi%2Ffmt%3Akev%3Amtx%3Adc&amp;rft_id=Rodr%C3%ADguez-Mateo%2C+Juan+Ram%C3%B3n+%28ed.%29.+Centroam%C3%A9rica.+Agua%2C+cultura+y+territorio.+Actas+del+primer+Congreso+Internacional.+Heredia%2C+Costa+Rica%2C+noviembre+2016.+Sevilla%3A+CEI+Cambio%2C+Universidad+Pablo+de+Olavide%3B+Heredia%3A+Universidad+Nacional+de+Costa+Rica%2C+2017.&amp;rft_id=http%3A%2F%2Fhdl.handle.net%2F10433%2F5467&amp;rfr_id=info%3Asid%2Fdspace.org%3Arepository&amp;\">\u00a0\u00a0<\/span><br \/>\nSvetlana Nikolaev, A. Saravia y Geannina Moraga L\u00f3pez<\/p>\n<p><a href=\"http:\/\/hdl.handle.net\/10433\/5466\">Evaluaci\u00f3n de la calidad del agua para consumo proveniente de pozos en las parcelas Vega &#8211; Las Palmas del distrito de Sixaola, Talamanca, Costa Rica.<\/a><span class=\"Z3988\" title=\"ctx_ver=Z39.88-2004&amp;rft_val_fmt=info%3Aofi%2Ffmt%3Akev%3Amtx%3Adc&amp;rft_id=Rodr%C3%ADguez-Mateo%2C+Juan+Ram%C3%B3n+%28ed.%29.+Centroam%C3%A9rica.+Agua%2C+cultura+y+territorio.+Actas+del+primer+Congreso+Internacional.+Heredia%2C+Costa+Rica%2C+noviembre+2016.+Sevilla%3A+CEI+Cambio%2C+Universidad+Pablo+de+Olavide%3B+Heredia%3A+Universidad+Nacional+de+Costa+Rica%2C+2017.&amp;rft_id=http%3A%2F%2Fhdl.handle.net%2F10433%2F5466&amp;rfr_id=info%3Asid%2Fdspace.org%3Arepository&amp;\">\u00a0<\/span><br \/>\nLeonardo Mena Rivera y Brayan Alberto Uma\u00f1a Gonz\u00e1lez<\/p>\n<p>&#8212;. Agua y sociedad<\/p>\n<p><a href=\"http:\/\/hdl.handle.net\/10433\/5465\">Propuesta metodol\u00f3gica para el an\u00e1lisis espacial de las relaciones entre valores y acciones de conservaci\u00f3n del agua y el rol de factores externos en sistemas funcionalmente interdependientes: el caso de la cuenca del Savegre, Costa Rica.<\/a><span class=\"Z3988\" title=\"ctx_ver=Z39.88-2004&amp;rft_val_fmt=info%3Aofi%2Ffmt%3Akev%3Amtx%3Adc&amp;rft_id=Rodr%C3%ADguez-Mateo%2C+Juan+Ram%C3%B3n+%28ed.%29.+Centroam%C3%A9rica.+Agua%2C+cultura+y+territorio.+Actas+del+primer+Congreso+Internacional.+Heredia%2C+Costa+Rica%2C+noviembre+2016.+Sevilla%3A+CEI+Cambio%2C+Universidad+Pablo+de+Olavide%3B+Heredia%3A+Universidad+Nacional+de+Costa+Rica%2C+2017.&amp;rft_id=http%3A%2F%2Fhdl.handle.net%2F10433%2F5465&amp;rfr_id=info%3Asid%2Fdspace.org%3Arepository&amp;\">\u00a0<\/span><br \/>\nEdgar Espinoza &#8211; Cisneros<\/p>\n<p><a href=\"http:\/\/hdl.handle.net\/10433\/5464\">Participaci\u00f3n ciudadana y organizaci\u00f3n social para la protecci\u00f3n del recurso h\u00eddrico: visibilizando el caso del cant\u00f3n de La Uni\u00f3n, Costa Rica.<\/a><span class=\"Z3988\" title=\"ctx_ver=Z39.88-2004&amp;rft_val_fmt=info%3Aofi%2Ffmt%3Akev%3Amtx%3Adc&amp;rft_id=Rodr%C3%ADguez-Mateo%2C+Juan+Ram%C3%B3n+%28ed.%29.+Centroam%C3%A9rica.+Agua%2C+cultura+y+territorio.+Actas+del+primer+Congreso+Internacional.+Heredia%2C+Costa+Rica%2C+noviembre+2016.+Sevilla%3A+CEI+Cambio%2C+Universidad+Pablo+de+Olavide%3B+Heredia%3A+Universidad+Nacional+de+Costa+Rica%2C+2017.&amp;rft_id=http%3A%2F%2Fhdl.handle.net%2F10433%2F5464&amp;rfr_id=info%3Asid%2Fdspace.org%3Arepository&amp;\">\u00a0\u00a0<\/span><br \/>\nValeria Castro Obando<\/p>\n<p><a href=\"http:\/\/hdl.handle.net\/10433\/5463\">El manejo sustentable del recurso h\u00eddrico como par\u00e1metro de ecoeficiencia financiera en la administraci\u00f3n institucional de la Universidad Nacional de Costa Rica.<\/a><span class=\"Z3988\" title=\"ctx_ver=Z39.88-2004&amp;rft_val_fmt=info%3Aofi%2Ffmt%3Akev%3Amtx%3Adc&amp;rft_id=Rodr%C3%ADguez-Mateo%2C+Juan+Ram%C3%B3n+%28ed.%29.+Centroam%C3%A9rica.+Agua%2C+cultura+y+territorio.+Actas+del+primer+Congreso+Internacional.+Heredia%2C+Costa+Rica%2C+noviembre+2016.+Sevilla%3A+CEI+Cambio%2C+Universidad+Pablo+de+Olavide%3B+Heredia%3A+Universidad+Nacional+de+Costa+Rica%2C+2017.&amp;rft_id=http%3A%2F%2Fhdl.handle.net%2F10433%2F5463&amp;rfr_id=info%3Asid%2Fdspace.org%3Arepository&amp;\">\u00a0\u00a0<\/span><br \/>\nKattia Lizzett Vasconcelos-V\u00e1squez y Sergio Alavez L\u00f3pez<\/p>\n<p><a href=\"http:\/\/hdl.handle.net\/10433\/5462\">Modelo de educaci\u00f3n ambiental no formal para la protecci\u00f3n de los Humedales Ba\u00f1\u00f3 y Los Negros (Lorica, Dpto. de C\u00f3rdoba, Colombia).<\/a><span class=\"Z3988\" title=\"ctx_ver=Z39.88-2004&amp;rft_val_fmt=info%3Aofi%2Ffmt%3Akev%3Amtx%3Adc&amp;rft_id=Rodr%C3%ADguez-Mateo%2C+Juan+Ram%C3%B3n+%28ed.%29.+Centroam%C3%A9rica.+Agua%2C+cultura+y+territorio.+Actas+del+primer+Congreso+Internacional.+Heredia%2C+Costa+Rica%2C+noviembre+2016.+Sevilla%3A+CEI+Cambio%2C+Universidad+Pablo+de+Olavide%3B+Heredia%3A+Universidad+Nacional+de+Costa+Rica%2C+2017.&amp;rft_id=http%3A%2F%2Fhdl.handle.net%2F10433%2F5462&amp;rfr_id=info%3Asid%2Fdspace.org%3Arepository&amp;\">\u00a0\u00a0<\/span><br \/>\nJorge Villadiego Lorduy<\/p>\n<p><a href=\"http:\/\/hdl.handle.net\/10433\/5461\">Conflictos territoriales y presiones tur\u00edsticas-urban\u00edsticas sobre el recurso h\u00eddrico del sector costero de Tamarindo (Santa Cruz, Guanacaste, Costa Rica).<\/a><span class=\"Z3988\" title=\"ctx_ver=Z39.88-2004&amp;rft_val_fmt=info%3Aofi%2Ffmt%3Akev%3Amtx%3Adc&amp;rft_id=Rodr%C3%ADguez-Mateo%2C+Juan+Ram%C3%B3n+%28ed.%29.+Centroam%C3%A9rica.+Agua%2C+cultura+y+territorio.+Actas+del+primer+Congreso+Internacional.+Heredia%2C+Costa+Rica%2C+noviembre+2016.+Sevilla%3A+CEI+Cambio%2C+Universidad+Pablo+de+Olavide%3B+Heredia%3A+Universidad+Nacional+de+Costa+Rica%2C+2017.&amp;rft_id=http%3A%2F%2Fhdl.handle.net%2F10433%2F5461&amp;rfr_id=info%3Asid%2Fdspace.org%3Arepository&amp;\">\u00a0<\/span><br \/>\nDavid Porras Alfaro<\/p>\n<p><a href=\"http:\/\/hdl.handle.net\/10433\/5460\">Pozos que hablan. La experiencia de gesti\u00f3n comunitaria del agua en Isla Caballo, vinculada al Programa de Desarrollo Integral de Comunidades Rurales Costeras del Golfo de Nicoya, Costa Rica.<\/a><span class=\"Z3988\" title=\"ctx_ver=Z39.88-2004&amp;rft_val_fmt=info%3Aofi%2Ffmt%3Akev%3Amtx%3Adc&amp;rft_id=Rodr%C3%ADguez-Mateo%2C+Juan+Ram%C3%B3n+%28ed.%29.+Centroam%C3%A9rica.+Agua%2C+cultura+y+territorio.+Actas+del+primer+Congreso+Internacional.+Heredia%2C+Costa+Rica%2C+noviembre+2016.+Sevilla%3A+CEI+Cambio%2C+Universidad+Pablo+de+Olavide%3B+Heredia%3A+Universidad+Nacional+de+Costa+Rica%2C+2017.&amp;rft_id=http%3A%2F%2Fhdl.handle.net%2F10433%2F5460&amp;rfr_id=info%3Asid%2Fdspace.org%3Arepository&amp;\">\u00a0\u00a0<\/span><br \/>\nGorka Artizar Izurzu Zabalza y Catalina Carrillo Vargas<\/p>\n<p><a href=\"http:\/\/hdl.handle.net\/10433\/5459\">Gobernanza del agua. Una necesidad sentida frente al agotamiento de los recursos h\u00eddricos. Caso Colombia.<\/a><span class=\"Z3988\" title=\"ctx_ver=Z39.88-2004&amp;rft_val_fmt=info%3Aofi%2Ffmt%3Akev%3Amtx%3Adc&amp;rft_id=Rodr%C3%ADguez-Mateo%2C+Juan+Ram%C3%B3n+%28ed.%29.+Centroam%C3%A9rica.+Agua%2C+cultura+y+territorio.+Actas+del+primer+Congreso+Internacional.+Heredia%2C+Costa+Rica%2C+noviembre+2016.+Sevilla%3A+CEI+Cambio%2C+Universidad+Pablo+de+Olavide%3B+Heredia%3A+Universidad+Nacional+de+Costa+Rica%2C+2017.&amp;rft_id=http%3A%2F%2Fhdl.handle.net%2F10433%2F5459&amp;rfr_id=info%3Asid%2Fdspace.org%3Arepository&amp;\">\u00a0<\/span><br \/>\nJudith Echeverr\u00eda Molina<\/p>\n<p><a href=\"http:\/\/hdl.handle.net\/10433\/5455\">Abordaje Integral a la soluci\u00f3n de los problemas h\u00eddricos que afectan a la Cuenca del R\u00edo Grande de T\u00e1rcoles, Costa Rica.<\/a><span class=\"Z3988\" title=\"ctx_ver=Z39.88-2004&amp;rft_val_fmt=info%3Aofi%2Ffmt%3Akev%3Amtx%3Adc&amp;rft_id=Rodr%C3%ADguez-Mateo%2C+Juan+Ram%C3%B3n+%28ed.%29.+Centroam%C3%A9rica.+Agua%2C+cultura+y+territorio.+Actas+del+primer+Congreso+Internacional.+Heredia%2C+Costa+Rica%2C+noviembre+2016.+Sevilla%3A+CEI+Cambio%2C+Universidad+Pablo+de+Olavide%3B+Heredia%3A+Universidad+Nacional+de+Costa+Rica%2C+2017.&amp;rft_id=http%3A%2F%2Fhdl.handle.net%2F10433%2F5455&amp;rfr_id=info%3Asid%2Fdspace.org%3Arepository&amp;\">\u00a0\u00a0<\/span><br \/>\nEdgar Mel\u00e9ndez y Ricardo O. Russo<\/p>\n<p><a href=\"http:\/\/hdl.handle.net\/10433\/5454\">Gobernanza del agua en Distritos de Riego de Costa Rica: El Distrito de Riego Arenal-Tempisque (DRAT).<\/a><span class=\"Z3988\" title=\"ctx_ver=Z39.88-2004&amp;rft_val_fmt=info%3Aofi%2Ffmt%3Akev%3Amtx%3Adc&amp;rft_id=Rodr%C3%ADguez-Mateo%2C+Juan+Ram%C3%B3n+%28ed.%29.+Centroam%C3%A9rica.+Agua%2C+cultura+y+territorio.+Actas+del+primer+Congreso+Internacional.+Heredia%2C+Costa+Rica%2C+noviembre+2016.+Sevilla%3A+CEI+Cambio%2C+Universidad+Pablo+de+Olavide%3B+Heredia%3A+Universidad+Nacional+de+Costa+Rica%2C+2017.&amp;rft_id=http%3A%2F%2Fhdl.handle.net%2F10433%2F5454&amp;rfr_id=info%3Asid%2Fdspace.org%3Arepository&amp;\">\u00a0\u00a0<\/span><br \/>\nJuan Carlos Mora Montero<\/p>\n<p><a href=\"http:\/\/hdl.handle.net\/10433\/5453\">Propuesta para la Implementaci\u00f3n de un Programa de Educaci\u00f3n Ambiental y restauraci\u00f3n de ecosistemas riparios cuerpos h\u00eddricos con Centros Educativos y comunidades en la sub Cuenca del R\u00edo Pe\u00f1as Blancas (S. Ram\u00f3n y S. Carlos, Huetar Norte, Costa Rica).<\/a><span class=\"Z3988\" title=\"ctx_ver=Z39.88-2004&amp;rft_val_fmt=info%3Aofi%2Ffmt%3Akev%3Amtx%3Adc&amp;rft_id=Rodr%C3%ADguez-Mateo%2C+Juan+Ram%C3%B3n+%28ed.%29.+Centroam%C3%A9rica.+Agua%2C+cultura+y+territorio.+Actas+del+primer+Congreso+Internacional.+Heredia%2C+Costa+Rica%2C+noviembre+2016.+Sevilla%3A+CEI+Cambio%2C+Universidad+Pablo+de+Olavide%3B+Heredia%3A+Universidad+Nacional+de+Costa+Rica%2C+2017.&amp;rft_id=http%3A%2F%2Fhdl.handle.net%2F10433%2F5453&amp;rfr_id=info%3Asid%2Fdspace.org%3Arepository&amp;\">\u00a0<\/span><br \/>\n<span class=\"Z3988\" title=\"ctx_ver=Z39.88-2004&amp;rft_val_fmt=info%3Aofi%2Ffmt%3Akev%3Amtx%3Adc&amp;rft_id=Rodr%C3%ADguez-Mateo%2C+Juan+Ram%C3%B3n+%28ed.%29.+Centroam%C3%A9rica.+Agua%2C+cultura+y+territorio.+Actas+del+primer+Congreso+Internacional.+Heredia%2C+Costa+Rica%2C+noviembre+2016.+Sevilla%3A+CEI+Cambio%2C+Universidad+Pablo+de+Olavide%3B+Heredia%3A+Universidad+Nacional+de+Costa+Rica%2C+2017.&amp;rft_id=http%3A%2F%2Fhdl.handle.net%2F10433%2F5453&amp;rfr_id=info%3Asid%2Fdspace.org%3Arepository&amp;\"> Elvis\u00a0<\/span>Cornejo Venegas y Jorge Hern\u00e1ndez L\u00f3pez<\/p>\n<p>&#8212;. Imaginarios del agua. Creencias, mitos, arte e historia<\/p>\n<p><a href=\"http:\/\/hdl.handle.net\/10433\/5452\">La arquitectura hidr\u00e1ulica de la ciudad de Guatemala: el sistema que conect\u00f3 la traza y consolid\u00f3 la identidad de la sociedad guatemalteca del siglo XVIII.<\/a><span class=\"Z3988\" title=\"ctx_ver=Z39.88-2004&amp;rft_val_fmt=info%3Aofi%2Ffmt%3Akev%3Amtx%3Adc&amp;rft_id=Rodr%C3%ADguez-Mateo%2C+Juan+Ram%C3%B3n+%28ed.%29.+Centroam%C3%A9rica.+Agua%2C+cultura+y+territorio.+Actas+del+primer+Congreso+Internacional.+Heredia%2C+Costa+Rica%2C+noviembre+2016.+Sevilla%3A+CEI+Cambio%2C+Universidad+Pablo+de+Olavide%3B+Heredia%3A+Universidad+Nacional+de+Costa+Rica%2C+2017.&amp;rft_id=http%3A%2F%2Fhdl.handle.net%2F10433%2F5452&amp;rfr_id=info%3Asid%2Fdspace.org%3Arepository&amp;\">\u00a0\u00a0<\/span><br \/>\nNelly Elizabeth Ram\u00edrez Klee<\/p>\n<p><a href=\"http:\/\/hdl.handle.net\/10433\/5451\">Petrograbados y obras hidr\u00e1ulicas precolombinas en el Caribe de Costa Rica.<\/a><span class=\"Z3988\" title=\"ctx_ver=Z39.88-2004&amp;rft_val_fmt=info%3Aofi%2Ffmt%3Akev%3Amtx%3Adc&amp;rft_id=Rodr%C3%ADguez-Mateo%2C+Juan+Ram%C3%B3n+%28ed.%29.+Centroam%C3%A9rica.+Agua%2C+cultura+y+territorio.+Actas+del+primer+Congreso+Internacional.+Heredia%2C+Costa+Rica%2C+noviembre+2016.+Sevilla%3A+CEI+Cambio%2C+Universidad+Pablo+de+Olavide%3B+Heredia%3A+Universidad+Nacional+de+Costa+Rica%2C+2017.&amp;rft_id=http%3A%2F%2Fhdl.handle.net%2F10433%2F5451&amp;rfr_id=info%3Asid%2Fdspace.org%3Arepository&amp;\">\u00a0<\/span><br \/>\nJeffrey Peytrequ\u00edn G\u00f3mez y Marco Arce Cerdas<\/p>\n<p><a href=\"http:\/\/hdl.handle.net\/10433\/5450\">Representaciones del agua en tres piezas de tumbaga del \u00e1rea precolombina costarricense y su comparat\u00edstica visual.<\/a><span class=\"Z3988\" title=\"ctx_ver=Z39.88-2004&amp;rft_val_fmt=info%3Aofi%2Ffmt%3Akev%3Amtx%3Adc&amp;rft_id=Rodr%C3%ADguez-Mateo%2C+Juan+Ram%C3%B3n+%28ed.%29.+Centroam%C3%A9rica.+Agua%2C+cultura+y+territorio.+Actas+del+primer+Congreso+Internacional.+Heredia%2C+Costa+Rica%2C+noviembre+2016.+Sevilla%3A+CEI+Cambio%2C+Universidad+Pablo+de+Olavide%3B+Heredia%3A+Universidad+Nacional+de+Costa+Rica%2C+2017.&amp;rft_id=http%3A%2F%2Fhdl.handle.net%2F10433%2F5450&amp;rfr_id=info%3Asid%2Fdspace.org%3Arepository&amp;\">\u00a0\u00a0<\/span><br \/>\nHenry O. Vargas Benavides<\/p>\n<p><a href=\"http:\/\/hdl.handle.net\/10433\/5449\">El discurso semi\u00f3tico del agua en Ensayos y Revenar de Max Jim\u00e9nez Huete y la deconstrucci\u00f3n del paisaje costarricense de la primera mitad del siglo XX.<\/a><span class=\"Z3988\" title=\"ctx_ver=Z39.88-2004&amp;rft_val_fmt=info%3Aofi%2Ffmt%3Akev%3Amtx%3Adc&amp;rft_id=Rodr%C3%ADguez-Mateo%2C+Juan+Ram%C3%B3n+%28ed.%29.+Centroam%C3%A9rica.+Agua%2C+cultura+y+territorio.+Actas+del+primer+Congreso+Internacional.+Heredia%2C+Costa+Rica%2C+noviembre+2016.+Sevilla%3A+CEI+Cambio%2C+Universidad+Pablo+de+Olavide%3B+Heredia%3A+Universidad+Nacional+de+Costa+Rica%2C+2017.&amp;rft_id=http%3A%2F%2Fhdl.handle.net%2F10433%2F5449&amp;rfr_id=info%3Asid%2Fdspace.org%3Arepository&amp;\">\u00a0<\/span><br \/>\nDinorah Carballo Jim\u00e9nez<\/p>\n<p><a href=\"http:\/\/hdl.handle.net\/10433\/5448\">La instalaci\u00f3n en la Ant\u00e1rtica y los paisajes del agua de Allan Jeffs.<\/a><span class=\"Z3988\" title=\"ctx_ver=Z39.88-2004&amp;rft_val_fmt=info%3Aofi%2Ffmt%3Akev%3Amtx%3Adc&amp;rft_id=Rodr%C3%ADguez-Mateo%2C+Juan+Ram%C3%B3n+%28ed.%29.+Centroam%C3%A9rica.+Agua%2C+cultura+y+territorio.+Actas+del+primer+Congreso+Internacional.+Heredia%2C+Costa+Rica%2C+noviembre+2016.+Sevilla%3A+CEI+Cambio%2C+Universidad+Pablo+de+Olavide%3B+Heredia%3A+Universidad+Nacional+de+Costa+Rica%2C+2017.&amp;rft_id=http%3A%2F%2Fhdl.handle.net%2F10433%2F5448&amp;rfr_id=info%3Asid%2Fdspace.org%3Arepository&amp;\">\u00a0\u00a0Ingrid Mar\u00eda\u00a0<\/span>Jim\u00e9nez Mart\u00ednez<\/p>\n<p style=\"text-align: right;\"><em>Libro completo<\/em><\/p>\n<p>Rodr\u00edguez &#8211; Mateo, Juan Ram\u00f3n\u00a0(ed.). <a href=\"http:\/\/hdl.handle.net\/10433\/5504\">Centroam\u00e9rica. Agua, cultura y patrimonio. Actas del primer Congreso Internacional Heredia, Costa Rica, noviembre 2016.<\/a>\u00a0Sevilla, CEI Cambio, Universidad Nacional de Costa Rica, \u00a0Universidad Pablo de Olavide, 2017.<\/p>\n","protected":false},"excerpt":{"rendered":"<p>Centroam\u00e9rica, patrimonio cultural y natural.\u00a0\u00a0 Javier Escalera Reyes Agua, cultura y territorio.\u00a0\u00a0 Daniel Rueda Araya Centroam\u00e9rica, de agua y fuego.[&#8230;]<\/p>\n","protected":false},"author":1,"featured_media":0,"parent":46,"menu_order":5,"comment_status":"closed","ping_status":"closed","template":"template-fullwidth.php","meta":{"footnotes":""},"_links":{"self":[{"href":"https:\/\/www.upo.es\/investiga\/enredars\/index.php?rest_route=\/wp\/v2\/pages\/491"}],"collection":[{"href":"https:\/\/www.upo.es\/investiga\/enredars\/index.php?rest_route=\/wp\/v2\/pages"}],"about":[{"href":"https:\/\/www.upo.es\/investiga\/enredars\/index.php?rest_route=\/wp\/v2\/types\/page"}],"author":[{"embeddable":true,"href":"https:\/\/www.upo.es\/investiga\/enredars\/index.php?rest_route=\/wp\/v2\/users\/1"}],"replies":[{"embeddable":true,"href":"https:\/\/www.upo.es\/investiga\/enredars\/index.php?rest_route=%2Fwp%2Fv2%2Fcomments&post=491"}],"version-history":[{"count":9,"href":"https:\/\/www.upo.es\/investiga\/enredars\/index.php?rest_route=\/wp\/v2\/pages\/491\/revisions"}],"predecessor-version":[{"id":2761,"href":"https:\/\/www.upo.es\/investiga\/enredars\/index.php?rest_route=\/wp\/v2\/pages\/491\/revisions\/2761"}],"up":[{"embeddable":true,"href":"https:\/\/www.upo.es\/investiga\/enredars\/index.php?rest_route=\/wp\/v2\/pages\/46"}],"wp:attachment":[{"href":"https:\/\/www.upo.es\/investiga\/enredars\/index.php?rest_route=%2Fwp%2Fv2%2Fmedia&parent=491"}],"curies":[{"name":"wp","href":"https:\/\/api.w.org\/{rel}","templated":true}]}}