{"id":609,"date":"2018-07-02T19:37:07","date_gmt":"2018-07-02T19:37:07","guid":{"rendered":"https:\/\/www.upo.es\/investiga\/enredars\/?page_id=609"},"modified":"2023-12-30T15:36:45","modified_gmt":"2023-12-30T14:36:45","slug":"arquitectura-vernacula-iberoamericana","status":"publish","type":"page","link":"https:\/\/www.upo.es\/investiga\/enredars\/?page_id=609","title":{"rendered":"Red AVI vol. I. Arquitectura vern\u00e1cula iberoamericana"},"content":{"rendered":"<p><a href=\"http:\/\/hdl.handle.net\/10433\/5658\">Pr\u00f3logo<\/a><span class=\"Z3988\" title=\"ctx_ver=Z39.88-2004&amp;rft_val_fmt=info%3Aofi%2Ffmt%3Akev%3Amtx%3Adc&amp;rft_id=978-84-695-7456-0&amp;rft_id=http%3A%2F%2Fhdl.handle.net%2F10433%2F5658&amp;rfr_id=info%3Asid%2Fdspace.org%3Arepository&amp;\"><br \/>\n<\/span>Fernando Quiles Garc\u00eda\u00a0(Universidad Pablo de Olavide, Sevilla, Espa\u00f1a)<\/p>\n<p><a href=\"http:\/\/hdl.handle.net\/10433\/5657\">Actualidad de la arquitectura vern\u00e1cula.<\/a><span class=\"Z3988\" title=\"ctx_ver=Z39.88-2004&amp;rft_val_fmt=info%3Aofi%2Ffmt%3Akev%3Amtx%3Adc&amp;rft_id=978-84-695-7456-0&amp;rft_id=http%3A%2F%2Fhdl.handle.net%2F10433%2F5657&amp;rfr_id=info%3Asid%2Fdspace.org%3Arepository&amp;\">\u00a0\u00a0<\/span><br \/>\nGraciela Mar\u00eda Vi\u00f1uales (CONICET, CEDODAL, Buenos Aires, Argentina)<\/p>\n<p><a href=\"http:\/\/hdl.handle.net\/10433\/5656\">Vivienda vern\u00e1cula en Tlaxcala, M\u00e9xico.<\/a><span class=\"Z3988\" title=\"ctx_ver=Z39.88-2004&amp;rft_val_fmt=info%3Aofi%2Ffmt%3Akev%3Amtx%3Adc&amp;rft_id=978-84-695-7456-0&amp;rft_id=http%3A%2F%2Fhdl.handle.net%2F10433%2F5656&amp;rfr_id=info%3Asid%2Fdspace.org%3Arepository&amp;\"><br \/>\nLuis Guerrero (<\/span>Universidad Aut\u00f3noma Metropolitana-Xochimilco, M\u00e9xico)<\/p>\n<p><a href=\"http:\/\/hdl.handle.net\/10433\/5655\">Arquitectura de bahareque en el centro occidente de Colombia.<\/a><span class=\"Z3988\" title=\"ctx_ver=Z39.88-2004&amp;rft_val_fmt=info%3Aofi%2Ffmt%3Akev%3Amtx%3Adc&amp;rft_id=978-84-695-7456-0&amp;rft_id=http%3A%2F%2Fhdl.handle.net%2F10433%2F5655&amp;rfr_id=info%3Asid%2Fdspace.org%3Arepository&amp;\">\u00a0\u00a0<\/span><br \/>\nJorge Enrique Osorio Vel\u00e1squez (Universidad Cat\u00f3lica de Pereira, Colombia)<\/p>\n<p><a href=\"http:\/\/hdl.handle.net\/10433\/5654\">El bahareque en el Zulia, Venezuela.<\/a><span class=\"Z3988\" title=\"ctx_ver=Z39.88-2004&amp;rft_val_fmt=info%3Aofi%2Ffmt%3Akev%3Amtx%3Adc&amp;rft_id=978-84-695-7456-0&amp;rft_id=http%3A%2F%2Fhdl.handle.net%2F10433%2F5654&amp;rfr_id=info%3Asid%2Fdspace.org%3Arepository&amp;\"><br \/>\nAndrea Mara Henneberg de Le\u00f3n (<\/span>Universidad del Zulia, Venezuela)<\/p>\n<p><a href=\"http:\/\/hdl.handle.net\/10433\/5653\">Arquitectura popular y ritos de construcci\u00f3n en el altiplano peruano.<\/a><span class=\"Z3988\" title=\"ctx_ver=Z39.88-2004&amp;rft_val_fmt=info%3Aofi%2Ffmt%3Akev%3Amtx%3Adc&amp;rft_id=978-84-695-7456-0&amp;rft_id=http%3A%2F%2Fhdl.handle.net%2F10433%2F5653&amp;rfr_id=info%3Asid%2Fdspace.org%3Arepository&amp;\">\u00a0\u00a0<\/span><br \/>\nRam\u00f3n Guti\u00e9rrez (CONICET, CEDODAL, Buenos Aires, Argentina)<\/p>\n<p><a href=\"http:\/\/hdl.handle.net\/10433\/5652\">Arquitecturas dom\u00e9sticas vern\u00e1culas entre los pastores altoandinos.<\/a><span class=\"Z3988\" title=\"ctx_ver=Z39.88-2004&amp;rft_val_fmt=info%3Aofi%2Ffmt%3Akev%3Amtx%3Adc&amp;rft_id=978-84-695-7456-0&amp;rft_id=http%3A%2F%2Fhdl.handle.net%2F10433%2F5652&amp;rfr_id=info%3Asid%2Fdspace.org%3Arepository&amp;\">\u00a0\u00a0<\/span><br \/>\nJorge Tomasi (CONICET. Instituto Interdisciplinario Tilcara, FFyL-UBA, Argentina)<\/p>\n<p><a href=\"http:\/\/hdl.handle.net\/10433\/5651\">Arquitecturas tradicionales en el Paraguay.<\/a><span class=\"Z3988\" title=\"ctx_ver=Z39.88-2004&amp;rft_val_fmt=info%3Aofi%2Ffmt%3Akev%3Amtx%3Adc&amp;rft_id=978-84-695-7456-0&amp;rft_id=http%3A%2F%2Fhdl.handle.net%2F10433%2F5651&amp;rfr_id=info%3Asid%2Fdspace.org%3Arepository&amp;\">\u00a0\u00a0<\/span><br \/>\nSilvio R\u00edos Cabrera (CEDES\/Habitat, Paraguay)<\/p>\n<p><a href=\"http:\/\/hdl.handle.net\/10433\/5650\">T\u00e9cnicas construtivas vernaculares no Brasil.<\/a><span class=\"Z3988\" title=\"ctx_ver=Z39.88-2004&amp;rft_val_fmt=info%3Aofi%2Ffmt%3Akev%3Amtx%3Adc&amp;rft_id=978-84-695-7456-0&amp;rft_id=http%3A%2F%2Fhdl.handle.net%2F10433%2F5650&amp;rfr_id=info%3Asid%2Fdspace.org%3Arepository&amp;\">\u00a0\u00a0<\/span><br \/>\nMarco Ant\u00f4nio Penido de Rezende (Escola de Arquitetura da Universidade Federal de Minas Gerais, Brasil),\u00a0Wilsa Gomes Reis Lopes (Universidade Federal do Piau\u00ed, Brasil), Ricardo Marinho de Carvalho y Jaqueline Vale.<\/p>\n<p><a href=\"http:\/\/hdl.handle.net\/10433\/5649\">Arquitectura vern\u00e1cula argentina.<\/a><span class=\"Z3988\" title=\"ctx_ver=Z39.88-2004&amp;rft_val_fmt=info%3Aofi%2Ffmt%3Akev%3Amtx%3Adc&amp;rft_id=978-84-695-7456-0&amp;rft_id=http%3A%2F%2Fhdl.handle.net%2F10433%2F5649&amp;rfr_id=info%3Asid%2Fdspace.org%3Arepository&amp;\">\u00a0\u00a0<\/span><br \/>\nCarlos Moreno (Comisi\u00f3n Nacional de Monumentos, Argentina)<\/p>\n<p><a href=\"http:\/\/hdl.handle.net\/10433\/5648\">Construcciones en Chilo\u00e9, sur de Chile.<\/a><span class=\"Z3988\" title=\"ctx_ver=Z39.88-2004&amp;rft_val_fmt=info%3Aofi%2Ffmt%3Akev%3Amtx%3Adc&amp;rft_id=978-84-695-7456-0&amp;rft_id=http%3A%2F%2Fhdl.handle.net%2F10433%2F5648&amp;rfr_id=info%3Asid%2Fdspace.org%3Arepository&amp;\">\u00a0\u00a0<\/span><br \/>\nLorenzo Berg Costa (Universidad de Chile)\u00a0y Edward Rojas Vega (Universidad de Los Lagos, Chile)<\/p>\n<p><a href=\"http:\/\/hdl.handle.net\/10433\/5647\">Arquitectura popular de Castilla, Espa\u00f1a.<\/a><span class=\"Z3988\" title=\"ctx_ver=Z39.88-2004&amp;rft_val_fmt=info%3Aofi%2Ffmt%3Akev%3Amtx%3Adc&amp;rft_id=978-84-695-7456-0&amp;rft_id=http%3A%2F%2Fhdl.handle.net%2F10433%2F5647&amp;rfr_id=info%3Asid%2Fdspace.org%3Arepository&amp;\">\u00a0\u00a0<\/span><br \/>\nJuana Font Arellano (Fundaci\u00f3n Antonio Font de Bedoya, Espa\u00f1a)<\/p>\n<p><a href=\"http:\/\/hdl.handle.net\/10433\/5646\">F\u00e1bricas de tapia en la ciudad hist\u00f3rica de Niebla.<\/a><br \/>\nJacinto Canivell Garc\u00eda de Paredes y Ana Mar\u00eda Gonz\u00e1lez Serrano (Universidad de Sevilla, Espa\u00f1a)<\/p>\n<p><a href=\"http:\/\/hdl.handle.net\/10433\/5645\">Bases de datos, catalogaci\u00f3n y redes sociales para la difusi\u00f3n del patrimonio iberoamericano.<br \/>\n<\/a>Mar\u00eda de los \u00c1ngeles Fern\u00e1ndez Valle (Universidad Pablo de Olavide, Sevilla, Espa\u00f1a)<\/p>\n<p><em>Publicaci\u00f3n<\/em><\/p>\n<div class=\"artifact-description\">\n<p>Vi\u00f1uales, Graciela Mar\u00eda (ed.). <a href=\"http:\/\/hdl.handle.net\/10433\/5659\">Arquitectura vern\u00e1cula iberoamericana.<\/a> Sevilla,\u00a0Red AVI. Arquitectura vern\u00e1cula iberoamericana, 2013.<\/p>\n<\/div>\n","protected":false},"excerpt":{"rendered":"<p>Pr\u00f3logo Fernando Quiles Garc\u00eda\u00a0(Universidad Pablo de Olavide, Sevilla, Espa\u00f1a) Actualidad de la arquitectura vern\u00e1cula.\u00a0\u00a0 Graciela Mar\u00eda Vi\u00f1uales (CONICET, CEDODAL, Buenos[&#8230;]<\/p>\n","protected":false},"author":1,"featured_media":0,"parent":43,"menu_order":1,"comment_status":"closed","ping_status":"closed","template":"template-fullwidth.php","meta":{"footnotes":""},"_links":{"self":[{"href":"https:\/\/www.upo.es\/investiga\/enredars\/index.php?rest_route=\/wp\/v2\/pages\/609"}],"collection":[{"href":"https:\/\/www.upo.es\/investiga\/enredars\/index.php?rest_route=\/wp\/v2\/pages"}],"about":[{"href":"https:\/\/www.upo.es\/investiga\/enredars\/index.php?rest_route=\/wp\/v2\/types\/page"}],"author":[{"embeddable":true,"href":"https:\/\/www.upo.es\/investiga\/enredars\/index.php?rest_route=\/wp\/v2\/users\/1"}],"replies":[{"embeddable":true,"href":"https:\/\/www.upo.es\/investiga\/enredars\/index.php?rest_route=%2Fwp%2Fv2%2Fcomments&post=609"}],"version-history":[{"count":11,"href":"https:\/\/www.upo.es\/investiga\/enredars\/index.php?rest_route=\/wp\/v2\/pages\/609\/revisions"}],"predecessor-version":[{"id":2706,"href":"https:\/\/www.upo.es\/investiga\/enredars\/index.php?rest_route=\/wp\/v2\/pages\/609\/revisions\/2706"}],"up":[{"embeddable":true,"href":"https:\/\/www.upo.es\/investiga\/enredars\/index.php?rest_route=\/wp\/v2\/pages\/43"}],"wp:attachment":[{"href":"https:\/\/www.upo.es\/investiga\/enredars\/index.php?rest_route=%2Fwp%2Fv2%2Fmedia&parent=609"}],"curies":[{"name":"wp","href":"https:\/\/api.w.org\/{rel}","templated":true}]}}