{"id":749,"date":"2018-11-30T09:38:31","date_gmt":"2018-11-30T09:38:31","guid":{"rendered":"https:\/\/www.upo.es\/investiga\/enredars\/?page_id=749"},"modified":"2024-11-08T12:05:19","modified_gmt":"2024-11-08T11:05:19","slug":"otras-noticias","status":"publish","type":"page","link":"https:\/\/www.upo.es\/investiga\/enredars\/?page_id=749","title":{"rendered":"Noticias de prensa"},"content":{"rendered":"<p>(14-11-2020 &#8211; La Tribuna de Toledo) <a href=\"https:\/\/www.latribunadetoledo.es\/Noticia\/ZA1FF9536-01BB-E62B-0C53FAFEE7F03BD4\/202011\/Proyecto-Catedrales-una-mirada-a-la-Primada-en-el-Barroco\">Proyecto &#8216;Catedrales&#8217;: una mirada a la Primada en el Barroco<\/a><\/p>\n<p>(30-09-2020 &#8211; DUPO &#8211; Diario de la Universidad Pablo de Olavide) <a href=\"https:\/\/www.upo.es\/diario\/docencia-formacion\/2020\/09\/universo-barroco-iberoamericano-enredars-dos-nuevas-obras\/\">La colecci\u00f3n Universo Barroco Iberoamericano de \u2018Enredars\u2019 suma dos nuevas obras<\/a><\/p>\n<p class=\"story-leaf-title col-xs-12 col-md-10\">(23\/07\/2019 &#8211; La Vanguardia) <a href=\"https:\/\/www.lavanguardia.com\/local\/sevilla\/20190723\/463674126664\/un-proyecto-cultural-de-la-upo-presenta-el-quinto-volumen-de-la-coleccion-universo-barroco-iberoamericano.html\">Un proyecto cultural de la UPO presenta el quinto volumen de la colecci\u00f3n &#8216;Universo Barroco Iberoamericano&#8217;<\/a><\/p>\n<p class=\"titular\">(23\/07\/2019 &#8211; europapress)<a href=\"https:\/\/www.europapress.es\/andalucia\/sevilla-00357\/noticia-proyecto-cultural-upo-sevilla-presenta-quinto-volumen-coleccion-universo-barroco-iberoamericano-20190723152559.html\"> Un proyecto cultural de la UPO de Sevilla presenta el quinto volumen de la colecci\u00f3n &#8216;Universo Barroco Iberoamericano&#8217;<\/a><\/p>\n<p>(23\/07\/2019 &#8211; DUPO &#8211; Diario de la Universidad Pablo de Olavide)\u00a0<a href=\"https:\/\/www.upo.es\/investiga\/enredars\/?page_id=1149\">Presentaci\u00f3n del quinto volumen de la colecci\u00f3n \u2018Universo Barroco Iberoamericano\u2019.<\/a><\/p>\n<p>(22\/01\/2019 &#8211; elPeri\u00f3dico &#8211; Extremadura)\u00a0<a href=\"https:\/\/www.elperiodicoextremadura.com\/noticias\/provinciacaceres\/medio-centenar-investigadores-analiza-barroco-iberoamericano_1139551.html\">Medio centenar de investigadores analiza el barroco iberoamericano.<\/a><\/p>\n<p>(11\/12\/2018 &#8211; Reporteros Asociados del Mundo)<a href=\"https:\/\/www.reporterosasociados.com.co\/2018\/12\/colombiana-lanzara-en-espana-libro-sobre-historia-de-arte-femenino-colombiano\/?fbclid=IwAR3BXxl1iQfnZ-tJaXrOQRNvcwZpq0LP_bUBXqoev8MOJ-uCkFB8ehv_OtI\"> Sandra Patricia Bautista Santos lanzar\u00e1 este 12 de diciembre en la Universidad de Santiago de Compostela Espa\u00f1a el libro \u201c!Hey chicas\u00a1 \u00bfD\u00f3nde est\u00e1n? Po\u00e9ticas de acci\u00f3n y reacci\u00f3n del g\u00e9nero femenino en el arte Colombiano desde 1980<\/a>.<\/p>\n<p>(29\/07\/2018 &#8211; Pressenza. International Press Agency)\u00a0<a href=\"https:\/\/www.pressenza.com\/es\/2018\/07\/la-moda-si-incomoda-como-detener-el-plagio-de-marcas-como-zara-y-rapsodia-a-los-pueblos-indigenas\/\">La moda s\u00ed incomoda: C\u00f3mo detener el plagio de marcas como Zara y Rapsodia a los pueblos ind\u00edgenas.<\/a><\/p>\n<p>(11\/11\/2015 &#8211; 20minutos)\u00a0<a href=\"https:\/\/www.20minutos.es\/noticia\/2602369\/0\/biblioteca-upo-acoge-muestra-violencia-manifiesta-con-fotos-artistas-mexicanos-colombianos\/\">La Biblioteca de la UPO acoge la muestra &#8216;Violencia manifiesta&#8217;, con fotos de artistas mexicanos y colombianos.<\/a><\/p>\n<p>(11\/11\/2015 &#8211; La Vanguardia | Andaluc\u00eda)\u00a0<a href=\"https:\/\/www.lavanguardia.com\/local\/sevilla\/20151111\/54438780040\/la-biblioteca-de-la-upo-acoge-la-muestra-violencia-manifiesta-con-fotos-de-artistas-mexicanos-y.html?utm_campaign=botones_sociales\">La Biblioteca de la UPO acoge la muestra &#8216;Violencia manifiesta&#8217;, con fotos de artistas mexicanos y colombianos.<\/a><\/p>\n<p>(30\/11\/2014 &#8211; Revista \u00abEl Universo\u00bb, Ecuador) <a href=\"http:\/\/www.larevista.ec\/viajes\/viajemos\/rutas-del-barroco-vivo\">Rutas del Barroco Vivo.<\/a><\/p>\n<p>(24\/11\/2014 &#8211; Tribuna libre. La voz de Carmona)\u00a0<a href=\"http:\/\/opinioncarmona.blogspot.com\/2014\/11\/centralidades-historicas-la-necesidad.html\">Paola Bagnera: \u00abRecuperar los centros hist\u00f3ricos implica asegurar su habitabilidad y vitalidad\u00bb.<\/a><\/p>\n<p>(19\/02\/2014 &#8211; europapress)<a href=\"https:\/\/www.europapress.es\/andalucia\/sevilla-00357\/noticia-casa-provincia-upo-colaboran-iv-seminario-gestion-patrimonio-cultural-local-20140219171557.html\">\u00a0Casa de la Provincia y UPO colaboran en el IV Seminario de Gesti\u00f3n del Patrimonio Cultural Local<\/a>.<\/p>\n<p>(09\/06\/2013 &#8211; eldiario.es)<a href=\"https:\/\/www.eldiario.es\/politica\/antigua-arquitectura-popular-iberoamericana-universidades_0_141386004.html\"> La antigua arquitectura popular llega a las universidades. Red AVI<\/a>.<\/p>\n<p>(20\/05\/2013 &#8211; Gente digital)\u00a0<a href=\"http:\/\/www.gentedigital.es\/sevilla\/noticia\/1132509\/casa-de-provincia-presenta-el-portal-de-patrimonio-andaluz-y-el-libro-arquitectura-vernacula-iberoamericana\/\">Casa de Provincia presenta el portal de patrimonio andaluz y el libro &#8216;Arquitectura Vern\u00e1cula Iberoamericana&#8217;.<\/a><\/p>\n<p>(17\/04\/2012 &#8211; La Vanguardia)\u00a0<a href=\"https:\/\/www.lavanguardia.com\/20120417\/54284878994\/las-universidades-pablo-de-olavide-jaume-i-y-santiago-crean-el-centro-de-estudiso-de-barroco.html\">Las Universidades Pablo de Olavide, Jaume I y Santiago crean el Centro de Estudiso de Barroco Iberoamericano.<\/a><\/p>\n<p>(24\/10\/2005 &#8211; El Pa\u00eds)\u00a0<a href=\"https:\/\/elpais.com\/diario\/2005\/10\/24\/andalucia\/1130106149_850215.html\">Expertos debaten sobre arquitectura vern\u00e1cula en Carmona.<\/a><\/p>\n<h3><\/h3>\n","protected":false},"excerpt":{"rendered":"<p>(14-11-2020 &#8211; La Tribuna de Toledo) Proyecto &#8216;Catedrales&#8217;: una mirada a la Primada en el Barroco (30-09-2020 &#8211; DUPO &#8211;[&#8230;]<\/p>\n","protected":false},"author":1,"featured_media":0,"parent":710,"menu_order":3,"comment_status":"closed","ping_status":"closed","template":"template-fullwidth.php","meta":{"footnotes":""},"_links":{"self":[{"href":"https:\/\/www.upo.es\/investiga\/enredars\/index.php?rest_route=\/wp\/v2\/pages\/749"}],"collection":[{"href":"https:\/\/www.upo.es\/investiga\/enredars\/index.php?rest_route=\/wp\/v2\/pages"}],"about":[{"href":"https:\/\/www.upo.es\/investiga\/enredars\/index.php?rest_route=\/wp\/v2\/types\/page"}],"author":[{"embeddable":true,"href":"https:\/\/www.upo.es\/investiga\/enredars\/index.php?rest_route=\/wp\/v2\/users\/1"}],"replies":[{"embeddable":true,"href":"https:\/\/www.upo.es\/investiga\/enredars\/index.php?rest_route=%2Fwp%2Fv2%2Fcomments&post=749"}],"version-history":[{"count":29,"href":"https:\/\/www.upo.es\/investiga\/enredars\/index.php?rest_route=\/wp\/v2\/pages\/749\/revisions"}],"predecessor-version":[{"id":2913,"href":"https:\/\/www.upo.es\/investiga\/enredars\/index.php?rest_route=\/wp\/v2\/pages\/749\/revisions\/2913"}],"up":[{"embeddable":true,"href":"https:\/\/www.upo.es\/investiga\/enredars\/index.php?rest_route=\/wp\/v2\/pages\/710"}],"wp:attachment":[{"href":"https:\/\/www.upo.es\/investiga\/enredars\/index.php?rest_route=%2Fwp%2Fv2%2Fmedia&parent=749"}],"curies":[{"name":"wp","href":"https:\/\/api.w.org\/{rel}","templated":true}]}}