{"id":924,"date":"2019-01-11T08:37:07","date_gmt":"2019-01-11T08:37:07","guid":{"rendered":"https:\/\/www.upo.es\/investiga\/enredars\/?page_id=924"},"modified":"2023-12-30T15:33:08","modified_gmt":"2023-12-30T14:33:08","slug":"exposicion-cuerpos-simbolicos-antagonias-y-significados-reflexion-en-torno-al-cuerpo-de-cinco-mujeres-emergentes-en-el-oriente-colombiano","status":"publish","type":"page","link":"https:\/\/www.upo.es\/investiga\/enredars\/?page_id=924","title":{"rendered":"Exposici\u00f3n \u00abCuerpos simb\u00f3licos, antagon\u00edas y significados. Reflexi\u00f3n en torno al cuerpo de cinco mujeres emergentes en el oriente colombiano.\u00bb"},"content":{"rendered":"<p class=\"page-header first-page-header\" style=\"text-align: center;\"><a href=\"https:\/\/rio.upo.es\/xmlui\/handle\/10433\/5879\"><img loading=\"lazy\" decoding=\"async\" class=\"alignnone wp-image-927\" src=\"https:\/\/www.upo.es\/investiga\/enredars\/wp-content\/uploads\/2017\/04\/portada-1.jpg\" alt=\"\" width=\"245\" height=\"326\" srcset=\"https:\/\/www.upo.es\/investiga\/enredars\/wp-content\/uploads\/2017\/04\/portada-1.jpg 250w, https:\/\/www.upo.es\/investiga\/enredars\/wp-content\/uploads\/2017\/04\/portada-1-225x300.jpg 225w\" sizes=\"(max-width: 245px) 100vw, 245px\" \/><\/a><\/p>\n<p class=\"page-header first-page-header\">Bautista Santos, Sandra Patricia;\u00a0Jaimes, Jessica;\u00a0Quintero, Leilani;\u00a0Mora, Angie;\u00a0Rodr\u00edguez, Nataly; [et al.] <em><a href=\"http:\/\/hdl.handle.net\/10433\/5879\">Cuerpos simb\u00f3licos, antagon\u00edas y significados. Reflexi\u00f3n en torno al cuerpo de cinco mujeres emergentes en el oriente colombiano.<\/a>\u00a0<\/em>Sevilla,\u00a02018.<\/p>\n","protected":false},"excerpt":{"rendered":"<p>Bautista Santos, Sandra Patricia;\u00a0Jaimes, Jessica;\u00a0Quintero, Leilani;\u00a0Mora, Angie;\u00a0Rodr\u00edguez, Nataly; [et al.] Cuerpos simb\u00f3licos, antagon\u00edas y significados. Reflexi\u00f3n en torno al cuerpo[&#8230;]<\/p>\n","protected":false},"author":1,"featured_media":0,"parent":300,"menu_order":3,"comment_status":"closed","ping_status":"closed","template":"template-fullwidth.php","meta":{"footnotes":""},"_links":{"self":[{"href":"https:\/\/www.upo.es\/investiga\/enredars\/index.php?rest_route=\/wp\/v2\/pages\/924"}],"collection":[{"href":"https:\/\/www.upo.es\/investiga\/enredars\/index.php?rest_route=\/wp\/v2\/pages"}],"about":[{"href":"https:\/\/www.upo.es\/investiga\/enredars\/index.php?rest_route=\/wp\/v2\/types\/page"}],"author":[{"embeddable":true,"href":"https:\/\/www.upo.es\/investiga\/enredars\/index.php?rest_route=\/wp\/v2\/users\/1"}],"replies":[{"embeddable":true,"href":"https:\/\/www.upo.es\/investiga\/enredars\/index.php?rest_route=%2Fwp%2Fv2%2Fcomments&post=924"}],"version-history":[{"count":7,"href":"https:\/\/www.upo.es\/investiga\/enredars\/index.php?rest_route=\/wp\/v2\/pages\/924\/revisions"}],"predecessor-version":[{"id":2703,"href":"https:\/\/www.upo.es\/investiga\/enredars\/index.php?rest_route=\/wp\/v2\/pages\/924\/revisions\/2703"}],"up":[{"embeddable":true,"href":"https:\/\/www.upo.es\/investiga\/enredars\/index.php?rest_route=\/wp\/v2\/pages\/300"}],"wp:attachment":[{"href":"https:\/\/www.upo.es\/investiga\/enredars\/index.php?rest_route=%2Fwp%2Fv2%2Fmedia&parent=924"}],"curies":[{"name":"wp","href":"https:\/\/api.w.org\/{rel}","templated":true}]}}