{"id":15,"date":"2024-04-16T10:58:29","date_gmt":"2024-04-16T08:58:29","guid":{"rendered":"https:\/\/www.upo.es\/investiga\/frihousing\/?page_id=15"},"modified":"2024-05-14T12:16:52","modified_gmt":"2024-05-14T10:16:52","slug":"proyectos","status":"publish","type":"page","link":"https:\/\/www.upo.es\/investiga\/frihousing\/proyectos\/","title":{"rendered":"Proyectos"},"content":{"rendered":"\t\t<div data-elementor-type=\"wp-page\" data-elementor-id=\"15\" class=\"elementor elementor-15\" data-elementor-post-type=\"page\">\n\t\t\t\t<div class=\"elementor-element elementor-element-85b0cfb e-con-full e-flex e-con e-parent\" data-id=\"85b0cfb\" data-element_type=\"container\" data-settings=\"{&quot;background_background&quot;:&quot;classic&quot;}\">\n\t\t\t\t<div class=\"elementor-element elementor-element-e5d4839 elementor-widget elementor-widget-image\" data-id=\"e5d4839\" data-element_type=\"widget\" data-widget_type=\"image.default\">\n\t\t\t\t<div class=\"elementor-widget-container\">\n\t\t\t<style>\/*! elementor - v3.21.0 - 25-04-2024 *\/\n.elementor-widget-image{text-align:center}.elementor-widget-image a{display:inline-block}.elementor-widget-image a img[src$=\".svg\"]{width:48px}.elementor-widget-image img{vertical-align:middle;display:inline-block}<\/style>\t\t\t\t\t\t\t\t\t\t<img fetchpriority=\"high\" decoding=\"async\" width=\"1800\" height=\"874\" src=\"https:\/\/www.upo.es\/investiga\/frihousing\/wp-content\/uploads\/2024\/04\/proyectos-frihousing.png\" class=\"attachment-full size-full wp-image-500\" alt=\"\" srcset=\"https:\/\/www.upo.es\/investiga\/frihousing\/wp-content\/uploads\/2024\/04\/proyectos-frihousing.png 1800w, https:\/\/www.upo.es\/investiga\/frihousing\/wp-content\/uploads\/2024\/04\/proyectos-frihousing-300x146.png 300w, https:\/\/www.upo.es\/investiga\/frihousing\/wp-content\/uploads\/2024\/04\/proyectos-frihousing-1024x497.png 1024w, https:\/\/www.upo.es\/investiga\/frihousing\/wp-content\/uploads\/2024\/04\/proyectos-frihousing-768x373.png 768w, https:\/\/www.upo.es\/investiga\/frihousing\/wp-content\/uploads\/2024\/04\/proyectos-frihousing-1536x746.png 1536w\" sizes=\"(max-width: 1800px) 100vw, 1800px\" \/>\t\t\t\t\t\t\t\t\t\t\t\t\t<\/div>\n\t\t\t\t<\/div>\n\t\t\t\t<\/div>\n\t\t<div class=\"elementor-element elementor-element-18f3331 e-flex e-con-boxed e-con e-parent\" data-id=\"18f3331\" data-element_type=\"container\">\n\t\t\t\t\t<div class=\"e-con-inner\">\n\t\t\t\t<div class=\"elementor-element elementor-element-7820885 elementor-widget elementor-widget-heading\" data-id=\"7820885\" data-element_type=\"widget\" data-widget_type=\"heading.default\">\n\t\t\t\t<div class=\"elementor-widget-container\">\n\t\t\t<style>\/*! elementor - v3.21.0 - 25-04-2024 *\/\n.elementor-heading-title{padding:0;margin:0;line-height:1}.elementor-widget-heading .elementor-heading-title[class*=elementor-size-]>a{color:inherit;font-size:inherit;line-height:inherit}.elementor-widget-heading .elementor-heading-title.elementor-size-small{font-size:15px}.elementor-widget-heading .elementor-heading-title.elementor-size-medium{font-size:19px}.elementor-widget-heading .elementor-heading-title.elementor-size-large{font-size:29px}.elementor-widget-heading .elementor-heading-title.elementor-size-xl{font-size:39px}.elementor-widget-heading .elementor-heading-title.elementor-size-xxl{font-size:59px}<\/style><h1 class=\"elementor-heading-title elementor-size-default\">Nuestros proyectos<\/h1>\t\t<\/div>\n\t\t\t\t<\/div>\n\t\t\t\t<div class=\"elementor-element elementor-element-14422fd elementor-widget elementor-widget-text-editor\" data-id=\"14422fd\" data-element_type=\"widget\" data-widget_type=\"text-editor.default\">\n\t\t\t\t<div class=\"elementor-widget-container\">\n\t\t\t<style>\/*! elementor - v3.21.0 - 25-04-2024 *\/\n.elementor-widget-text-editor.elementor-drop-cap-view-stacked .elementor-drop-cap{background-color:#69727d;color:#fff}.elementor-widget-text-editor.elementor-drop-cap-view-framed .elementor-drop-cap{color:#69727d;border:3px solid;background-color:transparent}.elementor-widget-text-editor:not(.elementor-drop-cap-view-default) .elementor-drop-cap{margin-top:8px}.elementor-widget-text-editor:not(.elementor-drop-cap-view-default) .elementor-drop-cap-letter{width:1em;height:1em}.elementor-widget-text-editor .elementor-drop-cap{float:left;text-align:center;line-height:1;font-size:50px}.elementor-widget-text-editor .elementor-drop-cap-letter{display:inline-block}<\/style>\t\t\t\t<p>Disponer de <span style=\"color: #414a80;\">entornos y viviendas amables<\/span>&nbsp;para personas con discapacidad intelectual es un <span style=\"color: #414a80;\">reto profesional y personal que&nbsp; abordamos con pasi\u00f3n. Nuestro equipo multidisciplinar, comprometido activamente con proyectos vinculados a estas \u00e1reas, ha desarrollado&nbsp;<\/span><span style=\"color: #414a80; font-family: var( --e-global-typography-text-font-family ), Sans-serif; font-weight: var( --e-global-typography-text-font-weight ); font-size: 1rem;\">numerosos proyectos y art\u00edculos que promueven la inclusi\u00f3n y la participaci\u00f3n plena de las personas con discapacidad intelectual en la sociedad como el acceso al empleo, la educaci\u00f3n y los servicios necesarios para un desarrollo inclusivo de las personas con discapacidad intelectual.<\/span><\/p>\n<p><span style=\"color: #414a80;\">En nuestro compromiso por compartir y trasferir conocimiento, ponemos a disposici\u00f3n de la comunidad no solo nuestros proyectos y experiencias, sino tambi\u00e9n una amplia gama de art\u00edculos cient\u00edficos que reflejan nuestro compromiso, aprendizaje y buenas pr\u00e1cticas en estos campos.&nbsp;<\/span><\/p>\t\t\t\t\t\t<\/div>\n\t\t\t\t<\/div>\n\t\t\t\t<div class=\"elementor-element elementor-element-f8b69f3 elementor-grid-3 elementor-grid-tablet-2 elementor-grid-mobile-1 elementor-posts--thumbnail-top load-more-align-center elementor-widget elementor-widget-posts\" data-id=\"f8b69f3\" data-element_type=\"widget\" data-settings=\"{&quot;pagination_type&quot;:&quot;load_more_on_click&quot;,&quot;classic_columns&quot;:&quot;3&quot;,&quot;classic_columns_tablet&quot;:&quot;2&quot;,&quot;classic_columns_mobile&quot;:&quot;1&quot;,&quot;classic_row_gap&quot;:{&quot;unit&quot;:&quot;px&quot;,&quot;size&quot;:35,&quot;sizes&quot;:[]},&quot;classic_row_gap_tablet&quot;:{&quot;unit&quot;:&quot;px&quot;,&quot;size&quot;:&quot;&quot;,&quot;sizes&quot;:[]},&quot;classic_row_gap_mobile&quot;:{&quot;unit&quot;:&quot;px&quot;,&quot;size&quot;:&quot;&quot;,&quot;sizes&quot;:[]},&quot;load_more_spinner&quot;:{&quot;value&quot;:&quot;fas fa-spinner&quot;,&quot;library&quot;:&quot;fa-solid&quot;}}\" data-widget_type=\"posts.classic\">\n\t\t\t\t<div class=\"elementor-widget-container\">\n\t\t\t<link rel=\"stylesheet\" href=\"https:\/\/www.upo.es\/investiga\/frihousing\/wp-content\/plugins\/elementor-pro\/assets\/css\/widget-posts.min.css\">\t\t<div class=\"elementor-posts-container elementor-posts elementor-posts--skin-classic elementor-grid\">\n\t\t\t\t<article class=\"elementor-post elementor-grid-item post-1162 post type-post status-publish format-standard hentry category-proyectos-2\">\n\t\t\t\t<div class=\"elementor-post__text\">\n\t\t\t\t<h3 class=\"elementor-post__title\">\n\t\t\t<a href=\"https:\/\/www.upo.es\/investiga\/frihousing\/el-papel-de-la-arquitectura-en-los-centros-de-atencion-a-la-dependencia\/\" >\n\t\t\t\tEl papel de la arquitectura en los centros de atenci\u00f3n a la dependencia\t\t\t<\/a>\n\t\t<\/h3>\n\t\t\t\t\t<div class=\"elementor-post__read-more-wrapper\">\n\t\t\n\t\t<a class=\"elementor-post__read-more\" href=\"https:\/\/www.upo.es\/investiga\/frihousing\/el-papel-de-la-arquitectura-en-los-centros-de-atencion-a-la-dependencia\/\" aria-label=\"M\u00e1s informaci\u00f3n sobre El papel de la arquitectura en los centros de atenci\u00f3n a la dependencia\" tabindex=\"-1\" >\n\t\t\tLeer m\u00e1s\t\t<\/a>\n\n\t\t\t\t\t<\/div>\n\t\t\t\t<\/div>\n\t\t\t\t<\/article>\n\t\t\t\t<article class=\"elementor-post elementor-grid-item post-1142 post type-post status-publish format-standard has-post-thumbnail hentry category-proyectos-3\">\n\t\t\t\t<a class=\"elementor-post__thumbnail__link\" href=\"https:\/\/www.upo.es\/investiga\/frihousing\/aps-voluntariado-social-sostenible-e-inclusivo-aprender-haciendoun-servicio-a-la-comunidad\/\" tabindex=\"-1\" >\n\t\t\t<div class=\"elementor-post__thumbnail\"><img decoding=\"async\" width=\"225\" height=\"206\" src=\"https:\/\/www.upo.es\/investiga\/frihousing\/wp-content\/uploads\/2024\/05\/Logo-ODS-e1716302155289.jpg\" class=\"attachment-full size-full wp-image-1143\" alt=\"\" \/><\/div>\n\t\t<\/a>\n\t\t\t\t<div class=\"elementor-post__text\">\n\t\t\t\t<h3 class=\"elementor-post__title\">\n\t\t\t<a href=\"https:\/\/www.upo.es\/investiga\/frihousing\/aps-voluntariado-social-sostenible-e-inclusivo-aprender-haciendoun-servicio-a-la-comunidad\/\" >\n\t\t\t\tAPS VOLUNTARIADO SOCIAL SOSTENIBLE E INCLUSIVO APRENDER HACIENDOUN SERVICIO A LA COMUNIDAD\t\t\t<\/a>\n\t\t<\/h3>\n\t\t\t\t\t<div class=\"elementor-post__read-more-wrapper\">\n\t\t\n\t\t<a class=\"elementor-post__read-more\" href=\"https:\/\/www.upo.es\/investiga\/frihousing\/aps-voluntariado-social-sostenible-e-inclusivo-aprender-haciendoun-servicio-a-la-comunidad\/\" aria-label=\"M\u00e1s informaci\u00f3n sobre APS VOLUNTARIADO SOCIAL SOSTENIBLE E INCLUSIVO APRENDER HACIENDOUN SERVICIO A LA COMUNIDAD\" tabindex=\"-1\" >\n\t\t\tLeer m\u00e1s\t\t<\/a>\n\n\t\t\t\t\t<\/div>\n\t\t\t\t<\/div>\n\t\t\t\t<\/article>\n\t\t\t\t<article class=\"elementor-post elementor-grid-item post-1035 post type-post status-publish format-standard has-post-thumbnail hentry category-proyectos-2\">\n\t\t\t\t<a class=\"elementor-post__thumbnail__link\" href=\"https:\/\/www.upo.es\/investiga\/frihousing\/plataforma-arados-una-metodologia-de-diagnostico-urbano-participativo-aplicada-a-un-proyecto-de-innovacion-empresarial-desarrollado-en-el-ambito-rural-valladolid\/\" tabindex=\"-1\" >\n\t\t\t<div class=\"elementor-post__thumbnail\"><img decoding=\"async\" width=\"2048\" height=\"1536\" src=\"https:\/\/www.upo.es\/investiga\/frihousing\/wp-content\/uploads\/2024\/05\/ARADO.webp\" class=\"attachment-full size-full wp-image-1042\" alt=\"\" srcset=\"https:\/\/www.upo.es\/investiga\/frihousing\/wp-content\/uploads\/2024\/05\/ARADO.webp 2048w, https:\/\/www.upo.es\/investiga\/frihousing\/wp-content\/uploads\/2024\/05\/ARADO-300x225.webp 300w, https:\/\/www.upo.es\/investiga\/frihousing\/wp-content\/uploads\/2024\/05\/ARADO-1024x768.webp 1024w, https:\/\/www.upo.es\/investiga\/frihousing\/wp-content\/uploads\/2024\/05\/ARADO-768x576.webp 768w, https:\/\/www.upo.es\/investiga\/frihousing\/wp-content\/uploads\/2024\/05\/ARADO-1536x1152.webp 1536w\" sizes=\"(max-width: 2048px) 100vw, 2048px\" \/><\/div>\n\t\t<\/a>\n\t\t\t\t<div class=\"elementor-post__text\">\n\t\t\t\t<h3 class=\"elementor-post__title\">\n\t\t\t<a href=\"https:\/\/www.upo.es\/investiga\/frihousing\/plataforma-arados-una-metodologia-de-diagnostico-urbano-participativo-aplicada-a-un-proyecto-de-innovacion-empresarial-desarrollado-en-el-ambito-rural-valladolid\/\" >\n\t\t\t\tPlataforma ARADOS: una metodolog\u00eda de diagn\u00f3stico urbano participativo aplicada a un proyecto de innovaci\u00f3n empresarial desarrollado en el \u00e1mbito rural (Valladolid)\t\t\t<\/a>\n\t\t<\/h3>\n\t\t\t\t\t<div class=\"elementor-post__read-more-wrapper\">\n\t\t\n\t\t<a class=\"elementor-post__read-more\" href=\"https:\/\/www.upo.es\/investiga\/frihousing\/plataforma-arados-una-metodologia-de-diagnostico-urbano-participativo-aplicada-a-un-proyecto-de-innovacion-empresarial-desarrollado-en-el-ambito-rural-valladolid\/\" aria-label=\"M\u00e1s informaci\u00f3n sobre Plataforma ARADOS: una metodolog\u00eda de diagn\u00f3stico urbano participativo aplicada a un proyecto de innovaci\u00f3n empresarial desarrollado en el \u00e1mbito rural (Valladolid)\" tabindex=\"-1\" >\n\t\t\tLeer m\u00e1s\t\t<\/a>\n\n\t\t\t\t\t<\/div>\n\t\t\t\t<\/div>\n\t\t\t\t<\/article>\n\t\t\t\t<\/div>\n\t\t\t\t\t<span class=\"e-load-more-spinner\">\n\t\t\t\t<svg aria-hidden=\"true\" class=\"e-font-icon-svg e-fas-spinner\" viewBox=\"0 0 512 512\" xmlns=\"http:\/\/www.w3.org\/2000\/svg\"><path d=\"M304 48c0 26.51-21.49 48-48 48s-48-21.49-48-48 21.49-48 48-48 48 21.49 48 48zm-48 368c-26.51 0-48 21.49-48 48s21.49 48 48 48 48-21.49 48-48-21.49-48-48-48zm208-208c-26.51 0-48 21.49-48 48s21.49 48 48 48 48-21.49 48-48-21.49-48-48-48zM96 256c0-26.51-21.49-48-48-48S0 229.49 0 256s21.49 48 48 48 48-21.49 48-48zm12.922 99.078c-26.51 0-48 21.49-48 48s21.49 48 48 48 48-21.49 48-48c0-26.509-21.491-48-48-48zm294.156 0c-26.51 0-48 21.49-48 48s21.49 48 48 48 48-21.49 48-48c0-26.509-21.49-48-48-48zM108.922 60.922c-26.51 0-48 21.49-48 48s21.49 48 48 48 48-21.49 48-48-21.491-48-48-48z\"><\/path><\/svg>\t\t\t<\/span>\n\t\t\n\t\t\t\t<div class=\"e-load-more-anchor\" data-page=\"1\" data-max-page=\"4\" data-next-page=\"https:\/\/www.upo.es\/investiga\/frihousing\/wp-json\/wp\/v2\/pages\/15\/page\/2\/\"><\/div>\n\t\t\t\t<div class=\"elementor-button-wrapper\">\n\t\t\t<a href=\"#\" class=\"elementor-button-link elementor-button\" role=\"button\">\n\t\t\t\t\t\t<span class=\"elementor-button-content-wrapper\">\n\t\t\t\t\t\t<span class=\"elementor-button-text\">Ver m\u00e1s<\/span>\n\t\t<\/span>\n\t\t\t\t\t<\/a>\n\t\t<\/div>\n\t\t\t\t<div class=\"e-load-more-message\"><\/div>\n\t\t\t\t<\/div>\n\t\t\t\t<\/div>\n\t\t\t\t\t<\/div>\n\t\t\t\t<\/div>\n\t\t\t\t<\/div>\n\t\t","protected":false},"excerpt":{"rendered":"<p>Nuestros proyectos Disponer de entornos y viviendas amables&nbsp;para personas con discapacidad intelectual es un reto profesional y personal que&nbsp; abordamos con pasi\u00f3n. Nuestro equipo multidisciplinar, comprometido activamente con proyectos vinculados a estas \u00e1reas, ha desarrollado&nbsp;numerosos proyectos y art\u00edculos que promueven la inclusi\u00f3n y la participaci\u00f3n plena de las personas con<\/p>\n","protected":false},"author":1,"featured_media":0,"parent":0,"menu_order":0,"comment_status":"closed","ping_status":"closed","template":"","meta":{"_acf_changed":false,"footnotes":""},"class_list":["post-15","page","type-page","status-publish","hentry"],"acf":[],"_links":{"self":[{"href":"https:\/\/www.upo.es\/investiga\/frihousing\/wp-json\/wp\/v2\/pages\/15","targetHints":{"allow":["GET"]}}],"collection":[{"href":"https:\/\/www.upo.es\/investiga\/frihousing\/wp-json\/wp\/v2\/pages"}],"about":[{"href":"https:\/\/www.upo.es\/investiga\/frihousing\/wp-json\/wp\/v2\/types\/page"}],"author":[{"embeddable":true,"href":"https:\/\/www.upo.es\/investiga\/frihousing\/wp-json\/wp\/v2\/users\/1"}],"replies":[{"embeddable":true,"href":"https:\/\/www.upo.es\/investiga\/frihousing\/wp-json\/wp\/v2\/comments?post=15"}],"version-history":[{"count":61,"href":"https:\/\/www.upo.es\/investiga\/frihousing\/wp-json\/wp\/v2\/pages\/15\/revisions"}],"predecessor-version":[{"id":1025,"href":"https:\/\/www.upo.es\/investiga\/frihousing\/wp-json\/wp\/v2\/pages\/15\/revisions\/1025"}],"wp:attachment":[{"href":"https:\/\/www.upo.es\/investiga\/frihousing\/wp-json\/wp\/v2\/media?parent=15"}],"curies":[{"name":"wp","href":"https:\/\/api.w.org\/{rel}","templated":true}]}}