{"id":132,"date":"2018-02-15T10:22:43","date_gmt":"2018-02-15T10:22:43","guid":{"rendered":"https:\/\/www.upo.es\/investiga\/globalhistory\/?page_id=132"},"modified":"2018-03-05T08:36:45","modified_gmt":"2018-03-05T08:36:45","slug":"encuentros-globales-entre-china-y-europa-1680-1840","status":"publish","type":"page","link":"https:\/\/www.upo.es\/investiga\/globalhistory\/en\/proyectos\/encuentros-globales-entre-china-y-europa-1680-1840\/","title":{"rendered":"Global Encounters between China and Europe (1680-1840) (ERC-StG 679371)"},"content":{"rendered":"<p>In the last decade, the approaches of global history have been emphasized to visualize the progress, form, and method which historians have undertaken when carrying out ambitious research projects to analyze and compare diverse geographical and cultural areas of Asia and Europe. But when dealing with comparisons and cross\u2010cultural studies in Europe and Asia, some scholarly works have exceeded ambiguities when defining geographical units as well as chronology. In this project perceptions and dialogues between China and Europe are examined by analyzing strategic geopolitical sites which fostered commerce, consumption, and socioeconomic networks between China and Europe from 1680 to 1840 through a particular case study: Macau, connecting with South China, and Marseille in Mediterranean Europe.<\/p>\n<p>Director: <a href=\"https:\/\/www.upo.es\/investiga\/globalhistory\/en\/investigadores\/manuel-perez-garcia\/\">Manuel P\u00e9rez Garc\u00eda<\/a><\/p>\n<p><a href=\"http:\/\/www.gecem.eu\/\">Website of the project<\/a><\/p>\n<p>&nbsp;<\/p>","protected":false},"excerpt":{"rendered":"<p>En la \u00faltima d\u00e9cada se han enfatizado los enfoques de la historia global para visualizar el progreso, la forma y el m\u00e9todo que los historiadores han llevado a cabo al llevar a cabo ambiciosos proyectos de investigaci\u00f3n para analizar y comparar diversas \u00e1reas geogr\u00e1ficas y culturales de Asia y Europa. [&hellip;]<\/p>","protected":false},"author":1,"featured_media":0,"parent":40,"menu_order":3,"comment_status":"closed","ping_status":"closed","template":"","meta":{"footnotes":""},"_links":{"self":[{"href":"https:\/\/www.upo.es\/investiga\/globalhistory\/en\/wp-json\/wp\/v2\/pages\/132"}],"collection":[{"href":"https:\/\/www.upo.es\/investiga\/globalhistory\/en\/wp-json\/wp\/v2\/pages"}],"about":[{"href":"https:\/\/www.upo.es\/investiga\/globalhistory\/en\/wp-json\/wp\/v2\/types\/page"}],"author":[{"embeddable":true,"href":"https:\/\/www.upo.es\/investiga\/globalhistory\/en\/wp-json\/wp\/v2\/users\/1"}],"replies":[{"embeddable":true,"href":"https:\/\/www.upo.es\/investiga\/globalhistory\/en\/wp-json\/wp\/v2\/comments?post=132"}],"version-history":[{"count":10,"href":"https:\/\/www.upo.es\/investiga\/globalhistory\/en\/wp-json\/wp\/v2\/pages\/132\/revisions"}],"predecessor-version":[{"id":415,"href":"https:\/\/www.upo.es\/investiga\/globalhistory\/en\/wp-json\/wp\/v2\/pages\/132\/revisions\/415"}],"up":[{"embeddable":true,"href":"https:\/\/www.upo.es\/investiga\/globalhistory\/en\/wp-json\/wp\/v2\/pages\/40"}],"wp:attachment":[{"href":"https:\/\/www.upo.es\/investiga\/globalhistory\/en\/wp-json\/wp\/v2\/media?parent=132"}],"curies":[{"name":"wp","href":"https:\/\/api.w.org\/{rel}","templated":true}]}}