{"id":136,"date":"2018-02-15T10:29:16","date_gmt":"2018-02-15T10:29:16","guid":{"rendered":"https:\/\/www.upo.es\/investiga\/globalhistory\/?page_id=136"},"modified":"2020-11-04T19:41:38","modified_gmt":"2020-11-04T19:41:38","slug":"an-artery-of-empire-conquest-commerce-crisis-culture-and-the-panamanian-junction","status":"publish","type":"page","link":"https:\/\/www.upo.es\/investiga\/globalhistory\/en\/proyectos\/an-artery-of-empire-conquest-commerce-crisis-culture-and-the-panamanian-junction\/","title":{"rendered":"An ARTery of EMPIRE. Conquest, Commerce, Crisis, Culture and the Panamanian Junction (ERC &#8211; ERC CoG 648535) financiado por el European Research Council (Horizonte 2020)"},"content":{"rendered":"<p>The European incursions in the narrow isthmus that divided and connected the Atlantic and Pacific oceans made it a strategic node of the Spanish Empire and a crucial enclave for Early Modern Globalization. In the first line of convergence of the four continents, Old Panama offers an unusual opportunity to examine the diverse impacts, usually asymmetric, of the cultural and commercial contacts. The role of Italian, Portuguese, British, Dutch, and French interests in the region, as well as the influx of African slaves and Asian goods, left a unique material legacy that requires an integrated and interdisciplinary approach to its varied sources. Bones, teeth, and artifacts in this artery of the Empire offer the possibility to explore new knowledge about the cultural and biological impact of Early Globalization. Interdisciplinary approaches are needed to explore the tactics of survival of different groups, including potential dietary changes and search for gains. \nThese strategies could have lead the diverse people that inhabited the union, from indigenous allies to African and Asian bandits to European corsairs, to develop and contributing to local production and commercial nets of the Pacific at the expense of trade activities with the metropolis.<\/p>\n<p>This project applies historical, archeological and archaeometry methodologies to prove encounters between people and goods from Europe, America, Africa, and Asia that took place in the Isthmus of Panama during the sixteenth and the seventeenth centuries. By promoting an interdisciplinary approach of Early Globalization, it challenges the Eurocentric and hispanophobic interpretations of the impact of the Conquest of America, traditionally seen as a demographic catastrophe that reached its lower point in the so-called Crisis of the seventeenth century. Instead of using quantitative methods to the incomplete source material, the investigators will adopt a contextualized, interdisciplinary and qualitative approach for diverse agents involved in the cultural and commercial exchange.<\/p>\n<p>Director: <a href=\"https:\/\/www.upo.es\/investiga\/globalhistory\/en\/bethany-aram\/\">Bethany Aram<\/a><\/p>\n<p><a href=\"https:\/\/www.upo.es\/investiga\/globalhistory\/en\/investigacion\/artempire\/\">Website of the project<\/a><\/p>\n\n\n<figure class=\"wp-block-image size-large\"><a href=\"https:\/\/www.upo.es\/investiga\/globalhistory\/en\/investigacion\/artempire\/\"><img loading=\"lazy\" decoding=\"async\" width=\"499\" height=\"203\" src=\"https:\/\/www.upo.es\/investiga\/globalhistory\/wp-content\/uploads\/2020\/11\/ifgocnnapbgofghd.jpg\" alt=\"\" class=\"wp-image-992\" srcset=\"https:\/\/www.upo.es\/investiga\/globalhistory\/wp-content\/uploads\/2020\/11\/ifgocnnapbgofghd.jpg 499w, https:\/\/www.upo.es\/investiga\/globalhistory\/wp-content\/uploads\/2020\/11\/ifgocnnapbgofghd-300x122.jpg 300w\" sizes=\"(max-width: 499px) 100vw, 499px\" \/><\/a><\/figure>\n\n\n\n<figure class=\"wp-block-image size-large\"><img loading=\"lazy\" decoding=\"async\" width=\"1024\" height=\"683\" src=\"https:\/\/www.upo.es\/investiga\/globalhistory\/wp-content\/uploads\/2020\/11\/flag_yellow_high-1024x683.jpg\" alt=\"\" class=\"wp-image-991\" srcset=\"https:\/\/www.upo.es\/investiga\/globalhistory\/wp-content\/uploads\/2020\/11\/flag_yellow_high-1024x683.jpg 1024w, https:\/\/www.upo.es\/investiga\/globalhistory\/wp-content\/uploads\/2020\/11\/flag_yellow_high-300x200.jpg 300w, https:\/\/www.upo.es\/investiga\/globalhistory\/wp-content\/uploads\/2020\/11\/flag_yellow_high-768x512.jpg 768w, https:\/\/www.upo.es\/investiga\/globalhistory\/wp-content\/uploads\/2020\/11\/flag_yellow_high-1536x1024.jpg 1536w, https:\/\/www.upo.es\/investiga\/globalhistory\/wp-content\/uploads\/2020\/11\/flag_yellow_high-2048x1366.jpg 2048w, https:\/\/www.upo.es\/investiga\/globalhistory\/wp-content\/uploads\/2020\/11\/flag_yellow_high-360x240.jpg 360w\" sizes=\"(max-width: 1024px) 100vw, 1024px\" \/><\/figure>","protected":false},"excerpt":{"rendered":"<p>Las incursiones europeas en el estrecho paso istmiano que dividi\u00f3 y conect\u00f3 los oc\u00e9anos Atl\u00e1ntico y Pac\u00edfico lo convirtieron en un nodo estrat\u00e9gico del Imperio espa\u00f1ol y un sitio crucial para la globalizaci\u00f3n moderna temprana. En la primera l\u00ednea de la convergencia de los cuatro continentes, Old Panama ofrece una [&hellip;]<\/p>","protected":false},"author":1,"featured_media":0,"parent":40,"menu_order":1,"comment_status":"closed","ping_status":"closed","template":"","meta":{"footnotes":""},"_links":{"self":[{"href":"https:\/\/www.upo.es\/investiga\/globalhistory\/en\/wp-json\/wp\/v2\/pages\/136"}],"collection":[{"href":"https:\/\/www.upo.es\/investiga\/globalhistory\/en\/wp-json\/wp\/v2\/pages"}],"about":[{"href":"https:\/\/www.upo.es\/investiga\/globalhistory\/en\/wp-json\/wp\/v2\/types\/page"}],"author":[{"embeddable":true,"href":"https:\/\/www.upo.es\/investiga\/globalhistory\/en\/wp-json\/wp\/v2\/users\/1"}],"replies":[{"embeddable":true,"href":"https:\/\/www.upo.es\/investiga\/globalhistory\/en\/wp-json\/wp\/v2\/comments?post=136"}],"version-history":[{"count":8,"href":"https:\/\/www.upo.es\/investiga\/globalhistory\/en\/wp-json\/wp\/v2\/pages\/136\/revisions"}],"predecessor-version":[{"id":994,"href":"https:\/\/www.upo.es\/investiga\/globalhistory\/en\/wp-json\/wp\/v2\/pages\/136\/revisions\/994"}],"up":[{"embeddable":true,"href":"https:\/\/www.upo.es\/investiga\/globalhistory\/en\/wp-json\/wp\/v2\/pages\/40"}],"wp:attachment":[{"href":"https:\/\/www.upo.es\/investiga\/globalhistory\/en\/wp-json\/wp\/v2\/media?parent=136"}],"curies":[{"name":"wp","href":"https:\/\/api.w.org\/{rel}","templated":true}]}}