{"id":157,"date":"2018-02-15T10:49:20","date_gmt":"2018-02-15T10:49:20","guid":{"rendered":"https:\/\/www.upo.es\/investiga\/globalhistory\/?page_id=157"},"modified":"2022-06-08T12:05:52","modified_gmt":"2022-06-08T12:05:52","slug":"amelia-almorza-hidalgo","status":"publish","type":"page","link":"https:\/\/www.upo.es\/investiga\/globalhistory\/en\/miembros\/amelia-almorza-hidalgo\/","title":{"rendered":"Amelia Almorza Hidalgo"},"content":{"rendered":"<p><img loading=\"lazy\" decoding=\"async\" class=\"alignnone size-medium wp-image-107 aligncenter\" src=\"https:\/\/www.upo.es\/investiga\/globalhistory\/wp-content\/uploads\/2018\/02\/Amelia-Almorza-Hidalgo-2-294x300.jpg\" alt=\"\" width=\"294\" height=\"300\" srcset=\"https:\/\/www.upo.es\/investiga\/globalhistory\/wp-content\/uploads\/2018\/02\/Amelia-Almorza-Hidalgo-2-294x300.jpg 294w, https:\/\/www.upo.es\/investiga\/globalhistory\/wp-content\/uploads\/2018\/02\/Amelia-Almorza-Hidalgo-2-768x784.jpg 768w, https:\/\/www.upo.es\/investiga\/globalhistory\/wp-content\/uploads\/2018\/02\/Amelia-Almorza-Hidalgo-2-1004x1024.jpg 1004w\" sizes=\"(max-width: 294px) 100vw, 294px\" \/><\/p>\n<p>Amelia Almorza Hidalgo is Assistant Professor in the area of Economical History at Universidad Pablo de Olavide (Seville). She was awarded a degree in Humanities and holds a Ph.D. from the European University Institute (EUI) in Florence (2011). This work was awarded the Nuestra Am\u00e9rica 2017 award and will be published at the CSIC\/Diputaci\u00f3n de Sevilla, under the title \"No se hace pueblo sin ellas: mujeres espa\u00f1olas en el Virreinato del Per\u00fa: emigraci\u00f3n y movilidad social (siglos XVI-XVII)\", (Madrid, 2018).<\/p>\n<p><span class=\"NormalTextRun SCXW251477054 BCX8\">She has been a post-doctoral researcher at the project <a href=\"https:\/\/www.upo.es\/investiga\/globalhistory\/en\/investigacion\/artempire\/\">\u00ab<\/a><\/span><span class=\"NormalTextRun SpellingErrorV2Themed SCXW251477054 BCX8\">ArtEmpire: conquest<\/span><span class=\"NormalTextRun SCXW251477054 BCX8\">, <\/span><span class=\"NormalTextRun SpellingErrorV2Themed SCXW251477054 BCX8\">commerce<\/span><span class=\"NormalTextRun SCXW251477054 BCX8\">, crisis, culture and <\/span><span class=\"NormalTextRun SpellingErrorV2Themed SCXW251477054 BCX8\">the<\/span><span class=\"NormalTextRun SCXW251477054 BCX8\"> <\/span><span class=\"NormalTextRun SpellingErrorV2Themed SCXW251477054 BCX8\">Panamaian<\/span><span class=\"NormalTextRun SCXW251477054 BCX8\"> Junction, 1513 &#8211; 1617&#8243; (ERC <\/span><span class=\"NormalTextRun SpellingErrorV2Themed SCXW251477054 BCX8\">CoG<\/span><span class=\"NormalTextRun SCXW251477054 BCX8\"> 648535), , directed by Dr. Bethany Aram, at the Universidad Pablo de Olavide (Seville) Her areas of expertise include gender history and migrations in the Early Modern period, as well as analysis on material culture (with a chapter on gender and material culture in the book <a href=\"https:\/\/www.routledge.com\/American-Globalization-14921850-Trans-Cultural-Consumption-in-Spanish\/Yun-Casalilla-Berti-Svriz-Wucherer\/p\/book\/9780367766764\">\u00abAmerican <span class=\"NormalTextRun SpellingErrorV2Themed SCXW251477054 BCX8\">Globalization<\/span>, 1492 &#8211; 1850&#8243;<\/a>).<\/span><\/p>\n<p><span data-contrast=\"none\" xml:lang=\"ES-ES\" lang=\"ES-ES\" class=\"TextRun SCXW50798260 BCX8\"><span class=\"NormalTextRun SCXW50798260 BCX8\">Currently, she participates at the project <\/span><span class=\"NormalTextRun SpellingErrorV2Themed SCXW50798260 BCX8\">FEDER<\/span><span class=\"NormalTextRun SCXW50798260 BCX8\"><a href=\"https:\/\/www.upo.es\/investiga\/globalhistory\/en\/genero-y-etnia-en-el-istmo-de-panama-1500-1700-y-en-otros-ambitos-feder-upo-1380997\/\"> \u00abG\u00e9nero y etnia en el istmo de Panam\u00e1, 1500 &#8211; 1700\u00bb<\/a>, directed by Professor Bethany Aram, where she analyses the convent of Encarnaci\u00f3n at the city of Panam\u00e1. In the same way, she is a researcher at the project<a href=\"https:\/\/souauih.wordpress.com\/\">El sudeste asi\u00e1tico bajo la influencia ib\u00e9rica en el mundo, 1581 &#8211; 1668&#8243;<\/a>directed by Dr. Jos\u00e9 Antonio Mart\u00ednez Torres (UNED), where she studies the navigation and trade circuits at the American Pacific coast.<\/span><\/span><span class=\"EOP SCXW50798260 BCX8\" data-ccp-props=\"{&quot;201341983&quot;:0,&quot;335551550&quot;:6,&quot;335551620&quot;:6,&quot;335559739&quot;:160,&quot;335559740&quot;:360}\">&nbsp;<\/span><\/p>\n<p>Correo electr\u00f3nico:&nbsp;aalmhid@upo.es<\/p>\n<p><a href=\"https:\/\/upo.academia.edu\/AmeliaHidalgo\">Profile in Academia.edu<\/a><\/p>","protected":false},"excerpt":{"rendered":"<p>Amelia Almorza Hidalgo es Profesora Ayudante Doctora en el \u00e1rea de Historia e Instituciones Econ\u00f3micas de la Universidad Pablo de Olavide (Sevilla). Es licenciada en Humanidades y doctora en Historia por el European University Institute (2011). El manuscrito de su tesis doctoral recibi\u00f3 el Premio Nuestra Am\u00e9rica (2017), gracias a [&hellip;]<\/p>","protected":false},"author":1,"featured_media":0,"parent":43,"menu_order":1,"comment_status":"closed","ping_status":"closed","template":"","meta":{"footnotes":""},"_links":{"self":[{"href":"https:\/\/www.upo.es\/investiga\/globalhistory\/en\/wp-json\/wp\/v2\/pages\/157"}],"collection":[{"href":"https:\/\/www.upo.es\/investiga\/globalhistory\/en\/wp-json\/wp\/v2\/pages"}],"about":[{"href":"https:\/\/www.upo.es\/investiga\/globalhistory\/en\/wp-json\/wp\/v2\/types\/page"}],"author":[{"embeddable":true,"href":"https:\/\/www.upo.es\/investiga\/globalhistory\/en\/wp-json\/wp\/v2\/users\/1"}],"replies":[{"embeddable":true,"href":"https:\/\/www.upo.es\/investiga\/globalhistory\/en\/wp-json\/wp\/v2\/comments?post=157"}],"version-history":[{"count":10,"href":"https:\/\/www.upo.es\/investiga\/globalhistory\/en\/wp-json\/wp\/v2\/pages\/157\/revisions"}],"predecessor-version":[{"id":1751,"href":"https:\/\/www.upo.es\/investiga\/globalhistory\/en\/wp-json\/wp\/v2\/pages\/157\/revisions\/1751"}],"up":[{"embeddable":true,"href":"https:\/\/www.upo.es\/investiga\/globalhistory\/en\/wp-json\/wp\/v2\/pages\/43"}],"wp:attachment":[{"href":"https:\/\/www.upo.es\/investiga\/globalhistory\/en\/wp-json\/wp\/v2\/media?parent=157"}],"curies":[{"name":"wp","href":"https:\/\/api.w.org\/{rel}","templated":true}]}}