{"id":176,"date":"2018-02-15T10:58:30","date_gmt":"2018-02-15T10:58:30","guid":{"rendered":"https:\/\/www.upo.es\/investiga\/globalhistory\/?page_id=176"},"modified":"2021-06-30T13:16:57","modified_gmt":"2021-06-30T13:16:57","slug":"igor-perez-tostado","status":"publish","type":"page","link":"https:\/\/www.upo.es\/investiga\/globalhistory\/en\/miembros\/igor-perez-tostado\/","title":{"rendered":"Igor P\u00e9rez Tostado"},"content":{"rendered":"<p><img loading=\"lazy\" decoding=\"async\" class=\"alignnone size-medium wp-image-258 aligncenter\" src=\"https:\/\/www.upo.es\/investiga\/globalhistory\/wp-content\/uploads\/2018\/02\/Igor-P\u00e9rez-Tostado.-2-300x270.jpeg\" alt=\"\" width=\"300\" height=\"270\" srcset=\"https:\/\/www.upo.es\/investiga\/globalhistory\/wp-content\/uploads\/2018\/02\/Igor-P\u00e9rez-Tostado.-2-300x270.jpeg 300w, https:\/\/www.upo.es\/investiga\/globalhistory\/wp-content\/uploads\/2018\/02\/Igor-P\u00e9rez-Tostado.-2-768x692.jpeg 768w, https:\/\/www.upo.es\/investiga\/globalhistory\/wp-content\/uploads\/2018\/02\/Igor-P\u00e9rez-Tostado.-2-1024x923.jpeg 1024w, https:\/\/www.upo.es\/investiga\/globalhistory\/wp-content\/uploads\/2018\/02\/Igor-P\u00e9rez-Tostado.-2.jpeg 1358w\" sizes=\"(max-width: 300px) 100vw, 300px\" \/><\/p>\n<p>His research in Early Modern History focuses on the history of international informal relations, Atlantic History, connected, and Atlantic History and History of Representation and Violence. Under these dimensions, he seeks to understand the position of the Hispanic Monarchy in the Early Modern period through its framework of external relations across the planet.<\/p>\n<p>He holds a Bachelor of Arts in History from the Universidad de Deusto with Honours (1999) and a Ph.D. in History and Civilization from the European University Institute (EUI) of Florence (2004). In his doctoral work, under the direction of Laurence Fontaine and Fernando Bouza \u00c1lvarez (Universidad Complutense, Madrid) as external supervisor, he applied a comparative and transnational perspective, crossing and analyzing dispersed sources across nine European countries (mainly Spain, United Kingdom, Ireland, France, Italy, and Belgium). Written in English, it was published under the title\u00a0<em>Irish influence at the Court of Spain in the Seventeenth Century<\/em>\u00a0(Dubl\u00edn, Four-Courts, 2008).<\/p>\n<p>During his post-doctoral stay founded by the Spanish Ministry of Education (2005) under the supervision of Professor Nicholas Canny in Moore Institute (National University of Ireland, Galway), he developed the Atlantic dimension of the research, focusing, for reaching that objective, on the Spanish Caribbean, where important Irish and British communities were established, whose study serves to understand the functioning of external relation and attraction of the Hispanic Monarchy. He has published partial results, being the most important the volume Irlanda y el Atl\u00e1ntico Ib\u00e9rico (Valencia, Albatros, 2010) together with Enrique Garc\u00eda Hern\u00e1n, that brought an important contribution to the debate on Atlantic and Global History.  \n\n  \n\nCurrently, he is about to finish a final monograph covering from the seventeenth to the nineteenth century. This forthcoming publication has been delated due to the availability of resources, that allowed the researcher to broaden the analysis period beyond the conventional barriers of the Early Modern period.<\/p>\n<p>He joined the Area of Early Modern History of the Universidad Pablo de Olavide (UPO) by the end of 2015, an aspect that allowed him to participate uninterruptedly and simultaneously in several research projects (at regional, national and international level), including Red Columnaria, and also to mature enough to direct a Coordinated R&amp;D project (2012-14).<\/p>\n<p>Tel.: (+34) 954349138<\/p>\n<p>Location: Edificio 2, Planta 3, Despacho 15<\/p>\n<p>Email address: ipertos@upo.es<\/p>\n<p><a href=\"https:\/\/upo.academia.edu\/IgorP%C3%A9rezTostado\">Profile in Academia.edu<\/a><\/p>\n<p><a href=\"https:\/\/www.upo.es\/investiga\/globalhistory\/en\/personal\/igorpereztostado\/\">Persona website\u00a0<\/a><\/p>","protected":false},"excerpt":{"rendered":"<p>Su investigaci\u00f3n en Historia Moderna se especializa en historia de las relaciones internacionales informales, en historia atl\u00e1ntica, historia conectada y atl\u00e1ntica e historia de la representaci\u00f3n y de la violencia. Con estas dimensiones intenta entender la posici\u00f3n de la Monarqu\u00eda Hisp\u00e1nica de la Edad Moderna a trav\u00e9s de su entramado [&hellip;]<\/p>","protected":false},"author":1,"featured_media":0,"parent":43,"menu_order":10,"comment_status":"closed","ping_status":"closed","template":"","meta":{"footnotes":""},"_links":{"self":[{"href":"https:\/\/www.upo.es\/investiga\/globalhistory\/en\/wp-json\/wp\/v2\/pages\/176"}],"collection":[{"href":"https:\/\/www.upo.es\/investiga\/globalhistory\/en\/wp-json\/wp\/v2\/pages"}],"about":[{"href":"https:\/\/www.upo.es\/investiga\/globalhistory\/en\/wp-json\/wp\/v2\/types\/page"}],"author":[{"embeddable":true,"href":"https:\/\/www.upo.es\/investiga\/globalhistory\/en\/wp-json\/wp\/v2\/users\/1"}],"replies":[{"embeddable":true,"href":"https:\/\/www.upo.es\/investiga\/globalhistory\/en\/wp-json\/wp\/v2\/comments?post=176"}],"version-history":[{"count":6,"href":"https:\/\/www.upo.es\/investiga\/globalhistory\/en\/wp-json\/wp\/v2\/pages\/176\/revisions"}],"predecessor-version":[{"id":1428,"href":"https:\/\/www.upo.es\/investiga\/globalhistory\/en\/wp-json\/wp\/v2\/pages\/176\/revisions\/1428"}],"up":[{"embeddable":true,"href":"https:\/\/www.upo.es\/investiga\/globalhistory\/en\/wp-json\/wp\/v2\/pages\/43"}],"wp:attachment":[{"href":"https:\/\/www.upo.es\/investiga\/globalhistory\/en\/wp-json\/wp\/v2\/media?parent=176"}],"curies":[{"name":"wp","href":"https:\/\/api.w.org\/{rel}","templated":true}]}}