{"id":185,"date":"2018-02-15T11:03:43","date_gmt":"2018-02-15T11:03:43","guid":{"rendered":"https:\/\/www.upo.es\/investiga\/globalhistory\/?page_id=185"},"modified":"2022-03-23T13:54:21","modified_gmt":"2022-03-23T13:54:21","slug":"bartolome-yun-casalilla","status":"publish","type":"page","link":"https:\/\/www.upo.es\/investiga\/globalhistory\/en\/miembros\/bartolome-yun-casalilla\/","title":{"rendered":"Bartolom\u00e9 Yun Casalilla"},"content":{"rendered":"<p><img loading=\"lazy\" decoding=\"async\" class=\"size-medium wp-image-270 aligncenter\" src=\"https:\/\/www.upo.es\/investiga\/globalhistory\/wp-content\/uploads\/2018\/02\/Bartolom\u00e9-Yun-Casalilla-1-300x276.jpg\" alt=\"\" width=\"300\" height=\"276\" \/><\/p>\n<p>Bartolom\u00e9 Yun Casalilla es doctor por la Universidad de Valladolid, donde ejerci\u00f3 hasta 1999, y Catedr\u00e1tico de Historia Moderna en la Universidad Pablo Olavide de Sevilla desde 2000. Ha sido profesor invitado e investigador en instituciones como <em>L\u2019 Ecole Normale Superieur<\/em>, <em>London School of Economics<\/em>and anual member of The <em>The Institute for Advanced Studies<\/em> He was Professor of the European University Institute in Florene (2003-2013) and Head of the Deparment of History and Civilization (2009-2012), where he promoted European comparative, transnational and global studies.<\/p>\n<p>Director of 30 doctoral thesis and 15 post-doctoral fellows, focuses on the history of European aristocracies, political economy of the Iberian empires and conssumption history in Spain and America. He has published several books in publishing houses such as <em>Cambridge University Press, Palgrave, Ashgate<\/em>, among others. One of his most distinguished works is <em>Marte contra Minerva. El precio del imperio espa\u00f1ol, c.1450-1600<\/em> (Cr\u00edtica, Barcelona, 2004) and he just published <em>\u201cIberian World Empires and the Globalization of Europe, 1415-1668\u201d<\/em>(Palgrave-Macmillan, 2020), whose Spanish translation is forthcoming.<\/p>\n<p>He is or has been a member of the assessment pannels of FCT of Portugal, Caixabank, and BBVA. Since 2009, he belongs to the granting committees that award <em>European Research Council projects,<\/em>, in which he has been performing advice duties.<\/p>\n<p>He is a member of the <em>European Academy<\/em> (<em>Academia Europaea<\/em>).<\/p>\n<p>Tel.: (+34) 954978241<\/p>\n<p>Location: Edificio 2, Planta 2, Despacho 2<\/p>\n<p>Email address: byuncas@upo.es \/ Bartolome.Yun.Casalilla@EUI.eu<\/p>\n<p><a href=\"http:\/\/www.ae-info.org\/ae\/Member\/Bartolom%C3%A9_Yun_Casalilla\">Profile in Academy of Europe<\/a><\/p>\n<p><a href=\"https:\/\/www.upo.es\/investiga\/globalhistory\/en\/cms1\/export\/sites\/upo\/historia-moderna\/miembros\/Bartolome_Yun\/PROFILE-AND-LIST-OF-MERITS-YUN.doc\/\">CV (English)<\/a><\/p>\n\n\n<p><\/p>","protected":false},"excerpt":{"rendered":"<p>Bartolom\u00e9 Yun Casalilla es doctor por la Universidad de Valladolid, donde ejerci\u00f3 hasta 1999, y Catedr\u00e1tico de Historia Moderna en la Universidad Pablo Olavide de Sevilla desde 2000. Ha sido profesor invitado e investigador en instituciones como L\u2019 Ecole Normale Superieur, London School of Economics, U Cat\u00f3lica de Lovaina, PU [&hellip;]<\/p>","protected":false},"author":1,"featured_media":0,"parent":43,"menu_order":14,"comment_status":"closed","ping_status":"closed","template":"","meta":{"footnotes":""},"_links":{"self":[{"href":"https:\/\/www.upo.es\/investiga\/globalhistory\/en\/wp-json\/wp\/v2\/pages\/185"}],"collection":[{"href":"https:\/\/www.upo.es\/investiga\/globalhistory\/en\/wp-json\/wp\/v2\/pages"}],"about":[{"href":"https:\/\/www.upo.es\/investiga\/globalhistory\/en\/wp-json\/wp\/v2\/types\/page"}],"author":[{"embeddable":true,"href":"https:\/\/www.upo.es\/investiga\/globalhistory\/en\/wp-json\/wp\/v2\/users\/1"}],"replies":[{"embeddable":true,"href":"https:\/\/www.upo.es\/investiga\/globalhistory\/en\/wp-json\/wp\/v2\/comments?post=185"}],"version-history":[{"count":8,"href":"https:\/\/www.upo.es\/investiga\/globalhistory\/en\/wp-json\/wp\/v2\/pages\/185\/revisions"}],"predecessor-version":[{"id":1679,"href":"https:\/\/www.upo.es\/investiga\/globalhistory\/en\/wp-json\/wp\/v2\/pages\/185\/revisions\/1679"}],"up":[{"embeddable":true,"href":"https:\/\/www.upo.es\/investiga\/globalhistory\/en\/wp-json\/wp\/v2\/pages\/43"}],"wp:attachment":[{"href":"https:\/\/www.upo.es\/investiga\/globalhistory\/en\/wp-json\/wp\/v2\/media?parent=185"}],"curies":[{"name":"wp","href":"https:\/\/api.w.org\/{rel}","templated":true}]}}