{"id":1855,"date":"2023-03-07T15:42:58","date_gmt":"2023-03-07T15:42:58","guid":{"rendered":"https:\/\/www.upo.es\/investiga\/globalhistory\/?page_id=1855"},"modified":"2023-03-07T15:51:58","modified_gmt":"2023-03-07T15:51:58","slug":"jorge-rojas","status":"publish","type":"page","link":"https:\/\/www.upo.es\/investiga\/globalhistory\/en\/jorge-rojas\/","title":{"rendered":"Jorge Rojas"},"content":{"rendered":"<div class=\"wp-block-image\"><figure class=\"aligncenter size-large is-resized\"><img loading=\"lazy\" decoding=\"async\" src=\"https:\/\/www.upo.es\/investiga\/globalhistory\/wp-content\/uploads\/2023\/03\/Jorge-Rojas-Foto-2-804x1024.jpeg\" alt=\"\" class=\"wp-image-1863\" width=\"249\" height=\"317\" srcset=\"https:\/\/www.upo.es\/investiga\/globalhistory\/wp-content\/uploads\/2023\/03\/Jorge-Rojas-Foto-2-804x1024.jpeg 804w, https:\/\/www.upo.es\/investiga\/globalhistory\/wp-content\/uploads\/2023\/03\/Jorge-Rojas-Foto-2-236x300.jpeg 236w, https:\/\/www.upo.es\/investiga\/globalhistory\/wp-content\/uploads\/2023\/03\/Jorge-Rojas-Foto-2-768x978.jpeg 768w, https:\/\/www.upo.es\/investiga\/globalhistory\/wp-content\/uploads\/2023\/03\/Jorge-Rojas-Foto-2-1207x1536.jpeg 1207w, https:\/\/www.upo.es\/investiga\/globalhistory\/wp-content\/uploads\/2023\/03\/Jorge-Rojas-Foto-2-9x12.jpeg 9w, https:\/\/www.upo.es\/investiga\/globalhistory\/wp-content\/uploads\/2023\/03\/Jorge-Rojas-Foto-2.jpeg 1257w\" sizes=\"(max-width: 249px) 100vw, 249px\" \/><\/figure><\/div>\n\n\n\n<p>Jorge Rojas Guti\u00e9rrez es graduado en Historia por la Universidad de Castilla-La Mancha (2020) con Premio Extraordinario de Fin de Grado y m\u00e1ster en Historia y Humanidades Digitales por la Universidad Pablo de Olavide (2021).<\/p>\n\n\n\n<p>Ha disfrutado de becas de introducci\u00f3n a la investigaci\u00f3n como una beca JAE-Intro en el CCHS del CSIC (2018) y una beca de colaboraci\u00f3n (MEFP) para tareas de investigaci\u00f3n en el Departamento de Historia de la Universidad de Castilla-La Mancha (2019-2020). Actualmente, realiza su tesis doctoral en la Universidad Pablo de Olavide en el marco de una ayuda FPU y con el t\u00edtulo <em>Los Borja entre N\u00e1poles y El Per\u00fa (1611-1658). Expansi\u00f3n y l\u00edmites de la aristocracia a trav\u00e9s del Imperio.<\/em> Adem\u00e1s, ha sido miembro del grupo de investigaci\u00f3n UPO-FEDER 1264973 \u201cEn busca de las aristocracias atl\u00e1nticas. Am\u00e9rica y las \u00e9lites en la Espa\u00f1a peninsular, 1492-1824\u201d.<\/p>\n\n\n\n<p>Su \u00e1rea de investigaci\u00f3n gira en torno a la aristocracia imperial en la Edad Moderna. En concreto, aborda la circulaci\u00f3n de las \u00e9lites a trav\u00e9s de distintos territorios de la Monarqu\u00eda Hisp\u00e1nica, incluido el espacio trasatl\u00e1ntico. Su estudio se centra en el despliegue de redes que las familias nobiliarias llevaban a cabo mediante mecanismos pol\u00edticos, matrimoniales o patrimoniales y c\u00f3mo se entrelazaban con otras estructuras como \u00f3rdenes religiosas e instituciones de gobierno.<\/p>","protected":false},"excerpt":{"rendered":"<p>Jorge Rojas Guti\u00e9rrez es graduado en Historia por la Universidad de Castilla-La Mancha (2020) con Premio Extraordinario de Fin de Grado y m\u00e1ster en Historia y Humanidades Digitales por la Universidad Pablo de Olavide (2021). Ha disfrutado de becas de introducci\u00f3n a la investigaci\u00f3n como una beca JAE-Intro en el [&hellip;]<\/p>","protected":false},"author":1,"featured_media":0,"parent":0,"menu_order":0,"comment_status":"closed","ping_status":"closed","template":"","meta":{"footnotes":""},"_links":{"self":[{"href":"https:\/\/www.upo.es\/investiga\/globalhistory\/en\/wp-json\/wp\/v2\/pages\/1855"}],"collection":[{"href":"https:\/\/www.upo.es\/investiga\/globalhistory\/en\/wp-json\/wp\/v2\/pages"}],"about":[{"href":"https:\/\/www.upo.es\/investiga\/globalhistory\/en\/wp-json\/wp\/v2\/types\/page"}],"author":[{"embeddable":true,"href":"https:\/\/www.upo.es\/investiga\/globalhistory\/en\/wp-json\/wp\/v2\/users\/1"}],"replies":[{"embeddable":true,"href":"https:\/\/www.upo.es\/investiga\/globalhistory\/en\/wp-json\/wp\/v2\/comments?post=1855"}],"version-history":[{"count":3,"href":"https:\/\/www.upo.es\/investiga\/globalhistory\/en\/wp-json\/wp\/v2\/pages\/1855\/revisions"}],"predecessor-version":[{"id":1864,"href":"https:\/\/www.upo.es\/investiga\/globalhistory\/en\/wp-json\/wp\/v2\/pages\/1855\/revisions\/1864"}],"wp:attachment":[{"href":"https:\/\/www.upo.es\/investiga\/globalhistory\/en\/wp-json\/wp\/v2\/media?parent=1855"}],"curies":[{"name":"wp","href":"https:\/\/api.w.org\/{rel}","templated":true}]}}