{"id":2073,"date":"2022-12-17T18:17:57","date_gmt":"2022-12-17T18:17:57","guid":{"rendered":"http:\/\/localhost\/AtlantoCracies_1\/?page_id=9"},"modified":"2022-12-17T18:17:57","modified_gmt":"2022-12-17T18:17:57","slug":"inicio-2","status":"publish","type":"page","link":"https:\/\/www.upo.es\/investiga\/globalhistory\/en\/inicio-2\/","title":{"rendered":"Origen"},"content":{"rendered":"<p style=\"text-align: justify;\">The study of the Iberian nobility on both sides of the ocean as two separate realities is a deeply rooted tradition, whether analyzing what is usually known as \"Indian\" nobility or considering some (very few, apart from those exercised as offices of the Monarchy) of the activities of Castilian titles in America (i.e. Maruri, 2003, 2007, 2007, 2009, 2017, Felices, 2012). There are isolated data in such perspectives that allow us to think of a different dimension and dynamics, which lead to one of the main questions addressed by this project: can we speak of a transatlantic nobility in the framework of the Hispanic Monarchy? From this approach we propose the possibility of investigating the spatial continuity - legal, social, human continuity, etc. - of the nobiliary fabric on both sides of the Atlantic, taking as a reference the group that would succeed in its process of social ascension and wondering about how it was able to take advantage of - or overcome the difficulties involved in - this transatlantic component.<\/p>\n<p style=\"text-align: justify;\">Esta investigaci\u00f3n, que profundiza y ampl\u00eda la senda de estudios abanderados por Bartolom\u00e9 Yun Casalilla sobre las aristocracias castellanas e ib\u00e9ricas y la circulaci\u00f3n y el papel de las \u00e9lites en la conformaci\u00f3n del primer imperio global (Yun, 2002, 2009 o 2019, as\u00ed como Yun y Janssens, 2005), intenta cubrir algunas lagunas existentes en la historiograf\u00eda y avanzar nuevos \u00e1mbitos de investigaci\u00f3n. Se trata de una perspectiva propia de la historia entrelazada que no solo ayuda a romper con una visi\u00f3n, hoy criticada, que subrayaba el inmovilismo de las aristocracias peninsulares (v\u00e9ase Yun, 1999 y Soria, 2000 y 2007, sobre todo), sino tambi\u00e9n a entender mejor la conjunci\u00f3n entre cambio y continuidad, as\u00ed como el proceso de ascensi\u00f3n social, que se produjo en las \u00e9lites del imperio.<\/p>\n<p style=\"text-align: justify;\">Such a perspective requires a study of a general nature, based on a solid and sophisticated relational database on as many individuals and families as possible, and a study of specific sagas to see how the relationships between the members of these groups and how each was projected on the opposite side of the ocean influenced the rise of family trunks. This \"game of scales\" will create questions about the general from the particular and vice versa, and will allow us to discover complimentary and contradictory dimensions hitherto unexplored or little emphasized (Revel, ed. 1996 and 2005).<\/p>\n<blockquote><p>FELICES DE LA FUENTE, Mar\u00eda del Mar. 2012. La nueva nobleza titulada de Espa\u00f1a y Am\u00e9rica en el siglo XVIII (1701-1746). Entre el m\u00e9rito y la venalidad. Almer\u00eda, Universidad de Almer\u00eda.<br \/>\nMARURI VILLANUEVA, Ram\u00f3n. 2003. \u201cDe la vieja Monta\u00f1a a la Nueva Espa\u00f1a: los caminos hacia la nobleza titulada (siglo XVIII)\u201d, F. J. Aranda P\u00e9rez (coord.). Burgueses o ciudadanos en la Espa\u00f1a moderna. Cuenca, Universidad de Castilla-La Mancha. pp. 257-302.<br \/>\n\u2014\u2014\u2014. 2007. \u201cNacidos para triunfar: promoci\u00f3n de indianos de la Espa\u00f1a cant\u00e1brica a la nobleza titulada (siglos XVII &#8211; XIX)\u201d, en L. Sazatornil Ruiz (coord.). Arte y mecenazgo indiano: del Cant\u00e1brico al Caribe. Gij\u00f3n, Trea. pp. 141-172.<br \/>\n\u2014\u2014\u2014. 2009. \u201cPoder con poder se paga: t\u00edtulos nobiliarios en Indias (1681-1821)\u201d, Revista de Indias. Vol. LXIX, N\u00fam. 246. pp.207-240.<br \/>\n\u2014\u2014\u2014. 2017. \u201cLa nobleza titulada en los virreinatos indianos (siglos XVIII-XIX)\u201d, en G. A. Franco Rubio, N. Gonz\u00e1lez Heras y E. de Lorenzo \u00c1lvarez (coords.). Espa\u00f1a y el continente americano en el siglo XVIII. Actas del VI Congreso Internacional de la Sociedad Espa\u00f1ola de Estudios del Siglo XVIII. Gij\u00f3n, Trea &#8211; Sociedad Espa\u00f1ola de Estudios del Siglo XVIII. pp. 335-351<br \/>\nREVEL, Jacques. 1996. Jeux d\u00b4echeles. La micro-analyse \u00e0 l\u00b4exp\u00e9rience. Paris, Gallimard-Le Suil.<br \/>\n\u2014\u2014\u2014. 2005. Un momento historiogr\u00e1fico. Trece ensayos de historia social. Buenos Aires, Manantial.<br \/>\nSORIA MESA, Enrique. 2000. El cambio inm\u00f3vil. Transformaciones y permanencias en una elite de poder (C\u00f3rdoba, siglos XVI-XIX). C\u00f3rdoba, Ayuntamiento de C\u00f3rdoba.<br \/>\n\u2014\u2014\u2014. 2007. La nobleza en la Espa\u00f1a moderna: cambio y continuidad. Madrid, Marcial Pons.<br \/>\nYUN CASALILLA, Bartolom\u00e9 y JANSSENS, Paul (eds.). 2005. European Aristocracies and Colonial Elites. Patrimonial Management Strategies and Economic Development, 15th- 18th Centuries, London, Ashgate.<br \/>\nYUN CASALILLA, Bartolom\u00e9. 1999. \u201cDel centro a la periferia: la econom\u00eda espa\u00f1ola bajo Carlos II\u201d. Studia Historica: Historia Moderna, N\u00fam. 20. pp. 45-75.<br \/>\n\u2014\u2014\u2014. 2002. La gesti\u00f3n del poder: Corona y econom\u00edas aristocr\u00e1ticas en Castilla (siglos XVI-XVIII). Madrid, Akal.<br \/>\n\u2014\u2014\u2014. 2009. Las redes del imperio: \u00e9lites sociales en la articulaci\u00f3n de la Monarqu\u00eda hisp\u00e1nica, 1492-1714. Madrid, Marcial Pons.<br \/>\n\u2014\u2014\u2014. 2019. Iberian World Empires and the Globalization of Europe, 1415-1668. Singapore, Palgrave-McMillan.<\/p><\/blockquote>","protected":false},"excerpt":{"rendered":"<p>Es una tradici\u00f3n muy arraigada estudiar las noblezas ib\u00e9ricas a ambos lados del oc\u00e9ano como dos realidades separadas. O bien se analiza lo que habitualmente se conoce como nobleza \u201cindiana\u201d, o bien se han considerado algunas (muy pocas, aparte de las ejercidas como cargos de la Monarqu\u00eda) de las actividades [&hellip;]<\/p>","protected":false},"author":1,"featured_media":0,"parent":0,"menu_order":0,"comment_status":"closed","ping_status":"closed","template":"page-templates\/template-fullwidth.php","meta":{"footnotes":""},"_links":{"self":[{"href":"https:\/\/www.upo.es\/investiga\/globalhistory\/en\/wp-json\/wp\/v2\/pages\/2073"}],"collection":[{"href":"https:\/\/www.upo.es\/investiga\/globalhistory\/en\/wp-json\/wp\/v2\/pages"}],"about":[{"href":"https:\/\/www.upo.es\/investiga\/globalhistory\/en\/wp-json\/wp\/v2\/types\/page"}],"author":[{"embeddable":true,"href":"https:\/\/www.upo.es\/investiga\/globalhistory\/en\/wp-json\/wp\/v2\/users\/1"}],"replies":[{"embeddable":true,"href":"https:\/\/www.upo.es\/investiga\/globalhistory\/en\/wp-json\/wp\/v2\/comments?post=2073"}],"version-history":[{"count":0,"href":"https:\/\/www.upo.es\/investiga\/globalhistory\/en\/wp-json\/wp\/v2\/pages\/2073\/revisions"}],"wp:attachment":[{"href":"https:\/\/www.upo.es\/investiga\/globalhistory\/en\/wp-json\/wp\/v2\/media?parent=2073"}],"curies":[{"name":"wp","href":"https:\/\/api.w.org\/{rel}","templated":true}]}}