{"id":2143,"date":"2022-12-19T17:11:31","date_gmt":"2022-12-19T17:11:31","guid":{"rendered":"http:\/\/localhost\/AtlantoCracies_1\/?page_id=154"},"modified":"2022-12-19T17:11:31","modified_gmt":"2022-12-19T17:11:31","slug":"colaborations-2","status":"publish","type":"page","link":"https:\/\/www.upo.es\/investiga\/globalhistory\/en\/colaborations-2\/","title":{"rendered":"Collaborations_2"},"content":{"rendered":"<div class=\"container\">\n<div class=\"profile\">\n<p><a href=\"https:\/\/orcid.org\/0000-0003-1724-0812\"><img loading=\"lazy\" decoding=\"async\" src=\"http:\/\/localhost\/AtlantoCracies_1\/wp-content\/uploads\/2023\/05\/0001810837.jpg\" alt=\"Foto del Autor\" class=\"author-image alignnone\" width=\"283\" height=\"370\" \/><\/a><\/p>\n<h3 class=\"author-name\" style=\"text-align: center;\">Bethany Aram<\/h3>\n<p><a href=\"https:\/\/www.upo.es\/investiga\/globalhistory\/en\/investigacion\/artempire\/\"><img loading=\"lazy\" decoding=\"async\" src=\"http:\/\/localhost\/AtlantoCracies_1\/wp-content\/uploads\/2023\/05\/logo_artempire.jpg\" alt=\"Logo del Proyecto\" class=\"logo alignnone\" width=\"180\" height=\"180\" \/><\/a><\/p>\n<\/div>\n<div class=\"profile\">\n<p><a href=\"https:\/\/orcid.org\/0000-0002-5684-4718\"><img loading=\"lazy\" decoding=\"async\" src=\"http:\/\/localhost\/AtlantoCracies_1\/wp-content\/uploads\/2023\/05\/Photo_JPDedieu.jpg\" alt=\"Foto del Autor\" class=\"author-image alignnone\" width=\"600\" height=\"721\" \/><\/a><\/p>\n<h3 class=\"author-name\" style=\"text-align: center;\">Jean Pierre Dedieu<\/h3>\n<p><a href=\"\/investiga\/globalhistory\/en\/enlace fichoz\/\" class=\"fichoz-link\">Fichoz<\/a><\/p>\n<\/div>\n<div class=\"profile\">\n<p><a href=\"https:\/\/orcid.org\/0000-0003-4520-3760\"><img loading=\"lazy\" decoding=\"async\" src=\"http:\/\/localhost\/AtlantoCracies_1\/wp-content\/uploads\/2023\/05\/Manuel-Perez-Garcia-2.jpg\" alt=\"Foto del Autor\" class=\"author-image alignnone\" width=\"331\" height=\"349\" \/><\/a><\/p>\n<h3 class=\"author-name\" style=\"text-align: center;\">Manuel P\u00e9rez Garc\u00eda<\/h3>\n<p><a href=\"https:\/\/www.gecem.eu\/\"><img loading=\"lazy\" decoding=\"async\" src=\"http:\/\/localhost\/AtlantoCracies_1\/wp-content\/uploads\/2023\/05\/gecem_logo.jpeg\" alt=\"Logo del Proyecto\" class=\"logo alignnone\" width=\"188\" height=\"188\" \/><\/a><\/p>\n<\/div>\n<div class=\"profile\">\n<p><a href=\"https:\/\/orcid.org\/0000-0002-5151-1586\"><img loading=\"lazy\" decoding=\"async\" src=\"http:\/\/localhost\/AtlantoCracies_1\/wp-content\/uploads\/2023\/06\/s200_igor.p_rez_tostado.jpg\" alt=\"Foto del Autor\" class=\"author-image alignnone\" width=\"200\" height=\"162\" \/><\/a><\/p>\n<h3 class=\"author-name\" style=\"text-align: center;\">Igor P\u00e9rez Tostado<\/h3>\n<p><a href=\"https:\/\/www.upo.es\/investiga\/globalhistory\/en\/\"><img loading=\"lazy\" decoding=\"async\" src=\"http:\/\/localhost\/AtlantoCracies_1\/wp-content\/uploads\/2023\/05\/paidlogo.png\" alt=\"Logo del Proyecto\" class=\"logo alignnone\" width=\"512\" height=\"512\" \/><\/a><\/p>\n<\/div>\n<\/div>","protected":false},"excerpt":{"rendered":"<p>Bethany Aram Jean Pierre Dedieu Fichoz Manuel P\u00e9rez Garc\u00eda Igor P\u00e9rez Tostado<\/p>","protected":false},"author":1,"featured_media":0,"parent":0,"menu_order":0,"comment_status":"closed","ping_status":"closed","template":"","meta":{"footnotes":""},"_links":{"self":[{"href":"https:\/\/www.upo.es\/investiga\/globalhistory\/en\/wp-json\/wp\/v2\/pages\/2143"}],"collection":[{"href":"https:\/\/www.upo.es\/investiga\/globalhistory\/en\/wp-json\/wp\/v2\/pages"}],"about":[{"href":"https:\/\/www.upo.es\/investiga\/globalhistory\/en\/wp-json\/wp\/v2\/types\/page"}],"author":[{"embeddable":true,"href":"https:\/\/www.upo.es\/investiga\/globalhistory\/en\/wp-json\/wp\/v2\/users\/1"}],"replies":[{"embeddable":true,"href":"https:\/\/www.upo.es\/investiga\/globalhistory\/en\/wp-json\/wp\/v2\/comments?post=2143"}],"version-history":[{"count":0,"href":"https:\/\/www.upo.es\/investiga\/globalhistory\/en\/wp-json\/wp\/v2\/pages\/2143\/revisions"}],"wp:attachment":[{"href":"https:\/\/www.upo.es\/investiga\/globalhistory\/en\/wp-json\/wp\/v2\/media?parent=2143"}],"curies":[{"name":"wp","href":"https:\/\/api.w.org\/{rel}","templated":true}]}}