{"id":2145,"date":"2022-12-19T17:12:46","date_gmt":"2022-12-19T17:12:46","guid":{"rendered":"http:\/\/localhost\/AtlantoCracies_1\/?page_id=156"},"modified":"2022-12-19T17:12:46","modified_gmt":"2022-12-19T17:12:46","slug":"publications-3","status":"publish","type":"page","link":"https:\/\/www.upo.es\/investiga\/globalhistory\/en\/publications-3\/","title":{"rendered":"Publications_2"},"content":{"rendered":"<p style=\"padding-left: 40px;\">[expand title= \u00abArticles\u00bb]<\/p>\n<ol>\n<li>D\u00edaz Ord\u00f3\u00f1ez, Manuel, Rodr\u00edguez Baena, Domingo S., Yun Casalilla, Bartolom\u00e9, \u00ab<a href=\"https:\/\/doi.org\/10.1093\/llc\/fqad033\">A new approach for the construction of historical databases. NoSQL document oriented databases: the example of AtlantoCracies<\/a>\u00bb, Digital Scholarship in the Humanities (Oxford University Press).<br \/>\n<hr \/>\n<\/li>\n<li>ACEPTADO \u2013 PENDIENTE PUBLICACI\u00d3N: Yun Casalilla, Bartolom\u00e9, \u00ab<a href=\"https:\/\/www.tandfonline.com\/journals\/ccla20\">Colonial Latin American History and Global History. Proposals on The Uses of Historical Knowledge<\/a>\u00bb, Colonial Latin American Review (Taylor &amp; Francis).\u00a0 Print ISSN: 1060-9164, Online ISSN: 1466-1802.<br \/>\n<hr \/>\n<\/li>\n<li>ACEPTADO \u2013 PENDIENTE PUBLICACI\u00d3N: Yun Casalilla, Bartolom\u00e9. \u00abHistoria global e historia de la globalizaci\u00f3n. Problemes, presente y usos.\u00bb En Actas del Congreso Internacional Elkano 22. Circunnavegando la Historia (19-21\/10\/2022, San Sebasti\u00e1n, Universidad del Pa\u00eds Vasco).<br \/>\n<hr \/>\n<\/li>\n<li>Yun Casalilla, \u00a0Bartolom\u00e9. \u00ab<a href=\"https:\/\/link.springer.com\/chapter\/10.1007\/978-981-19-8417-4_1\">Concepts and Viewpoints in Early Modern Iberian Imperial History and the Globalization of Historiographies<\/a>\u00bb. En F<em>ormative Modernities in the Early Modern Atlantic and Beyond: Identities, Polities and Glocal Economies<\/em>, editado por Veronika Hyden-Hanscho y Werner Stangl, 3-25. Singapore: Springer, 2023. DOI: 10.1007\/978-981-19-8417-4_1. ISBN: 978-981-19-8416-7.<br \/>\n<hr \/>\n<\/li>\n<li>Yun Casalilla, Bartolom\u00e9. \u00ab<a href=\"https:\/\/doi.org\/10.1017\/S1740022822000122\">Early Modern Iberian Empires, Global History and the History of Early Globalization<\/a>\u00bb. <em>Journal of Global History<\/em> 17, n.o 3 (2022): 539-61.<br \/>\n<hr \/>\n<\/li>\n<li>Yun Casalilla, Bartolom\u00e9. \u00ab<a href=\"https:\/\/hdl.handle.net\/1814\/73769\">Social Networks and Institutions in the Rise and \u201cCrisis\u201d of the Iberian World Empires<\/a>\u00bb. Editado por Tilmann Kulke y Irene Mar\u00eda Vicente Mart\u00edn. From Florence to Goa and Beyond. Essays in Early Modern Global History in Honor of Jorge Flores, HEC Working Paper. Department of History &amp; Civilization, European University Institute, n.o 01 (2022): 51-57.<br \/>\n<hr \/>\n<\/li>\n<li>Yun Casalilla, Bartolom\u00e9. \u00ab<a href=\"https:\/\/doi.org\/10.31447\/AS00032573.2021241.08\">Sobre din\u00e1micas imperiales y circulaci\u00f3n de modelos administrativos<\/a>\u00bb. <em>An\u00e1lise social<\/em> 56, n.<sup>o<\/sup> 241 (2021): 768-85.<br \/>\n<hr \/>\n<\/li>\n<li>Yun Casalilla, Bartolom\u00e9. \u00ab<a href=\"https:\/\/link.springer.com\/chapter\/10.1007\/978-981-16-0255-9_2\">Reflections of an Early Modern Historian on the Modern History of Corruption and Empire<\/a>\u00bb. En<em>\u00a0Corruption, Empire and Colonialism in the Modern Era: A Global Perspective,\u00a0<\/em>editado por Ronald Kroeze, Pol Dalmau, y Fr\u00e9d\u00e9ric Monier, 23-43. Singapore: Springer, 2021. \u00a0<em>\u00a0<\/em><\/li>\n<\/ol>\n<p>[\/expand]<\/p>\n<hr \/>\n<p>[expand title= \u00abWorks\u00bb]<\/p>\n<ol>\n<li>Garc\u00eda-Mont\u00f3n, Alejandro, <a href=\"https:\/\/www.routledge.com\/Genoese-Entrepreneurship-and-the-Asiento-Slave-Trade-16501700\/Garcia-Monton\/p\/book\/9781032150369\"><em>Genoese Entrepreneurship and the Asiento Slave Trade, 1650-1700<\/em><\/a>, London; New York, Routledge, 2022, ISBN 9781032150345. Colecci\u00f3n \u201cEarly Modern Iberian History in Global Contexts: Connexions\u201d. Directores: Harald E. Braun (University of Liverpool) y Pedro Cardim (Universidade Nova de Lisboa).<\/li>\n<\/ol>\n<hr \/>\n<p>&nbsp;<\/p>\n<p>[\/expand]<\/p>\n<hr \/>\n<p>[expand title= \u00abConference contributions\u00bb]<\/p>\n<ol>\n<li>Garc\u00eda Mont\u00f3n, A., \u201cInter-generational and Multi-modal Exploitation of Overseas Opportunities: Insights from the Grillo de Mondragone Family (c. 1660s-1720s)\u201d en workshop \u201cAristocratic Connections and Overseas Empires, 1492-1824\u201d, Universidad Pablo de Olavide, Sevilla, 12-13 de diciembre de 2022.<br \/>\n<hr \/>\n<\/li>\n<li>Rojas, J., \u201cAristocratic Networks between Naples and Peru. The case of Francisco de Borja y Arag\u00f3n (1581-1658): a Cross -border Agent in the Hispanic Monarchy\u201d, en Aristocratic Connections and Overseas Empires, 1492-1824 Workshop Universidad Pablo de Olavide (Sevilla) los d\u00edas 12 y 13 de diciembre de 2022.<br \/>\n<hr \/>\n<\/li>\n<li>Yun Casalilla, Bartolom\u00e9, D\u00edaz Ord\u00f3\u00f1ez, Manuel (Universidad de Sevilla), Rodr\u00edguez Baena, Domingo (UPO): Public presentation of the database \u201cAtlantoCracies: Transatlantic Nobilities in the Early Modern Spanish Monarchy\u201d, workshop <em>Aristocratic Connections and Overseas Empires<\/em>, 1492-1824, Universidad Pablo de Olavide, Sevilla, 12-13 de diciembre de 2022.<br \/>\n<hr \/>\n<\/li>\n<li>Yun Casalilla, Bartolom\u00e9, \u201cPreliminary remarks\u201d, workshop <em>Aristocratic Connections and Overseas Empires<\/em>, 1492-1824, Universidad Pablo de Olavide, Sevilla, 12-13 de diciembre de 2022.<br \/>\n<hr \/>\n<\/li>\n<li>Yun Casalilla, Bartolom\u00e9, \u201cColonial Latin American History and Global History. Proposals on The Uses of Historical Knowledge\u201d, en Simposio internacional <em>Futures of the Past: colonial Latin American Studies after 2022. A Symposium in honor of Colonial Latin American Review\u2019s 30th anniversary<\/em>. Stone Center for American Studies. Tulane University, Nueva Orleans (Florida). 04\/11\/2022.<br \/>\n<hr \/>\n<\/li>\n<li>Yun Casalilla, Bartolom\u00e9, \u201cHistoria global e historia de la globalizaci\u00f3n. Problemas, presente y usos\u201d, en Congreso Internacional Elkano 22. Circunnavegando la Historia, Fundaci\u00f3n Elkano \u2013 Universidad del Pa\u00eds Vasco, San Sebasti\u00e1n. 19-21\/10\/2022.<br \/>\n<hr \/>\n<\/li>\n<li>Yun Casalilla, Bartolom\u00e9, y Alejandro Garc\u00eda Mont\u00f3n, \u201cSocial networks, institutions, and informal enforcement mechanisms. An inquire into the Spanish Imperial capacity in a comparative perspective (c. 1500-1800)\u201d, Congreso XIX World Economic History Congress, en el marco del doble panel \u201cSocial Networks, Informal and Formal Enforcement Mechanisms, and Empires (c. 1400 \u2013 1850)\u201d, <em>The International Economic History Association<\/em>, Par\u00eds. 25-29\/07\/2022.<br \/>\n<hr \/>\n<\/li>\n<li>Yun Casalilla, Bartolom\u00e9, \u201cStudying Cross-border Aristocracies in Europe. What for?\u201d, en Workshop internacional <em>Les noblesses \u00abtransnationales\u00bb<\/em> en Europe (XIIIe-XXe si\u00e8cle), organizado por Albane Cogn\u00e9 (Universit\u00e9 de Tours), Bertrand Goujon (Universit\u00e9 de Reims, Eric Hassler (Universit\u00e9 de Strasbourg), Universit\u00e9 de Tours, Tours. 30\/06-02\/07\/2022.<br \/>\n<hr \/>\n<\/li>\n<li>Rojas, J., \u00abThe Borjas between Naples and Peru (1611-1658). Expansion and limits of aristocratic networks in the Hispanic global monarchy\u201d in <em>Les noblesses transationales<\/em> en Europe, XIIIe-XXe si\u00e8cle\u00bb, celebrado en l&#8217;Universit\u00e9 de Tours entre el 30 de junio y el 2 de julio de 2022.<br \/>\n<hr \/>\n<\/li>\n<li>D\u00edaz-Ord\u00f3\u00f1ez, M., Rodr\u00edguez Baena, D. S. y Yun Casalilla, B., (2022), \u201cAtlantoCracies: a new approach to the use of databases in historical research\u201d in 31st Annual Conference World History Association: distance, mobility and emigration, Bilbao, 23\/06\/2022.<br \/>\n<hr \/>\n<\/li>\n<li>Yun Casalilla, Bartolom\u00e9, \u201cHacia una historia global: retos y posibilidades\u201d, en <em>Quinto Seminario de Historia Glocal (SIGlo)<\/em>, Universidad de Sevilla, Sevilla. 18\/05\/2022.<br \/>\n<hr \/>\n<\/li>\n<li>Yun Casalilla, Bartolom\u00e9, \u201cIberian Empires\u2019 Institutions, Enforcement Mechanisms and Globalization in a Wider Perspective (16th and 17th centuries)\u201d, en Seminario \u201cEconomic and Social History of the Early Modern World, 1500-1800\u201d, Institute of Historical Research \u2013 University College London, Londres. 29\/04\/2022.<br \/>\n<hr \/>\n<\/li>\n<li>Yun Casalilla, Bartolom\u00e9, \u201cConclusiones finales\u201d, en Workshop internacional Searching for a new Arcadia: Colonialism and Utopias in the Global Pacific (19th-early 20th c.), Universitat Pompeu Fabra, Barcelona. 20-21\/04\/2022.<br \/>\n<hr \/>\n<\/li>\n<li>Yun Casalilla, Bartolome, \u00b7Social Networks, Social Capital and Institutional Enforcement Mechanisms in the Early Modern Iberian Empires: A Proposal for Imperial History\u00b7, en Max Weber Lecture Series 2021\/2022 \u2013 European University Institute, Florencia (Italia), 02\/03\/2022.<br \/>\n<hr \/>\n<\/li>\n<li>D\u00edaz-Ord\u00f3\u00f1ez, M., Mil\u00e1n-Agudo, M. J., Rodr\u00edguez Baena, D. S. and Yun Casalilla, B., (2021), \u201cAtlantoCracies: From relational to document-oriented databases (Transatlantic nobilities in the early modern Spanish Monarchy)\u201d, in <i>DataBases for the Study of Early Modern Elites in Europe and America<\/i>, Florence, 11\/11\/2021.<br \/>\n<hr \/>\n<\/li>\n<li>Garc\u00eda Mont\u00f3n, A., \u201cProblemas de la investigaci\u00f3n transdiciplinar\u201d junto a Igor Bogdanovic (Universidad Aut\u00f3noma de Barcelona), Juan Luis Font (SURF, Pa\u00edses Bajos) y Nuria Rodr\u00edguez (Universidad de M\u00e1laga). Seminario \u201cProyectos transdisciplinares en humanidades e inform\u00e1tica: mejorando la colaboraci\u00f3n entre disciplinas\u201d, organizado por Leticia Tobalina-Pulido (Universit\u00e9 de Pau et des Pays de l\u2019Adour y Casa de Vel\u00e1zquez \/ Universidad de Navarra), Juan Jos\u00e9 Pons Izquierdo (Universidad de Navarra) y C\u00e9sar Gonz\u00e1lez-P\u00e9rez &#8211; Laboratorio de Humanidades Digitales, Universidad de Navarra \u2013 Instituto de Ciencias del Patrimonio, CSIC, 29\/10\/2021.<br \/>\n<hr \/>\n<\/li>\n<li>Yun Casalilla, Bartolom\u00e9, Participaci\u00f3n en la mesa redonda \u201cCompara\u00e7\u00f5es entre Monarquias Ib\u00e9ricas\u201d (junto a Stuart Schwartz, Yale University, y Nuno Gon\u00e7alo Monteiro, Universidade de Lisboa), en Seminario Internacional Antigo Regime nos Tr\u00f3picos: 20 anos, Universidade Federal do Rio de Janeiro, R\u00edo de Janeiro, Brasil. 07\/10\/2021.<br \/>\n<hr \/>\n<\/li>\n<li>Yun Casalilla, Bartolom\u00e9, Presentaci\u00f3n y debate de la obra Os imp\u00e9rios ib\u00e9ricos e a globaliza\u00e7\u00e3o da Europa (s\u00e9culos XV a XVII), en Seminario Internacional de Estudos Globais, Universidade Aberta &#8211; Funda\u00e7\u00e3o Calouste Gulbenkian, Lisboa, Portugal. 01\/10\/2021<br \/>\n<hr \/>\n<\/li>\n<li>Yun Casalilla, Bartolom\u00e9, Moderador de sesi\u00f3n, en Primer workshop internacional La Compa\u00f1\u00eda de Jes\u00fas y sus actividades econ\u00f3micas en los Imperios Ib\u00e9ricos, Departamento de Historia de Am\u00e9rica, Universidad de Sevilla, Sevilla. 17\/09\/2021<br \/>\n<hr \/>\n<\/li>\n<li>Yun Casalilla, Bartolom\u00e9, \u201cReflections of an Early Modern Historian on the Modern History of Corruption and Empire\u201d, en Workshop <em>Book Launch Event: Kroeze, Dalmau and Monier (eds.), Corruption and Colonialism in the Modern Era. A Global Perspective (Singapore: Palgrave MacMillan, 2021)<\/em>, Vrije Universiteit Amsterdam, \u00c1msterdam, Holanda. 02\/07\/2021<br \/>\n<hr \/>\n<\/li>\n<li>Yun Casalilla, Bartolom\u00e9, \u201cConversatorio &#8211; Entrevista: Imperios Ib\u00e9ricos y la globalizaci\u00f3n de Europa, Historia Global, historia trans-nacional e Historia de los imperios en la temprana modernidad\u201d, en <em>Jornadas Conjuntas de Historia<\/em>, C\u00f3rdoba, Argentina. 22-25\/06\/2021.<br \/>\n<hr \/>\n<\/li>\n<li>Yun Casalilla, Bartolom\u00e9 (junto a Susanne Lachenicht), \u201cEarly Globalization, Cross-border Social Networks and the Making of Spain: A Methodological Problem and Some Thoughts\u201d, en Seminario permanente <em>Historical Perspectives on a Complex Relationship<\/em>. Universities of Bayreuth \u2013 University of Regensburg (Alemania). 07\/06\/2021.<br \/>\n<hr \/>\n<\/li>\n<li>Yun Casalilla, Bartolom\u00e9, \u201cBetween the Composite Monarchy and the Nation-State, 1492-1808: On the Making of Spain, or How to Explain a Historical Gap\u201d, en Conferencia internacional Nations &amp; Empires, Universit\u00e9 Toulouse &#8211; Jean Jaur\u00e8s. 04\/05\/2021.<br \/>\n<hr \/>\n<\/li>\n<li>Yun Casalilla, Bartolom\u00e9, Participante en el debate y discusi\u00f3n de la obra Valle Pav\u00f3n, Guillermina del (coord.), Negociaci\u00f3n, l\u00e1grimas y maldiciones. La fiscalidad extraordinaria en la monarqu\u00eda hisp\u00e1nica, 1620-1814 (2021), en <em>Seminario Interinstitucional de Historia Econ\u00f3mica<\/em>, Colegio de M\u00e9xico \u2013 Universidad Nacional Aut\u00f3noma de M\u00e9xico \u2013 Instituto Mora, M\u00e9xico D.F., M\u00e9xico. 18\/04\/2021.<br \/>\n<hr \/>\n<\/li>\n<li>Yun Casalillla, Bartolom\u00e9, \u201cQuestions on Carletti\u2019s Networks, Spanish Imperial Institutions and Something Else\u201d, Workshop Series <em>Carletti&#8217;s World Across Maritime Empires<\/em>, Department of History &amp; Civilization \u2013 European University Institute, Florencia. 12\/02\/2021.<br \/>\n<hr \/>\n<\/li>\n<li>Yun Casalilla, Bartolom\u00e9, Conferencia \u201cEl imperio espa\u00f1ol y la primera globalizaci\u00f3n. Siglos XVI y XVII\u201d, <em>Aula Cultural de AGNYM<\/em>, Amigos de Grandes Navegantes y Exploradores, Madrid. 26\/01\/2021.<br \/>\n<hr \/>\n<\/li>\n<li>Yun Casalilla, Bartolom\u00e9, Participaci\u00f3n en mesa redonda, Seminario <em>Noblesses \u00abtransnationales\u00bb<\/em> <em>en Europe (XIIIe-XXe si\u00e8cle)<\/em>, Universidad de Estrasburgo, Estrasburgo. 02\/10\/2020.<br \/>\n<hr \/>\n<\/li>\n<li>Yun Casalilla, Bartolom\u00e9, \u201cHistoria global e historia transnacional. Nuevas tendencias\u201d, en <em>CIRGEN Seminar series<\/em>, Proyecto \u201cCirculating Gender in the Global Enlightenment: Ideas, Networks, Agencies\u201d (ERC-2017-Advanced Grant-787015) &#8211; Universidad de Valencia. 17\/01\/2020.<br \/>\n<hr \/>\n<\/li>\n<li>Yun Casalilla, Bartolom\u00e9, Conferencia \u201cLos imperios ib\u00e9ricos y la soft globalization\u201d, Universidade Nova de Lisboa, Lisboa. 13\/01\/2020.<br \/>\n<hr \/>\n<\/li>\n<li>Yun Casalilla, Bartolom\u00e9, Conferencia \u201cEl Imperio espa\u00f1ol en Am\u00e9rica y la globalizaci\u00f3n. Siglos XVI y XVII\u201d, en Centro de Estudios de Am\u00e9rica- Casa Col\u00f3n, Valladolid. 09\/01\/2020.<br \/>\n<hr \/>\n<\/li>\n<li>D\u00edaz-Ord\u00f3\u00f1ez, M.,\u00a0 Rodr\u00edguez Baena, D. S. and Yun Casalilla, B., (2022), \u201cAtlantoCracies: a new approach to the use of databases in historical research\u201d in 31st Annual Conference World History Association: distance, mobility and emigration, Bilbao, 23\/06\/2022.<\/li>\n<\/ol>\n<p>[\/expand]<\/p>\n<hr \/>\n<p>[expand title= \u00abResearch stays\u00bb]<\/p>\n<p>1. Rojas, J. Lima (Per\u00fa) del 10 de septiembre al 10 de octubre. Trabajo desarrollado en el Archivo General de la Naci\u00f3n de Lima y en el Archivo Regional de Cusco. Financiaci\u00f3n proveniente del grupo FEDER UPO-1264973.<br \/>\n[\/expand]<\/p>\n<hr \/>\n<p>[expand title= \u00abEvents\u00bb]<\/p>\n<ol>\n<li>Workshop \u201cAristocratic Connections and Overseas Empires, 1492-1824\u201d, organizado por Bartolom\u00e9 Yun Casalilla (UPO), Alejandro Garc\u00eda Mont\u00f3n (UPO). Universidad Pablo de Olavide, Sevilla, 12-13 de diciembre de 2022 (14 ponentes provenientes de universidades y centros de investigaci\u00f3n como Trinity College (Dublin), Instituto de Ciencias Sociais \u2013 Universidade de Lisboa, Michigan State University, Harvard University o \u00c9cole Normale Superieur de Lyon).<br \/>\n<hr \/>\n<\/li>\n<li>Doble panel \u201cSocial Networks, Informal and Formal Enforcement Mechanisms, and Empires (c. 1400 &#8211; 1850)\u201d, congreso XIX World Economic History Congress (The International Economic History Association), Paris, 25-29 de julio 2022 (12 participantes provenientes de universidades y centros de investigaci\u00f3n como Centre Nationale de la Recherche scientifique &#8211; Ecole Normale Sup\u00e9rieure, Ohio State University, Tel Aviv University, Leiden University o Yale University) https:\/\/www.wehc2022.org\/program-details\/social-networks-informal-and-formal-enforcement-mechanisms-and-empires-c-1400-1850.<br \/>\n<hr \/>\n<\/li>\n<li>Data Bases for the Study of Early Modern Elites in Europe and America\u201d, organizado por Bartolom\u00e9 Yun Casalilla (UPO). <em>European Universtity Institute \u2013 Department of History and Civilization<\/em>, Florencia, 11 de noviembre de 2021.<\/li>\n<\/ol>\n<p>[\/expand]<\/p>\n<hr \/>\n<p>&nbsp;<\/p>","protected":false},"excerpt":{"rendered":"<p>[expand title= \u00abArticles\u00bb] D\u00edaz Ord\u00f3\u00f1ez, Manuel, Rodr\u00edguez Baena, Domingo S., Yun Casalilla, Bartolom\u00e9, \u00abA new approach for the construction of historical databases. NoSQL document oriented databases: the example of AtlantoCracies\u00bb, Digital Scholarship in the Humanities (Oxford University Press). ACEPTADO \u2013 PENDIENTE PUBLICACI\u00d3N: Yun Casalilla, Bartolom\u00e9, \u00abColonial Latin American History and [&hellip;]<\/p>","protected":false},"author":1,"featured_media":0,"parent":0,"menu_order":0,"comment_status":"closed","ping_status":"closed","template":"","meta":{"footnotes":""},"_links":{"self":[{"href":"https:\/\/www.upo.es\/investiga\/globalhistory\/en\/wp-json\/wp\/v2\/pages\/2145"}],"collection":[{"href":"https:\/\/www.upo.es\/investiga\/globalhistory\/en\/wp-json\/wp\/v2\/pages"}],"about":[{"href":"https:\/\/www.upo.es\/investiga\/globalhistory\/en\/wp-json\/wp\/v2\/types\/page"}],"author":[{"embeddable":true,"href":"https:\/\/www.upo.es\/investiga\/globalhistory\/en\/wp-json\/wp\/v2\/users\/1"}],"replies":[{"embeddable":true,"href":"https:\/\/www.upo.es\/investiga\/globalhistory\/en\/wp-json\/wp\/v2\/comments?post=2145"}],"version-history":[{"count":0,"href":"https:\/\/www.upo.es\/investiga\/globalhistory\/en\/wp-json\/wp\/v2\/pages\/2145\/revisions"}],"wp:attachment":[{"href":"https:\/\/www.upo.es\/investiga\/globalhistory\/en\/wp-json\/wp\/v2\/media?parent=2145"}],"curies":[{"name":"wp","href":"https:\/\/api.w.org\/{rel}","templated":true}]}}