{"id":2283,"date":"2024-02-27T12:27:12","date_gmt":"2024-02-27T12:27:12","guid":{"rendered":"https:\/\/www.upo.es\/investiga\/globalhistory\/?page_id=2283"},"modified":"2024-12-31T08:13:23","modified_gmt":"2024-12-31T08:13:23","slug":"omar-svriz-wurecher","status":"publish","type":"page","link":"https:\/\/www.upo.es\/investiga\/globalhistory\/en\/omar-svriz-wurecher\/","title":{"rendered":"Omar Svriz Wucherer"},"content":{"rendered":"<div class=\"wp-block-image\">\n<figure class=\"aligncenter size-full is-resized\"><img loading=\"lazy\" decoding=\"async\" width=\"900\" height=\"900\" src=\"https:\/\/www.upo.es\/investiga\/globalhistory\/wp-content\/uploads\/2024\/12\/Svriz-Wucherer-Omar_Foto-900x900-1.jpg\" alt=\"\" class=\"wp-image-2422\" style=\"width:348px;height:auto\" srcset=\"https:\/\/www.upo.es\/investiga\/globalhistory\/wp-content\/uploads\/2024\/12\/Svriz-Wucherer-Omar_Foto-900x900-1.jpg 900w, https:\/\/www.upo.es\/investiga\/globalhistory\/wp-content\/uploads\/2024\/12\/Svriz-Wucherer-Omar_Foto-900x900-1-300x300.jpg 300w, https:\/\/www.upo.es\/investiga\/globalhistory\/wp-content\/uploads\/2024\/12\/Svriz-Wucherer-Omar_Foto-900x900-1-150x150.jpg 150w, https:\/\/www.upo.es\/investiga\/globalhistory\/wp-content\/uploads\/2024\/12\/Svriz-Wucherer-Omar_Foto-900x900-1-768x768.jpg 768w, https:\/\/www.upo.es\/investiga\/globalhistory\/wp-content\/uploads\/2024\/12\/Svriz-Wucherer-Omar_Foto-900x900-1-12x12.jpg 12w\" sizes=\"(max-width: 900px) 100vw, 900px\" \/><\/figure><\/div>\n\n\n<p><\/p>\n\n\n\n<p>Pedro Omar Svriz Wucherer es Profesor y Licenciado en Historia por la Universidad Nacional del Nordeste, Argentina (2009 y 2011), M\u00e1ster en Historia de Europa, el Mundo Mediterr\u00e1neo y su Difusi\u00f3n Atl\u00e1ntica por la Universidad Pablo de Olavide (2013) y Doctor en Historia y Estudios Human\u00edsticos por la Universidad Pablo de Olavide (2019) bajo la supervisi\u00f3n de Bartolom\u00e9 Yun Casalilla. Premio Extraordinario de Doctorado convocatoria 2018-2019 (2022) y publicaciones de gran relevancia en Historia global y Comparada sobre la Compa\u00f1\u00eda de Jes\u00fas durante la \u00e9poca moderna, especialmente en Paraguay y Macao.<\/p>\n\n\n\n<p>Destacan 2 Monograf\u00edas, 2 Libros Editados, 19 Art\u00edculos en revistas revisadas por pares y 10 Cap\u00edtulos de libro en editoriales de alto impacto contribuyendo a la generaci\u00f3n de conocimiento sobre la agencia de los jesuitas y sus pr\u00e1cticas econ\u00f3micas y militares en la \u00e9poca moderna.<\/p>\n\n\n\n<p>Se ha desempe\u00f1ado como Investigador postdoctoral (2019-2021) en el Proyecto GECEM \u201cGlobal Encounters between China and Europe (1680-1840)\u201d (ERC-St.G.-679371) y fue Investigador Postdoctoral Juan de la Cierva-Formaci\u00f3n en la Universidad de Sevilla (2021-2023). Tambi\u00e9n se desempe\u00f1\u00f3 como Profesor Asociado (2019-2021) e Investigador Pre-doctoral FPU (2014-2018) ambos en el \u00c1rea de Historia Moderna de la UPO. En dicha Universidad adem\u00e1s fue Profesor sustituto Interino en el \u00c1rea de Historia Econ\u00f3mica (2023-2024). Adem\u00e1s, fue Profesor Auxiliar de Primera Categor\u00eda en la asignatura de Historia de Am\u00e9rica Colonial (2010-2013) en la Universidad Nacional del Nordeste (Argentina). Ha formado parte de diversos equipos de trabajo e investigaci\u00f3n en proyectos nacionales e internacionales.<\/p>\n\n\n\n<p>Ha realizado estancias de investigaci\u00f3n en reconocidos centros de investigaci\u00f3n de Alemania (Freie Universit\u00e4t Berlin), Argentina (Instituto de Investigaciones Geohist\u00f3ricas-CONICET y Universidad Nacional de Mar del Plata), China (Shanghai Jiao Tong University), Colombia (Biblioteca Luis \u00c1ngel Arango), Espa\u00f1a (Casa de Vel\u00e1zquez y Universidad de C\u00e1diz), Italia (European University Institute de Florencia y Universit\u00e1 degli Studi di Roma Tre) y Macao (Macau Ricci Institute). Su perfil internacional se refleja en haber impartido m\u00e1s de 70 conferencias en Alemania, Argentina, Bolivia, Brasil, China, Colombia, Espa\u00f1a, Francia, M\u00e9xico, Portugal, Per\u00fa y Reino Unido.<\/p>\n\n\n\n<p>Sus principales l\u00edneas de investigaci\u00f3n se centran en el accionar de la Compa\u00f1\u00eda de Jes\u00fas en territorios latinoamericanos, especialmente en el R\u00edo de la Plata y Paraguay, la historia militar de este tipo de fronteras y los intercambios comerciales desarrollados en esas tierras. En los \u00faltimos a\u00f1os ha profundizado en una historia comparada entre el accionar jesu\u00edtico en esas regiones latinoamericanas y las labores de aquella orden realizadas en Asia, espec\u00edficamente en Macao, sobre lo cual ha publicado su reciente monograf\u00eda <em>Jesuits and Asian Goods in the Iberian Empires, 1580-1700<\/em> en la <em>Serie Palgrave Studies in Comprative Global History<\/em> en 2023.<\/p>\n\n\n\n<p><a href=\"https:\/\/upo.academia.edu\/PedroOmarSvrizWucherer\">Profile in Academia.edu<\/a><\/p>\n\n\n\n<div class=\"wp-block-themeisle-blocks-advanced-columns has-undefined-columns has-desktop-undefined-layout has-tablet-equal-layout has-mobile-equal-layout has-default-gap has-vertical-unset\" id=\"wp-block-themeisle-blocks-advanced-columns-f3e4f669\"><div class=\"wp-block-themeisle-blocks-advanced-columns-overlay\"><\/div><div class=\"innerblocks-wrap\"><\/div><\/div>","protected":false},"excerpt":{"rendered":"<p>Pedro Omar Svriz Wucherer es Profesor y Licenciado en Historia por la Universidad Nacional del Nordeste, Argentina (2009 y 2011), M\u00e1ster en Historia de Europa, el Mundo Mediterr\u00e1neo y su Difusi\u00f3n Atl\u00e1ntica por la Universidad Pablo de Olavide (2013) y Doctor en Historia y Estudios Human\u00edsticos por la Universidad Pablo [&hellip;]<\/p>","protected":false},"author":1,"featured_media":0,"parent":0,"menu_order":0,"comment_status":"closed","ping_status":"closed","template":"","meta":{"footnotes":""},"_links":{"self":[{"href":"https:\/\/www.upo.es\/investiga\/globalhistory\/en\/wp-json\/wp\/v2\/pages\/2283"}],"collection":[{"href":"https:\/\/www.upo.es\/investiga\/globalhistory\/en\/wp-json\/wp\/v2\/pages"}],"about":[{"href":"https:\/\/www.upo.es\/investiga\/globalhistory\/en\/wp-json\/wp\/v2\/types\/page"}],"author":[{"embeddable":true,"href":"https:\/\/www.upo.es\/investiga\/globalhistory\/en\/wp-json\/wp\/v2\/users\/1"}],"replies":[{"embeddable":true,"href":"https:\/\/www.upo.es\/investiga\/globalhistory\/en\/wp-json\/wp\/v2\/comments?post=2283"}],"version-history":[{"count":5,"href":"https:\/\/www.upo.es\/investiga\/globalhistory\/en\/wp-json\/wp\/v2\/pages\/2283\/revisions"}],"predecessor-version":[{"id":2424,"href":"https:\/\/www.upo.es\/investiga\/globalhistory\/en\/wp-json\/wp\/v2\/pages\/2283\/revisions\/2424"}],"wp:attachment":[{"href":"https:\/\/www.upo.es\/investiga\/globalhistory\/en\/wp-json\/wp\/v2\/media?parent=2283"}],"curies":[{"name":"wp","href":"https:\/\/api.w.org\/{rel}","templated":true}]}}