{"id":43,"date":"2018-02-13T11:29:12","date_gmt":"2018-02-13T11:29:12","guid":{"rendered":"https:\/\/www.upo.es\/investiga\/globalhistory\/?page_id=43"},"modified":"2024-02-27T12:33:12","modified_gmt":"2024-02-27T12:33:12","slug":"miembros","status":"publish","type":"page","link":"https:\/\/www.upo.es\/investiga\/globalhistory\/en\/miembros\/","title":{"rendered":"Members"},"content":{"rendered":"<p>The PAIDI research group Historia de la Globalizaci\u00f3n (History of Globalization) (HUM 1000) was born in the spring of 2017, as a result of the interest of a group or Early Modern historians of Universidad Pablo de Olavide in the processes of violence, negotiation and interculturality shaping the Early Modern world and the globalization process.<\/p>\n\n\n\n<p>The objective of the group is to provide room for diverse projects (regional, national, and European-wide), to generate synergies among them, among the researchers belonging to the group, and among the activities that they carry out. This group also aims to promote permanent links with other researchers, groups, or institutions interested in Early Modern History from a global perspective.<\/p>\n\n\n\n<p>The group organizes its activities as presentations of research results of its members, conferences, research seminars, etc.<\/p>\n\n\n\n<p>Currently, the members of the group are:<\/p>\n\n\n<p style=\"text-align: center;\"><strong><a href=\"https:\/\/www.upo.es\/investiga\/globalhistory\/en\/investigadores\/amelia-almorza-hidalgo\/\">Amelia Almorza Hidalgo<\/a><\/strong><\/p>\n<p style=\"text-align: center;\"><strong><a href=\"https:\/\/www.upo.es\/investiga\/globalhistory\/en\/bethany-aram\/\">Bethany Aram<\/a><\/strong><\/p>\n<p style=\"text-align: center;\"><strong><a href=\"https:\/\/www.upo.es\/investiga\/globalhistory\/en\/investigadores\/ilaria-berti\/\">Ilaria Berti<\/a><\/strong><\/p>\n<p style=\"text-align: center;\"><strong><a href=\"https:\/\/www.upo.es\/investiga\/globalhistory\/en\/miembros\/brice-cossart\/\">Brice Cossart<\/a><\/strong><\/p>\n<p style=\"text-align: center;\"><strong><a href=\"https:\/\/www.upo.es\/investiga\/globalhistory\/en\/investigadores\/jorge-diaz-ceballos\/\">Jorge D\u00edaz Ceballos<\/a><\/strong><\/p>\n<p style=\"text-align: center;\"><a href=\"https:\/\/www.upo.es\/investiga\/globalhistory\/en\/miembros\/jose-miguel-escribano-paez\/\"><strong>Jos\u00e9 Miguel Escribano P\u00e1ez<\/strong><\/a><\/p>\n<p style=\"text-align: center;\"><strong><a href=\"https:\/\/www.upo.es\/investiga\/globalhistory\/en\/investigadores\/alejandro-garcia-monton\/\">Alejandro Garc\u00eda Mont\u00f3n<\/a><\/strong><\/p>\n<p style=\"text-align: center;\"><strong><a href=\"https:\/\/www.upo.es\/investiga\/globalhistory\/en\/investigadores\/jose-luis-gasch-tomas\/\">Jos\u00e9 Luis Gasch Tom\u00e1s<\/a><\/strong><\/p>\n<p style=\"text-align: center;\"><strong><a href=\"https:\/\/www.upo.es\/investiga\/globalhistory\/en\/investigadores\/manuel-perez-garcia\/\">Manuel P\u00e9rez Garc\u00eda<\/a><\/strong><\/p>\n<p style=\"text-align: center;\"><strong><a href=\"https:\/\/www.upo.es\/investiga\/globalhistory\/en\/investigadores\/igor-perez-tostado\/\">Igor P\u00e9rez Tostado<\/a><\/strong><\/p>\n<p style=\"text-align: center;\"><a href=\"https:\/\/www.upo.es\/investiga\/globalhistory\/en\/omar-svriz-wurecher\/\"><strong>Omar Svriz Wucherer<\/strong><\/a><\/p>\n<p style=\"text-align: center;\"><strong><a href=\"https:\/\/www.upo.es\/investiga\/globalhistory\/en\/miembros\/antonio-real-botija\/\">Antonio Real Botija<\/a><\/strong><\/p>\n<p style=\"text-align: center;\"><strong><a href=\"https:\/\/www.upo.es\/investiga\/globalhistory\/en\/investigadores\/bartolome-yun-casalilla\/\">Bartolom\u00e9 Yun Casalilla<\/a><\/strong><\/p>\n<p style=\"text-align: center;\"><a href=\"https:\/\/www.upo.es\/investiga\/globalhistory\/en\/jorge-rojas\/\"><strong>Jorge Rojas<\/strong><\/a><\/p>\n<p style=\"text-align: center;\"><a href=\"https:\/\/www.upo.es\/investiga\/globalhistory\/en\/elisa-barbero-valderrama\/\"><strong>Elisa Barbero Valderrama<\/strong><\/a><\/p>\n<p style=\"text-align: center;\"><strong><a href=\"https:\/\/www.upo.es\/investiga\/globalhistory\/en\/matteo-binasco\/\">Matteo Binasco<\/a><\/strong><\/p>\n<p style=\"text-align: center;\"><a href=\"https:\/\/www.upo.es\/investiga\/globalhistory\/en\/joao-vicente-melo\/\"><strong><span>Jo\u00e3o\u00a0<\/span>Vicente Melo<\/strong><\/a><\/p>\n\n\n<p class=\"has-text-align-center\"><\/p>","protected":false},"excerpt":{"rendered":"<p>El grupo PAI HUM 1000 Historia de la Globalizaci\u00f3n naci\u00f3 en primavera de 2017 a raiz del inter\u00e9s de historiadores modernistas de la Universidad Pablo de Olavide en torno a los procesos de violencia, negociaci\u00f3n e interculturalidad que est\u00e1n en la conformaci\u00f3n del mundo moderno y del proceso de globalizaci\u00f3n. [&hellip;]<\/p>","protected":false},"author":1,"featured_media":0,"parent":0,"menu_order":2,"comment_status":"closed","ping_status":"closed","template":"","meta":{"footnotes":""},"_links":{"self":[{"href":"https:\/\/www.upo.es\/investiga\/globalhistory\/en\/wp-json\/wp\/v2\/pages\/43"}],"collection":[{"href":"https:\/\/www.upo.es\/investiga\/globalhistory\/en\/wp-json\/wp\/v2\/pages"}],"about":[{"href":"https:\/\/www.upo.es\/investiga\/globalhistory\/en\/wp-json\/wp\/v2\/types\/page"}],"author":[{"embeddable":true,"href":"https:\/\/www.upo.es\/investiga\/globalhistory\/en\/wp-json\/wp\/v2\/users\/1"}],"replies":[{"embeddable":true,"href":"https:\/\/www.upo.es\/investiga\/globalhistory\/en\/wp-json\/wp\/v2\/comments?post=43"}],"version-history":[{"count":42,"href":"https:\/\/www.upo.es\/investiga\/globalhistory\/en\/wp-json\/wp\/v2\/pages\/43\/revisions"}],"predecessor-version":[{"id":2287,"href":"https:\/\/www.upo.es\/investiga\/globalhistory\/en\/wp-json\/wp\/v2\/pages\/43\/revisions\/2287"}],"wp:attachment":[{"href":"https:\/\/www.upo.es\/investiga\/globalhistory\/en\/wp-json\/wp\/v2\/media?parent=43"}],"curies":[{"name":"wp","href":"https:\/\/api.w.org\/{rel}","templated":true}]}}