{"id":620,"date":"2018-10-26T09:02:55","date_gmt":"2018-10-26T09:02:55","guid":{"rendered":"https:\/\/www.upo.es\/investiga\/globalhistory\/?page_id=620"},"modified":"2022-06-14T09:16:33","modified_gmt":"2022-06-14T09:16:33","slug":"jose-miguel-escribano-paez","status":"publish","type":"page","link":"https:\/\/www.upo.es\/investiga\/globalhistory\/en\/miembros\/jose-miguel-escribano-paez\/","title":{"rendered":"Jos\u00e9 Miguel Escribano P\u00e1ez"},"content":{"rendered":"<p><img loading=\"lazy\" decoding=\"async\" class=\"alignnone size-medium wp-image-619 aligncenter\" src=\"https:\/\/www.upo.es\/investiga\/globalhistory\/wp-content\/uploads\/2018\/10\/DSC_3369-e1540540859923-296x300.jpg\" alt=\"\" width=\"296\" height=\"300\" srcset=\"https:\/\/www.upo.es\/investiga\/globalhistory\/wp-content\/uploads\/2018\/10\/DSC_3369-e1540540859923-296x300.jpg 296w, https:\/\/www.upo.es\/investiga\/globalhistory\/wp-content\/uploads\/2018\/10\/DSC_3369-e1540540859923-768x780.jpg 768w, https:\/\/www.upo.es\/investiga\/globalhistory\/wp-content\/uploads\/2018\/10\/DSC_3369-e1540540859923-1009x1024.jpg 1009w\" sizes=\"(max-width: 296px) 100vw, 296px\" \/><\/p>\n<p>Jos\u00e9 Miguel Escribano holds a Bachelor of Arts in History from the Universidad de Alcal\u00e1 and a Ph.D. in History and Civilization from the European University Institute (2016). His doctoral work&nbsp;<em>Juan Rena and the Construction of the Hispanic Monarchy (1500-1540)<\/em>&nbsp;realizada bajo la supervisi\u00f3n de Jorge Flores (Vasco da Gama Chair in Early Modern Global History) analizaba la configuraci\u00f3n del imperio hispano vista desde los agentes que se encargaban de construirlo a ras de suelo en diferentes contextos fronterizos. Precisamente la construcci\u00f3n de las fronteras de la Monarqu\u00eda Hisp\u00e1nica constituye su principal campo de trabajo. As\u00ed, desde sus primeros trabajos sobre la construcci\u00f3n de la frontera militar en Navarra ha ido ampliando el espectro de sus investigaciones para pasar a estudiar la configuraci\u00f3n de espacios pol\u00edticos en la frontera Ibero-Magreb\u00ed o la cambiante relaci\u00f3n entre las fronteras pol\u00edticas y religiosas en el mundo Mediterr\u00e1neo de principios del siglo XVI.<\/p>\n<p>Su actual l\u00ednea de investigaci\u00f3n se centra en la configuraci\u00f3n de los mecanismos interculturales de resoluci\u00f3n de conflictos y contenci\u00f3n de la violencia en las fronteras globales de los imperios ib\u00e9ricos. Fruto de esta l\u00ednea de investigaci\u00f3n es su actual proyecto \u201cOn the Frontiers of Peace. Cross-cultural Peacebuilding on the Frontiers of the Iberian Empires (1500-1580)\u201d (H2020 MSCA IF-2016 GA 748592) en el que, a partir del estudio de una serie de casos de \u00c1frica, Am\u00e9rica y Asia, analiza c\u00f3mo se reconstru\u00edan las interacciones pac\u00edficas tras episodios de violencia intercultural en el marco de la expansi\u00f3n europea.<\/p>\n\n\n<p>Location:\u00a0<strong>\u00a0<\/strong>Edificio 2, Planta 3, Despacho 35<\/p>\n\n\n\n<p>Correo electr\u00f3nico:\u00a0jmescpae@upo.es<\/p>","protected":false},"excerpt":{"rendered":"<p>Jos\u00e9 Miguel Escribano es licenciado en Historia por la Universidad de Alcal\u00e1 y doctor en Historia y Civilizaci\u00f3n por el European University Institute (2016). Su tesis doctoral&nbsp;Juan Rena and the Construction of the Hispanic Monarchy (1500-1540)&nbsp;realizada bajo la supervisi\u00f3n de Jorge Flores (Vasco da Gama Chair in Early Modern Global [&hellip;]<\/p>","protected":false},"author":1,"featured_media":0,"parent":43,"menu_order":6,"comment_status":"closed","ping_status":"closed","template":"","meta":{"footnotes":""},"_links":{"self":[{"href":"https:\/\/www.upo.es\/investiga\/globalhistory\/en\/wp-json\/wp\/v2\/pages\/620"}],"collection":[{"href":"https:\/\/www.upo.es\/investiga\/globalhistory\/en\/wp-json\/wp\/v2\/pages"}],"about":[{"href":"https:\/\/www.upo.es\/investiga\/globalhistory\/en\/wp-json\/wp\/v2\/types\/page"}],"author":[{"embeddable":true,"href":"https:\/\/www.upo.es\/investiga\/globalhistory\/en\/wp-json\/wp\/v2\/users\/1"}],"replies":[{"embeddable":true,"href":"https:\/\/www.upo.es\/investiga\/globalhistory\/en\/wp-json\/wp\/v2\/comments?post=620"}],"version-history":[{"count":5,"href":"https:\/\/www.upo.es\/investiga\/globalhistory\/en\/wp-json\/wp\/v2\/pages\/620\/revisions"}],"predecessor-version":[{"id":1752,"href":"https:\/\/www.upo.es\/investiga\/globalhistory\/en\/wp-json\/wp\/v2\/pages\/620\/revisions\/1752"}],"up":[{"embeddable":true,"href":"https:\/\/www.upo.es\/investiga\/globalhistory\/en\/wp-json\/wp\/v2\/pages\/43"}],"wp:attachment":[{"href":"https:\/\/www.upo.es\/investiga\/globalhistory\/en\/wp-json\/wp\/v2\/media?parent=620"}],"curies":[{"name":"wp","href":"https:\/\/api.w.org\/{rel}","templated":true}]}}