{"id":627,"date":"2018-10-29T08:01:37","date_gmt":"2018-10-29T08:01:37","guid":{"rendered":"https:\/\/www.upo.es\/investiga\/globalhistory\/?page_id=627"},"modified":"2021-06-29T13:10:13","modified_gmt":"2021-06-29T13:10:13","slug":"on-the-frontiers-of-peace-cross-cultural-peacebuilding-on-the-frontiers-of-the-iberian-empires-1500-1580-h2020-msca-if-2016-ga-748592","status":"publish","type":"page","link":"https:\/\/www.upo.es\/investiga\/globalhistory\/en\/proyectos\/on-the-frontiers-of-peace-cross-cultural-peacebuilding-on-the-frontiers-of-the-iberian-empires-1500-1580-h2020-msca-if-2016-ga-748592\/","title":{"rendered":"On the Frontiers of Peace. Cross-cultural Peacebuilding on the Frontiers of the Iberian Empires (1500-1580) (H2020 MSCA IF-2016 GA 748592)"},"content":{"rendered":"<p>We usually think of the European expansion of the early modern era in terms of military conquest and violent occupation. However, another dimension of this historical process, the limitation of violence, has attracted little attention to the researchers. \nThis project does not aim to whitewash the history of the Iberian empire's construction, ignoring its violent dimension, but to better understand this phenomenon by analyzing how the limitation of violence was attempted in the global frontiers of the Iberian empires.  \nThe Portuguese and the Spanish (as well as English, Dutch, etc., after them) carried out a frequent use of violence in their interactions with American, African, and Asian societies with which they contacted along the seventeenth century. However, its survival outside the old continent greatly depended on its capacity to go beyond the paroxysmal violence that frequently shaped the first contacts, and above all, to establish limits on its practice. Sometimes, these attempts to agree on shared rules that would serve to limit violence clashed against a key obstacle: deep cultural divisions.<\/p>\n<p>As the intense global connections generated new ways of trans-cultural violence, these connections also created the need to find new ways to limit them. \nThe main objective of this project is to explain how violence was contained in the global frontiers of expanding Iberian empires. \nTo reach that objective, different processes of escalation and de-escalation of intercultural violence in different settings (from North Africa to Southeast Asia) that allow us to understand how the resulting societies of the Iberian expansion developed mechanisms to contain intercultural violence from below.<\/p>\n<p>Principal investigator <a href=\"https:\/\/www.upo.es\/investiga\/globalhistory\/en\/investigadores\/jose-miguel-escribano-paez\/\">Jos\u00e9 Miguel Escribano P\u00e1ez<\/a><\/p>\n<p><a href=\"https:\/\/cordis.europa.eu\/project\/rcn\/212632_en.html\">Website of the project<\/a><\/p>\n<div><\/div>","protected":false},"excerpt":{"rendered":"<p>Solemos pensar la expansi\u00f3n europea de la edad moderna en t\u00e9rminos de conquista militar y ocupaci\u00f3n violenta. Sin embargo, otro aspecto de este proceso hist\u00f3rico, la limitaci\u00f3n de la violencia, ha atra\u00eddo mucha menos atenci\u00f3n de los investigadores. Este proyecto no pretende blanquear la historia de la construcci\u00f3n de los [&hellip;]<\/p>","protected":false},"author":1,"featured_media":0,"parent":40,"menu_order":6,"comment_status":"closed","ping_status":"closed","template":"","meta":{"footnotes":""},"_links":{"self":[{"href":"https:\/\/www.upo.es\/investiga\/globalhistory\/en\/wp-json\/wp\/v2\/pages\/627"}],"collection":[{"href":"https:\/\/www.upo.es\/investiga\/globalhistory\/en\/wp-json\/wp\/v2\/pages"}],"about":[{"href":"https:\/\/www.upo.es\/investiga\/globalhistory\/en\/wp-json\/wp\/v2\/types\/page"}],"author":[{"embeddable":true,"href":"https:\/\/www.upo.es\/investiga\/globalhistory\/en\/wp-json\/wp\/v2\/users\/1"}],"replies":[{"embeddable":true,"href":"https:\/\/www.upo.es\/investiga\/globalhistory\/en\/wp-json\/wp\/v2\/comments?post=627"}],"version-history":[{"count":3,"href":"https:\/\/www.upo.es\/investiga\/globalhistory\/en\/wp-json\/wp\/v2\/pages\/627\/revisions"}],"predecessor-version":[{"id":1049,"href":"https:\/\/www.upo.es\/investiga\/globalhistory\/en\/wp-json\/wp\/v2\/pages\/627\/revisions\/1049"}],"up":[{"embeddable":true,"href":"https:\/\/www.upo.es\/investiga\/globalhistory\/en\/wp-json\/wp\/v2\/pages\/40"}],"wp:attachment":[{"href":"https:\/\/www.upo.es\/investiga\/globalhistory\/en\/wp-json\/wp\/v2\/media?parent=627"}],"curies":[{"name":"wp","href":"https:\/\/api.w.org\/{rel}","templated":true}]}}