{"id":708,"date":"2019-02-26T09:06:51","date_gmt":"2019-02-26T09:06:51","guid":{"rendered":"https:\/\/www.upo.es\/investiga\/globalhistory\/?page_id=708"},"modified":"2022-06-15T15:57:54","modified_gmt":"2022-06-15T15:57:54","slug":"antonio-real-botija","status":"publish","type":"page","link":"https:\/\/www.upo.es\/investiga\/globalhistory\/en\/miembros\/antonio-real-botija\/","title":{"rendered":"Antonio Real Botija"},"content":{"rendered":"<p><\/p>\n\n\n\n<div class=\"wp-block-image\"><figure class=\"aligncenter size-large\"><img loading=\"lazy\" decoding=\"async\" width=\"768\" height=\"1024\" src=\"https:\/\/www.upo.es\/investiga\/globalhistory\/wp-content\/uploads\/2020\/02\/Fotografi\u0301a-2-768x1024.jpg\" alt=\"\" class=\"wp-image-875\" srcset=\"https:\/\/www.upo.es\/investiga\/globalhistory\/wp-content\/uploads\/2020\/02\/Fotografi\u0301a-2-768x1024.jpg 768w, https:\/\/www.upo.es\/investiga\/globalhistory\/wp-content\/uploads\/2020\/02\/Fotografi\u0301a-2-225x300.jpg 225w, https:\/\/www.upo.es\/investiga\/globalhistory\/wp-content\/uploads\/2020\/02\/Fotografi\u0301a-2.jpg 960w\" sizes=\"(max-width: 768px) 100vw, 768px\" \/><\/figure><\/div>\n\n\n\n<p> <br>Antonio Real Botija holds a Ph.D. in Early Modern History from the Universidad Pablo de Olavide in co-tutelle with the Ludwig-Maximilians-Universit\u00e4t (2018). His thesis was about the relation between the Crown and the first scriveners in the Philippines in the sixteenth century during the reign of Philip II within the framework of two processes: the need of men who mastered writing in an island enclave and far from other dominions of the Hispanic Monarchy and, on the other hand, the intervention of the Crown in venal office, especially in writing-related jobs, in the second half of the sixteenth century.  \nHe has contributed with several communications in national and international conferences, has realized reviews on the Hispanic period of the Philippines, and has published articles on the Hispanic Monarchy, writing, and scriveners. He has just published the book emerging from his doctoral work in <a href=\"https:\/\/www.albatrosediciones.com\/coleccion.php?recordID=2&amp;nom=coleccion-historia-de-espana\">albatros<\/a>.<\/p>\n\n\n\n<p>From August 2019, is \u00abassegnista di ricerca\u00bb of the project Prestiti forzosi e crisi del debito sovrano in Europa, lead by professor Diego Sardone. The project aims to research forced loans in Spain and Italy in the Early Modern and Modern periods. The Castilian case of the Early Modern period focuses on studying the confiscation of precious metals of the West Indies Fleet that took place in Seville during the sixteenth and seventeenth centuries.<\/p>\n\n\n\n<p>Correo electr\u00f3nico: antoniorealbotija@gmail.com <\/p>\n\n\n\n<p><a href=\"https:\/\/unina.academia.edu\/AntonioRealBotija\">Profile in Academia.edu<\/a><\/p>","protected":false},"excerpt":{"rendered":"<p>Antonio Real Botija es doctor en Historia Moderna en la Universidad Pablo de Olavide en cotutela con la Ludwig-Maximilians-Universit\u00e4t (2018). Su tesis vers\u00f3 sobre la relaci\u00f3n entre la Corona y los primeros escribanos de las islas Filipinas en el siglo XVI durante el reinado de Felipe II en el marco [&hellip;]<\/p>","protected":false},"author":1,"featured_media":0,"parent":43,"menu_order":11,"comment_status":"closed","ping_status":"closed","template":"","meta":{"footnotes":""},"_links":{"self":[{"href":"https:\/\/www.upo.es\/investiga\/globalhistory\/en\/wp-json\/wp\/v2\/pages\/708"}],"collection":[{"href":"https:\/\/www.upo.es\/investiga\/globalhistory\/en\/wp-json\/wp\/v2\/pages"}],"about":[{"href":"https:\/\/www.upo.es\/investiga\/globalhistory\/en\/wp-json\/wp\/v2\/types\/page"}],"author":[{"embeddable":true,"href":"https:\/\/www.upo.es\/investiga\/globalhistory\/en\/wp-json\/wp\/v2\/users\/1"}],"replies":[{"embeddable":true,"href":"https:\/\/www.upo.es\/investiga\/globalhistory\/en\/wp-json\/wp\/v2\/comments?post=708"}],"version-history":[{"count":7,"href":"https:\/\/www.upo.es\/investiga\/globalhistory\/en\/wp-json\/wp\/v2\/pages\/708\/revisions"}],"predecessor-version":[{"id":1763,"href":"https:\/\/www.upo.es\/investiga\/globalhistory\/en\/wp-json\/wp\/v2\/pages\/708\/revisions\/1763"}],"up":[{"embeddable":true,"href":"https:\/\/www.upo.es\/investiga\/globalhistory\/en\/wp-json\/wp\/v2\/pages\/43"}],"wp:attachment":[{"href":"https:\/\/www.upo.es\/investiga\/globalhistory\/en\/wp-json\/wp\/v2\/media?parent=708"}],"curies":[{"name":"wp","href":"https:\/\/api.w.org\/{rel}","templated":true}]}}