{"id":132,"date":"2018-02-15T10:22:43","date_gmt":"2018-02-15T10:22:43","guid":{"rendered":"https:\/\/www.upo.es\/investiga\/globalhistory\/?page_id=132"},"modified":"2018-03-05T08:36:45","modified_gmt":"2018-03-05T08:36:45","slug":"encuentros-globales-entre-china-y-europa-1680-1840","status":"publish","type":"page","link":"https:\/\/www.upo.es\/investiga\/globalhistory\/proyectos\/encuentros-globales-entre-china-y-europa-1680-1840\/","title":{"rendered":"Encuentros globales entre China y Europa (1680-1840) (ERC &#8211; StG 679371)"},"content":{"rendered":"<p>En la \u00faltima d\u00e9cada se han enfatizado los enfoques de la historia global para visualizar el progreso, la forma y el m\u00e9todo que los historiadores han llevado a cabo al llevar a cabo ambiciosos proyectos de investigaci\u00f3n para analizar y comparar diversas \u00e1reas geogr\u00e1ficas y culturales de Asia y Europa. Pero cuando se trata de comparaciones y estudios transculturales en Europa y Asia, algunos trabajos acad\u00e9micos han superado las ambig\u00fcedades al definir las unidades geogr\u00e1ficas y la cronolog\u00eda. En este proyecto, las percepciones y di\u00e1logos entre China y Europa se analizan mediante el an\u00e1lisis de sitios geopol\u00edticos estrat\u00e9gicos que fomentan el comercio, el consumo y las redes socioecon\u00f3micas entre China y Europa de 1680 a 1840 a trav\u00e9s de un estudio de caso particular: Macau, conectando con el sur de China y Marsella en el Mediterr\u00e1neo Europa.<\/p>\n<p>Director: <a href=\"https:\/\/www.upo.es\/investiga\/globalhistory\/investigadores\/manuel-perez-garcia\/\">Manuel P\u00e9rez Garc\u00eda<\/a><\/p>\n<p><a href=\"http:\/\/www.gecem.eu\/\">Web del proyecto<\/a><\/p>\n<p>&nbsp;<\/p>\n","protected":false},"excerpt":{"rendered":"<p>En la \u00faltima d\u00e9cada se han enfatizado los enfoques de la historia global para visualizar el progreso, la forma y el m\u00e9todo que los historiadores han llevado a cabo al llevar a cabo ambiciosos proyectos de investigaci\u00f3n para analizar y comparar diversas \u00e1reas geogr\u00e1ficas y culturales de Asia y Europa. [&hellip;]<\/p>\n","protected":false},"author":1,"featured_media":0,"parent":40,"menu_order":3,"comment_status":"closed","ping_status":"closed","template":"","meta":{"footnotes":""},"_links":{"self":[{"href":"https:\/\/www.upo.es\/investiga\/globalhistory\/wp-json\/wp\/v2\/pages\/132"}],"collection":[{"href":"https:\/\/www.upo.es\/investiga\/globalhistory\/wp-json\/wp\/v2\/pages"}],"about":[{"href":"https:\/\/www.upo.es\/investiga\/globalhistory\/wp-json\/wp\/v2\/types\/page"}],"author":[{"embeddable":true,"href":"https:\/\/www.upo.es\/investiga\/globalhistory\/wp-json\/wp\/v2\/users\/1"}],"replies":[{"embeddable":true,"href":"https:\/\/www.upo.es\/investiga\/globalhistory\/wp-json\/wp\/v2\/comments?post=132"}],"version-history":[{"count":10,"href":"https:\/\/www.upo.es\/investiga\/globalhistory\/wp-json\/wp\/v2\/pages\/132\/revisions"}],"predecessor-version":[{"id":415,"href":"https:\/\/www.upo.es\/investiga\/globalhistory\/wp-json\/wp\/v2\/pages\/132\/revisions\/415"}],"up":[{"embeddable":true,"href":"https:\/\/www.upo.es\/investiga\/globalhistory\/wp-json\/wp\/v2\/pages\/40"}],"wp:attachment":[{"href":"https:\/\/www.upo.es\/investiga\/globalhistory\/wp-json\/wp\/v2\/media?parent=132"}],"curies":[{"name":"wp","href":"https:\/\/api.w.org\/{rel}","templated":true}]}}