{"id":136,"date":"2018-02-15T10:29:16","date_gmt":"2018-02-15T10:29:16","guid":{"rendered":"https:\/\/www.upo.es\/investiga\/globalhistory\/?page_id=136"},"modified":"2020-11-04T19:41:38","modified_gmt":"2020-11-04T19:41:38","slug":"an-artery-of-empire-conquest-commerce-crisis-culture-and-the-panamanian-junction","status":"publish","type":"page","link":"https:\/\/www.upo.es\/investiga\/globalhistory\/proyectos\/an-artery-of-empire-conquest-commerce-crisis-culture-and-the-panamanian-junction\/","title":{"rendered":"An ARTery of EMPIRE. Conquest, Commerce, Crisis, Culture and the Panamanian Junction (ERC &#8211; ERC CoG 648535) financiado por el European Research Council (Horizonte 2020)"},"content":{"rendered":"<p>Las incursiones europeas en el estrecho paso istmiano que dividi\u00f3 y conect\u00f3 los oc\u00e9anos Atl\u00e1ntico y Pac\u00edfico lo convirtieron en un nodo estrat\u00e9gico del Imperio espa\u00f1ol y un sitio crucial para la globalizaci\u00f3n moderna temprana. En la primera l\u00ednea de la convergencia de los cuatro continentes, Old Panama ofrece una oportunidad inusual para examinar los diversos impactos, a menudo asim\u00e9tricos, de los contactos culturales y comerciales. El papel de los intereses italianos, portugueses, brit\u00e1nicos, holandeses y franceses en la zona, as\u00ed como la afluencia de esclavos africanos y mercanc\u00edas asi\u00e1ticas, han dejado un legado material \u00fanico que requiere un enfoque integrado e interdisciplinario de sus variadas fuentes. Huesos, dientes y artefactos en esta arteria de Empire ofrecen la posibilidad de nuevos conocimientos sobre el impacto cultural y biol\u00f3gico de la temprana globalizaci\u00f3n. Tambi\u00e9n invitan a un enfoque interdisciplinario a las t\u00e1cticas de supervivencia de diferentes grupos, incluidos posibles cambios en la dieta y la b\u00fasqueda de ganancias. Esas estrategias pueden haber llevado a los diversos pueblos que habitan esta uni\u00f3n, desde aliados ind\u00edgenas a bandidos africanos y asi\u00e1ticos hasta corsarios europeos, a desarrollar y favorecer la producci\u00f3n local y las redes comerciales del Pac\u00edfico a expensas del comercio con la metr\u00f3poli.<\/p>\n<p>Este proyecto aplica metodolog\u00edas hist\u00f3ricas, arqueol\u00f3gicas y arqueom\u00e9tricas para evidenciar encuentros entre pueblos y bienes de Europa, Am\u00e9rica, \u00c1frica y Asia que tuvieron lugar en el Istmo de Panam\u00e1 durante los siglos XVI y XVII. Fomentando un enfoque interdisciplinario de la globalizaci\u00f3n temprana, desaf\u00eda las interpretaciones euroc\u00e9ntricas e hispano-f\u00f3bicas del impacto de la conquista de Am\u00e9rica, tradicionalmente vista como una cat\u00e1strofe demogr\u00e1fica que alcanz\u00f3 su punto m\u00e1s bajo en la llamada crisis del siglo XVII. En lugar de aplicar m\u00e9todos cuantitativos al material fuente incompleto, los investigadores adoptar\u00e1n un enfoque contextualizado, interdisciplinario y cualitativo para diversos agentes involucrados en el intercambio cultural y comercial.<\/p>\n<p>Directora: <a href=\"https:\/\/www.upo.es\/investiga\/globalhistory\/investigadores\/bethany-aram\/\">Bethany Aram<\/a><\/p>\n<p><a href=\"https:\/\/www.upo.es\/investigacion\/artempire\/\">Web del proyecto<\/a><\/p>\n\n\n<figure class=\"wp-block-image size-large\"><a href=\"https:\/\/www.upo.es\/investigacion\/artempire\/\"><img loading=\"lazy\" decoding=\"async\" width=\"499\" height=\"203\" src=\"https:\/\/www.upo.es\/investiga\/globalhistory\/wp-content\/uploads\/2020\/11\/ifgocnnapbgofghd.jpg\" alt=\"\" class=\"wp-image-992\" srcset=\"https:\/\/www.upo.es\/investiga\/globalhistory\/wp-content\/uploads\/2020\/11\/ifgocnnapbgofghd.jpg 499w, https:\/\/www.upo.es\/investiga\/globalhistory\/wp-content\/uploads\/2020\/11\/ifgocnnapbgofghd-300x122.jpg 300w\" sizes=\"(max-width: 499px) 100vw, 499px\" \/><\/a><\/figure>\n\n\n\n<figure class=\"wp-block-image size-large\"><img loading=\"lazy\" decoding=\"async\" width=\"1024\" height=\"683\" src=\"https:\/\/www.upo.es\/investiga\/globalhistory\/wp-content\/uploads\/2020\/11\/flag_yellow_high-1024x683.jpg\" alt=\"\" class=\"wp-image-991\" srcset=\"https:\/\/www.upo.es\/investiga\/globalhistory\/wp-content\/uploads\/2020\/11\/flag_yellow_high-1024x683.jpg 1024w, https:\/\/www.upo.es\/investiga\/globalhistory\/wp-content\/uploads\/2020\/11\/flag_yellow_high-300x200.jpg 300w, https:\/\/www.upo.es\/investiga\/globalhistory\/wp-content\/uploads\/2020\/11\/flag_yellow_high-768x512.jpg 768w, https:\/\/www.upo.es\/investiga\/globalhistory\/wp-content\/uploads\/2020\/11\/flag_yellow_high-1536x1024.jpg 1536w, https:\/\/www.upo.es\/investiga\/globalhistory\/wp-content\/uploads\/2020\/11\/flag_yellow_high-2048x1366.jpg 2048w, https:\/\/www.upo.es\/investiga\/globalhistory\/wp-content\/uploads\/2020\/11\/flag_yellow_high-360x240.jpg 360w\" sizes=\"(max-width: 1024px) 100vw, 1024px\" \/><\/figure>\n","protected":false},"excerpt":{"rendered":"<p>Las incursiones europeas en el estrecho paso istmiano que dividi\u00f3 y conect\u00f3 los oc\u00e9anos Atl\u00e1ntico y Pac\u00edfico lo convirtieron en un nodo estrat\u00e9gico del Imperio espa\u00f1ol y un sitio crucial para la globalizaci\u00f3n moderna temprana. En la primera l\u00ednea de la convergencia de los cuatro continentes, Old Panama ofrece una [&hellip;]<\/p>\n","protected":false},"author":1,"featured_media":0,"parent":40,"menu_order":1,"comment_status":"closed","ping_status":"closed","template":"","meta":{"footnotes":""},"_links":{"self":[{"href":"https:\/\/www.upo.es\/investiga\/globalhistory\/wp-json\/wp\/v2\/pages\/136"}],"collection":[{"href":"https:\/\/www.upo.es\/investiga\/globalhistory\/wp-json\/wp\/v2\/pages"}],"about":[{"href":"https:\/\/www.upo.es\/investiga\/globalhistory\/wp-json\/wp\/v2\/types\/page"}],"author":[{"embeddable":true,"href":"https:\/\/www.upo.es\/investiga\/globalhistory\/wp-json\/wp\/v2\/users\/1"}],"replies":[{"embeddable":true,"href":"https:\/\/www.upo.es\/investiga\/globalhistory\/wp-json\/wp\/v2\/comments?post=136"}],"version-history":[{"count":8,"href":"https:\/\/www.upo.es\/investiga\/globalhistory\/wp-json\/wp\/v2\/pages\/136\/revisions"}],"predecessor-version":[{"id":994,"href":"https:\/\/www.upo.es\/investiga\/globalhistory\/wp-json\/wp\/v2\/pages\/136\/revisions\/994"}],"up":[{"embeddable":true,"href":"https:\/\/www.upo.es\/investiga\/globalhistory\/wp-json\/wp\/v2\/pages\/40"}],"wp:attachment":[{"href":"https:\/\/www.upo.es\/investiga\/globalhistory\/wp-json\/wp\/v2\/media?parent=136"}],"curies":[{"name":"wp","href":"https:\/\/api.w.org\/{rel}","templated":true}]}}