{"id":143,"date":"2018-02-15T10:35:16","date_gmt":"2018-02-15T10:35:16","guid":{"rendered":"https:\/\/www.upo.es\/investiga\/globalhistory\/?page_id=143"},"modified":"2018-10-23T11:03:11","modified_gmt":"2018-10-23T11:03:11","slug":"globalizacion-iberica-redes-entre-asia-y-europa-y-los-cambios-en-las-pautas-de-consumo-en-latinoamerica","status":"publish","type":"page","link":"https:\/\/www.upo.es\/investiga\/globalhistory\/proyectos\/globalizacion-iberica-redes-entre-asia-y-europa-y-los-cambios-en-las-pautas-de-consumo-en-latinoamerica\/","title":{"rendered":"Globalizaci\u00f3n ib\u00e9rica: redes entre Asia y Europa y los cambios en las pautas de consumo en Latinoam\u00e9rica (HAR2014- 53797-P)"},"content":{"rendered":"<p>\u00bfC\u00f3mo se produjo la primera globalizaci\u00f3n atl\u00e1ntica en las pautas de consumo? Esa es una de las preguntas que enmarcan este proyecto. La historia del consumo ha pasado de las antiguas visiones en las que el espacio apenas si desempe\u00f1aba importancia alguna para centrarse en una consideraci\u00f3n de procesos de difusi\u00f3n entre diversas clases sociales (Mackendrick), a otra en que las transferencias entre sociedades, la geopol\u00edtica y los encuentros entre culturas diferentes a escala global se han convertido en los marcos de referencia. Una historia trans-nacional y global del consumo (Brewer, Trentman, Craig y otros) en la que los imperios desempe\u00f1an una particular importancia.<\/p>\n<p>Esta investigaci\u00f3n, continuaci\u00f3n de otras iniciadas por el IP Bartolom\u00e9 Yun Casalilla sobre la historia del consumo en Espa\u00f1a y, sobre todo, de la labor del grupo <em>Nuevos productos atl\u00e1nticos<\/em> (Proyectos de Excelencia de la Junta de Andaluc\u00eda), intenta cubrir algunos de huecos existentes en ese sentido en la historia atl\u00e1ntica y americana. Planteada, no como una historia de Am\u00e9rica, sino como historia Atl\u00e1ntica y del Pac\u00edfico, intenta profundizar con una investigaci\u00f3n sistem\u00e1tica y novedosa de una serie de casos desconocidos, y completar y usar los estudios existentes (Bauer, Saldarriaga, Garavaglia, y otros) sobre Latinoam\u00e9rica (habitualmente con una proyecci\u00f3n local-nacional) para dar una perspectiva desde fuera (Asia y Europa), de la introducci\u00f3n y circulaci\u00f3n de productos en el Nuevo Mundo durante la etapa colonial. A tal efecto, se preocupa sobre todo por los primeros pasos en la introducci\u00f3n, adopci\u00f3n y rechazo de esos productos y su conversi\u00f3n en mercanc\u00edas, y, huyendo de una visi\u00f3n simplista que se fija s\u00f3lo en los procesos econ\u00f3micos, se pregunta por los mecanismos sociales y culturales o incluso por el papel de la guerra y los prejuicios del g\u00e9nero, que intervienen en dicho proceso.<\/p>\n<p>Director: <a href=\"https:\/\/www.upo.es\/investiga\/globalhistory\/investigadores\/bartolome-yun-casalilla\/\">Bartolom\u00e9 Yun Casalilla<\/a><\/p>\n","protected":false},"excerpt":{"rendered":"<p>\u00bfC\u00f3mo se produjo la primera globalizaci\u00f3n atl\u00e1ntica en las pautas de consumo? Esa es una de las preguntas que enmarcan este proyecto. La historia del consumo ha pasado de las antiguas visiones en las que el espacio apenas si desempe\u00f1aba importancia alguna para centrarse en una consideraci\u00f3n de procesos de [&hellip;]<\/p>\n","protected":false},"author":1,"featured_media":0,"parent":40,"menu_order":5,"comment_status":"closed","ping_status":"closed","template":"","meta":{"footnotes":""},"_links":{"self":[{"href":"https:\/\/www.upo.es\/investiga\/globalhistory\/wp-json\/wp\/v2\/pages\/143"}],"collection":[{"href":"https:\/\/www.upo.es\/investiga\/globalhistory\/wp-json\/wp\/v2\/pages"}],"about":[{"href":"https:\/\/www.upo.es\/investiga\/globalhistory\/wp-json\/wp\/v2\/types\/page"}],"author":[{"embeddable":true,"href":"https:\/\/www.upo.es\/investiga\/globalhistory\/wp-json\/wp\/v2\/users\/1"}],"replies":[{"embeddable":true,"href":"https:\/\/www.upo.es\/investiga\/globalhistory\/wp-json\/wp\/v2\/comments?post=143"}],"version-history":[{"count":8,"href":"https:\/\/www.upo.es\/investiga\/globalhistory\/wp-json\/wp\/v2\/pages\/143\/revisions"}],"predecessor-version":[{"id":609,"href":"https:\/\/www.upo.es\/investiga\/globalhistory\/wp-json\/wp\/v2\/pages\/143\/revisions\/609"}],"up":[{"embeddable":true,"href":"https:\/\/www.upo.es\/investiga\/globalhistory\/wp-json\/wp\/v2\/pages\/40"}],"wp:attachment":[{"href":"https:\/\/www.upo.es\/investiga\/globalhistory\/wp-json\/wp\/v2\/media?parent=143"}],"curies":[{"name":"wp","href":"https:\/\/api.w.org\/{rel}","templated":true}]}}