{"id":159,"date":"2018-02-15T10:50:34","date_gmt":"2018-02-15T10:50:34","guid":{"rendered":"https:\/\/www.upo.es\/investiga\/globalhistory\/?page_id=159"},"modified":"2024-06-13T09:25:00","modified_gmt":"2024-06-13T09:25:00","slug":"bethany-aram","status":"publish","type":"page","link":"https:\/\/www.upo.es\/investiga\/globalhistory\/miembros\/bethany-aram\/","title":{"rendered":"Bethany Aram"},"content":{"rendered":"<p><img loading=\"lazy\" decoding=\"async\" class=\"alignnone size-medium wp-image-119 aligncenter\" src=\"https:\/\/www.upo.es\/investiga\/globalhistory\/wp-content\/uploads\/2018\/02\/Bethany-Aram-1-296x300.jpg\" alt=\"\" width=\"296\" height=\"300\" srcset=\"https:\/\/www.upo.es\/investiga\/globalhistory\/wp-content\/uploads\/2018\/02\/Bethany-Aram-1-296x300.jpg 296w, https:\/\/www.upo.es\/investiga\/globalhistory\/wp-content\/uploads\/2018\/02\/Bethany-Aram-1-768x777.jpg 768w, https:\/\/www.upo.es\/investiga\/globalhistory\/wp-content\/uploads\/2018\/02\/Bethany-Aram-1-1012x1024.jpg 1012w\" sizes=\"(max-width: 296px) 100vw, 296px\" \/><\/p>\n<p><span data-contrast=\"none\" xml:lang=\"ES-ES\" lang=\"ES-ES\" class=\"TextRun SCXW254653849 BCX8\"><span class=\"NormalTextRun SCXW254653849 BCX8\">Bethany Aram es Catedr\u00e1tica de Historia Moderna en la Universidad Pablo de Olavide (UPO) de Sevilla desde 2023. En la actualidad la Profa. Aram dirige el proyecto FEDER-UPO-1380997 financiado por la Junta de Andaluc\u00eda y el Fondo Europeo de Desarrollo Regional de la Uni\u00f3n Europea,<a href=\"https:\/\/www.upo.es\/investiga\/globalhistory\/genero-y-etnia-en-el-istmo-de-panama-1500-1700-y-en-otros-ambitos-feder-upo-1380997\/\"> \u201cG\u00e9nero y etnia en el istmo de Panam\u00e1, 1500-1700, y en otros \u00e1mbitos.\u201d<\/a> Desde 2016 a 2021, lider\u00f3 el primer proyecto financiado por el <\/span><span class=\"NormalTextRun SpellingErrorV2Themed SCXW254653849 BCX8\">European<\/span><span class=\"NormalTextRun SCXW254653849 BCX8\"> <\/span><span class=\"NormalTextRun SpellingErrorV2Themed SCXW254653849 BCX8\">Research<\/span><span class=\"NormalTextRun SCXW254653849 BCX8\"> Council (Horizonte 2020) logrado desde una universidad andaluza en la modalidad \u201c<\/span><span class=\"NormalTextRun SpellingErrorV2Themed SCXW254653849 BCX8\">Consolidator<\/span><span class=\"NormalTextRun SCXW254653849 BCX8\">,\u201d el ERC <\/span><span class=\"NormalTextRun SpellingErrorV2Themed SCXW254653849 BCX8\">CoG<\/span><span class=\"NormalTextRun SCXW254653849 BCX8\"> 648535, \u201c<\/span><span class=\"NormalTextRun SpellingErrorV2Themed SCXW254653849 BCX8\">An<\/span><span class=\"NormalTextRun SCXW254653849 BCX8\"> <\/span><span class=\"NormalTextRun SpellingErrorV2Themed SCXW254653849 BCX8\">ARTery<\/span><span class=\"NormalTextRun SCXW254653849 BCX8\"> <\/span><span class=\"NormalTextRun SpellingErrorV2Themed SCXW254653849 BCX8\">of<\/span><span class=\"NormalTextRun SCXW254653849 BCX8\"> EMPIRE. <\/span><span class=\"NormalTextRun SpellingErrorV2Themed SCXW254653849 BCX8\">Conquest<\/span><span class=\"NormalTextRun SCXW254653849 BCX8\">, Commerce, Crisis, Culture and <\/span><span class=\"NormalTextRun SpellingErrorV2Themed SCXW254653849 BCX8\">the<\/span><span class=\"NormalTextRun SCXW254653849 BCX8\"> <\/span><span class=\"NormalTextRun SpellingErrorV2Themed SCXW254653849 BCX8\">Panamanian<\/span><span class=\"NormalTextRun SCXW254653849 BCX8\"> Junction (1513-1671)\u201d (<\/span><span class=\"NormalTextRun SpellingErrorV2Themed SCXW254653849 BCX8\">ArtEmpire<\/span><span class=\"NormalTextRun SCXW254653849 BCX8\">).<\/span><\/span><span class=\"EOP SCXW254653849 BCX8\" data-ccp-props=\"{&quot;201341983&quot;:0,&quot;335551550&quot;:6,&quot;335551620&quot;:6,&quot;335559739&quot;:160,&quot;335559740&quot;:360}\">\u00a0<\/span><\/p>\n<p><span data-contrast=\"none\" xml:lang=\"ES-ES\" lang=\"ES-ES\" class=\"TextRun SCXW95596228 BCX8\"><span class=\"NormalTextRun SCXW95596228 BCX8\">La Profa. Aram se interesa por la Historia Moderna, la Historia Atl\u00e1ntica y la Historia Global desde los inicios de su formaci\u00f3n como investigadora en la Universidad de Yale (EE.UU.) y en la Johns Hopkins <\/span><span class=\"NormalTextRun SpellingErrorV2Themed SCXW95596228 BCX8\">University<\/span><span class=\"NormalTextRun SCXW95596228 BCX8\">. Su primer libro<a href=\"https:\/\/www.marcialpons.es\/libros\/la-reina-juana\/9788495379313\/\">, <em>La Reina Juana: Gobierno, Piedad, Dinast\u00eda<\/em> <\/a>(Marcial Pons Historia, 2001), fue publicado en ingl\u00e9s por la Johns Hopkins <\/span><span class=\"NormalTextRun SpellingErrorV2Themed SCXW95596228 BCX8\">University<\/span><span class=\"NormalTextRun SCXW95596228 BCX8\"> <\/span><span class=\"NormalTextRun SpellingErrorV2Themed SCXW95596228 BCX8\">Press<\/span><span class=\"NormalTextRun SCXW95596228 BCX8\"> en 2005. Es autora, adem\u00e1s, de<em> <a href=\"https:\/\/www.marcialpons.es\/libros\/leyenda-negra-y-leyendas-doradas-en-la-conquista-de-america\/9788496467675\/\">Leyenda Negra y Leyendas Doradas en la Conquista de Am\u00e9rica. Pedrarias y Balboa<\/a><\/em> (Marcial Pons Historia, 2008) y <em>La Apertura del Pac\u00edfico desde Panam\u00e1. M\u00e1s all\u00e1 que las leyendas<\/em> (Fundaci\u00f3n <\/span><span class=\"NormalTextRun SpellingErrorV2Themed SCXW95596228 BCX8\">Pu\u00f1onrostro<\/span><span class=\"NormalTextRun SCXW95596228 BCX8\">, 2019) y editora, junto a Bartolom\u00e9 Yun <\/span><span class=\"NormalTextRun SpellingErrorV2Themed SCXW95596228 BCX8\">Casalilla<\/span><span class=\"NormalTextRun SCXW95596228 BCX8\"> de Global <\/span><span class=\"NormalTextRun SpellingErrorV2Themed SCXW95596228 BCX8\">Goods<\/span><span class=\"NormalTextRun SCXW95596228 BCX8\"> and <\/span><span class=\"NormalTextRun SpellingErrorV2Themed SCXW95596228 BCX8\">the<\/span><span class=\"NormalTextRun SCXW95596228 BCX8\"> <\/span><span class=\"NormalTextRun SpellingErrorV2Themed SCXW95596228 BCX8\">Spanish<\/span><span class=\"NormalTextRun SCXW95596228 BCX8\"> <\/span><span class=\"NormalTextRun SpellingErrorV2Themed SCXW95596228 BCX8\">Empire<\/span><span class=\"NormalTextRun SCXW95596228 BCX8\">, 1492-1824. <\/span><span class=\"NormalTextRun SpellingErrorV2Themed SCXW95596228 BCX8\">Circulation<\/span><span class=\"NormalTextRun SCXW95596228 BCX8\">, <\/span><span class=\"NormalTextRun SpellingErrorV2Themed SCXW95596228 BCX8\">resistance<\/span><span class=\"NormalTextRun SCXW95596228 BCX8\"> and <\/span><span class=\"NormalTextRun SpellingErrorV2Themed SCXW95596228 BCX8\">diversity<\/span><span class=\"NormalTextRun SCXW95596228 BCX8\"> (<\/span><span class=\"NormalTextRun SpellingErrorV2Themed SCXW95596228 BCX8\">Houndsmills<\/span><span class=\"NormalTextRun SCXW95596228 BCX8\">: <\/span><span class=\"NormalTextRun SpellingErrorV2Themed SCXW95596228 BCX8\">Palgrave<\/span><span class=\"NormalTextRun SCXW95596228 BCX8\"> Macmillan, 2014). Es autora y <\/span><span class=\"NormalTextRun SpellingErrorV2Themed SCXW95596228 BCX8\">co-autora<\/span><span class=\"NormalTextRun SCXW95596228 BCX8\"> de m\u00e1s de 50 libros, cap\u00edtulos de libros y art\u00edculos cient\u00edficos.<\/span><\/span><span class=\"EOP SCXW95596228 BCX8\" data-ccp-props=\"{&quot;201341983&quot;:0,&quot;335551550&quot;:6,&quot;335551620&quot;:6,&quot;335559739&quot;:160,&quot;335559740&quot;:360}\">\u00a0<\/span><\/p>\n<p>Tel\u00e9fono de contacto:\u00a0954349114<\/p>\n<p>Ubicaci\u00f3n:\u00a0Edificio 6, Planta B, Despacho 17<\/p>\n<p>Correo electr\u00f3nico:\u00a0barawor@upo.es<\/p>\n<p><a href=\"https:\/\/upo.academia.edu\/BethanyAram\">Perfil Academia.edu<\/a><\/p>\n","protected":false},"excerpt":{"rendered":"<p>Bethany Aram es Catedr\u00e1tica de Historia Moderna en la Universidad Pablo de Olavide (UPO) de Sevilla desde 2023. En la actualidad la Profa. Aram dirige el proyecto FEDER-UPO-1380997 financiado por la Junta de Andaluc\u00eda y el Fondo Europeo de Desarrollo Regional de la Uni\u00f3n Europea, \u201cG\u00e9nero y etnia en el [&hellip;]<\/p>\n","protected":false},"author":1,"featured_media":0,"parent":43,"menu_order":2,"comment_status":"closed","ping_status":"closed","template":"","meta":{"footnotes":""},"_links":{"self":[{"href":"https:\/\/www.upo.es\/investiga\/globalhistory\/wp-json\/wp\/v2\/pages\/159"}],"collection":[{"href":"https:\/\/www.upo.es\/investiga\/globalhistory\/wp-json\/wp\/v2\/pages"}],"about":[{"href":"https:\/\/www.upo.es\/investiga\/globalhistory\/wp-json\/wp\/v2\/types\/page"}],"author":[{"embeddable":true,"href":"https:\/\/www.upo.es\/investiga\/globalhistory\/wp-json\/wp\/v2\/users\/1"}],"replies":[{"embeddable":true,"href":"https:\/\/www.upo.es\/investiga\/globalhistory\/wp-json\/wp\/v2\/comments?post=159"}],"version-history":[{"count":14,"href":"https:\/\/www.upo.es\/investiga\/globalhistory\/wp-json\/wp\/v2\/pages\/159\/revisions"}],"predecessor-version":[{"id":2329,"href":"https:\/\/www.upo.es\/investiga\/globalhistory\/wp-json\/wp\/v2\/pages\/159\/revisions\/2329"}],"up":[{"embeddable":true,"href":"https:\/\/www.upo.es\/investiga\/globalhistory\/wp-json\/wp\/v2\/pages\/43"}],"wp:attachment":[{"href":"https:\/\/www.upo.es\/investiga\/globalhistory\/wp-json\/wp\/v2\/media?parent=159"}],"curies":[{"name":"wp","href":"https:\/\/api.w.org\/{rel}","templated":true}]}}