{"id":1619,"date":"2022-01-19T13:40:48","date_gmt":"2022-01-19T13:40:48","guid":{"rendered":"https:\/\/www.upo.es\/investiga\/globalhistory\/?page_id=1619"},"modified":"2022-06-14T10:02:28","modified_gmt":"2022-06-14T10:02:28","slug":"joao-vicente-melo","status":"publish","type":"page","link":"https:\/\/www.upo.es\/investiga\/globalhistory\/joao-vicente-melo\/","title":{"rendered":"Jo\u00e3o Vicente Melo"},"content":{"rendered":"\n<div class=\"wp-block-image\"><figure class=\"aligncenter size-large is-resized\"><img loading=\"lazy\" decoding=\"async\" src=\"https:\/\/www.upo.es\/investiga\/globalhistory\/wp-content\/uploads\/2022\/01\/IMG_20220118_113328-903x1024.jpg\" alt=\"\" class=\"wp-image-1620\" width=\"202\" height=\"229\" srcset=\"https:\/\/www.upo.es\/investiga\/globalhistory\/wp-content\/uploads\/2022\/01\/IMG_20220118_113328-903x1024.jpg 903w, https:\/\/www.upo.es\/investiga\/globalhistory\/wp-content\/uploads\/2022\/01\/IMG_20220118_113328-265x300.jpg 265w, https:\/\/www.upo.es\/investiga\/globalhistory\/wp-content\/uploads\/2022\/01\/IMG_20220118_113328-768x871.jpg 768w, https:\/\/www.upo.es\/investiga\/globalhistory\/wp-content\/uploads\/2022\/01\/IMG_20220118_113328-11x12.jpg 11w, https:\/\/www.upo.es\/investiga\/globalhistory\/wp-content\/uploads\/2022\/01\/IMG_20220118_113328.jpg 1347w\" sizes=\"(max-width: 202px) 100vw, 202px\" \/><\/figure><\/div>\n\n\n\n<p class=\"has-text-align-left\">Jo\u00e3o Vicente Melo&nbsp;se gradu\u00f3 en&nbsp;Sociologia&nbsp;por el ISCTE-&nbsp;Instituto Universitario de Lisboa&nbsp;(Portugal).&nbsp;Historia por la&nbsp;Universit\u00e0&nbsp;di&nbsp;Genova. Obtuvo el&nbsp;Master&nbsp;of&nbsp;Arts&nbsp;(MA) en Historia Cultural en el&nbsp;Goldsmiths,&nbsp;University&nbsp;of&nbsp;London&nbsp;(Reino Unido)&nbsp;y es doctor en Historia (PhD) por la Swansea&nbsp;University&nbsp;(Reino Unido).<\/p>\n\n\n\n<p class=\"has-text-align-left\">\u00a0Ha sido investigador\u00a0postdoctoral en la\u00a0Universitat\u00a0Pompeu Fabra,\u00a0University\u00a0of\u00a0Liverpool y\u00a0University\u00a0of\u00a0Oxford.\u00a0Es autor de\u00a0la monograf\u00eda\u00a0<em>Jesuit\u00a0and English\u00a0experiences\u00a0at\u00a0the\u00a0Mughal\u00a0Court, c. 1580-1615<\/em>\u00a0(Palgrave\u00a0Macmillan, 2022,\u00a0en prensa)\u00a0y uno de los autores del volumen\u00a0<em>Keywords\u00a0of\u00a0Identity,\u00a0Race, and Human\u00a0Mobility\u00a0in\u00a0Early\u00a0Modern\u00a0England<\/em>\u00a0(Amsterdam\u00a0University\u00a0Press, 2021), as\u00ed como de varios\u00a0varios\u00a0cap\u00edtulos de libro y art\u00edculos\u00a0publicados\u00a0en revistas como\u00a0el\u00a0<em>Journal\u00a0of\u00a0Early\u00a0Modern\u00a0History<\/em>, el\u00a0<em>Journal\u00a0of\u00a0the\u00a0Economic\u00a0and Social\u00a0History\u00a0of\u00a0the\u00a0Orient<\/em>,\u00a0el\u00a0<em>Sixteenth\u00a0Century\u00a0Journal<\/em>\u00a0o\u00a0<em>Portuguese\u00a0Studies<\/em>.\u00a0Tambi\u00e9n es el editor de\u00a0<em>The\u00a0Writings\u00a0of\u00a0Antoni de Montserrat at\u00a0the\u00a0Mughal\u00a0Court<\/em>,\u00a0una edici\u00f3n cr\u00edtica de los escritos de Antoni de Montserrat sobre la\u00a0India\u00a0mogol que ser\u00e1 publicada por\u00a0Brill\u00a0entre 2022 y 2023.\u00a0Su proyecto de investigaci\u00f3n actual,\u00a0MIBER-Mobility\u00a0and\u00a0Integration\u00a0in\u00a0the\u00a0Iberian\u00a0Colonial\u00a0Systems,\u00a0propone analizar\u00a0c\u00f3mo las relaciones personales y las redes establecidas por sujetos y comunidades de origen hisp\u00e1nico en el Imperio portugu\u00e9s\u00a0fomentaron\u00a0la\u00a0interconexi\u00f3n de\u00a0los dos sistemas coloniales ib\u00e9ricos\u00a0durante la Uni\u00f3n de Coronas (1580-1640).\u00a0<\/p>\n\n\n\n<p>Correo electr\u00f3nico: jvcarcar@upo.es <\/p>\n\n\n\n<div class=\"wp-block-themeisle-blocks-advanced-columns has-1-columns has-desktop-equal-layout has-tablet-equal-layout has-mobile-equal-layout has-default-gap has-vertical-unset\" id=\"wp-block-themeisle-blocks-advanced-columns-67e8ec84\"><div class=\"wp-block-themeisle-blocks-advanced-columns-overlay\"><\/div><div class=\"innerblocks-wrap\">\n<div class=\"wp-block-themeisle-blocks-advanced-column\" id=\"wp-block-themeisle-blocks-advanced-column-a09e8ecb\"><\/div>\n<\/div><\/div>\n","protected":false},"excerpt":{"rendered":"<p>Jo\u00e3o Vicente Melo&nbsp;se gradu\u00f3 en&nbsp;Sociologia&nbsp;por el ISCTE-&nbsp;Instituto Universitario de Lisboa&nbsp;(Portugal).&nbsp;Historia por la&nbsp;Universit\u00e0&nbsp;di&nbsp;Genova. Obtuvo el&nbsp;Master&nbsp;of&nbsp;Arts&nbsp;(MA) en Historia Cultural en el&nbsp;Goldsmiths,&nbsp;University&nbsp;of&nbsp;London&nbsp;(Reino Unido)&nbsp;y es doctor en Historia (PhD) por la Swansea&nbsp;University&nbsp;(Reino Unido). \u00a0Ha sido investigador\u00a0postdoctoral en la\u00a0Universitat\u00a0Pompeu Fabra,\u00a0University\u00a0of\u00a0Liverpool y\u00a0University\u00a0of\u00a0Oxford.\u00a0Es autor de\u00a0la monograf\u00eda\u00a0Jesuit\u00a0and English\u00a0experiences\u00a0at\u00a0the\u00a0Mughal\u00a0Court, c. 1580-1615\u00a0(Palgrave\u00a0Macmillan, 2022,\u00a0en prensa)\u00a0y uno de los autores del volumen\u00a0Keywords\u00a0of\u00a0Identity,\u00a0Race, [&hellip;]<\/p>\n","protected":false},"author":1,"featured_media":0,"parent":0,"menu_order":0,"comment_status":"closed","ping_status":"closed","template":"","meta":{"footnotes":""},"_links":{"self":[{"href":"https:\/\/www.upo.es\/investiga\/globalhistory\/wp-json\/wp\/v2\/pages\/1619"}],"collection":[{"href":"https:\/\/www.upo.es\/investiga\/globalhistory\/wp-json\/wp\/v2\/pages"}],"about":[{"href":"https:\/\/www.upo.es\/investiga\/globalhistory\/wp-json\/wp\/v2\/types\/page"}],"author":[{"embeddable":true,"href":"https:\/\/www.upo.es\/investiga\/globalhistory\/wp-json\/wp\/v2\/users\/1"}],"replies":[{"embeddable":true,"href":"https:\/\/www.upo.es\/investiga\/globalhistory\/wp-json\/wp\/v2\/comments?post=1619"}],"version-history":[{"count":4,"href":"https:\/\/www.upo.es\/investiga\/globalhistory\/wp-json\/wp\/v2\/pages\/1619\/revisions"}],"predecessor-version":[{"id":1759,"href":"https:\/\/www.upo.es\/investiga\/globalhistory\/wp-json\/wp\/v2\/pages\/1619\/revisions\/1759"}],"wp:attachment":[{"href":"https:\/\/www.upo.es\/investiga\/globalhistory\/wp-json\/wp\/v2\/media?parent=1619"}],"curies":[{"name":"wp","href":"https:\/\/api.w.org\/{rel}","templated":true}]}}