{"id":164,"date":"2018-02-15T10:52:44","date_gmt":"2018-02-15T10:52:44","guid":{"rendered":"https:\/\/www.upo.es\/investiga\/globalhistory\/?page_id=164"},"modified":"2022-10-11T11:53:40","modified_gmt":"2022-10-11T11:53:40","slug":"ilaria-berti","status":"publish","type":"page","link":"https:\/\/www.upo.es\/investiga\/globalhistory\/miembros\/ilaria-berti\/","title":{"rendered":"Ilaria Berti"},"content":{"rendered":"<p><img loading=\"lazy\" decoding=\"async\" class=\"alignnone size-medium wp-image-105 aligncenter\" src=\"https:\/\/www.upo.es\/investiga\/globalhistory\/wp-content\/uploads\/2018\/02\/Ilaria-Berti-287x300.jpg\" alt=\"\" width=\"287\" height=\"300\" srcset=\"https:\/\/www.upo.es\/investiga\/globalhistory\/wp-content\/uploads\/2018\/02\/Ilaria-Berti-287x300.jpg 287w, https:\/\/www.upo.es\/investiga\/globalhistory\/wp-content\/uploads\/2018\/02\/Ilaria-Berti.jpg 324w\" sizes=\"(max-width: 287px) 100vw, 287px\" \/><\/p>\n<p>Ilaria Berti es doctora en Historia por la Universidad de G\u00e9nova (Italia) donde defendi\u00f3 su tesis centrada en el papel de la alimentaci\u00f3n en la construcci\u00f3n de las identidades en las colonias caribe\u00f1as en el siglo XIX (2014). Entre 2015 y 2017 Berti obtuvo un contrato de investigaci\u00f3n posdoctoral a trav\u00e9s de una beca Marie Curie Individual Fellowship y trabaj\u00f3 en el \u00c1rea de Historia Moderna de la Universidad Pablo de Olavide de Sevilla como Investigadora Principal en su proyecto Imperial Recipes. Berti cuenta con varias publicaciones sobre historia de la alimentaci\u00f3n, de la esclavitud y de los imperios brit\u00e1nico y espa\u00f1ol y ha participado en numerosas conferencias nacionales y internacionales. Actualmente, Berti est\u00e1 concluyendo su monograf\u00eda y coeditando un volumen.<\/p>\n<p>Ilaria Berti disfruta, actualmente, realiza una instancia de investigaci\u00f3n modalidad Mar\u00eda Zambrano en la UPO, con un proyecto titulado \u00ab<span>Nacionalismo culinario y cuerpo: Cuba entre el dominio de Espan\u0303a y Estados Unidos en el siglo XIX (NACUC)\u00bb, bajo supervisi\u00f3n del profesor Bartolom\u00e9 Yun.<\/span><\/p>\n<p>Correo electr\u00f3nico:\u00a0iber1@upo.es<\/p>\n","protected":false},"excerpt":{"rendered":"<p>Ilaria Berti es doctora en Historia por la Universidad de G\u00e9nova (Italia) donde defendi\u00f3 su tesis centrada en el papel de la alimentaci\u00f3n en la construcci\u00f3n de las identidades en las colonias caribe\u00f1as en el siglo XIX (2014). Entre 2015 y 2017 Berti obtuvo un contrato de investigaci\u00f3n posdoctoral a [&hellip;]<\/p>\n","protected":false},"author":1,"featured_media":0,"parent":43,"menu_order":3,"comment_status":"closed","ping_status":"closed","template":"","meta":{"footnotes":""},"_links":{"self":[{"href":"https:\/\/www.upo.es\/investiga\/globalhistory\/wp-json\/wp\/v2\/pages\/164"}],"collection":[{"href":"https:\/\/www.upo.es\/investiga\/globalhistory\/wp-json\/wp\/v2\/pages"}],"about":[{"href":"https:\/\/www.upo.es\/investiga\/globalhistory\/wp-json\/wp\/v2\/types\/page"}],"author":[{"embeddable":true,"href":"https:\/\/www.upo.es\/investiga\/globalhistory\/wp-json\/wp\/v2\/users\/1"}],"replies":[{"embeddable":true,"href":"https:\/\/www.upo.es\/investiga\/globalhistory\/wp-json\/wp\/v2\/comments?post=164"}],"version-history":[{"count":5,"href":"https:\/\/www.upo.es\/investiga\/globalhistory\/wp-json\/wp\/v2\/pages\/164\/revisions"}],"predecessor-version":[{"id":1781,"href":"https:\/\/www.upo.es\/investiga\/globalhistory\/wp-json\/wp\/v2\/pages\/164\/revisions\/1781"}],"up":[{"embeddable":true,"href":"https:\/\/www.upo.es\/investiga\/globalhistory\/wp-json\/wp\/v2\/pages\/43"}],"wp:attachment":[{"href":"https:\/\/www.upo.es\/investiga\/globalhistory\/wp-json\/wp\/v2\/media?parent=164"}],"curies":[{"name":"wp","href":"https:\/\/api.w.org\/{rel}","templated":true}]}}