{"id":167,"date":"2018-02-15T10:54:21","date_gmt":"2018-02-15T10:54:21","guid":{"rendered":"https:\/\/www.upo.es\/investiga\/globalhistory\/?page_id=167"},"modified":"2022-01-24T13:27:07","modified_gmt":"2022-01-24T13:27:07","slug":"jorge-diaz-ceballos","status":"publish","type":"page","link":"https:\/\/www.upo.es\/investiga\/globalhistory\/miembros\/jorge-diaz-ceballos\/","title":{"rendered":"Jorge D\u00edaz Ceballos"},"content":{"rendered":"<p style=\"text-align: center;\"><img loading=\"lazy\" decoding=\"async\" class=\"alignnone size-medium wp-image-106\" src=\"https:\/\/www.upo.es\/investiga\/globalhistory\/wp-content\/uploads\/2018\/02\/Jorge-D\u00edaz-Ceballos-2-300x291.jpg\" alt=\"\" width=\"300\" height=\"291\" srcset=\"https:\/\/www.upo.es\/investiga\/globalhistory\/wp-content\/uploads\/2018\/02\/Jorge-D\u00edaz-Ceballos-2-300x291.jpg 300w, https:\/\/www.upo.es\/investiga\/globalhistory\/wp-content\/uploads\/2018\/02\/Jorge-D\u00edaz-Ceballos-2.jpg 506w\" sizes=\"(max-width: 300px) 100vw, 300px\" \/><\/p>\n<p>Jorge D\u00edaz Ceballos es Licenciado en Historia por la Universidad de Cantabria (2007), MA in Latin American History por la New York University (2010) y Doctor en Historia y Estudios Human\u00edsticos por la UPO (2017) bajo la supervisi\u00f3n de Bethany Aram (UPO) y Tom\u00e1s A. Mantec\u00f3n (UC).<\/p>\n<p>Su tesis, de pr\u00f3xima publicaci\u00f3n en Marcial Pons con el t\u00edtulo \u201cPoder compartido. Rep\u00fablicas urbanas, Monarqu\u00eda y conversaci\u00f3n en Castilla del Oro, 1508-1573\u201d, es un estudio \u201cdesde abajo\u201d sobre las relaciones de poder entre las ciudades fundadas en el istmo de Panam\u00e1 y la Monarqu\u00eda Hisp\u00e1nica a lo largo del siglo XVI con el problema de la relaci\u00f3n con los ind\u00edgenas y la negociaci\u00f3n de la jurisdicci\u00f3n en el centro del conflicto.<\/p>\n<p>Es miembro desde 2016 del proyecto ERC \u201cArtEmpire: conquest, commerce, crisis, culture, adn the Panamanian Junction, 1513-1671\u201d, dirigido por Bethany Aram en la UPO. Ha publicado art\u00edculos en revistas de impacto como Colonial Latin American Review y Nuevo Mundo, Mundos Nuevos y en diversos libros colectivos. En la actualidad trabaja en un an\u00e1lisis de la violencia interpersonal e inter\u00e9tnica en el contexto urbano de Panam\u00e1 en la \u00e9poca colonial con fuentes archiv\u00edsticas y arqueol\u00f3gicas. A partir de septiembre de 2019 se incorpor\u00f3 al European University Insitute de Florencia como Max Weber posdoctoral fellow con un proyecto sobre los usos de la justicia en el contexto transatl\u00e1ntico.<\/p>\n<p>Actualmente, es Personal Investigador\u00a0 Doctor (Junta de Andaluc\u00eda, convocatoria 2021).<\/p>\n<p>Tel\u00e9fono de contacto:\u00a0954349114<\/p>\n<p>Ubicaci\u00f3n:\u00a0Edificio 6, Planta Baja, Despacho 15<\/p>\n<p>Correo electr\u00f3nico:\u00a0jdiaceb@upo.es<\/p>\n<p><a href=\"https:\/\/upo.academia.edu\/JorgeDiazCeballos\">Perfil Academia.edu<\/a><\/p>\n","protected":false},"excerpt":{"rendered":"<p>Jorge D\u00edaz Ceballos es Licenciado en Historia por la Universidad de Cantabria (2007), MA in Latin American History por la New York University (2010) y Doctor en Historia y Estudios Human\u00edsticos por la UPO (2017) bajo la supervisi\u00f3n de Bethany Aram (UPO) y Tom\u00e1s A. Mantec\u00f3n (UC). Su tesis, de [&hellip;]<\/p>\n","protected":false},"author":1,"featured_media":0,"parent":43,"menu_order":5,"comment_status":"closed","ping_status":"closed","template":"","meta":{"footnotes":""},"_links":{"self":[{"href":"https:\/\/www.upo.es\/investiga\/globalhistory\/wp-json\/wp\/v2\/pages\/167"}],"collection":[{"href":"https:\/\/www.upo.es\/investiga\/globalhistory\/wp-json\/wp\/v2\/pages"}],"about":[{"href":"https:\/\/www.upo.es\/investiga\/globalhistory\/wp-json\/wp\/v2\/types\/page"}],"author":[{"embeddable":true,"href":"https:\/\/www.upo.es\/investiga\/globalhistory\/wp-json\/wp\/v2\/users\/1"}],"replies":[{"embeddable":true,"href":"https:\/\/www.upo.es\/investiga\/globalhistory\/wp-json\/wp\/v2\/comments?post=167"}],"version-history":[{"count":7,"href":"https:\/\/www.upo.es\/investiga\/globalhistory\/wp-json\/wp\/v2\/pages\/167\/revisions"}],"predecessor-version":[{"id":1641,"href":"https:\/\/www.upo.es\/investiga\/globalhistory\/wp-json\/wp\/v2\/pages\/167\/revisions\/1641"}],"up":[{"embeddable":true,"href":"https:\/\/www.upo.es\/investiga\/globalhistory\/wp-json\/wp\/v2\/pages\/43"}],"wp:attachment":[{"href":"https:\/\/www.upo.es\/investiga\/globalhistory\/wp-json\/wp\/v2\/media?parent=167"}],"curies":[{"name":"wp","href":"https:\/\/api.w.org\/{rel}","templated":true}]}}