{"id":171,"date":"2018-02-15T10:56:02","date_gmt":"2018-02-15T10:56:02","guid":{"rendered":"https:\/\/www.upo.es\/investiga\/globalhistory\/?page_id=171"},"modified":"2023-12-18T09:01:45","modified_gmt":"2023-12-18T09:01:45","slug":"alejandro-garcia-monton","status":"publish","type":"page","link":"https:\/\/www.upo.es\/investiga\/globalhistory\/miembros\/alejandro-garcia-monton\/","title":{"rendered":"Alejandro Garc\u00eda Mont\u00f3n"},"content":{"rendered":"<p><img loading=\"lazy\" decoding=\"async\" class=\"alignnone size-medium wp-image-108 aligncenter\" src=\"https:\/\/www.upo.es\/investiga\/globalhistory\/wp-content\/uploads\/2018\/02\/Alejandro-Garc\u00eda-Mont\u00f3n-300x300.jpg\" alt=\"\" width=\"300\" height=\"300\" srcset=\"https:\/\/www.upo.es\/investiga\/globalhistory\/wp-content\/uploads\/2018\/02\/Alejandro-Garc\u00eda-Mont\u00f3n-300x300.jpg 300w, https:\/\/www.upo.es\/investiga\/globalhistory\/wp-content\/uploads\/2018\/02\/Alejandro-Garc\u00eda-Mont\u00f3n-150x150.jpg 150w, https:\/\/www.upo.es\/investiga\/globalhistory\/wp-content\/uploads\/2018\/02\/Alejandro-Garc\u00eda-Mont\u00f3n-768x768.jpg 768w, https:\/\/www.upo.es\/investiga\/globalhistory\/wp-content\/uploads\/2018\/02\/Alejandro-Garc\u00eda-Mont\u00f3n-1024x1024.jpg 1024w, https:\/\/www.upo.es\/investiga\/globalhistory\/wp-content\/uploads\/2018\/02\/Alejandro-Garc\u00eda-Mont\u00f3n.jpg 1600w\" sizes=\"(max-width: 300px) 100vw, 300px\" \/><\/p>\n<p>Alejandro Garc\u00eda Mont\u00f3n es Profesor Ayudante Doctor en el Departamento de Teor\u00eda e Historia Econ\u00f3mica de la Universidad de Granada. Es licenciado en Historia por la Universidad Complutense de Madrid (2008) y doctor en Historia y Civilizaci\u00f3n por el European University Institute (2014). Entre 2016 y 2020 trabaj\u00f3 como investigador postdoctoral en el marco del proyecto ArtEmpire, ERC-CoG, 648535, financiado por el European Research Council (Horizonte 2020) y liderado por Bethany Aram (UPO) y m\u00e1s tarde como Investigador postdoctoral Juan de la Cierva-Incorporaci\u00f3n en el \u00c1rea de Historia Moderna de la UPO, bajo supervisi\u00f3n de Bartolom\u00e9 Yun Casalilla (2020-2022).<\/p>\n<p>Los principales intereses de Alejandro se concentran en el estudio del capitalismo genov\u00e9s, los empresarios esclavistas, y las interacciones trans-imperiales en el marco del tr\u00e1fico de cautivos africanos en el mundo Atl\u00e1ntico. Es autor de la monograf\u00eda\u00a0<a href=\"https:\/\/www.routledge.com\/Genoese-Entrepreneurship-and-the-Asiento-Slave-Trade-16501700\/Garcia-Monton\/p\/book\/9781032150345\"><em>Genoese Entrepreneurship and the Asiento Slave Trade, 1650-1700<\/em><\/a>\u00a0(Routledge, 2021), ampliamente discutida en el <a href=\"https:\/\/brill.com\/view\/journals\/jeah\/13\/2-3\/article-p169_005.xml\">\u00e1mbito historiogr\u00e1fico internacional<\/a>. Diferentes cap\u00edtulos de libro y varios art\u00edculos producto de su investigaci\u00f3n han visto la luz en revistas como\u00a0<a href=\"https:\/\/revistas.ucm.es\/index.php\/CHMO\/article\/view\/58068\"><em>Cuadernos de Historia Moderna<\/em><\/a>,\u00a0<a href=\"https:\/\/journals.openedition.org\/nuevomundo\/76661\"><em>Nuevo Mundo: Mundos Nuevos<\/em><\/a>, o\u00a0<a href=\"https:\/\/read.dukeupress.edu\/hahr\/article-abstract\/99\/3\/399\/139119\/The-Rise-of-Portobelo-and-the-Transformation-of\"><em>Hispanic American Historical Review<\/em><\/a>. Estos intereses han llevado a Alejandro a participar en numerosos foros de debate acad\u00e9mico a lo largo de una amplia geograf\u00eda internacional, en pa\u00edses como Chile, Espa\u00f1a, Estados Unidos, Francia, Hungr\u00eda, Italia, Panam\u00e1, Portugal o Reino Unido, entre otros. En la actualidad tambi\u00e9n se desempe\u00f1a como Book Review Editor para la revista\u00a0<a href=\"https:\/\/brill.com\/view\/journals\/jeah\/jeah-overview.xml\"><em>The Journal of Early American History<\/em><\/a>\u00a0(Brill).<\/p>\n<p>Ubicaci\u00f3n:\u00a0Despacho C-218, Facultad de Ciencias Econ\u00f3micas y Empresariales, UGR, P\u00ba de Cartuja 7,\u00a018071 Granada,<\/p>\n<p>Correo electr\u00f3nico:\u00a0garciamonton@ugr.es<\/p>\n<p><a href=\"https:\/\/upo.academia.edu\/AlejandroGARCIAMONTON\">Perfil Academia.edu<\/a><\/p>\n","protected":false},"excerpt":{"rendered":"<p>Alejandro Garc\u00eda Mont\u00f3n es Profesor Ayudante Doctor en el Departamento de Teor\u00eda e Historia Econ\u00f3mica de la Universidad de Granada. Es licenciado en Historia por la Universidad Complutense de Madrid (2008) y doctor en Historia y Civilizaci\u00f3n por el European University Institute (2014). Entre 2016 y 2020 trabaj\u00f3 como investigador [&hellip;]<\/p>\n","protected":false},"author":1,"featured_media":0,"parent":43,"menu_order":7,"comment_status":"closed","ping_status":"closed","template":"","meta":{"footnotes":""},"_links":{"self":[{"href":"https:\/\/www.upo.es\/investiga\/globalhistory\/wp-json\/wp\/v2\/pages\/171"}],"collection":[{"href":"https:\/\/www.upo.es\/investiga\/globalhistory\/wp-json\/wp\/v2\/pages"}],"about":[{"href":"https:\/\/www.upo.es\/investiga\/globalhistory\/wp-json\/wp\/v2\/types\/page"}],"author":[{"embeddable":true,"href":"https:\/\/www.upo.es\/investiga\/globalhistory\/wp-json\/wp\/v2\/users\/1"}],"replies":[{"embeddable":true,"href":"https:\/\/www.upo.es\/investiga\/globalhistory\/wp-json\/wp\/v2\/comments?post=171"}],"version-history":[{"count":9,"href":"https:\/\/www.upo.es\/investiga\/globalhistory\/wp-json\/wp\/v2\/pages\/171\/revisions"}],"predecessor-version":[{"id":2259,"href":"https:\/\/www.upo.es\/investiga\/globalhistory\/wp-json\/wp\/v2\/pages\/171\/revisions\/2259"}],"up":[{"embeddable":true,"href":"https:\/\/www.upo.es\/investiga\/globalhistory\/wp-json\/wp\/v2\/pages\/43"}],"wp:attachment":[{"href":"https:\/\/www.upo.es\/investiga\/globalhistory\/wp-json\/wp\/v2\/media?parent=171"}],"curies":[{"name":"wp","href":"https:\/\/api.w.org\/{rel}","templated":true}]}}