{"id":2055,"date":"2022-12-17T18:24:47","date_gmt":"2022-12-17T18:24:47","guid":{"rendered":"http:\/\/localhost\/AtlantoCracies_1\/?page_id=21"},"modified":"2022-12-17T18:24:47","modified_gmt":"2022-12-17T18:24:47","slug":"base-de-datos-2","status":"publish","type":"page","link":"https:\/\/www.upo.es\/investiga\/globalhistory\/base-de-datos-2\/","title":{"rendered":"Dataset"},"content":{"rendered":"<p style=\"text-align: justify;\"><span style=\"font-weight: 400;\">Se ha dise\u00f1ado una Dataset NoSQL, que gestiona datos semi-estructurados y orientado a documentos, destinada al almacenamiento y consulta flexible de datos de personajes hist\u00f3ricos y las relaciones entre \u00e9stos. Este dise\u00f1o permite su adaptaci\u00f3n a los posibles cambios producidos durante la investigaci\u00f3n hist\u00f3rica de forma r\u00e1pida y con bajo coste.<\/span><\/p>\n<p style=\"text-align: justify;\"><span style=\"font-weight: 400;\">El modelo de Dataset est\u00e1 formado por una colecci\u00f3n principal de documentos denominada <\/span><em><span style=\"font-weight: 400;\">Nobility<\/span><\/em><span style=\"font-weight: 400;\">. Dentro de esta colecci\u00f3n, encontramos los documentos denominados <\/span><em><span style=\"font-weight: 400;\">Person, <\/span><\/em><span style=\"font-weight: 400;\">los cuales representan a personajes hist\u00f3ricos y cuya estructura base cuenta con una lista de 23 atributos y cuatro <\/span><em><span style=\"font-weight: 400;\">arrays<\/span><\/em><span style=\"font-weight: 400;\"> de subdocumentos. Al ser una Dataset semi-estructurados, se cuenta con la flexibilidad para modificar esta estructura base siempre que sea necesario.<\/span><\/p>\n<p><img loading=\"lazy\" decoding=\"async\" src=\"http:\/\/localhost\/AtlantoCracies_1\/wp-content\/uploads\/2023\/06\/7.png\" alt=\"\" width=\"557\" height=\"502\" class=\"size-full wp-image-738 aligncenter\" \/><\/p>\n<p>&nbsp;<\/p>\n<p style=\"text-align: justify;\"><span style=\"font-weight: 400;\">Cada documento <\/span><em><span style=\"font-weight: 400;\">Person <\/span><\/em><span style=\"font-weight: 400;\">se puede relacionar con otros documentos del mismo tipo a trav\u00e9s de dos de sus atributos: idFather e idMother, las cuales contienen el identificador \u00fanico del personaje hist\u00f3rico que es su padre y madre, respectivamente. Esto permite poder crear la estructura jer\u00e1rquica de la genealog\u00eda de cualquier personaje almacenado en la Dataset.<\/span><\/p>\n<p style=\"text-align: justify;\"><span style=\"font-weight: 400;\">A su vez, cada documento <\/span><em><span style=\"font-weight: 400;\">Person<\/span><\/em><span style=\"font-weight: 400;\"> se relaciona con 4 posibles tipos de documentos a trav\u00e9s de los arrays mencionados anteriormente, por lo que en este dise\u00f1o se dan los dos tipos posibles de relaciones incluidos en las bases de datos orientadas a documentos (<\/span><em><span style=\"font-weight: 400;\">embedded documents<\/span><\/em><span style=\"font-weight: 400;\"> y <\/span><em><span style=\"font-weight: 400;\">referenced documents<\/span><\/em><span style=\"font-weight: 400;\">).<\/span><\/p>\n<p style=\"text-align: justify;\"><span style=\"font-weight: 400;\">La Dataset se encuentra alojada en la infraestructura en la nube de la empresa MongoDB (Atlas). Actualmente, el acceso se hace en remoto desde los equipos de los investigadores. En un futuro, se desplegar\u00e1 la Dataset en una entidad p\u00fablica relacionada con la investigaci\u00f3n cient\u00edfica y ser\u00e1 accesible a partir de un entorno web, disponible para los investigadores que quieran consultar los datos, para los desarrolladores o para el p\u00fablico en general.<\/span><\/p>\n<p style=\"text-align: justify;\"><span style=\"font-weight: 400;\">Esta Dataset supone una innovaci\u00f3n con respecto a la forma de trabajar en proyectos de investigaci\u00f3n hist\u00f3rica.<\/span> <span style=\"font-weight: 400;\">Hasta ahora la mayor\u00eda de las bases de datos utilizadas en proyectos de investigaci\u00f3n hist\u00f3rica son Relacionales. En un estudio llevado a cabo en el seno del proyecto Atlantocracies se llev\u00f3 a cabo una encuesta sobre las caracter\u00edsticas t\u00e9cnicas de las bases de datos usadas en 37 proyectos internacionales de prestigio relacionados con la historia. M\u00e1s del 70% de dichas bases de datos eran Relacionales. Solo el 9% eran bases de datos NoSQL, siendo en su totalidad del tipo orientadas a grafos. Es decir, presumiblemente el modelo de Dataset que presentan los autores es el primero orientado a documentos usados para este tipo de investigaciones.<\/span><\/p>\n<p style=\"text-align: justify;\"><span style=\"font-weight: 400;\">La mayor ventaja y diferencia, con respecto a las otras soluciones propuestas, est\u00e1 en la gran flexibilidad que proporciona. La investigaci\u00f3n hist\u00f3rica es cambiante. A medida que se van explorando las fuentes de informaci\u00f3n, surgen nuevos atributos, objetivos y preguntas, haciendo que los datos recopilados de cada objeto de estudio puedan variar constantemente.<\/span> <span style=\"font-weight: 400;\">Las bases de datos orientadas a documentos permiten llevar a cabo un procesamiento flexible de los datos. Para nuestro caso concreto, aunque los personajes hist\u00f3ricos cuentan con una estructura de atributos b\u00e1sica, dicha estructura puede ser modificada\/ampliada\/reducida siempre que sea necesario. De tal forma que, cada personaje hist\u00f3rico almacenado puede tener una estructura interna totalmente diferente. Al contrario, en los modelos Relacionales, las tablas tienen una estructura fija que han de seguir todas las inserciones y cuya modificaci\u00f3n supone una gran inversi\u00f3n de tiempo, esfuerzo y dinero. As\u00ed, el modelo presentado puede adaptarse de forma r\u00e1pida y sencilla a cualquier fuente de informaci\u00f3n relacionada con personajes hist\u00f3ricos. De la misma forma, el sistema gestor de Dataset escogido tiene la potencia necesaria para poder llevar a cabo todas las consultas que sean necesarias para la extracci\u00f3n de informaci\u00f3n y conocimiento.<\/span><\/p>\n<hr \/>\n<p style=\"text-align: justify;\">\n","protected":false},"excerpt":{"rendered":"<p>Se ha dise\u00f1ado una Dataset NoSQL, que gestiona datos semi-estructurados y orientado a documentos, destinada al almacenamiento y consulta flexible de datos de personajes hist\u00f3ricos y las relaciones entre \u00e9stos. Este dise\u00f1o permite su adaptaci\u00f3n a los posibles cambios producidos durante la investigaci\u00f3n hist\u00f3rica de forma r\u00e1pida y con bajo [&hellip;]<\/p>\n","protected":false},"author":1,"featured_media":0,"parent":0,"menu_order":0,"comment_status":"closed","ping_status":"closed","template":"","meta":{"footnotes":""},"_links":{"self":[{"href":"https:\/\/www.upo.es\/investiga\/globalhistory\/wp-json\/wp\/v2\/pages\/2055"}],"collection":[{"href":"https:\/\/www.upo.es\/investiga\/globalhistory\/wp-json\/wp\/v2\/pages"}],"about":[{"href":"https:\/\/www.upo.es\/investiga\/globalhistory\/wp-json\/wp\/v2\/types\/page"}],"author":[{"embeddable":true,"href":"https:\/\/www.upo.es\/investiga\/globalhistory\/wp-json\/wp\/v2\/users\/1"}],"replies":[{"embeddable":true,"href":"https:\/\/www.upo.es\/investiga\/globalhistory\/wp-json\/wp\/v2\/comments?post=2055"}],"version-history":[{"count":0,"href":"https:\/\/www.upo.es\/investiga\/globalhistory\/wp-json\/wp\/v2\/pages\/2055\/revisions"}],"wp:attachment":[{"href":"https:\/\/www.upo.es\/investiga\/globalhistory\/wp-json\/wp\/v2\/media?parent=2055"}],"curies":[{"name":"wp","href":"https:\/\/api.w.org\/{rel}","templated":true}]}}