{"id":40,"date":"2018-02-13T11:28:31","date_gmt":"2018-02-13T11:28:31","guid":{"rendered":"https:\/\/www.upo.es\/investiga\/globalhistory\/?page_id=40"},"modified":"2024-03-08T11:59:00","modified_gmt":"2024-03-08T11:59:00","slug":"proyectos","status":"publish","type":"page","link":"https:\/\/www.upo.es\/investiga\/globalhistory\/proyectos\/","title":{"rendered":"Proyectos de investigaci\u00f3n"},"content":{"rendered":"\n<p><strong>Proyectos en ejecuci\u00f3n<\/strong><\/p>\n\n\n\n<p><strong><em><a href=\"https:\/\/www.upo.es\/investiga\/globalhistory\/genero-y-etnia-en-el-istmo-de-panama-1500-1700-y-en-otros-ambitos-feder-upo-1380997\/?preview_id=1690&amp;preview_nonce=bd0edb153f&amp;preview=true\">G\u00e9nero y etnia en el istmo de Panam\u00e1, 1500-1700, y en otros \u00e1mbitos (FEDER-UPO-1380997)&nbsp;<\/a><\/em><\/strong><\/p>\n\n\n<p><a href=\"https:\/\/www.upo.es\/investiga\/globalhistory\/en-busca-de-aristocracias-atlanticas-americas-y-las-elites-en-la-espana-peninsular-1492-1824-upo-feder-1264973\/\"><em><strong>En busca de aristocracias atl\u00e1nticas. Am\u00e9ricas y las \u00e9lites en la Espa\u00f1a peninsular, 1492-1824 (UPO-FEDER 1264973)<\/strong><\/em><\/a><\/p>\n<p style=\"text-align: center;\"><img loading=\"lazy\" decoding=\"async\" class=\"alignnone size-full wp-image-208\" src=\"https:\/\/www.upo.es\/investiga\/globalhistory\/wp-content\/uploads\/2018\/02\/ARTEMPIRE.jpg\" alt=\"\" width=\"180\" height=\"180\" srcset=\"https:\/\/www.upo.es\/investiga\/globalhistory\/wp-content\/uploads\/2018\/02\/ARTEMPIRE.jpg 180w, https:\/\/www.upo.es\/investiga\/globalhistory\/wp-content\/uploads\/2018\/02\/ARTEMPIRE-150x150.jpg 150w\" sizes=\"(max-width: 180px) 100vw, 180px\" \/> <img loading=\"lazy\" decoding=\"async\" class=\"alignnone wp-image-304\" src=\"https:\/\/www.upo.es\/investiga\/globalhistory\/wp-content\/uploads\/2018\/02\/LOGO_ERC-300x300.jpg\" alt=\"\" width=\"180\" height=\"180\" srcset=\"https:\/\/www.upo.es\/investiga\/globalhistory\/wp-content\/uploads\/2018\/02\/LOGO_ERC-300x300.jpg 300w, https:\/\/www.upo.es\/investiga\/globalhistory\/wp-content\/uploads\/2018\/02\/LOGO_ERC-150x150.jpg 150w, https:\/\/www.upo.es\/investiga\/globalhistory\/wp-content\/uploads\/2018\/02\/LOGO_ERC-768x768.jpg 768w, https:\/\/www.upo.es\/investiga\/globalhistory\/wp-content\/uploads\/2018\/02\/LOGO_ERC-1024x1024.jpg 1024w, https:\/\/www.upo.es\/investiga\/globalhistory\/wp-content\/uploads\/2018\/02\/LOGO_ERC.jpg 1187w\" sizes=\"(max-width: 180px) 100vw, 180px\" \/> <img loading=\"lazy\" decoding=\"async\" class=\"alignnone wp-image-313\" src=\"https:\/\/www.upo.es\/investiga\/globalhistory\/wp-content\/uploads\/2018\/02\/logo-h2020-300x146.png\" alt=\"\" width=\"357\" height=\"174\" srcset=\"https:\/\/www.upo.es\/investiga\/globalhistory\/wp-content\/uploads\/2018\/02\/logo-h2020-300x146.png 300w, https:\/\/www.upo.es\/investiga\/globalhistory\/wp-content\/uploads\/2018\/02\/logo-h2020-768x373.png 768w, https:\/\/www.upo.es\/investiga\/globalhistory\/wp-content\/uploads\/2018\/02\/logo-h2020-1024x497.png 1024w, https:\/\/www.upo.es\/investiga\/globalhistory\/wp-content\/uploads\/2018\/02\/logo-h2020.png 1365w\" sizes=\"(max-width: 357px) 100vw, 357px\" \/><\/p>\n<p style=\"text-align: center;\"><a href=\"https:\/\/www.upo.es\/investiga\/globalhistory\/proyectos\/an-artery-of-empire-conquest-commerce-crisis-culture-and-the-panamanian-junction\/\"><strong><em>An ARTery of EMPIRE. Conquest, Commerce, Crisis, Culture and the Panamanian Junction (ERC &#8211; CoG 648535)<\/em><\/strong><\/a><\/p>\n<p style=\"text-align: center;\"><span style=\"color: #000000;\"><a style=\"color: #000000;\" href=\"https:\/\/www.upo.es\/investiga\/globalhistory\/proyectos\/comercio-conflicto-y-cultura-en-el-istmo-de-panama-una-arteria-del-imperio-y-la-crisis-global-1513-1671\/\"><em><b>Comercio, conflicto y cultura en el Istmo de Panama. Una arteria del Imperio y la crisis global, 1513-1671 (HAR2014- 52260-P)<\/b><\/em><\/a><\/span><\/p>\n<p style=\"text-align: center;\"><img loading=\"lazy\" decoding=\"async\" class=\"alignnone wp-image-317\" src=\"https:\/\/www.upo.es\/investiga\/globalhistory\/wp-content\/uploads\/2018\/02\/GECEM-1-300x300.png\" alt=\"\" width=\"194\" height=\"194\" srcset=\"https:\/\/www.upo.es\/investiga\/globalhistory\/wp-content\/uploads\/2018\/02\/GECEM-1-300x300.png 300w, https:\/\/www.upo.es\/investiga\/globalhistory\/wp-content\/uploads\/2018\/02\/GECEM-1-150x150.png 150w, https:\/\/www.upo.es\/investiga\/globalhistory\/wp-content\/uploads\/2018\/02\/GECEM-1-768x768.png 768w, https:\/\/www.upo.es\/investiga\/globalhistory\/wp-content\/uploads\/2018\/02\/GECEM-1-1024x1024.png 1024w\" sizes=\"(max-width: 194px) 100vw, 194px\" \/> <img loading=\"lazy\" decoding=\"async\" class=\"alignnone wp-image-304\" src=\"https:\/\/www.upo.es\/investiga\/globalhistory\/wp-content\/uploads\/2018\/02\/LOGO_ERC-300x300.jpg\" alt=\"\" width=\"192\" height=\"192\" srcset=\"https:\/\/www.upo.es\/investiga\/globalhistory\/wp-content\/uploads\/2018\/02\/LOGO_ERC-300x300.jpg 300w, https:\/\/www.upo.es\/investiga\/globalhistory\/wp-content\/uploads\/2018\/02\/LOGO_ERC-150x150.jpg 150w, https:\/\/www.upo.es\/investiga\/globalhistory\/wp-content\/uploads\/2018\/02\/LOGO_ERC-768x768.jpg 768w, https:\/\/www.upo.es\/investiga\/globalhistory\/wp-content\/uploads\/2018\/02\/LOGO_ERC-1024x1024.jpg 1024w, https:\/\/www.upo.es\/investiga\/globalhistory\/wp-content\/uploads\/2018\/02\/LOGO_ERC.jpg 1187w\" sizes=\"(max-width: 192px) 100vw, 192px\" \/><\/p>\n<p style=\"text-align: center;\"><a href=\"https:\/\/www.upo.es\/investiga\/globalhistory\/proyectos\/encuentros-globales-entre-china-y-europa-1680-1840\/\"><strong><em>Encuentros globales entre China y Europa (1680-1840) (<\/em><\/strong><\/a><a href=\"http:\/\/www.gecem.eu\/\"><strong><em>ERC &#8211; StG 679371)<\/em><\/strong><\/a><\/p>\n<p style=\"text-align: center;\"><span style=\"color: #000000;\"><a href=\"https:\/\/www.upo.es\/investiga\/globalhistory\/proyectos\/en-los-limites-de-la-violencia-masacre-y-proyeccion-de-la-monarquias-ibericas-en-los-siglos-modernos\/\"><strong><em>En los l\u00edmites de la violencia (III): <span>la violencia lenta de los imperios modernos (PID2021-122319NB-C22)<\/span><\/em><\/strong><\/a><b><\/b><\/span><\/p>\n<p style=\"text-align: center;\"><span style=\"color: #000000;\"><a style=\"color: #000000;\" href=\"https:\/\/www.upo.es\/investiga\/globalhistory\/proyectos\/globalizacion-iberica-redes-entre-asia-y-europa-y-los-cambios-en-las-pautas-de-consumo-en-latinoamerica\/\"><em><b>Globalizaci\u00f3n ib\u00e9rica: redes entre Asia y Europa y los cambios en las pautas de consumo en Latinoam\u00e9rica (HAR2014- 53797-P\u00a0)<\/b><\/em><\/a><\/span><strong><a href=\"https:\/\/www.upo.es\/investiga\/globalhistory\/proyectos\/on-the-frontiers-of-peace-cross-cultural-peacebuilding-on-the-frontiers-of-the-iberian-empires-1500-1580-h2020-msca-if-2016-ga-748592\/\"><\/a><\/strong><\/p>\n<p style=\"text-align: right;\"><\/p>\n\n\n<p><strong>Proyectos completados<\/strong><\/p>\n\n\n\n<p><strong><a href=\"https:\/\/www.upo.es\/investiga\/globalhistory\/proyectos\/on-the-frontiers-of-peace-cross-cultural-peacebuilding-on-the-frontiers-of-the-iberian-empires-1500-1580-h2020-msca-if-2016-ga-748592\/\">On the Frontiers of Peace. Cross-cultural Peacebuilding on the Frontiers of the Iberian Empires (1500-1580) (H2020 MSCA IF-2016 GA 748592)<\/a><\/strong><\/p>\n","protected":false},"excerpt":{"rendered":"<p>Proyectos en ejecuci\u00f3n G\u00e9nero y etnia en el istmo de Panam\u00e1, 1500-1700, y en otros \u00e1mbitos (FEDER-UPO-1380997)&nbsp; En busca de aristocracias atl\u00e1nticas. Am\u00e9ricas y las \u00e9lites en la Espa\u00f1a peninsular, 1492-1824 (UPO-FEDER 1264973) An ARTery of EMPIRE. Conquest, Commerce, Crisis, Culture and the Panamanian Junction (ERC &#8211; CoG 648535) Comercio, [&hellip;]<\/p>\n","protected":false},"author":1,"featured_media":0,"parent":0,"menu_order":0,"comment_status":"closed","ping_status":"closed","template":"","meta":{"footnotes":""},"_links":{"self":[{"href":"https:\/\/www.upo.es\/investiga\/globalhistory\/wp-json\/wp\/v2\/pages\/40"}],"collection":[{"href":"https:\/\/www.upo.es\/investiga\/globalhistory\/wp-json\/wp\/v2\/pages"}],"about":[{"href":"https:\/\/www.upo.es\/investiga\/globalhistory\/wp-json\/wp\/v2\/types\/page"}],"author":[{"embeddable":true,"href":"https:\/\/www.upo.es\/investiga\/globalhistory\/wp-json\/wp\/v2\/users\/1"}],"replies":[{"embeddable":true,"href":"https:\/\/www.upo.es\/investiga\/globalhistory\/wp-json\/wp\/v2\/comments?post=40"}],"version-history":[{"count":49,"href":"https:\/\/www.upo.es\/investiga\/globalhistory\/wp-json\/wp\/v2\/pages\/40\/revisions"}],"predecessor-version":[{"id":2292,"href":"https:\/\/www.upo.es\/investiga\/globalhistory\/wp-json\/wp\/v2\/pages\/40\/revisions\/2292"}],"wp:attachment":[{"href":"https:\/\/www.upo.es\/investiga\/globalhistory\/wp-json\/wp\/v2\/media?parent=40"}],"curies":[{"name":"wp","href":"https:\/\/api.w.org\/{rel}","templated":true}]}}