{"id":408,"date":"2018-03-05T08:25:33","date_gmt":"2018-03-05T08:25:33","guid":{"rendered":"https:\/\/www.upo.es\/investiga\/globalhistory\/?page_id=408"},"modified":"2022-06-14T09:21:18","modified_gmt":"2022-06-14T09:21:18","slug":"brice-cossart","status":"publish","type":"page","link":"https:\/\/www.upo.es\/investiga\/globalhistory\/miembros\/brice-cossart\/","title":{"rendered":"Brice Cossart"},"content":{"rendered":"<p><img loading=\"lazy\" decoding=\"async\" class=\"alignnone size-medium wp-image-961 aligncenter\" src=\"https:\/\/www.upo.es\/investiga\/globalhistory\/wp-content\/uploads\/2020\/10\/BCOSSART-picture-225x300.jpg\" alt=\"\" width=\"225\" height=\"300\" srcset=\"https:\/\/www.upo.es\/investiga\/globalhistory\/wp-content\/uploads\/2020\/10\/BCOSSART-picture-225x300.jpg 225w, https:\/\/www.upo.es\/investiga\/globalhistory\/wp-content\/uploads\/2020\/10\/BCOSSART-picture.jpg 489w\" sizes=\"(max-width: 225px) 100vw, 225px\" \/><\/p>\n<p>Brice Cossart es investigador postdoctoral en la Universidad Pablo de Olavide con un beca Marie Sk\u0142odowska Curie financiada por la Uni\u00f3n Europea (H2020 MSCA IF 2018 n\u00b0845675). Ha defendido su tesis doctoral en 2016 en el Instituto Universitario Europeo de Florencia (EUI) con un estudio del personal artillero al servicio de la Monarqu\u00eda Hisp\u00e1nica en el siglo XVI. Este trabajo ha recibido dos premios cient\u00edficos (<a href=\"http:\/\/www.icohtec.org\/prizes\/prizes-turriano-icohtec\/\">Turriano-ICOHTEC<\/a> y premio del <a href=\"https:\/\/www.memoiredeshommes.sga.defense.gouv.fr\/fr\/article.php?laref=1198&amp;titre=prix-d-histoire-militaire-2018\">Ministerio de Defensa franc\u00e9s<\/a>) y se ha publicado en 2021 con la editorial Classiques Garnier bajo el t\u00edtulo <a href=\"https:\/\/classiques-garnier.com\/les-artilleurs-et-la-monarchie-hispanique-1560-1610-guerre-savoirs-techniques-etat-en.html\"><em>Les artilleurs et la Monarchie hispanique (1560-1610). Guerre, savoirs techniques, \u00c9tat<\/em><\/a>. Su proyecto de investigaci\u00f3n actual, GLOBALGUNS, propone explorar en una perspectiva de historia global y comparada las tem\u00e1ticas de circulaci\u00f3n de expertos y saberes t\u00e9cnico-militares al coraz\u00f3n de su tesis doctoral.<\/p>\n<p>Ubicaci\u00f3n: <span>Edificio 2, planta 3, despacho 35<\/span><\/p>\n<p>Correo Electr\u00f3nico: <a href=\"mailto:bwcos@upo.es\">bwcos@upo.es<\/a><\/p>\n<p><a href=\"https:\/\/upo.academia.edu\/BriceCossart\">Perfil en Academia.edu<\/a><\/p>\n","protected":false},"excerpt":{"rendered":"<p>Brice Cossart es investigador postdoctoral en la Universidad Pablo de Olavide con un beca Marie Sk\u0142odowska Curie financiada por la Uni\u00f3n Europea (H2020 MSCA IF 2018 n\u00b0845675). Ha defendido su tesis doctoral en 2016 en el Instituto Universitario Europeo de Florencia (EUI) con un estudio del personal artillero al servicio [&hellip;]<\/p>\n","protected":false},"author":1,"featured_media":0,"parent":43,"menu_order":4,"comment_status":"closed","ping_status":"closed","template":"","meta":{"footnotes":""},"_links":{"self":[{"href":"https:\/\/www.upo.es\/investiga\/globalhistory\/wp-json\/wp\/v2\/pages\/408"}],"collection":[{"href":"https:\/\/www.upo.es\/investiga\/globalhistory\/wp-json\/wp\/v2\/pages"}],"about":[{"href":"https:\/\/www.upo.es\/investiga\/globalhistory\/wp-json\/wp\/v2\/types\/page"}],"author":[{"embeddable":true,"href":"https:\/\/www.upo.es\/investiga\/globalhistory\/wp-json\/wp\/v2\/users\/1"}],"replies":[{"embeddable":true,"href":"https:\/\/www.upo.es\/investiga\/globalhistory\/wp-json\/wp\/v2\/comments?post=408"}],"version-history":[{"count":13,"href":"https:\/\/www.upo.es\/investiga\/globalhistory\/wp-json\/wp\/v2\/pages\/408\/revisions"}],"predecessor-version":[{"id":1754,"href":"https:\/\/www.upo.es\/investiga\/globalhistory\/wp-json\/wp\/v2\/pages\/408\/revisions\/1754"}],"up":[{"embeddable":true,"href":"https:\/\/www.upo.es\/investiga\/globalhistory\/wp-json\/wp\/v2\/pages\/43"}],"wp:attachment":[{"href":"https:\/\/www.upo.es\/investiga\/globalhistory\/wp-json\/wp\/v2\/media?parent=408"}],"curies":[{"name":"wp","href":"https:\/\/api.w.org\/{rel}","templated":true}]}}