{"id":627,"date":"2018-10-29T08:01:37","date_gmt":"2018-10-29T08:01:37","guid":{"rendered":"https:\/\/www.upo.es\/investiga\/globalhistory\/?page_id=627"},"modified":"2021-06-29T13:10:13","modified_gmt":"2021-06-29T13:10:13","slug":"on-the-frontiers-of-peace-cross-cultural-peacebuilding-on-the-frontiers-of-the-iberian-empires-1500-1580-h2020-msca-if-2016-ga-748592","status":"publish","type":"page","link":"https:\/\/www.upo.es\/investiga\/globalhistory\/proyectos\/on-the-frontiers-of-peace-cross-cultural-peacebuilding-on-the-frontiers-of-the-iberian-empires-1500-1580-h2020-msca-if-2016-ga-748592\/","title":{"rendered":"On the Frontiers of Peace. Cross-cultural Peacebuilding on the Frontiers of the Iberian Empires (1500-1580) (H2020 MSCA IF-2016 GA 748592)"},"content":{"rendered":"<p>Solemos pensar la expansi\u00f3n europea de la edad moderna en t\u00e9rminos de conquista militar y ocupaci\u00f3n violenta. Sin embargo, otro aspecto de este proceso hist\u00f3rico, la limitaci\u00f3n de la violencia, ha atra\u00eddo mucha menos atenci\u00f3n de los investigadores. Este proyecto no pretende blanquear la historia de la construcci\u00f3n de los imperios europeos dejando de lado su dimensi\u00f3n violenta, sino comprender mejor este fen\u00f3meno analizando como se intent\u00f3 limitar el recurso a la violencia en las fronteras globales de los imperios ib\u00e9ricos. Los portugueses y espa\u00f1oles (como despu\u00e9s de ellos los ingleses, holandeses, etc\u00e9tera) hicieron un uso frecuente de la violencia en sus interacciones con las sociedades americanas, africanas y asi\u00e1ticas con las que entraron en contacto directo a lo largo del siglo XVI. Ahora bien, su supervivencia fuera del viejo continente depend\u00eda en gran medida en su capacidad de superar la violencia parox\u00edstica que frecuentemente caracteriz\u00f3 los primeros contactos y, sobre todo, de marcar unos l\u00edmites a la pr\u00e1ctica de la misma. Muchas veces estos intentos por acordar unas reglas compartidas que sirvieran para limitar la violencia chocaban frente a un obst\u00e1culo clave: las profundas divisiones culturales.<\/p>\n<p>De la misma manera que las cada vez m\u00e1s intensas conexiones globales generaron nuevas formas de violencia intercultural, estas mismas conexiones crearon tambi\u00e9n la necesidad de encontrar nuevas formas de limitarla. El objetivo principal de este proyecto es ofrecer una explicaci\u00f3n a como se conten\u00eda la violencia en las fronteras globales de los imperios ib\u00e9ricos en expansi\u00f3n. Para ello se estudian diferentes procesos de escalada y desescalada de la violencia intercultural en diferentes contextos (desde el norte de \u00c1frica hasta el sudeste asi\u00e1tico) que permiten entender como las sociedades resultantes de la expansi\u00f3n ib\u00e9rica generaron mecanismos para frenar la violencia intercultural desde abajo.<\/p>\n<p>Investigador principal: <a href=\"https:\/\/www.upo.es\/investiga\/globalhistory\/investigadores\/jose-miguel-escribano-paez\/\">Jos\u00e9 Miguel Escribano P\u00e1ez<\/a><\/p>\n<p><a href=\"https:\/\/cordis.europa.eu\/project\/rcn\/212632_en.html\">Web del proyecto<\/a><\/p>\n<div><\/div>\n","protected":false},"excerpt":{"rendered":"<p>Solemos pensar la expansi\u00f3n europea de la edad moderna en t\u00e9rminos de conquista militar y ocupaci\u00f3n violenta. Sin embargo, otro aspecto de este proceso hist\u00f3rico, la limitaci\u00f3n de la violencia, ha atra\u00eddo mucha menos atenci\u00f3n de los investigadores. Este proyecto no pretende blanquear la historia de la construcci\u00f3n de los [&hellip;]<\/p>\n","protected":false},"author":1,"featured_media":0,"parent":40,"menu_order":6,"comment_status":"closed","ping_status":"closed","template":"","meta":{"footnotes":""},"_links":{"self":[{"href":"https:\/\/www.upo.es\/investiga\/globalhistory\/wp-json\/wp\/v2\/pages\/627"}],"collection":[{"href":"https:\/\/www.upo.es\/investiga\/globalhistory\/wp-json\/wp\/v2\/pages"}],"about":[{"href":"https:\/\/www.upo.es\/investiga\/globalhistory\/wp-json\/wp\/v2\/types\/page"}],"author":[{"embeddable":true,"href":"https:\/\/www.upo.es\/investiga\/globalhistory\/wp-json\/wp\/v2\/users\/1"}],"replies":[{"embeddable":true,"href":"https:\/\/www.upo.es\/investiga\/globalhistory\/wp-json\/wp\/v2\/comments?post=627"}],"version-history":[{"count":3,"href":"https:\/\/www.upo.es\/investiga\/globalhistory\/wp-json\/wp\/v2\/pages\/627\/revisions"}],"predecessor-version":[{"id":1049,"href":"https:\/\/www.upo.es\/investiga\/globalhistory\/wp-json\/wp\/v2\/pages\/627\/revisions\/1049"}],"up":[{"embeddable":true,"href":"https:\/\/www.upo.es\/investiga\/globalhistory\/wp-json\/wp\/v2\/pages\/40"}],"wp:attachment":[{"href":"https:\/\/www.upo.es\/investiga\/globalhistory\/wp-json\/wp\/v2\/media?parent=627"}],"curies":[{"name":"wp","href":"https:\/\/api.w.org\/{rel}","templated":true}]}}