{"id":86,"date":"2022-11-14T16:11:58","date_gmt":"2022-11-14T16:11:58","guid":{"rendered":"https:\/\/www.upo.es\/investiga\/inclumed\/?page_id=86"},"modified":"2022-11-16T13:32:14","modified_gmt":"2022-11-16T13:32:14","slug":"juan-antonio-prieto-velasco-investigador-principal","status":"publish","type":"page","link":"https:\/\/www.upo.es\/investiga\/inclumed\/juan-antonio-prieto-velasco-investigador-principal\/","title":{"rendered":"Juan A. Prieto Velasco (IP)"},"content":{"rendered":"<div data-colibri-id=\"86-c1\" class=\"style-511 style-local-86-c1 position-relative\">\n  <!---->\n  <div data-colibri-component=\"section\" data-colibri-id=\"86-c2\" id=\"initial-content\" class=\"h-section h-section-global-spacing d-flex align-items-lg-center align-items-md-center align-items-center style-512 style-local-86-c2 position-relative\">\n    <!---->\n    <!---->\n    <div class=\"h-section-grid-container h-section-boxed-container\">\n      <!---->\n      <div data-colibri-id=\"86-c3\" class=\"h-row-container gutters-row-lg-2 gutters-row-md-2 gutters-row-0 gutters-row-v-lg-2 gutters-row-v-md-2 gutters-row-v-2 style-513 style-local-86-c3 position-relative\">\n        <!---->\n        <div class=\"h-row justify-content-lg-center justify-content-md-center justify-content-center align-items-lg-stretch align-items-md-stretch align-items-stretch gutters-col-lg-2 gutters-col-md-2 gutters-col-0 gutters-col-v-lg-2 gutters-col-v-md-2 gutters-col-v-2\">\n          <!---->\n          <div class=\"h-column h-column-container d-flex h-col-lg-auto h-col-md-auto h-col-auto style-514-outer style-local-86-c4-outer\">\n            <div data-colibri-id=\"86-c4\" class=\"d-flex h-flex-basis h-column__inner h-px-lg-2 h-px-md-2 h-px-2 v-inner-lg-2 v-inner-md-2 v-inner-2 style-514 style-local-86-c4 position-relative\">\n              <!---->\n              <!---->\n              <div class=\"w-100 h-y-container h-column__content h-column__v-align flex-basis-100 align-self-lg-start align-self-md-start align-self-start\">\n                <!---->\n                <div data-colibri-id=\"86-c5\" class=\"style-515 style-local-86-c5 position-relative h-element\">\n                  <!---->\n                  <div>\n                    <div class=\"wp-block-image is-style-rounded\">\n                    <figure class=\"aligncenter size-medium\">\n                      <img loading=\"lazy\" decoding=\"async\" width=\"300\" height=\"300\" src=\"https:\/\/www.upo.es\/investiga\/inclumed\/wp-content\/uploads\/2022\/11\/JAPV2-300x300.jpg\" alt=\"\" class=\"wp-image-112\" srcset=\"https:\/\/www.upo.es\/investiga\/inclumed\/wp-content\/uploads\/2022\/11\/JAPV2-300x300.jpg 300w, https:\/\/www.upo.es\/investiga\/inclumed\/wp-content\/uploads\/2022\/11\/JAPV2-1024x1024.jpg 1024w, https:\/\/www.upo.es\/investiga\/inclumed\/wp-content\/uploads\/2022\/11\/JAPV2-150x150.jpg 150w, https:\/\/www.upo.es\/investiga\/inclumed\/wp-content\/uploads\/2022\/11\/JAPV2-768x768.jpg 768w, https:\/\/www.upo.es\/investiga\/inclumed\/wp-content\/uploads\/2022\/11\/JAPV2-1536x1536.jpg 1536w, https:\/\/www.upo.es\/investiga\/inclumed\/wp-content\/uploads\/2022\/11\/JAPV2-2048x2048.jpg 2048w\" sizes=\"auto, (max-width: 300px) 100vw, 300px\" \/>\n                      <figcaption class=\"wp-element-caption\">Dr. Juan Antonio Prieto Velasco\n                        <br>(Investigador principal)\n                        <br>Profesor titular de universidad (UPO)<\/figcaption>\n                    <\/figure>\n                    <\/div>\n\n                    \n                    <p>Soy profesor titular del Departamento de Filolog\u00eda y Traducci\u00f3n de la Universidad Pablo de Olavide de Sevilla, donde desde 2009 imparto clases de traducci\u00f3n cient\u00edfica y t\u00e9cnica y accesibilidad a los medios. Soy Licenciado en Traducci\u00f3n\n                      e Interpretaci\u00f3n (2004) y cuento con un M\u00e1ster en Traducci\u00f3n m\u00e9dico-sanitaria (2015) y un t\u00edtulo de Experto Universitario en Innovaci\u00f3n docente (2011). Actualmente soy el director del M\u00e1ster en Comunicaci\u00f3n Internacional, Traducci\u00f3n\n                      e Interpretaci\u00f3n.<\/p>\n                    \n\n                    \n                    <p>Desde que defend\u00ed mi tesis doctoral (2008) sobre el papel de la informaci\u00f3n gr\u00e1fica en el discurso cient\u00edfico-t\u00e9cnico en la Universidad de Granada, con la que obtuve el Premio Extraordinario de Doctorado, mis l\u00edneas de investigaci\u00f3n\n                      principales se han centrado en la terminolog\u00eda y la traducci\u00f3n cient\u00edfica, as\u00ed como en la visualizaci\u00f3n del conocimiento especializado.<\/p>\n                    \n\n                    \n                    <p>He podido profundizar en estas l\u00edneas como investigador en 8 proyectos financiados en convocatorias competitivas. Tengo reconocidos dos sexenios de investigaci\u00f3n y pertenezco al grupo de investigaci\u00f3n HUM-1071 <em>Traducci\u00f3n y acceso multimodal a la ciencia y la cultura<\/em>                      (TRADAMACC). Recientemente he dirigido mi actividad investigadora hacia la traducci\u00f3n accesible de textos especializados y multimodales desde una perspectiva inclusiva por medio de la lectura f\u00e1cil. Adem\u00e1s, desarrollo esta l\u00ednea\n                      en el proyecto I+D+i <em>Sistemas pictogr\u00e1ficos y elementos visuales para comprender el patrimonio. Traducci\u00f3n intersemi\u00f3tica a lectura f\u00e1cil (VISUALECT)<\/em>, que coordino junto a la Dra. Medina Reguera.<\/p>\n                    \n\n                    \n                    <div class=\"wp-block-columns is-layout-flex wp-container-core-columns-is-layout-9d6595d7 wp-block-columns-is-layout-flex\">\n                      \n                      <div class=\"wp-block-column is-layout-flow wp-block-column-is-layout-flow\">\n                        <div class=\"wp-block-image\">\n                        <figure class=\"aligncenter size-large is-resized\">\n                          <a href=\"https:\/\/orcid.org\/0000-0002-8325-0237\" target=\"_blank\" rel=\"noreferrer noopener\">\n                            <img loading=\"lazy\" decoding=\"async\" src=\"https:\/\/www.upo.es\/investiga\/inclumed\/wp-content\/uploads\/2022\/11\/ORCID_iD.svg_-1024x1024.png\" alt=\"\" class=\"wp-image-593\" width=\"44\" height=\"44\" srcset=\"https:\/\/www.upo.es\/investiga\/inclumed\/wp-content\/uploads\/2022\/11\/ORCID_iD.svg_-1024x1024.png 1024w, https:\/\/www.upo.es\/investiga\/inclumed\/wp-content\/uploads\/2022\/11\/ORCID_iD.svg_-300x300.png 300w, https:\/\/www.upo.es\/investiga\/inclumed\/wp-content\/uploads\/2022\/11\/ORCID_iD.svg_-150x150.png 150w, https:\/\/www.upo.es\/investiga\/inclumed\/wp-content\/uploads\/2022\/11\/ORCID_iD.svg_-768x768.png 768w, https:\/\/www.upo.es\/investiga\/inclumed\/wp-content\/uploads\/2022\/11\/ORCID_iD.svg_-1536x1536.png 1536w, https:\/\/www.upo.es\/investiga\/inclumed\/wp-content\/uploads\/2022\/11\/ORCID_iD.svg_.png 2048w\" sizes=\"auto, (max-width: 44px) 100vw, 44px\" \/>\n                          <\/a>\n                        <\/figure>\n                        <\/div>\n                      <\/div>\n                      \n\n                      \n                      <div class=\"wp-block-column is-layout-flow wp-block-column-is-layout-flow\">\n                        <div class=\"wp-block-image\">\n                        <figure class=\"aligncenter size-full is-resized\">\n                          <a href=\"https:\/\/investiga.upo.es\/investigadores\/160388\/detalle\" target=\"_blank\" rel=\"noreferrer noopener\">\n                            <img loading=\"lazy\" decoding=\"async\" src=\"https:\/\/www.upo.es\/investiga\/inclumed\/wp-content\/uploads\/2022\/11\/UPO-investiga-1.jpg\" alt=\"\" class=\"wp-image-592\" width=\"123\" height=\"50\" srcset=\"https:\/\/www.upo.es\/investiga\/inclumed\/wp-content\/uploads\/2022\/11\/UPO-investiga-1.jpg 324w, https:\/\/www.upo.es\/investiga\/inclumed\/wp-content\/uploads\/2022\/11\/UPO-investiga-1-300x122.jpg 300w\" sizes=\"auto, (max-width: 123px) 100vw, 123px\" \/>\n                          <\/a>\n                        <\/figure>\n                        <\/div>\n                      <\/div>\n                      \n\n                      \n                      <div class=\"wp-block-column is-layout-flow wp-block-column-is-layout-flow\">\n                        <div class=\"wp-block-image\">\n                        <figure class=\"aligncenter size-large is-resized\">\n                          <a href=\"https:\/\/scholar.google.es\/citations?user=1m93ijcAAAAJ&amp;hl=es\" target=\"_blank\" rel=\"noreferrer noopener\">\n                            <img loading=\"lazy\" decoding=\"async\" src=\"https:\/\/www.upo.es\/investiga\/inclumed\/wp-content\/uploads\/2022\/11\/1024px-Google_Scholar_logo.svg_-1024x1024.png\" alt=\"\" class=\"wp-image-594\" width=\"54\" height=\"54\" srcset=\"https:\/\/www.upo.es\/investiga\/inclumed\/wp-content\/uploads\/2022\/11\/1024px-Google_Scholar_logo.svg_.png 1024w, https:\/\/www.upo.es\/investiga\/inclumed\/wp-content\/uploads\/2022\/11\/1024px-Google_Scholar_logo.svg_-300x300.png 300w, https:\/\/www.upo.es\/investiga\/inclumed\/wp-content\/uploads\/2022\/11\/1024px-Google_Scholar_logo.svg_-150x150.png 150w, https:\/\/www.upo.es\/investiga\/inclumed\/wp-content\/uploads\/2022\/11\/1024px-Google_Scholar_logo.svg_-768x768.png 768w\" sizes=\"auto, (max-width: 54px) 100vw, 54px\" \/>\n                          <\/a>\n                        <\/figure>\n                        <\/div>\n                      <\/div>\n                      \n                    <\/div>\n                    \n                  <\/div>\n                <\/div>\n              <\/div>\n            <\/div>\n          <\/div>\n        <\/div>\n      <\/div>\n    <\/div>\n  <\/div>\n<\/div>","protected":false},"excerpt":{"rendered":"<p>Soy profesor titular del Departamento de Filolog\u00eda y Traducci\u00f3n de la Universidad Pablo de Olavide de Sevilla, donde desde 2009 imparto clases de traducci\u00f3n cient\u00edfica y t\u00e9cnica y accesibilidad a los medios. Soy Licenciado en Traducci\u00f3n e Interpretaci\u00f3n (2004) y cuento con un M\u00e1ster en Traducci\u00f3n m\u00e9dico-sanitaria (2015) y un t\u00edtulo de Experto Universitario en [&hellip;]<\/p>\n","protected":false},"author":1,"featured_media":0,"parent":0,"menu_order":0,"comment_status":"closed","ping_status":"closed","template":"page-templates\/full-width-page.php","meta":{"footnotes":""},"class_list":["post-86","page","type-page","status-publish","hentry"],"_links":{"self":[{"href":"https:\/\/www.upo.es\/investiga\/inclumed\/wp-json\/wp\/v2\/pages\/86","targetHints":{"allow":["GET"]}}],"collection":[{"href":"https:\/\/www.upo.es\/investiga\/inclumed\/wp-json\/wp\/v2\/pages"}],"about":[{"href":"https:\/\/www.upo.es\/investiga\/inclumed\/wp-json\/wp\/v2\/types\/page"}],"author":[{"embeddable":true,"href":"https:\/\/www.upo.es\/investiga\/inclumed\/wp-json\/wp\/v2\/users\/1"}],"replies":[{"embeddable":true,"href":"https:\/\/www.upo.es\/investiga\/inclumed\/wp-json\/wp\/v2\/comments?post=86"}],"version-history":[{"count":20,"href":"https:\/\/www.upo.es\/investiga\/inclumed\/wp-json\/wp\/v2\/pages\/86\/revisions"}],"predecessor-version":[{"id":1286,"href":"https:\/\/www.upo.es\/investiga\/inclumed\/wp-json\/wp\/v2\/pages\/86\/revisions\/1286"}],"wp:attachment":[{"href":"https:\/\/www.upo.es\/investiga\/inclumed\/wp-json\/wp\/v2\/media?parent=86"}],"curies":[{"name":"wp","href":"https:\/\/api.w.org\/{rel}","templated":true}]}}