{"id":112,"date":"2018-03-01T07:39:07","date_gmt":"2018-03-01T07:39:07","guid":{"rendered":"https:\/\/www.upo.es\/investiga\/limites-violencia\/?page_id=112"},"modified":"2018-07-12T07:22:04","modified_gmt":"2018-07-12T07:22:04","slug":"jose-miguel-escribano-paez","status":"publish","type":"page","link":"https:\/\/www.upo.es\/investiga\/limites-violencia\/en_en\/investigadores\/jose-miguel-escribano-paez\/","title":{"rendered":"Jos\u00e9 Miguel Escribano P\u00e1ez"},"content":{"rendered":"<p><img loading=\"lazy\" decoding=\"async\" class=\"alignnone size-medium wp-image-234 aligncenter\" src=\"https:\/\/www.upo.es\/investiga\/limites-violencia\/wp-content\/uploads\/2018\/07\/IMG_0609-300x225.jpg\" alt=\"\" width=\"300\" height=\"225\" srcset=\"https:\/\/www.upo.es\/investiga\/limites-violencia\/wp-content\/uploads\/2018\/07\/IMG_0609-300x225.jpg 300w, https:\/\/www.upo.es\/investiga\/limites-violencia\/wp-content\/uploads\/2018\/07\/IMG_0609-768x576.jpg 768w, https:\/\/www.upo.es\/investiga\/limites-violencia\/wp-content\/uploads\/2018\/07\/IMG_0609-1024x768.jpg 1024w, https:\/\/www.upo.es\/investiga\/limites-violencia\/wp-content\/uploads\/2018\/07\/IMG_0609-676x507.jpg 676w\" sizes=\"auto, (max-width: 300px) 100vw, 300px\" \/><\/p>\n<p>Jos\u00e9 Miguel Escribano holds a Bachelor of Arts in History from the Universidad de Alcal\u00e1 and a Ph.D. in History and Civilization from the European University Institute (2016). His doctoral work Juan Rena and the Construction of the Hispanic Monarchy (1500-1540), supervised by Jorge Flores (Vasco da Gama Chair in Early Modern Global History), analyzed the configuration of the Hispanic empire from the perspective of the agents dealing with its construction at ground level in different border scenarios. Actually, the construction of frontiers of the Hispanic Monarchy represents his main field of work.  \n\nIn this sense, from his first works on the construction of the military frontier in Navarra, he has been broadening the spectrum of his research in order to go on to study the configuration of the political spaces in the Iberian-Maghrebi frontier or the changing relation between the religious and political frontiers in the Mediterranean world from the beginnings of the sixteenth century.  \n\nHis current field of research focuses on the configuration of intercultural mechanisms of conflict resolution and violence control in the global frontiers of the Iberian empires.<\/p>","protected":false},"excerpt":{"rendered":"<p>Jos\u00e9 Miguel Escribano es licenciado en Historia por la Universidad de Alcal\u00e1 (2008), donde obtuvo tambi\u00e9n el Diploma de Estudios Avanzados en Historia Moderna (2011), y doctor en Historia y Civilizaci\u00f3n por el European University Institute (2016). Su tesis doctoral, realizada bajo la supervisi\u00f3n de Jorge Flores (Vasco da Gama Chair in Early Modern Global [&hellip;]<\/p>","protected":false},"author":1,"featured_media":0,"parent":65,"menu_order":3,"comment_status":"closed","ping_status":"closed","template":"","meta":{"footnotes":""},"class_list":["post-112","page","type-page","status-publish","hentry","post-preview"],"_links":{"self":[{"href":"https:\/\/www.upo.es\/investiga\/limites-violencia\/en_en\/wp-json\/wp\/v2\/pages\/112","targetHints":{"allow":["GET"]}}],"collection":[{"href":"https:\/\/www.upo.es\/investiga\/limites-violencia\/en_en\/wp-json\/wp\/v2\/pages"}],"about":[{"href":"https:\/\/www.upo.es\/investiga\/limites-violencia\/en_en\/wp-json\/wp\/v2\/types\/page"}],"author":[{"embeddable":true,"href":"https:\/\/www.upo.es\/investiga\/limites-violencia\/en_en\/wp-json\/wp\/v2\/users\/1"}],"replies":[{"embeddable":true,"href":"https:\/\/www.upo.es\/investiga\/limites-violencia\/en_en\/wp-json\/wp\/v2\/comments?post=112"}],"version-history":[{"count":3,"href":"https:\/\/www.upo.es\/investiga\/limites-violencia\/en_en\/wp-json\/wp\/v2\/pages\/112\/revisions"}],"predecessor-version":[{"id":236,"href":"https:\/\/www.upo.es\/investiga\/limites-violencia\/en_en\/wp-json\/wp\/v2\/pages\/112\/revisions\/236"}],"up":[{"embeddable":true,"href":"https:\/\/www.upo.es\/investiga\/limites-violencia\/en_en\/wp-json\/wp\/v2\/pages\/65"}],"wp:attachment":[{"href":"https:\/\/www.upo.es\/investiga\/limites-violencia\/en_en\/wp-json\/wp\/v2\/media?parent=112"}],"curies":[{"name":"wp","href":"https:\/\/api.w.org\/{rel}","templated":true}]}}