{"id":118,"date":"2018-03-01T07:40:35","date_gmt":"2018-03-01T07:40:35","guid":{"rendered":"https:\/\/www.upo.es\/investiga\/limites-violencia\/?page_id=118"},"modified":"2024-02-08T10:11:08","modified_gmt":"2024-02-08T10:11:08","slug":"christophe-giudicelli","status":"publish","type":"page","link":"https:\/\/www.upo.es\/investiga\/limites-violencia\/en_en\/investigadores\/christophe-giudicelli\/","title":{"rendered":"Christophe Giudicelli"},"content":{"rendered":"<p><img loading=\"lazy\" decoding=\"async\" class=\"size-full wp-image-167 aligncenter\" src=\"https:\/\/www.upo.es\/investiga\/limites-violencia\/wp-content\/uploads\/2018\/03\/s200_christophe.giudicelli.jpg\" alt=\"\" width=\"200\" height=\"200\" srcset=\"https:\/\/www.upo.es\/investiga\/limites-violencia\/wp-content\/uploads\/2018\/03\/s200_christophe.giudicelli.jpg 200w, https:\/\/www.upo.es\/investiga\/limites-violencia\/wp-content\/uploads\/2018\/03\/s200_christophe.giudicelli-150x150.jpg 150w\" sizes=\"auto, (max-width: 200px) 100vw, 200px\" \/><\/p>\n<p>Christophe Giudicelli is an Early Modern History professor at the Universit\u00e9 de Paris-Sorbonne (Paris IV), investigator at the CNRS (CERHIO UMR 6258), and managing editor of the journal Nuevo Mundo, mundos nuevos. \nCurrently, he is the director of the Centro Franco Argentino de Altos Estudios en Ciencias Humanas y Sociales of the Universidad de Buenos Aires.  He is a specialist in borders\u2019 issues in colonial America (Mexico and Argentina) and, specifically, in indigenous wars. \nCurrently, he works about the scientific transformation of colonial classifications in history and anthropology as of the second half of the nineteenth century. \nHe was a student of the \u00c9cole Normale Sup\u00e9rieure, a fellow of the CEMCA of Mexico, and a member of Casa Vel\u00e1zquez of Madrid.  \nHe served as a professor at the Universit\u00e9 Paris 3-Sorbonne Nouvelle (2011-2010) and has been a guest lecturer in several universities, such as Pontificia Universidad Cat\u00f3lica de Chile, Universidad de Tandil, Universidad Pablo Olavide de Sevilla. \nHis works include Geopol\u00edticas de la guerra Tepehuanes (Paris, Universit\u00e9 Paris 3-Sorbonne Nouvelle, 2003). \nHe was editor of Clasificaciones coloniales y din\u00e1micas sociopol\u00edticas en las fronteras de las Am\u00e9ricas (M\u00e9xico, CEMCA \u2013 El Colegio de Michoac\u00e1n, 2011) and co-editor, together with historians Gilles Havard and Salvador Bernab\u00e9u, of \u201cLa Indianizaci\u00f3n. Cautivos, renegados, misioneros y \u00ab hommes libres\u00bb en los confines americanos\u201d (Siglos XVI-XVIII), (Madrid, Doce Calles, 2013).<\/p>\n<p>His research, focused on the northern border of Mexico and the Argentinian region of Tucuman, has covered the different cultural, anthropological, and political dimensions of the construction of a fluent space of communication. \nAmong his research responsibilities, it is especially important his role as coordinator of the node Poder y Din\u00e1micas sociales en los espacios fronterizos of Red Columnaria, which focuses on the power effects in the information and delimitation of social groups, as well as in its interaction in border or boundary situations, both in conflict periods and peaceful ones.<\/p>\n<p><a href=\"http:\/\/univ-rennes2.academia.edu\/ChristopheGiudicelli\">Profile in Academia.edu<\/a><\/p>","protected":false},"excerpt":{"rendered":"<p>Christophe Giudicelli es profesor de Historia moderna en la Universit\u00e9 de Paris-Sorbonne (Paris IV), investigador en el CNRS (CERHIO UMR 6258) y director editorial de la revista Nuevo Mundo, mundos nuevos. Actualmente es director del Centro Franco Argentino de Altos Estudios en Ciencias Humanas y Sociales de la Universidad de Buenos Aires. Es especialista en [&hellip;]<\/p>","protected":false},"author":1,"featured_media":0,"parent":65,"menu_order":5,"comment_status":"closed","ping_status":"closed","template":"","meta":{"footnotes":""},"class_list":["post-118","page","type-page","status-publish","hentry","post-preview"],"_links":{"self":[{"href":"https:\/\/www.upo.es\/investiga\/limites-violencia\/en_en\/wp-json\/wp\/v2\/pages\/118","targetHints":{"allow":["GET"]}}],"collection":[{"href":"https:\/\/www.upo.es\/investiga\/limites-violencia\/en_en\/wp-json\/wp\/v2\/pages"}],"about":[{"href":"https:\/\/www.upo.es\/investiga\/limites-violencia\/en_en\/wp-json\/wp\/v2\/types\/page"}],"author":[{"embeddable":true,"href":"https:\/\/www.upo.es\/investiga\/limites-violencia\/en_en\/wp-json\/wp\/v2\/users\/1"}],"replies":[{"embeddable":true,"href":"https:\/\/www.upo.es\/investiga\/limites-violencia\/en_en\/wp-json\/wp\/v2\/comments?post=118"}],"version-history":[{"count":4,"href":"https:\/\/www.upo.es\/investiga\/limites-violencia\/en_en\/wp-json\/wp\/v2\/pages\/118\/revisions"}],"predecessor-version":[{"id":398,"href":"https:\/\/www.upo.es\/investiga\/limites-violencia\/en_en\/wp-json\/wp\/v2\/pages\/118\/revisions\/398"}],"up":[{"embeddable":true,"href":"https:\/\/www.upo.es\/investiga\/limites-violencia\/en_en\/wp-json\/wp\/v2\/pages\/65"}],"wp:attachment":[{"href":"https:\/\/www.upo.es\/investiga\/limites-violencia\/en_en\/wp-json\/wp\/v2\/media?parent=118"}],"curies":[{"name":"wp","href":"https:\/\/api.w.org\/{rel}","templated":true}]}}