{"id":124,"date":"2018-03-01T07:42:17","date_gmt":"2018-03-01T07:42:17","guid":{"rendered":"https:\/\/www.upo.es\/investiga\/limites-violencia\/?page_id=124"},"modified":"2018-07-27T12:33:10","modified_gmt":"2018-07-27T12:33:10","slug":"bindu-malieckal","status":"publish","type":"page","link":"https:\/\/www.upo.es\/investiga\/limites-violencia\/en_en\/investigadores\/bindu-malieckal\/","title":{"rendered":"Bindu Malieckal"},"content":{"rendered":"<p><img loading=\"lazy\" decoding=\"async\" class=\"size-medium wp-image-245 aligncenter\" src=\"https:\/\/www.upo.es\/investiga\/limites-violencia\/wp-content\/uploads\/2018\/07\/IMG_1446-231x300.jpg\" alt=\"\" width=\"231\" height=\"300\" srcset=\"https:\/\/www.upo.es\/investiga\/limites-violencia\/wp-content\/uploads\/2018\/07\/IMG_1446-231x300.jpg 231w, https:\/\/www.upo.es\/investiga\/limites-violencia\/wp-content\/uploads\/2018\/07\/IMG_1446-768x996.jpg 768w, https:\/\/www.upo.es\/investiga\/limites-violencia\/wp-content\/uploads\/2018\/07\/IMG_1446-790x1024.jpg 790w, https:\/\/www.upo.es\/investiga\/limites-violencia\/wp-content\/uploads\/2018\/07\/IMG_1446-676x877.jpg 676w\" sizes=\"auto, (max-width: 231px) 100vw, 231px\" \/><\/p>\n<p>Doctor Bindu Malieckal is an English Professor and President of the Department of English at Saint Anselm College, New Hampshire, USA. \nHer area of expertise is the Early Modern period, particularly the representations of India in English and Portuguese texts. \nShe has published works on Jewish, Muslims, Africans, and Indian Women, as well as Early Modern refugees. Likewise, she is also interested in postcolonial literature and literature of Jewish women in India and Israel. \nShe has presented her work in several places, including Harvard University, the University of Cambridge, the University of Minneapolis, the University of Zurich, and Abo Academia. \nShe has also been a Jackson fellow in Beinecke Library, at the University of Yale, as well as an Institute NEH fellow studying Islam in Asia and Hawai.<\/p>","protected":false},"excerpt":{"rendered":"<p>La doctora Bindu Malieckal es profesora de ingl\u00e9s y presidenta del departamento de ingl\u00e9s en Saint Anselm College, New Hampshire, EE. UU. Su \u00e1rea de especialidad es el per\u00edodo moderno temprano, en particular las representaciones de India en textos en ingl\u00e9s y portugu\u00e9s. Ha publicado trabajos sobre jud\u00edos, musulmanes, africanos y mujeres de la India, [&hellip;]<\/p>","protected":false},"author":1,"featured_media":0,"parent":65,"menu_order":7,"comment_status":"closed","ping_status":"closed","template":"","meta":{"footnotes":""},"class_list":["post-124","page","type-page","status-publish","hentry","post-preview"],"_links":{"self":[{"href":"https:\/\/www.upo.es\/investiga\/limites-violencia\/en_en\/wp-json\/wp\/v2\/pages\/124","targetHints":{"allow":["GET"]}}],"collection":[{"href":"https:\/\/www.upo.es\/investiga\/limites-violencia\/en_en\/wp-json\/wp\/v2\/pages"}],"about":[{"href":"https:\/\/www.upo.es\/investiga\/limites-violencia\/en_en\/wp-json\/wp\/v2\/types\/page"}],"author":[{"embeddable":true,"href":"https:\/\/www.upo.es\/investiga\/limites-violencia\/en_en\/wp-json\/wp\/v2\/users\/1"}],"replies":[{"embeddable":true,"href":"https:\/\/www.upo.es\/investiga\/limites-violencia\/en_en\/wp-json\/wp\/v2\/comments?post=124"}],"version-history":[{"count":4,"href":"https:\/\/www.upo.es\/investiga\/limites-violencia\/en_en\/wp-json\/wp\/v2\/pages\/124\/revisions"}],"predecessor-version":[{"id":247,"href":"https:\/\/www.upo.es\/investiga\/limites-violencia\/en_en\/wp-json\/wp\/v2\/pages\/124\/revisions\/247"}],"up":[{"embeddable":true,"href":"https:\/\/www.upo.es\/investiga\/limites-violencia\/en_en\/wp-json\/wp\/v2\/pages\/65"}],"wp:attachment":[{"href":"https:\/\/www.upo.es\/investiga\/limites-violencia\/en_en\/wp-json\/wp\/v2\/media?parent=124"}],"curies":[{"name":"wp","href":"https:\/\/api.w.org\/{rel}","templated":true}]}}