{"id":319,"date":"2019-03-04T10:28:49","date_gmt":"2019-03-04T10:28:49","guid":{"rendered":"https:\/\/www.upo.es\/investiga\/limites-violencia\/?page_id=319"},"modified":"2020-03-12T23:05:19","modified_gmt":"2020-03-12T23:05:19","slug":"jorge-diaz-ceballos","status":"publish","type":"page","link":"https:\/\/www.upo.es\/investiga\/limites-violencia\/en_en\/investigadores\/jorge-diaz-ceballos\/","title":{"rendered":"Jorge D\u00edaz Ceballos"},"content":{"rendered":"<p><img loading=\"lazy\" decoding=\"async\" class=\"size-medium wp-image-322 aligncenter\" src=\"https:\/\/www.upo.es\/investiga\/limites-violencia\/wp-content\/uploads\/2019\/03\/Jorge-D\u00edaz-Ceballos-2-300x291-300x291.jpg\" alt=\"\" width=\"300\" height=\"291\" \/><\/p>\n<p>Jorge D\u00edaz Ceballos was awarded a Bachelor\u2019s Degree in History by the Universidad de Cantabria (2007), a MA in Latin American History by the New York University (2010), and holds a Ph.D. in History and Humanistic Studies by the Universidad Pablo de Olavide (2017) under the supervision of Bethany Aram (UPO) and Tom\u00e1s A. Mantec\u00f3n (UC).  \n\nHis thesis, recently published in Marcial Pons under the title \u201cPoder compartido. Rep\u00fablicas urbanas, Monarqu\u00eda y conversaci\u00f3n en Castilla del Oro, 1508-1573\u201d, is a work \u201cfrom below\u201d about the power relations between the cities founded in the Panamanian isthmus and the Hispanic Monarchy throughout the sixteenth century, including the problem of relations with indigenous people and negotiation of the jurisdiction as the center of the conflict.  \n\nHe is a member of the ERC project \u201cArtEmpire: conquest, commerce, crisis, culture, and the Panamanian Junction, 1513-1671\u201d, directed by Bethany Aram at the UPO. He has published several articles in high-impact journals such as Colonial Latin American Review and Nuevo Mundo, Mundos Nuevos and he has also participated in several collective books.  \n\nCurrently, he is analyzing interpersonal and interracial relations in the urban context of Panama in the colonial period, working with archival and archaeological sources. From September 2019 he has been a Max Weber post-doctoral fellow at the European University Insitute of Florence with a project on the customs of justice in the transatlantic context.<\/p>\n<p><a href=\"http:\/\/upo.academia.edu\/JorgeDiazCeballos\">Profile in Academia.edu<\/a><\/p>","protected":false},"excerpt":{"rendered":"<p>Jorge D\u00edaz Ceballos es Licenciado en Historia por la Universidad de Cantabria (2007), MA in Latin American History por la New York University (2010) y Doctor en Historia y Estudios Human\u00edsticos por la UPO (2017) bajo la supervisi\u00f3n de Bethany Aram (UPO) y Tom\u00e1s A. Mantec\u00f3n (UC). Su tesis, de pr\u00f3xima publicaci\u00f3n en Marcial Pons [&hellip;]<\/p>","protected":false},"author":1,"featured_media":0,"parent":65,"menu_order":3,"comment_status":"closed","ping_status":"closed","template":"","meta":{"footnotes":""},"class_list":["post-319","page","type-page","status-publish","hentry","post-preview"],"_links":{"self":[{"href":"https:\/\/www.upo.es\/investiga\/limites-violencia\/en_en\/wp-json\/wp\/v2\/pages\/319","targetHints":{"allow":["GET"]}}],"collection":[{"href":"https:\/\/www.upo.es\/investiga\/limites-violencia\/en_en\/wp-json\/wp\/v2\/pages"}],"about":[{"href":"https:\/\/www.upo.es\/investiga\/limites-violencia\/en_en\/wp-json\/wp\/v2\/types\/page"}],"author":[{"embeddable":true,"href":"https:\/\/www.upo.es\/investiga\/limites-violencia\/en_en\/wp-json\/wp\/v2\/users\/1"}],"replies":[{"embeddable":true,"href":"https:\/\/www.upo.es\/investiga\/limites-violencia\/en_en\/wp-json\/wp\/v2\/comments?post=319"}],"version-history":[{"count":4,"href":"https:\/\/www.upo.es\/investiga\/limites-violencia\/en_en\/wp-json\/wp\/v2\/pages\/319\/revisions"}],"predecessor-version":[{"id":394,"href":"https:\/\/www.upo.es\/investiga\/limites-violencia\/en_en\/wp-json\/wp\/v2\/pages\/319\/revisions\/394"}],"up":[{"embeddable":true,"href":"https:\/\/www.upo.es\/investiga\/limites-violencia\/en_en\/wp-json\/wp\/v2\/pages\/65"}],"wp:attachment":[{"href":"https:\/\/www.upo.es\/investiga\/limites-violencia\/en_en\/wp-json\/wp\/v2\/media?parent=319"}],"curies":[{"name":"wp","href":"https:\/\/api.w.org\/{rel}","templated":true}]}}