{"id":535,"date":"2021-07-08T08:35:40","date_gmt":"2021-07-08T08:35:40","guid":{"rendered":"https:\/\/www.upo.es\/investiga\/limites-violencia\/?page_id=535"},"modified":"2022-11-29T13:00:24","modified_gmt":"2022-11-29T13:00:24","slug":"brenainn-o-corcain","status":"publish","type":"page","link":"https:\/\/www.upo.es\/investiga\/limites-violencia\/en_en\/brenainn-o-corcain\/","title":{"rendered":"Br\u00e9nainn \u00d3 Corc\u00e1in"},"content":{"rendered":"<div class=\"wp-block-image\"><figure class=\"aligncenter size-large\"><img loading=\"lazy\" decoding=\"async\" width=\"250\" height=\"319\" src=\"https:\/\/www.upo.es\/investiga\/limites-violencia\/wp-content\/uploads\/2021\/07\/bren.jpg\" alt=\"\" class=\"wp-image-536\" srcset=\"https:\/\/www.upo.es\/investiga\/limites-violencia\/wp-content\/uploads\/2021\/07\/bren.jpg 250w, https:\/\/www.upo.es\/investiga\/limites-violencia\/wp-content\/uploads\/2021\/07\/bren-235x300.jpg 235w, https:\/\/www.upo.es\/investiga\/limites-violencia\/wp-content\/uploads\/2021\/07\/bren-9x12.jpg 9w\" sizes=\"auto, (max-width: 250px) 100vw, 250px\" \/><\/figure><\/div>\n\n\n\n<p><\/p>\n\n\n\n<p>Tras completar una licenciatura en la UCD en 2010 y un m\u00e1ster en la Universidad Sheffield Hallam en 2015, tambi\u00e9n he vivido y trabajado como profesor en diferentes partes de Europa y Asia. Entre la crianza de mis dos hijos peque\u00f1os y la ense\u00f1anza, siempre he mantenido un gran inter\u00e9s en los imperios comparados y las percepciones de la diferencia cultural en el mundo moderno temprano. Este inter\u00e9s se ha ampliado posteriormente para incluir los m\u00e9todos utilizados para controlar y (re)construir las sociedades y el papel de la violencia en estos procesos. <\/p>\n\n\n\n<p>Una vez completado el primer a\u00f1o de estudios de doctorado en la Universidad de Valencia, los \u00faltimos doce meses se han empleado en centrarse en la relaci\u00f3n entre la violencia y la ingenier\u00eda social, prestando especial atenci\u00f3n a los acontecimientos de Irlanda, India e Iberia. En el pr\u00f3ximo a\u00f1o, el plan es elaborar un art\u00edculo basado en los resultados de este trabajo.\u00a0\u00a0\u00a0<\/p>\n\n\n\n<p><\/p>","protected":false},"excerpt":{"rendered":"<p>Tras completar una licenciatura en la UCD en 2010 y un m\u00e1ster en la Universidad Sheffield Hallam en 2015, tambi\u00e9n he vivido y trabajado como profesor en diferentes partes de Europa y Asia. Entre la crianza de mis dos hijos peque\u00f1os y la ense\u00f1anza, siempre he mantenido un gran inter\u00e9s en los imperios comparados y [&hellip;]<\/p>","protected":false},"author":1,"featured_media":0,"parent":0,"menu_order":0,"comment_status":"closed","ping_status":"closed","template":"","meta":{"footnotes":""},"class_list":["post-535","page","type-page","status-publish","hentry","post-preview"],"_links":{"self":[{"href":"https:\/\/www.upo.es\/investiga\/limites-violencia\/en_en\/wp-json\/wp\/v2\/pages\/535","targetHints":{"allow":["GET"]}}],"collection":[{"href":"https:\/\/www.upo.es\/investiga\/limites-violencia\/en_en\/wp-json\/wp\/v2\/pages"}],"about":[{"href":"https:\/\/www.upo.es\/investiga\/limites-violencia\/en_en\/wp-json\/wp\/v2\/types\/page"}],"author":[{"embeddable":true,"href":"https:\/\/www.upo.es\/investiga\/limites-violencia\/en_en\/wp-json\/wp\/v2\/users\/1"}],"replies":[{"embeddable":true,"href":"https:\/\/www.upo.es\/investiga\/limites-violencia\/en_en\/wp-json\/wp\/v2\/comments?post=535"}],"version-history":[{"count":3,"href":"https:\/\/www.upo.es\/investiga\/limites-violencia\/en_en\/wp-json\/wp\/v2\/pages\/535\/revisions"}],"predecessor-version":[{"id":621,"href":"https:\/\/www.upo.es\/investiga\/limites-violencia\/en_en\/wp-json\/wp\/v2\/pages\/535\/revisions\/621"}],"wp:attachment":[{"href":"https:\/\/www.upo.es\/investiga\/limites-violencia\/en_en\/wp-json\/wp\/v2\/media?parent=535"}],"curies":[{"name":"wp","href":"https:\/\/api.w.org\/{rel}","templated":true}]}}