{"id":707,"date":"2024-02-13T09:55:26","date_gmt":"2024-02-13T09:55:26","guid":{"rendered":"https:\/\/www.upo.es\/investiga\/limites-violencia\/?page_id=707"},"modified":"2024-02-13T11:56:17","modified_gmt":"2024-02-13T11:56:17","slug":"rosa-ana-alija-fernandez","status":"publish","type":"page","link":"https:\/\/www.upo.es\/investiga\/limites-violencia\/en_en\/rosa-ana-alija-fernandez\/","title":{"rendered":"Rosa Ana Alija Fern\u00e1ndez"},"content":{"rendered":"<p class=\"has-text-align-left\">Profesora agregada de Derecho internacional p\u00fablico en la Universidad de Barcelona. Licenciada en Derecho por la Universidad de Oviedo (2000) y Doctora (Dr. eur.) por la Universidad de Barcelona (2010). Profesora visitante en la Universidad de Puerto Rico, la Universidad Nacional del Litoral (Argentina), la Universidad Santiago de Cali (Colombia) y la Universidade Federal de Pelotas (Brasil), e investigadora visitante en la Universidad del Museo Social Argentino (Argentina), la Universidad de Uppsala (Suecia), la Universidad de G\u00f6ttingen (Alemania), la Geneva Academy of International Humanitarian Law and Human Rights (Suiza) y la Universidad de Ginebra (Suiza). <\/p>\n\n\n\n<p>Sus l\u00edneas de investigaci\u00f3n se centran en el Derecho internacional de los derechos humanos, el Derecho internacional penal y la justicia transicional. Miembro del Grupo de Investigaci\u00f3n Dret Internacional i Dret de la Uni\u00f3 Europea (2017SGR 1371), financiado por la Generalitat de Catalunya. Dos tramos de investigaci\u00f3n AQU (2006-11, 2012-17). Forma parte y colabora con grupos de investigaci\u00f3n<br>internacionales, entre los que destacan el Business, Human Rights and the Environment Research Group de la University of Greenwich Reino Unido), la Red Multidisciplinar de Investigaci\u00f3n Perspectiva Epistemol\u00f3gica Iberoamericana sobre la Justicia del Iberoamerican Institute of the Hague. Tambi\u00e9n participa en actividades de la Network on Business, Conflict and Human Rights, coordinada desde el Institut Catal\u00e0 Internacional per la Pau (ICIP). Miembro del Advisory Board of the International Association of Genocide Scholars (IAGS).<\/p>\n\n\n\n<p><br>Colabor\u00f3 con el TPIR en actividades de formaci\u00f3n para abogados\/as ruandeses\/as. Colabora habitualmente en actividades de formaci\u00f3n en materia de derechos humanos y cooperaci\u00f3n al desarrollo organizadas por diferentes ONG. Ha sido representante de la Federaci\u00f3n de Asociaciones de Promoci\u00f3n y Defensa de los Derechos Humanos ante \u00f3rganos de protecci\u00f3n y promoci\u00f3n de los derechos humanos de la ONU. Miembro de la Junta de Valoraci\u00f3n establecida de conformidad con los art\u00edculos 21 y 22.1 del Reglamento de reconocimiento de<br>las personas represaliadas por el tardofranquismo (Ajuntament de Barcelona) y del Comit\u00e9 T\u00e9cnico para la Recuperaci\u00f3n y la Identificaci\u00f3n de Personas.<\/p>","protected":false},"excerpt":{"rendered":"<p>Profesora agregada de Derecho internacional p\u00fablico en la Universidad de Barcelona. Licenciada en Derecho por la Universidad de Oviedo (2000) y Doctora (Dr. eur.) por la Universidad de Barcelona (2010). Profesora visitante en la Universidad de Puerto Rico, la Universidad Nacional del Litoral (Argentina), la Universidad Santiago de Cali (Colombia) y la Universidade Federal de [&hellip;]<\/p>","protected":false},"author":1,"featured_media":0,"parent":0,"menu_order":0,"comment_status":"closed","ping_status":"closed","template":"","meta":{"footnotes":""},"class_list":["post-707","page","type-page","status-publish","hentry","post-preview"],"_links":{"self":[{"href":"https:\/\/www.upo.es\/investiga\/limites-violencia\/en_en\/wp-json\/wp\/v2\/pages\/707","targetHints":{"allow":["GET"]}}],"collection":[{"href":"https:\/\/www.upo.es\/investiga\/limites-violencia\/en_en\/wp-json\/wp\/v2\/pages"}],"about":[{"href":"https:\/\/www.upo.es\/investiga\/limites-violencia\/en_en\/wp-json\/wp\/v2\/types\/page"}],"author":[{"embeddable":true,"href":"https:\/\/www.upo.es\/investiga\/limites-violencia\/en_en\/wp-json\/wp\/v2\/users\/1"}],"replies":[{"embeddable":true,"href":"https:\/\/www.upo.es\/investiga\/limites-violencia\/en_en\/wp-json\/wp\/v2\/comments?post=707"}],"version-history":[{"count":2,"href":"https:\/\/www.upo.es\/investiga\/limites-violencia\/en_en\/wp-json\/wp\/v2\/pages\/707\/revisions"}],"predecessor-version":[{"id":741,"href":"https:\/\/www.upo.es\/investiga\/limites-violencia\/en_en\/wp-json\/wp\/v2\/pages\/707\/revisions\/741"}],"wp:attachment":[{"href":"https:\/\/www.upo.es\/investiga\/limites-violencia\/en_en\/wp-json\/wp\/v2\/media?parent=707"}],"curies":[{"name":"wp","href":"https:\/\/api.w.org\/{rel}","templated":true}]}}