{"id":749,"date":"2024-02-13T13:55:01","date_gmt":"2024-02-13T13:55:01","guid":{"rendered":"https:\/\/www.upo.es\/investiga\/limites-violencia\/?page_id=749"},"modified":"2024-02-13T13:58:15","modified_gmt":"2024-02-13T13:58:15","slug":"jose-sovarzo","status":"publish","type":"page","link":"https:\/\/www.upo.es\/investiga\/limites-violencia\/en_en\/jose-sovarzo\/","title":{"rendered":"Jos\u00e9 Sovarzo"},"content":{"rendered":"<p><\/p>\n\n\n<div class=\"wp-block-image\">\n<figure class=\"aligncenter size-full is-resized\"><img loading=\"lazy\" decoding=\"async\" src=\"https:\/\/www.upo.es\/investiga\/limites-violencia\/wp-content\/uploads\/2024\/02\/image.png\" alt=\"\" class=\"wp-image-754\" width=\"238\" height=\"258\" srcset=\"https:\/\/www.upo.es\/investiga\/limites-violencia\/wp-content\/uploads\/2024\/02\/image.png 546w, https:\/\/www.upo.es\/investiga\/limites-violencia\/wp-content\/uploads\/2024\/02\/image-276x300.png 276w, https:\/\/www.upo.es\/investiga\/limites-violencia\/wp-content\/uploads\/2024\/02\/image-11x12.png 11w\" sizes=\"auto, (max-width: 238px) 100vw, 238px\" \/><\/figure>\n<\/div>\n\n\n<p><\/p>\n\n\n\n<p>Jos\u00e9 Sovarzo es Profesor de Historia en la Universidad Nacional de La Plata, Argentina (2011); Mag\u00edster en Historia en la Universidad Nacional de Tres de Febrero, Argentina (2015);\u00a0 Mag\u00edster en Historia en El Colegio de M\u00e9xico, M\u00e9xico (2021); y Doctor en Historia en la Universidad Nacional de Tres de Febrero, Argentina (2022). Ha estado de estancia de investigaci\u00f3n en la Pontificia Universidad Cat\u00f3lica del Per\u00fa (PUCP) en el a\u00f1o 2022 y en la Universidad de Murcia (Espa\u00f1a) durante el a\u00f1o 2023. Ha participado de diversas jornadas, congresos y seminarios en Argentina, Chile, Per\u00fa, M\u00e9xico, USA, Portugal y Espa\u00f1a. Es miembro de la Red Columnaria y del grupo Macrohistoria y mundo actual.<\/p>\n\n\n\n<p>En una primera etapa de su carrera de investigaci\u00f3n se concentr\u00f3 en indagar a los comerciantes y a los circuitos mercantiles en la Monarqu\u00eda espa\u00f1ola a fines del siglo XVIII y principios del XIX dirigido por el Dr. Fernando Jumar. Luego de terminada su tesis doctoral sobre este tema, comenz\u00f3 a indagar como estudiante del doctorado en Historia en El Colegio de M\u00e9xico, sobre la gesti\u00f3n imperial, el consenso local y la gesti\u00f3n de la violencia en las administraciones de la Monarqu\u00eda espa\u00f1ola en las Indias occidentales en los siglos XVI-XVII dirigido por el Dr. Andr\u00e9s Lira Gonz\u00e1lez y el Dr. Jos\u00e9 Javier Ru\u00edz Ib\u00e1\u00f1ez.<\/p>\n\n\n\n<p>En particular analiza en este trabajo la gesti\u00f3n de la violencia en la guerra Chichimeca, la guerra de Arauco y en el levantamiento de cimarrones liderados por Yanga durante el gobierno virreinal de Luis de Velasco y Castilla en la Nueva Espa\u00f1a y el Per\u00fa.<\/p>","protected":false},"excerpt":{"rendered":"<p>Jos\u00e9 Sovarzo es Profesor de Historia en la Universidad Nacional de La Plata, Argentina (2011); Mag\u00edster en Historia en la Universidad Nacional de Tres de Febrero, Argentina (2015);\u00a0 Mag\u00edster en Historia en El Colegio de M\u00e9xico, M\u00e9xico (2021); y Doctor en Historia en la Universidad Nacional de Tres de Febrero, Argentina (2022). Ha estado de [&hellip;]<\/p>","protected":false},"author":1,"featured_media":0,"parent":0,"menu_order":0,"comment_status":"closed","ping_status":"closed","template":"","meta":{"footnotes":""},"class_list":["post-749","page","type-page","status-publish","hentry","post-preview"],"_links":{"self":[{"href":"https:\/\/www.upo.es\/investiga\/limites-violencia\/en_en\/wp-json\/wp\/v2\/pages\/749","targetHints":{"allow":["GET"]}}],"collection":[{"href":"https:\/\/www.upo.es\/investiga\/limites-violencia\/en_en\/wp-json\/wp\/v2\/pages"}],"about":[{"href":"https:\/\/www.upo.es\/investiga\/limites-violencia\/en_en\/wp-json\/wp\/v2\/types\/page"}],"author":[{"embeddable":true,"href":"https:\/\/www.upo.es\/investiga\/limites-violencia\/en_en\/wp-json\/wp\/v2\/users\/1"}],"replies":[{"embeddable":true,"href":"https:\/\/www.upo.es\/investiga\/limites-violencia\/en_en\/wp-json\/wp\/v2\/comments?post=749"}],"version-history":[{"count":3,"href":"https:\/\/www.upo.es\/investiga\/limites-violencia\/en_en\/wp-json\/wp\/v2\/pages\/749\/revisions"}],"predecessor-version":[{"id":755,"href":"https:\/\/www.upo.es\/investiga\/limites-violencia\/en_en\/wp-json\/wp\/v2\/pages\/749\/revisions\/755"}],"wp:attachment":[{"href":"https:\/\/www.upo.es\/investiga\/limites-violencia\/en_en\/wp-json\/wp\/v2\/media?parent=749"}],"curies":[{"name":"wp","href":"https:\/\/api.w.org\/{rel}","templated":true}]}}