{"id":837,"date":"2025-02-28T13:04:00","date_gmt":"2025-02-28T13:04:00","guid":{"rendered":"https:\/\/www.upo.es\/investiga\/limites-violencia\/?page_id=837"},"modified":"2025-02-28T20:33:37","modified_gmt":"2025-02-28T20:33:37","slug":"seminario-internacional-permanente-cautiverio-y-violencia-en-los-mundos-ibericos","status":"publish","type":"page","link":"https:\/\/www.upo.es\/investiga\/limites-violencia\/en_en\/seminario-internacional-permanente-cautiverio-y-violencia-en-los-mundos-ibericos\/","title":{"rendered":"Seminario internacional permanente Cautiverio y violencia en los mundos ib\u00e9ricos"},"content":{"rendered":"<p>El\u00a0<strong>Seminario Internacional Permanente \u201cCautiverio y Violencia en los Mundos Ib\u00e9ricos\u201d<\/strong>\u00a0es una iniciativa conjunta de los proyectos coordinados\u00a0\u00ab<strong>HISPANOFILIA V. Las formas de interacci\u00f3n con el mundo: cautiverio, violencia y representaci\u00f3n<\/strong>\u00bb y\u00a0<strong>\u00abEn los l\u00edmites de la violencia III. La violencia lenta de los imperios modernos<\/strong>\u00ab. Su objetivo es generar un espacio de encuentro y debate en el que se presentan y discuten investigaciones en curso de especialistas destacados, tanto miembros de los proyectos como invitados externos. A trav\u00e9s de estas sesiones, se busca profundizar en el estudio del cautiverio y la violencia extrema en la \u00e9poca moderna. El seminario tiene una periodicidad mensual y se desarrolla exclusivamente en formato online, bajo la direcci\u00f3n de los investigadores <strong>Eder Gallegos, Sandra Su\u00e1rez y Jos\u00e9 Sovarzo.<\/strong><\/p>\n\n\n\n<p><\/p>","protected":false},"excerpt":{"rendered":"<p>El\u00a0Seminario Internacional Permanente \u201cCautiverio y Violencia en los Mundos Ib\u00e9ricos\u201d\u00a0es una iniciativa conjunta de los proyectos coordinados\u00a0\u00abHISPANOFILIA V. Las formas de interacci\u00f3n con el mundo: cautiverio, violencia y representaci\u00f3n\u00bb y\u00a0\u00abEn los l\u00edmites de la violencia III. La violencia lenta de los imperios modernos\u00ab. Su objetivo es generar un espacio de encuentro y debate en el [&hellip;]<\/p>","protected":false},"author":1,"featured_media":845,"parent":0,"menu_order":0,"comment_status":"closed","ping_status":"closed","template":"","meta":{"footnotes":""},"class_list":["post-837","page","type-page","status-publish","has-post-thumbnail","hentry","post-preview"],"_links":{"self":[{"href":"https:\/\/www.upo.es\/investiga\/limites-violencia\/en_en\/wp-json\/wp\/v2\/pages\/837","targetHints":{"allow":["GET"]}}],"collection":[{"href":"https:\/\/www.upo.es\/investiga\/limites-violencia\/en_en\/wp-json\/wp\/v2\/pages"}],"about":[{"href":"https:\/\/www.upo.es\/investiga\/limites-violencia\/en_en\/wp-json\/wp\/v2\/types\/page"}],"author":[{"embeddable":true,"href":"https:\/\/www.upo.es\/investiga\/limites-violencia\/en_en\/wp-json\/wp\/v2\/users\/1"}],"replies":[{"embeddable":true,"href":"https:\/\/www.upo.es\/investiga\/limites-violencia\/en_en\/wp-json\/wp\/v2\/comments?post=837"}],"version-history":[{"count":3,"href":"https:\/\/www.upo.es\/investiga\/limites-violencia\/en_en\/wp-json\/wp\/v2\/pages\/837\/revisions"}],"predecessor-version":[{"id":844,"href":"https:\/\/www.upo.es\/investiga\/limites-violencia\/en_en\/wp-json\/wp\/v2\/pages\/837\/revisions\/844"}],"wp:featuredmedia":[{"embeddable":true,"href":"https:\/\/www.upo.es\/investiga\/limites-violencia\/en_en\/wp-json\/wp\/v2\/media\/845"}],"wp:attachment":[{"href":"https:\/\/www.upo.es\/investiga\/limites-violencia\/en_en\/wp-json\/wp\/v2\/media?parent=837"}],"curies":[{"name":"wp","href":"https:\/\/api.w.org\/{rel}","templated":true}]}}