{"id":112,"date":"2018-03-01T07:39:07","date_gmt":"2018-03-01T07:39:07","guid":{"rendered":"https:\/\/www.upo.es\/investiga\/limites-violencia\/?page_id=112"},"modified":"2018-07-12T07:22:04","modified_gmt":"2018-07-12T07:22:04","slug":"jose-miguel-escribano-paez","status":"publish","type":"page","link":"https:\/\/www.upo.es\/investiga\/limites-violencia\/investigadores\/jose-miguel-escribano-paez\/","title":{"rendered":"Jos\u00e9 Miguel Escribano P\u00e1ez"},"content":{"rendered":"<p><img loading=\"lazy\" decoding=\"async\" class=\"alignnone size-medium wp-image-234 aligncenter\" src=\"https:\/\/www.upo.es\/investiga\/limites-violencia\/wp-content\/uploads\/2018\/07\/IMG_0609-300x225.jpg\" alt=\"\" width=\"300\" height=\"225\" srcset=\"https:\/\/www.upo.es\/investiga\/limites-violencia\/wp-content\/uploads\/2018\/07\/IMG_0609-300x225.jpg 300w, https:\/\/www.upo.es\/investiga\/limites-violencia\/wp-content\/uploads\/2018\/07\/IMG_0609-768x576.jpg 768w, https:\/\/www.upo.es\/investiga\/limites-violencia\/wp-content\/uploads\/2018\/07\/IMG_0609-1024x768.jpg 1024w, https:\/\/www.upo.es\/investiga\/limites-violencia\/wp-content\/uploads\/2018\/07\/IMG_0609-676x507.jpg 676w\" sizes=\"auto, (max-width: 300px) 100vw, 300px\" \/><\/p>\n<p>Jos\u00e9 Miguel Escribano es licenciado en Historia por la Universidad de Alcal\u00e1 (2008), donde obtuvo tambi\u00e9n el Diploma de Estudios Avanzados en Historia Moderna (2011), y doctor en Historia y Civilizaci\u00f3n por el European University Institute (2016). Su tesis doctoral, realizada bajo la supervisi\u00f3n de Jorge Flores (Vasco da Gama Chair in Early Modern Global History) y redactada en ingl\u00e9s, versaba sobre la configuraci\u00f3n del imperio hispano vista desde la perspectiva de los agentes que se encargaban de construirlo a ras de suelo en diferentes contextos fronterizos. Precisamente la construcci\u00f3n de las fronteras de la Monarqu\u00eda Hisp\u00e1nica constituye su principal campo de trabajo. As\u00ed, desde sus primeros trabajos sobre la construcci\u00f3n de la frontera militar en Navarra ha ido ampliando el espectro de sus investigaciones para pasar a estudiar la configuraci\u00f3n de espacios pol\u00edticos en la frontera Ibero-Magreb\u00ed o la cambiante relaci\u00f3n entre las fronteras pol\u00edticas y religiosas en el mundo Mediterr\u00e1neo de principios del siglo XVI. Su actual l\u00ednea de investigaci\u00f3n se centra en los mecanismos interculturales de resoluci\u00f3n de conflictos y contenci\u00f3n de la violencia en los l\u00edmites de los imperios ib\u00e9ricos.<\/p>\n","protected":false},"excerpt":{"rendered":"<p>Jos\u00e9 Miguel Escribano es licenciado en Historia por la Universidad de Alcal\u00e1 (2008), donde obtuvo tambi\u00e9n el Diploma de Estudios Avanzados en Historia Moderna (2011), y doctor en Historia y Civilizaci\u00f3n por el European University Institute (2016). Su tesis doctoral, realizada bajo la supervisi\u00f3n de Jorge Flores (Vasco da Gama Chair in Early Modern Global [&hellip;]<\/p>\n","protected":false},"author":1,"featured_media":0,"parent":65,"menu_order":3,"comment_status":"closed","ping_status":"closed","template":"","meta":{"footnotes":""},"class_list":["post-112","page","type-page","status-publish","hentry","post-preview"],"_links":{"self":[{"href":"https:\/\/www.upo.es\/investiga\/limites-violencia\/wp-json\/wp\/v2\/pages\/112","targetHints":{"allow":["GET"]}}],"collection":[{"href":"https:\/\/www.upo.es\/investiga\/limites-violencia\/wp-json\/wp\/v2\/pages"}],"about":[{"href":"https:\/\/www.upo.es\/investiga\/limites-violencia\/wp-json\/wp\/v2\/types\/page"}],"author":[{"embeddable":true,"href":"https:\/\/www.upo.es\/investiga\/limites-violencia\/wp-json\/wp\/v2\/users\/1"}],"replies":[{"embeddable":true,"href":"https:\/\/www.upo.es\/investiga\/limites-violencia\/wp-json\/wp\/v2\/comments?post=112"}],"version-history":[{"count":3,"href":"https:\/\/www.upo.es\/investiga\/limites-violencia\/wp-json\/wp\/v2\/pages\/112\/revisions"}],"predecessor-version":[{"id":236,"href":"https:\/\/www.upo.es\/investiga\/limites-violencia\/wp-json\/wp\/v2\/pages\/112\/revisions\/236"}],"up":[{"embeddable":true,"href":"https:\/\/www.upo.es\/investiga\/limites-violencia\/wp-json\/wp\/v2\/pages\/65"}],"wp:attachment":[{"href":"https:\/\/www.upo.es\/investiga\/limites-violencia\/wp-json\/wp\/v2\/media?parent=112"}],"curies":[{"name":"wp","href":"https:\/\/api.w.org\/{rel}","templated":true}]}}