{"id":133,"date":"2018-03-01T07:45:52","date_gmt":"2018-03-01T07:45:52","guid":{"rendered":"https:\/\/www.upo.es\/investiga\/limites-violencia\/?page_id=133"},"modified":"2018-03-05T08:31:14","modified_gmt":"2018-03-05T08:31:14","slug":"tristan-taylor","status":"publish","type":"page","link":"https:\/\/www.upo.es\/investiga\/limites-violencia\/investigadores\/tristan-taylor\/","title":{"rendered":"Tristan Taylor"},"content":{"rendered":"<p><img loading=\"lazy\" decoding=\"async\" class=\"size-full wp-image-169 aligncenter\" src=\"https:\/\/www.upo.es\/investiga\/limites-violencia\/wp-content\/uploads\/2018\/03\/s200_tristan.taylor.jpg\" alt=\"\" width=\"200\" height=\"200\" srcset=\"https:\/\/www.upo.es\/investiga\/limites-violencia\/wp-content\/uploads\/2018\/03\/s200_tristan.taylor.jpg 200w, https:\/\/www.upo.es\/investiga\/limites-violencia\/wp-content\/uploads\/2018\/03\/s200_tristan.taylor-150x150.jpg 150w\" sizes=\"auto, (max-width: 200px) 100vw, 200px\" \/><\/p>\n<p>Trist\u00e1n\u00a0Taylor finaliz\u00f3 su licenciatura en Derecho\u00a0en la Universidad de\u00a0Tasmania\u00a0en 2000, completando\u00a0una tesis de\u00a0honores\u00a0en la gesti\u00f3n\u00a0de cuotas en\u00a0las pesquer\u00edas australianas.\u00a0Posteriormente,\u00a0complet\u00f3\u00a0una maestr\u00eda en\u00a0Derecho Romano\u00a0en la misma instituci\u00f3n\u00a0y finalmente un doctorado\u00a0en Filolog\u00eda Cl\u00e1sica\u00a0en la Universidad de\u00a0Yale\u00a0en 2010. Ha ense\u00f1ado\u00a0impartido clases derecho,\u00a0Derecho,\u00a0Derecho Romano\u00a0y Derecho\u00a0Penal,\u00a0y\u00a0sobre estudios\u00a0cl\u00e1sicos,\u00a0incluyendo\u00a0el lat\u00edn,\u00a0el griego y\u00a0Historia Antigua.\u00a0Fue\u00a0investigador visitante\u00a0en\u00a0genocide studies\u00a0en\u00a0el Programa de Estudios\u00a0sobre el Genocidio\u00a0de la Universidad\u00a0de Yale en\u00a02013-14\u00a0y fue galardonado con\u00a0un\u00a0University of New England Asociations Grant\u00a0por su trabajo en\u00a0los estudios\u00a0comparativos\u00a0de genocidio\u00a0en el mundo romano.\u00a0Adem\u00e1s, ha trabajado\u00a0profesionalmente\u00a0en el campo de la Legislaci\u00f3n Pesquera, mar\u00edtima, ind\u00edgena, recursos naturales y derechos ambientales en consultor\u00edas\u00a0y\u00a0de\u00a0la Oficina\u00a0Nacional de\u00a0Oc\u00e9anos\u00a0Commonwealth.\u00a0Sus\u00a0principales\u00a0intereses de investigaci\u00f3n\u00a0son\u00a0Derecho Romano\u00a0y Sociedad,\u00a0Estudios sobre Genocidio\u00a0comparativos,\u00a0y la ideolog\u00eda\u00a0imperial\u00a0romana.<\/p>\n<p><a href=\"http:\/\/une-au.academia.edu\/TristanTaylor\">Perfil en Academia.edu<\/a><\/p>\n","protected":false},"excerpt":{"rendered":"<p>Trist\u00e1n\u00a0Taylor finaliz\u00f3 su licenciatura en Derecho\u00a0en la Universidad de\u00a0Tasmania\u00a0en 2000, completando\u00a0una tesis de\u00a0honores\u00a0en la gesti\u00f3n\u00a0de cuotas en\u00a0las pesquer\u00edas australianas.\u00a0Posteriormente,\u00a0complet\u00f3\u00a0una maestr\u00eda en\u00a0Derecho Romano\u00a0en la misma instituci\u00f3n\u00a0y finalmente un doctorado\u00a0en Filolog\u00eda Cl\u00e1sica\u00a0en la Universidad de\u00a0Yale\u00a0en 2010. Ha ense\u00f1ado\u00a0impartido clases derecho,\u00a0Derecho,\u00a0Derecho Romano\u00a0y Derecho\u00a0Penal,\u00a0y\u00a0sobre estudios\u00a0cl\u00e1sicos,\u00a0incluyendo\u00a0el lat\u00edn,\u00a0el griego y\u00a0Historia Antigua.\u00a0Fue\u00a0investigador visitante\u00a0en\u00a0genocide studies\u00a0en\u00a0el Programa de Estudios\u00a0sobre el Genocidio\u00a0de la Universidad\u00a0de Yale [&hellip;]<\/p>\n","protected":false},"author":1,"featured_media":0,"parent":65,"menu_order":11,"comment_status":"closed","ping_status":"closed","template":"","meta":{"footnotes":""},"class_list":["post-133","page","type-page","status-publish","hentry","post-preview"],"_links":{"self":[{"href":"https:\/\/www.upo.es\/investiga\/limites-violencia\/wp-json\/wp\/v2\/pages\/133","targetHints":{"allow":["GET"]}}],"collection":[{"href":"https:\/\/www.upo.es\/investiga\/limites-violencia\/wp-json\/wp\/v2\/pages"}],"about":[{"href":"https:\/\/www.upo.es\/investiga\/limites-violencia\/wp-json\/wp\/v2\/types\/page"}],"author":[{"embeddable":true,"href":"https:\/\/www.upo.es\/investiga\/limites-violencia\/wp-json\/wp\/v2\/users\/1"}],"replies":[{"embeddable":true,"href":"https:\/\/www.upo.es\/investiga\/limites-violencia\/wp-json\/wp\/v2\/comments?post=133"}],"version-history":[{"count":3,"href":"https:\/\/www.upo.es\/investiga\/limites-violencia\/wp-json\/wp\/v2\/pages\/133\/revisions"}],"predecessor-version":[{"id":170,"href":"https:\/\/www.upo.es\/investiga\/limites-violencia\/wp-json\/wp\/v2\/pages\/133\/revisions\/170"}],"up":[{"embeddable":true,"href":"https:\/\/www.upo.es\/investiga\/limites-violencia\/wp-json\/wp\/v2\/pages\/65"}],"wp:attachment":[{"href":"https:\/\/www.upo.es\/investiga\/limites-violencia\/wp-json\/wp\/v2\/media?parent=133"}],"curies":[{"name":"wp","href":"https:\/\/api.w.org\/{rel}","templated":true}]}}