{"id":333,"date":"2019-03-04T10:45:53","date_gmt":"2019-03-04T10:45:53","guid":{"rendered":"https:\/\/www.upo.es\/investiga\/limites-violencia\/?page_id=333"},"modified":"2020-05-15T10:37:04","modified_gmt":"2020-05-15T10:37:04","slug":"daniel-garcia-flores","status":"publish","type":"page","link":"https:\/\/www.upo.es\/investiga\/limites-violencia\/investigadores\/daniel-garcia-flores\/","title":{"rendered":"Daniel Garc\u00eda de la Fuente"},"content":{"rendered":"<p>Me licenci\u00e9 en Historia en el a\u00f1o 2011 y complet\u00e9 mi Master de Estudios Americanos en 2012 con un an\u00e1lisis sobre el manuscrito original de Noticias de la California del padre jesuita Miguel Venegas, por lo que mi especializaci\u00f3n se centra en la Baja California y en los escritos jesuitas no publicados y tambi\u00e9n los que est\u00e1n impresos.<\/p>\n<p>El proyecto de tesis se centra en un hecho concreto que tuvo lugar en 1734, con el levantamiento de las tribus pericues (locales) contra los padres jesuitas que estaban all\u00ed establecidos y el asesinato de dos de ellos. El nudo principal se centra en la intervenci\u00f3n militar que se produjo a continuaci\u00f3n y la tensa relaci\u00f3n que tuvo lugar entre militares y jesuitas, con el trasfondo de la relaci\u00f3n con los indios de ambas partes y su visi\u00f3n concreta.<\/p>\n","protected":false},"excerpt":{"rendered":"<p>Me licenci\u00e9 en Historia en el a\u00f1o 2011 y complet\u00e9 mi Master de Estudios Americanos en 2012 con un an\u00e1lisis sobre el manuscrito original de Noticias de la California del padre jesuita Miguel Venegas, por lo que mi especializaci\u00f3n se centra en la Baja California y en los escritos jesuitas no publicados y tambi\u00e9n los [&hellip;]<\/p>\n","protected":false},"author":1,"featured_media":0,"parent":65,"menu_order":6,"comment_status":"closed","ping_status":"closed","template":"","meta":{"footnotes":""},"class_list":["post-333","page","type-page","status-publish","hentry","post-preview"],"_links":{"self":[{"href":"https:\/\/www.upo.es\/investiga\/limites-violencia\/wp-json\/wp\/v2\/pages\/333","targetHints":{"allow":["GET"]}}],"collection":[{"href":"https:\/\/www.upo.es\/investiga\/limites-violencia\/wp-json\/wp\/v2\/pages"}],"about":[{"href":"https:\/\/www.upo.es\/investiga\/limites-violencia\/wp-json\/wp\/v2\/types\/page"}],"author":[{"embeddable":true,"href":"https:\/\/www.upo.es\/investiga\/limites-violencia\/wp-json\/wp\/v2\/users\/1"}],"replies":[{"embeddable":true,"href":"https:\/\/www.upo.es\/investiga\/limites-violencia\/wp-json\/wp\/v2\/comments?post=333"}],"version-history":[{"count":3,"href":"https:\/\/www.upo.es\/investiga\/limites-violencia\/wp-json\/wp\/v2\/pages\/333\/revisions"}],"predecessor-version":[{"id":408,"href":"https:\/\/www.upo.es\/investiga\/limites-violencia\/wp-json\/wp\/v2\/pages\/333\/revisions\/408"}],"up":[{"embeddable":true,"href":"https:\/\/www.upo.es\/investiga\/limites-violencia\/wp-json\/wp\/v2\/pages\/65"}],"wp:attachment":[{"href":"https:\/\/www.upo.es\/investiga\/limites-violencia\/wp-json\/wp\/v2\/media?parent=333"}],"curies":[{"name":"wp","href":"https:\/\/api.w.org\/{rel}","templated":true}]}}