{"id":65,"date":"2018-02-27T09:36:10","date_gmt":"2018-02-27T09:36:10","guid":{"rendered":"https:\/\/www.upo.es\/investiga\/limites-violencia\/?page_id=65"},"modified":"2024-12-31T09:50:14","modified_gmt":"2024-12-31T09:50:14","slug":"investigadores","status":"publish","type":"page","link":"https:\/\/www.upo.es\/investiga\/limites-violencia\/investigadores\/","title":{"rendered":"Investigadores"},"content":{"rendered":"<p><a href=\"https:\/\/www.upo.es\/investiga\/limites-violencia\/?page_id=109\"><strong>Harald E. Braun<\/strong><\/a><\/p>\n<p><a href=\"https:\/\/www.upo.es\/investiga\/limites-violencia\/wp-admin\/post.php?post=319&amp;action=edit\"><strong>Jorge D\u00edaz Ceballos<\/strong><\/a><\/p>\n<p><a href=\"https:\/\/www.upo.es\/investiga\/limites-violencia\/?page_id=112\"><strong>Jos\u00e9 Miguel Escribano P\u00e1ez<\/strong><\/a><\/p>\n<p><strong><a href=\"https:\/\/www.upo.es\/investiga\/limites-violencia\/rosa-ana-alija-fernandez\/\">Rosa Ana Alija Fern\u00e1ndez<\/a><\/strong><\/p>\n<p><strong><a href=\"https:\/\/www.upo.es\/investiga\/limites-violencia\/cathie-carmichael\/\">Cathie Carmichael<\/a><\/strong><\/p>\n<p><strong><a href=\"https:\/\/www.upo.es\/investiga\/limites-violencia\/eamon-darcy\/\">Eamon Darcy<\/a><\/strong><\/p>\n<p><strong><a href=\"https:\/\/www.upo.es\/investiga\/limites-violencia\/joao-carvalho-melo-carreiro\/\">Joao Carvalho Melo Carreiro<\/a><\/strong><\/p>\n<p><a href=\"https:\/\/www.upo.es\/investiga\/limites-violencia\/?page_id=118\"><strong>Christophe Giudicelli<\/strong><\/a><\/p>\n<p><strong><a href=\"https:\/\/www.upo.es\/investiga\/limites-violencia\/manuel-perez-garcia\/\">Manuel P\u00e9rez Garc\u00eda<\/a><\/strong><\/p>\n<p><strong><a href=\"https:\/\/www.upo.es\/investiga\/limites-violencia\/guillaume-gaudin\/\">Guillaume Gaudin<\/a><\/strong><\/p>\n<p><a href=\"https:\/\/www.upo.es\/investiga\/limites-violencia\/omar-svriz-wucherer\/\"><strong>Omar Svriz Wucherer<\/strong><\/a><\/p>\n<p><a href=\"https:\/\/www.upo.es\/investiga\/limites-violencia\/wp-admin\/post.php?post=773&amp;action=edit\"><strong>Stephanie Mawson<\/strong><\/a><\/p>\n<p><strong><a href=\"https:\/\/www.upo.es\/investiga\/limites-violencia\/daniel-garcia-de-la-fuente\/\">Daniel Garc\u00eda de la Fuente<\/a><\/strong><\/p>\n<p><strong><a href=\"https:\/\/www.upo.es\/investiga\/limites-violencia\/edwin-a-sierra-gonzalez\/\">Edwin A. Sierra Gonz\u00e1lez<\/a><\/strong><\/p>\n<p><strong><a href=\"https:\/\/www.upo.es\/investiga\/limites-violencia\/brenainn-o-corcain\/\">Brennain Corcoran<\/a><\/strong><\/p>\n<p><a href=\"https:\/\/www.upo.es\/investiga\/limites-violencia\/?page_id=124\"><strong>Bindu Malieckal<\/strong><\/a><\/p>\n<p><a href=\"https:\/\/www.upo.es\/investiga\/limites-violencia\/?page_id=127\"><strong>Miche\u00e1l \u00d3 Siochr\u00fa<\/strong><\/a><\/p>\n<p style=\"text-align: left;\"><strong><a href=\"https:\/\/www.upo.es\/investiga\/limites-violencia\/?page_id=78\">Igor P\u00e9rez Tostado<\/a><\/strong><\/p>\n<p><a href=\"https:\/\/www.upo.es\/investiga\/limites-violencia\/?s=antonio+real+botija\"><strong>Antonio Real Botija<\/strong><\/a><\/p>\n<p><a href=\"https:\/\/www.upo.es\/investiga\/limites-violencia\/?page_id=133\"><strong>Tristan Taylor<\/strong><\/a><\/p>\n<p><strong><a href=\"https:\/\/www.upo.es\/investiga\/limites-violencia\/jose-sovarzo\/\">Jos\u00e9 Sovarzo<\/a><\/strong><\/p>\n<p><a href=\"https:\/\/www.upo.es\/investiga\/limites-violencia\/jorge-rojas\/\"><strong>Jorge Rojas\u00a0<\/strong><\/a><\/p>\n","protected":false},"excerpt":{"rendered":"<p>Harald E. Braun Jorge D\u00edaz Ceballos Jos\u00e9 Miguel Escribano P\u00e1ez Rosa Ana Alija Fern\u00e1ndez Cathie Carmichael Eamon Darcy Joao Carvalho Melo Carreiro Christophe Giudicelli Manuel P\u00e9rez Garc\u00eda Guillaume Gaudin Omar Svriz Wucherer Stephanie Mawson Daniel Garc\u00eda de la Fuente Edwin A. Sierra Gonz\u00e1lez Brennain Corcoran Bindu Malieckal Miche\u00e1l \u00d3 Siochr\u00fa Igor P\u00e9rez Tostado Antonio Real [&hellip;]<\/p>\n","protected":false},"author":1,"featured_media":87,"parent":0,"menu_order":2,"comment_status":"closed","ping_status":"closed","template":"","meta":{"footnotes":""},"class_list":["post-65","page","type-page","status-publish","has-post-thumbnail","hentry","post-preview"],"_links":{"self":[{"href":"https:\/\/www.upo.es\/investiga\/limites-violencia\/wp-json\/wp\/v2\/pages\/65","targetHints":{"allow":["GET"]}}],"collection":[{"href":"https:\/\/www.upo.es\/investiga\/limites-violencia\/wp-json\/wp\/v2\/pages"}],"about":[{"href":"https:\/\/www.upo.es\/investiga\/limites-violencia\/wp-json\/wp\/v2\/types\/page"}],"author":[{"embeddable":true,"href":"https:\/\/www.upo.es\/investiga\/limites-violencia\/wp-json\/wp\/v2\/users\/1"}],"replies":[{"embeddable":true,"href":"https:\/\/www.upo.es\/investiga\/limites-violencia\/wp-json\/wp\/v2\/comments?post=65"}],"version-history":[{"count":44,"href":"https:\/\/www.upo.es\/investiga\/limites-violencia\/wp-json\/wp\/v2\/pages\/65\/revisions"}],"predecessor-version":[{"id":823,"href":"https:\/\/www.upo.es\/investiga\/limites-violencia\/wp-json\/wp\/v2\/pages\/65\/revisions\/823"}],"wp:featuredmedia":[{"embeddable":true,"href":"https:\/\/www.upo.es\/investiga\/limites-violencia\/wp-json\/wp\/v2\/media\/87"}],"wp:attachment":[{"href":"https:\/\/www.upo.es\/investiga\/limites-violencia\/wp-json\/wp\/v2\/media?parent=65"}],"curies":[{"name":"wp","href":"https:\/\/api.w.org\/{rel}","templated":true}]}}