{"id":1103,"date":"2024-09-25T19:59:09","date_gmt":"2024-09-25T17:59:09","guid":{"rendered":"https:\/\/www.upo.es\/investiga\/proyectofactibles\/?page_id=1103"},"modified":"2024-09-25T20:02:05","modified_gmt":"2024-09-25T18:02:05","slug":"muestras-de-experiencias-ii","status":"publish","type":"page","link":"https:\/\/www.upo.es\/investiga\/proyectofactibles\/muestras-de-experiencias-ii\/","title":{"rendered":"MUESTRAS DE EXPERIENCIAS II"},"content":{"rendered":"\n<p class=\"has-medium-font-size\"><strong>SEMINARIO ARTE, PARTICIPACI\u00d3N Y ESPACIO P\u00daBLICO<\/strong><\/p>\n\n\n\n<p><strong>Cinema Usera, A.V. Zofio. Experiencia presentada por Juan Manuel Almagro, miembro de la Asociaci\u00f3n vecinal y del equipo del proyecto<\/strong><\/p>\n\n\n\n<p>Experiencia presentada en el Seminario Arte, participaci\u00f3n y espacio p\u00fablico, en el contexto del Proyecto I+D+I Pr\u00e1cticas art\u00edsticas participativas para la apropiaci\u00f3n del espacio p\u00fablico y el desarrollo de la calidad de vida urbana. FACTIBLES (PID2020-118221RB-IOO), Ministerio de Ciencia e Innovaci\u00f3n.<\/p>\n\n\n\n<p>Cinema cuenta con el equipo art\u00edstico y de intervenci\u00f3n de Todo por la praxis (TXP) y la implicaci\u00f3n de Kubik Fabrik, Espacio Oculto y la Asociaci\u00f3n Vecinal Barrio Zof\u00edo.&nbsp;Se parte de sesiones de co-dise\u00f1o desde el grupo motor y se desarroll\u00f3 la propuesta inicial que posibilitaba el desarrollo de una programaci\u00f3n cultural de manera amplia. Para ello, se reconstruye una c\u00e1psula cultural, un dep\u00f3sito horizontal donde alojar la programaci\u00f3n de actividades, expos y presentaciones en formato reducido, un espacio esc\u00e9nico y de proyecci\u00f3n compuesto por un escenario y una pantalla y dos gradas que se vinculan al escenario y a su vez tienen la funci\u00f3n de convertirse en peque\u00f1as infraestructuras de mercadillo o similar, mediante un techo y suelo. El grupo de j\u00f3venes creadores implementan este espacio con unos bancos con sound system bluetooth que permit\u00edan conectar y poner m\u00fasica en el espacio de Cinema Usera. Los elementos arquitect\u00f3nicos fueron dise\u00f1ados y construidos por TXP. Arquitectos, dise\u00f1adores, artistas, vecinos y vecinas participaron durante meses en talleres abiertos para dar identidad y crear CINEMA USERA.<\/p>\n\n\n\n<div class=\"wp-block-file aligncenter\"><object class=\"wp-block-file__embed\" data=\"https:\/\/www.upo.es\/investiga\/proyectofactibles\/wp-content\/uploads\/2024\/09\/Ficha-Experiencia_Cinema.pdf\" type=\"application\/pdf\" style=\"width:100%;height:600px\" aria-label=\"Rep_resena-mesa-1-seminario-factibles\"><\/object><a id=\"wp-block-file--media-7f2bd0a5-11bc-49cb-8784-8ebead297477\" href=\"https:\/\/www.upo.es\/investiga\/proyectofactibles\/wp-content\/uploads\/2024\/09\/Ficha-Experiencia_Cinema.pdf\">Descargar contenido<\/a><a href=\"https:\/\/www.upo.es\/investiga\/proyectofactibles\/wp-content\/uploads\/2024\/09\/Ficha-Experiencia_Cinema.pdf\" class=\"wp-block-file__button wp-element-button\" download aria-describedby=\"wp-block-file--media-7f2bd0a5-11bc-49cb-8784-8ebead297477\">Descarga<\/a><\/div>\n\n\n\n<p><a href=\"https:\/\/doi.org\/10.5281\/zenodo.12666201\" target=\"_blank\" rel=\"noreferrer noopener\">https:\/\/doi.org\/10.5281\/zenodo.12666201<\/a><\/p>\n\n\n\n<p><\/p>\n","protected":false},"excerpt":{"rendered":"<p>SEMINARIO ARTE, PARTICIPACI\u00d3N Y ESPACIO P\u00daBLICO Cinema Usera, A.V. Zofio. Experiencia presentada por Juan Manuel Almagro, miembro de la Asociaci\u00f3n vecinal y del equipo del proyecto Experiencia presentada en el Seminario Arte, participaci\u00f3n y espacio p\u00fablico, en el contexto del Proyecto I+D+I Pr\u00e1cticas art\u00edsticas participativas para la apropiaci\u00f3n del espacio p\u00fablico y el desarrollo de [&hellip;]<\/p>\n","protected":false},"author":1,"featured_media":0,"parent":0,"menu_order":0,"comment_status":"closed","ping_status":"closed","template":"","meta":{"footnotes":""},"class_list":["post-1103","page","type-page","status-publish","hentry"],"blocksy_meta":[],"_links":{"self":[{"href":"https:\/\/www.upo.es\/investiga\/proyectofactibles\/wp-json\/wp\/v2\/pages\/1103","targetHints":{"allow":["GET"]}}],"collection":[{"href":"https:\/\/www.upo.es\/investiga\/proyectofactibles\/wp-json\/wp\/v2\/pages"}],"about":[{"href":"https:\/\/www.upo.es\/investiga\/proyectofactibles\/wp-json\/wp\/v2\/types\/page"}],"author":[{"embeddable":true,"href":"https:\/\/www.upo.es\/investiga\/proyectofactibles\/wp-json\/wp\/v2\/users\/1"}],"replies":[{"embeddable":true,"href":"https:\/\/www.upo.es\/investiga\/proyectofactibles\/wp-json\/wp\/v2\/comments?post=1103"}],"version-history":[{"count":3,"href":"https:\/\/www.upo.es\/investiga\/proyectofactibles\/wp-json\/wp\/v2\/pages\/1103\/revisions"}],"predecessor-version":[{"id":1107,"href":"https:\/\/www.upo.es\/investiga\/proyectofactibles\/wp-json\/wp\/v2\/pages\/1103\/revisions\/1107"}],"wp:attachment":[{"href":"https:\/\/www.upo.es\/investiga\/proyectofactibles\/wp-json\/wp\/v2\/media?parent=1103"}],"curies":[{"name":"wp","href":"https:\/\/api.w.org\/{rel}","templated":true}]}}