{"id":1154,"date":"2024-12-16T18:23:24","date_gmt":"2024-12-16T17:23:24","guid":{"rendered":"https:\/\/www.upo.es\/investiga\/proyectofactibles\/?page_id=1154"},"modified":"2024-12-16T21:53:36","modified_gmt":"2024-12-16T20:53:36","slug":"seminario","status":"publish","type":"page","link":"https:\/\/www.upo.es\/investiga\/proyectofactibles\/seminario\/","title":{"rendered":"SEMINARIO"},"content":{"rendered":"\n<h4 class=\"wp-block-heading has-text-align-center\">Seminario Arte, Participaci\u00f3n y Espacio p\u00fablico<\/h4>\n\n\n\n<p class=\"has-text-align-center\"><br><\/p>\n\n\n\n<p><\/p>\n\n\n\n<p><\/p>\n\n\n\n<!DOCTYPE html>\n<html lang=\"es\">\n<head>\n    <meta charset=\"UTF-8\">\n    <meta name=\"viewport\" content=\"width=device-width, initial-scale=1.0\">\n    <style>\n        \/* Contenedor principal *\/\n        .main-container {\n            display: flex;\n            justify-content: center;\n            align-items: center;\n            flex-wrap: wrap;\n            width: 100%;\n            padding: 20px; \/* Espaciado general *\/\n            box-sizing: border-box;\n        }\n\n        \/* Cuadr\u00edcula de hex\u00e1gonos *\/\n        .hex-grid {\n            display: flex;\n            flex-wrap: wrap;\n            justify-content: center;\n            gap: 15px; \/* Espaciado entre hex\u00e1gonos *\/\n        }\n\n        \/* Hex\u00e1gono *\/\n        .hex {\n            position: relative;\n            width: 19.2vw; \/* Reducido un 20% del original *\/\n            height: 22.08vw; \/* Mantiene la proporci\u00f3n del hex\u00e1gono *\/\n            max-width: 211px; \/* Tama\u00f1o m\u00e1ximo reducido *\/\n            max-height: 250px; \/* Tama\u00f1o m\u00e1ximo reducido *\/\n            background-color: #64C7CC;\n            clip-path: polygon(50% 0%, 100% 25%, 100% 75%, 50% 100%, 0% 75%, 0% 25%);\n            text-align: center;\n            text-decoration: none;\n            color: white;\n            transition: transform 0.3s ease-in-out, color 0.3s ease-in-out, font-weight 0.3s ease-in-out;\n        }\n\n        \/* Hover sobre hex\u00e1gono *\/\n        .hex:hover {\n            transform: scale(1.1);\n        }\n\n        \/* Contenido del hex\u00e1gono *\/\n        .hex-content {\n            display: flex;\n            justify-content: center;\n            align-items: center;\n            height: 100%;\n            text-align: center;\n            padding: 10%; \/* A\u00f1ade espacio interno *\/\n            box-sizing: border-box; \/* Incluye el padding en el tama\u00f1o del hex\u00e1gono *\/\n        }\n\n        .hex-content p {\n            margin: 0;\n            color: white;\n            font-size: 14px; \/* Tama\u00f1o de fuente ajustado *\/\n            text-align: center;\n            line-height: 1.3; \/* Espaciado entre l\u00edneas *\/\n        }\n\n        \/* Colores por hex\u00e1gono *\/\n        .hex:nth-child(1) { background-color: #F8B630; }\n        .hex:nth-child(2) { background-color: #F4A300; }\n        .hex:nth-child(3) { background-color: #9EC326; }\n        .hex:nth-child(4) { background-color: #9EC326; }\n        .hex:nth-child(5) { background-color: #9EC326; }\n        .hex:nth-child(6) { background-color: #E85321; }\n\n        \/* Dise\u00f1o responsivo *\/\n        @media (max-width: 1024px) { \/* Para tabletas *\/\n            .hex {\n                width: 25vw; \/* Tama\u00f1o moderado en tabletas *\/\n                height: 28.75vw; \/* Mantiene proporci\u00f3n *\/\n            }\n            .hex-content p {\n                font-size: 13px; \/* Texto ajustado en tabletas *\/\n            }\n        }\n\n        @media (max-width: 768px) { \/* Para m\u00f3viles grandes *\/\n            .hex {\n                width: 35vw; \/* M\u00e1s grandes para pantallas peque\u00f1as *\/\n                height: 40.25vw;\n            }\n            .hex-content p {\n                font-size: 12px; \/* Texto ajustado en m\u00f3viles grandes *\/\n            }\n        }\n\n        @media (max-width: 480px) { \/* Para m\u00f3viles peque\u00f1os *\/\n            .hex {\n                width: 70vw; \/* Ajuste para dispositivos peque\u00f1os *\/\n                height: 80.5vw;\n            }\n            .hex-content p {\n                font-size: 11px; \/* Texto ajustado en m\u00f3viles peque\u00f1os *\/\n            }\n        }\n    <\/style>\n<\/head>\n<body>\n    <div class=\"main-container\">\n        <div class=\"hex-grid\">\n            <!-- Hex\u00e1gonos con enlaces -->\n            <a href=\"https:\/\/www.upo.es\/investiga\/proyectofactibles\/seminario-arte-participacion-y-espacio-publico\/\" class=\"hex\" style=\"background-color: #F8B630;\">\n                <div class=\"hex-content\">\n                    <p><strong>Programa<\/strong><\/p>\n                <\/div>\n            <\/a>\n            <a href=\"https:\/\/www.upo.es\/investiga\/proyectofactibles\/presentacion-3\/\" class=\"hex\" style=\"background-color: #F4A300;\">\n                <div class=\"hex-content\">\n                    <p><strong>Mesa Presentaci\u00f3n<\/strong><\/p>\n                <\/div>\n            <\/a>\n            <a href=\"https:\/\/www.upo.es\/investiga\/proyectofactibles\/mesa-accion-comunidad-y-luga\/\" class=\"hex\" style=\"background-color: #9EC326;\">\n                <div class=\"hex-content\">\n                    <p><strong>Mesa ACCI\u00d3N, COMUNIDAD Y LUGAR<\/strong><\/p>\n                <\/div>\n            <\/a>\n            <a href=\"https:\/\/www.upo.es\/investiga\/proyectofactibles\/estrategias_procesos_participacion\/\" class=\"hex\" style=\"background-color: #9EC326;\">\n                <div class=\"hex-content\">\n                    <p><strong>Mesa ESTRATEGIAS Y PROCESOS DE PARTICIPACI\u00d3N<\/strong><\/p>\n                <\/div>\n            <\/a>\n            <a href=\"https:\/\/www.upo.es\/investiga\/proyectofactibles\/mesa-escenarios-de-evaluacion-y-aprendizaje\/\" class=\"hex\" style=\"background-color: #9EC326;\">\n                <div class=\"hex-content\">\n                    <p><strong>Mesa ESCENARIOS DE EVALUACI\u00d3N Y APRENDIZAJE<\/strong><\/p>\n                <\/div>\n            <\/a>\n            <a href=\"https:\/\/www.upo.es\/investiga\/proyectofactibles\/experiencias\/\" class=\"hex\" style=\"background-color: #E85321;\">\n                <div class=\"hex-content\">\n                    <p><strong>Experiencias<\/strong><\/p>\n                <\/div>\n            <\/a>\n        <\/div>\n    <\/div>\n<\/body>\n<\/html>\n\n\n\n\n\n<p class=\"has-text-align-center\"><\/p>\n\n\n\n<p><\/p>\n\n\n\n<div style=\"height:70px\" aria-hidden=\"true\" class=\"wp-block-spacer\"><\/div>\n","protected":false},"excerpt":{"rendered":"<p>Seminario Arte, Participaci\u00f3n y Espacio p\u00fablico Programa Mesa Presentaci\u00f3n Mesa ACCI\u00d3N, COMUNIDAD Y LUGAR Mesa ESTRATEGIAS Y PROCESOS DE PARTICIPACI\u00d3N Mesa ESCENARIOS DE EVALUACI\u00d3N Y APRENDIZAJE Experiencias<\/p>\n","protected":false},"author":1,"featured_media":0,"parent":0,"menu_order":0,"comment_status":"closed","ping_status":"closed","template":"","meta":{"footnotes":""},"class_list":["post-1154","page","type-page","status-publish","hentry"],"blocksy_meta":[],"_links":{"self":[{"href":"https:\/\/www.upo.es\/investiga\/proyectofactibles\/wp-json\/wp\/v2\/pages\/1154","targetHints":{"allow":["GET"]}}],"collection":[{"href":"https:\/\/www.upo.es\/investiga\/proyectofactibles\/wp-json\/wp\/v2\/pages"}],"about":[{"href":"https:\/\/www.upo.es\/investiga\/proyectofactibles\/wp-json\/wp\/v2\/types\/page"}],"author":[{"embeddable":true,"href":"https:\/\/www.upo.es\/investiga\/proyectofactibles\/wp-json\/wp\/v2\/users\/1"}],"replies":[{"embeddable":true,"href":"https:\/\/www.upo.es\/investiga\/proyectofactibles\/wp-json\/wp\/v2\/comments?post=1154"}],"version-history":[{"count":23,"href":"https:\/\/www.upo.es\/investiga\/proyectofactibles\/wp-json\/wp\/v2\/pages\/1154\/revisions"}],"predecessor-version":[{"id":1238,"href":"https:\/\/www.upo.es\/investiga\/proyectofactibles\/wp-json\/wp\/v2\/pages\/1154\/revisions\/1238"}],"wp:attachment":[{"href":"https:\/\/www.upo.es\/investiga\/proyectofactibles\/wp-json\/wp\/v2\/media?parent=1154"}],"curies":[{"name":"wp","href":"https:\/\/api.w.org\/{rel}","templated":true}]}}