{"id":1166,"date":"2024-12-16T19:11:26","date_gmt":"2024-12-16T18:11:26","guid":{"rendered":"https:\/\/www.upo.es\/investiga\/proyectofactibles\/?page_id=1166"},"modified":"2024-12-16T19:23:57","modified_gmt":"2024-12-16T18:23:57","slug":"presentacion-3","status":"publish","type":"page","link":"https:\/\/www.upo.es\/investiga\/proyectofactibles\/presentacion-3\/","title":{"rendered":"PRESENTACI\u00d3N"},"content":{"rendered":"\n<p class=\"has-medium-font-size\"><strong>Seminario \u00abArte, participaci\u00f3n y espacio p\u00fablico\u00bb. V\u00eddeo de presentaci\u00f3n del seminario.<\/strong><\/p>\n\n\n\n<p>V\u00eddeo de presentaci\u00f3n del Seminario \u00abArte, participaci\u00f3n y espacio p\u00fablico\u00bb, organizado en el contexto del Proyecto de Investigaci\u00f3n FACTIBLES \u00abPr\u00e1cticas art\u00edsticas participativas para la apropiaci\u00f3n del espacio p\u00fablico y el desarrollo de la calidad de vida urbana\u00bb (PID2020\u2011118221RB\u2011I00<\/p>\n\n\n\n<!DOCTYPE html>\n<html lang=\"es\">\n<head>\n    <meta charset=\"UTF-8\">\n    <meta name=\"viewport\" content=\"width=device-width, initial-scale=1.0\">\n    <title>Video Embebido<\/title>\n<\/head>\n<body>\n    <div style=\"text-align: center; margin-top: 20px;\">\n\n        <video controls width=\"100%\" preload=\"metadata\">\n            <source src=\"https:\/\/zenodo.org\/record\/11143810\/files\/Bienvenida%20red.MP4\" type=\"video\/mp4\">\n            Tu navegador no soporta la reproducci\u00f3n de videos. Descarga el video <a href=\"https:\/\/zenodo.org\/record\/11143810\/files\/Bienvenida%20red.MP4\">aqu\u00ed<\/a>.\n        <\/video>\n    <\/div>\n<\/body>\n<\/html>\n\n\n\n<p><a href=\"https:\/\/doi.org\/10.5281\/zenodo.11143810\">https:\/\/doi.org\/10.5281\/zenodo.11143810<\/a><\/p>\n\n\n\n<p><\/p>\n","protected":false},"excerpt":{"rendered":"<p>Seminario \u00abArte, participaci\u00f3n y espacio p\u00fablico\u00bb. V\u00eddeo de presentaci\u00f3n del seminario. V\u00eddeo de presentaci\u00f3n del Seminario \u00abArte, participaci\u00f3n y espacio p\u00fablico\u00bb, organizado en el contexto del Proyecto de Investigaci\u00f3n FACTIBLES \u00abPr\u00e1cticas art\u00edsticas participativas para la apropiaci\u00f3n del espacio p\u00fablico y el desarrollo de la calidad de vida urbana\u00bb (PID2020\u2011118221RB\u2011I00 Video Embebido Tu navegador no soporta [&hellip;]<\/p>\n","protected":false},"author":1,"featured_media":0,"parent":0,"menu_order":0,"comment_status":"closed","ping_status":"closed","template":"","meta":{"footnotes":""},"class_list":["post-1166","page","type-page","status-publish","hentry"],"blocksy_meta":[],"_links":{"self":[{"href":"https:\/\/www.upo.es\/investiga\/proyectofactibles\/wp-json\/wp\/v2\/pages\/1166","targetHints":{"allow":["GET"]}}],"collection":[{"href":"https:\/\/www.upo.es\/investiga\/proyectofactibles\/wp-json\/wp\/v2\/pages"}],"about":[{"href":"https:\/\/www.upo.es\/investiga\/proyectofactibles\/wp-json\/wp\/v2\/types\/page"}],"author":[{"embeddable":true,"href":"https:\/\/www.upo.es\/investiga\/proyectofactibles\/wp-json\/wp\/v2\/users\/1"}],"replies":[{"embeddable":true,"href":"https:\/\/www.upo.es\/investiga\/proyectofactibles\/wp-json\/wp\/v2\/comments?post=1166"}],"version-history":[{"count":8,"href":"https:\/\/www.upo.es\/investiga\/proyectofactibles\/wp-json\/wp\/v2\/pages\/1166\/revisions"}],"predecessor-version":[{"id":1177,"href":"https:\/\/www.upo.es\/investiga\/proyectofactibles\/wp-json\/wp\/v2\/pages\/1166\/revisions\/1177"}],"wp:attachment":[{"href":"https:\/\/www.upo.es\/investiga\/proyectofactibles\/wp-json\/wp\/v2\/media?parent=1166"}],"curies":[{"name":"wp","href":"https:\/\/api.w.org\/{rel}","templated":true}]}}